{"id":3404,"date":"2025-03-26T15:09:00","date_gmt":"2025-03-26T13:09:00","guid":{"rendered":"https:\/\/hypnos.ee\/toode\/madrassskydd-hopp\/"},"modified":"2025-03-26T15:09:00","modified_gmt":"2025-03-26T13:09:00","slug":"madrassskydd-hopp","status":"publish","type":"product","link":"https:\/\/hypnos.ee\/sv\/produkt\/madrassskydd-hopp\/","title":{"rendered":"Madrassskydd HOPP"},"content":{"rendered":"","protected":false},"excerpt":{"rendered":"<p data-key=\"e8Zlt\"><strong>Luftigt, mjukt och fast skydd f\u00f6r varje natt.<\/strong><\/p>\n<p data-key=\"kKpx6\">HOPP \u00e4r ett madrasskydd som kombinerar <strong>100% naturlig bomull<\/strong> med ett volumin\u00f6st bomullsvadd p\u00e5 400 g\/m\u00b2 f\u00f6r extra mjukhet och renlighet. Tyget uppfyller kraven i Oeko-Tex 100 och \u00e4r s\u00e4kert \u00e4ven f\u00f6r de minsta anv\u00e4ndarna.<br \/>\nTack vare de elastiska h\u00f6rnen sitter \u00f6verdraget stadigt p\u00e5 plats och \u00e4r l\u00e4tt att sk\u00f6ta &#8211; bara att sl\u00e4nga i tv\u00e4ttmaskinen (skonsam tv\u00e4tt i 40 \u00b0C). <\/p>\n","protected":false},"featured_media":3405,"comment_status":"closed","ping_status":"closed","template":"","meta":{"_acf_changed":false},"product_brand":[],"product_cat":[110],"product_tag":[],"class_list":{"0":"post-3404","1":"product","2":"type-product","3":"status-publish","4":"has-post-thumbnail","6":"product_cat-produkter-for-barn-och-ungdomar","8":"first","9":"instock","10":"shipping-taxable","11":"product-type-simple"},"acf":[],"yoast_head":"<!-- This site is optimized with the Yoast SEO Premium plugin v26.0 (Yoast SEO v26.0) - https:\/\/yoast.com\/wordpress\/plugins\/seo\/ -->\n<title>Madrassskydd HOPP - Hypnos<\/title>\n<meta name=\"robots\" content=\"index, follow, max-snippet:-1, max-image-preview:large, max-video-preview:-1\" \/>\n<link rel=\"canonical\" href=\"https:\/\/hypnos.ee\/sv\/produkt\/madrassskydd-hopp\/\" \/>\n<meta property=\"og:locale\" content=\"sv_SE\" \/>\n<meta property=\"og:type\" content=\"article\" \/>\n<meta property=\"og:title\" content=\"Madrassskydd HOPP\" \/>\n<meta property=\"og:description\" content=\"Luftigt, mjukt och fast skydd f\u00f6r varje natt. HOPP \u00e4r ett madrasskydd som kombinerar 100% naturlig bomull med ett volumin\u00f6st bomullsvadd p\u00e5 400 g\/m\u00b2 f\u00f6r extra mjukhet och renlighet. Tyget uppfyller kraven i Oeko-Tex 100 och \u00e4r s\u00e4kert \u00e4ven f\u00f6r de minsta anv\u00e4ndarna. Tack vare de elastiska h\u00f6rnen sitter \u00f6verdraget stadigt p\u00e5 plats och \u00e4r l\u00e4tt att sk\u00f6ta - bara att sl\u00e4nga i tv\u00e4ttmaskinen (skonsam tv\u00e4tt i 40 \u00b0C).\" \/>\n<meta property=\"og:url\" content=\"https:\/\/hypnos.ee\/sv\/produkt\/madrassskydd-hopp\/\" \/>\n<meta property=\"og:site_name\" content=\"Hypnos\" \/>\n<meta property=\"og:image\" content=\"https:\/\/hypnos.ee\/wp-content\/uploads\/2025\/03\/madratsikaitse_f_1_590_1.jpg\" \/>\n\t<meta property=\"og:image:width\" content=\"590\" \/>\n\t<meta property=\"og:image:height\" content=\"393\" \/>\n\t<meta property=\"og:image:type\" content=\"image\/jpeg\" \/>\n<meta name=\"twitter:card\" content=\"summary_large_image\" \/>\n<script type=\"application\/ld+json\" class=\"yoast-schema-graph\">{\"@context\":\"https:\/\/schema.org\",\"@graph\":[{\"@type\":\"WebPage\",\"@id\":\"https:\/\/hypnos.ee\/sv\/produkt\/madrassskydd-hopp\/\",\"url\":\"https:\/\/hypnos.ee\/sv\/produkt\/madrassskydd-hopp\/\",\"name\":\"Madrassskydd HOPP - Hypnos\",\"isPartOf\":{\"@id\":\"https:\/\/hypnos.ee\/sv\/#website\"},\"primaryImageOfPage\":{\"@id\":\"https:\/\/hypnos.ee\/sv\/produkt\/madrassskydd-hopp\/#primaryimage\"},\"image\":{\"@id\":\"https:\/\/hypnos.ee\/sv\/produkt\/madrassskydd-hopp\/#primaryimage\"},\"thumbnailUrl\":\"https:\/\/hypnos.ee\/wp-content\/uploads\/2025\/03\/madratsikaitse_f_1_590_1.jpg\",\"datePublished\":\"2025-03-26T13:09:00+00:00\",\"breadcrumb\":{\"@id\":\"https:\/\/hypnos.ee\/sv\/produkt\/madrassskydd-hopp\/#breadcrumb\"},\"inLanguage\":\"sv-SE\",\"potentialAction\":[{\"@type\":\"ReadAction\",\"target\":[\"https:\/\/hypnos.ee\/sv\/produkt\/madrassskydd-hopp\/\"]}]},{\"@type\":\"ImageObject\",\"inLanguage\":\"sv-SE\",\"@id\":\"https:\/\/hypnos.ee\/sv\/produkt\/madrassskydd-hopp\/#primaryimage\",\"url\":\"https:\/\/hypnos.ee\/wp-content\/uploads\/2025\/03\/madratsikaitse_f_1_590_1.jpg\",\"contentUrl\":\"https:\/\/hypnos.ee\/wp-content\/uploads\/2025\/03\/madratsikaitse_f_1_590_1.jpg\",\"width\":590,\"height\":393},{\"@type\":\"BreadcrumbList\",\"@id\":\"https:\/\/hypnos.ee\/sv\/produkt\/madrassskydd-hopp\/#breadcrumb\",\"itemListElement\":[{\"@type\":\"ListItem\",\"position\":1,\"name\":\"Home\",\"item\":\"https:\/\/hypnos.ee\/sv\/\"},{\"@type\":\"ListItem\",\"position\":2,\"name\":\"Produkter\",\"item\":\"https:\/\/hypnos.ee\/tooted\/\"},{\"@type\":\"ListItem\",\"position\":3,\"name\":\"Madrassskydd HOPP\"}]},{\"@type\":\"WebSite\",\"@id\":\"https:\/\/hypnos.ee\/sv\/#website\",\"url\":\"https:\/\/hypnos.ee\/sv\/\",\"name\":\"Hypnos\",\"description\":\"T\u00f5stame unekogemust\",\"publisher\":{\"@id\":\"https:\/\/hypnos.ee\/sv\/#organization\"},\"potentialAction\":[{\"@type\":\"SearchAction\",\"target\":{\"@type\":\"EntryPoint\",\"urlTemplate\":\"https:\/\/hypnos.ee\/sv\/?s={search_term_string}\"},\"query-input\":{\"@type\":\"PropertyValueSpecification\",\"valueRequired\":true,\"valueName\":\"search_term_string\"}}],\"inLanguage\":\"sv-SE\"},{\"@type\":\"Organization\",\"@id\":\"https:\/\/hypnos.ee\/sv\/#organization\",\"name\":\"Hypnos\",\"url\":\"https:\/\/hypnos.ee\/sv\/\",\"logo\":{\"@type\":\"ImageObject\",\"inLanguage\":\"sv-SE\",\"@id\":\"https:\/\/hypnos.ee\/sv\/#\/schema\/logo\/image\/\",\"url\":\"https:\/\/hypnos.ee\/wp-content\/uploads\/2025\/06\/cropped-Hypnos-fa.png\",\"contentUrl\":\"https:\/\/hypnos.ee\/wp-content\/uploads\/2025\/06\/cropped-Hypnos-fa.png\",\"width\":512,\"height\":512,\"caption\":\"Hypnos\"},\"image\":{\"@id\":\"https:\/\/hypnos.ee\/sv\/#\/schema\/logo\/image\/\"}}]}<\/script>\n<!-- \/ Yoast SEO Premium plugin. -->","yoast_head_json":{"title":"Madrassskydd HOPP - Hypnos","robots":{"index":"index","follow":"follow","max-snippet":"max-snippet:-1","max-image-preview":"max-image-preview:large","max-video-preview":"max-video-preview:-1"},"canonical":"https:\/\/hypnos.ee\/sv\/produkt\/madrassskydd-hopp\/","og_locale":"sv_SE","og_type":"article","og_title":"Madrassskydd HOPP","og_description":"Luftigt, mjukt och fast skydd f\u00f6r varje natt. HOPP \u00e4r ett madrasskydd som kombinerar 100% naturlig bomull med ett volumin\u00f6st bomullsvadd p\u00e5 400 g\/m\u00b2 f\u00f6r extra mjukhet och renlighet. Tyget uppfyller kraven i Oeko-Tex 100 och \u00e4r s\u00e4kert \u00e4ven f\u00f6r de minsta anv\u00e4ndarna. Tack vare de elastiska h\u00f6rnen sitter \u00f6verdraget stadigt p\u00e5 plats och \u00e4r l\u00e4tt att sk\u00f6ta - bara att sl\u00e4nga i tv\u00e4ttmaskinen (skonsam tv\u00e4tt i 40 \u00b0C).","og_url":"https:\/\/hypnos.ee\/sv\/produkt\/madrassskydd-hopp\/","og_site_name":"Hypnos","og_image":[{"width":590,"height":393,"url":"https:\/\/hypnos.ee\/wp-content\/uploads\/2025\/03\/madratsikaitse_f_1_590_1.jpg","type":"image\/jpeg"}],"twitter_card":"summary_large_image","schema":{"@context":"https:\/\/schema.org","@graph":[{"@type":"WebPage","@id":"https:\/\/hypnos.ee\/sv\/produkt\/madrassskydd-hopp\/","url":"https:\/\/hypnos.ee\/sv\/produkt\/madrassskydd-hopp\/","name":"Madrassskydd HOPP - Hypnos","isPartOf":{"@id":"https:\/\/hypnos.ee\/sv\/#website"},"primaryImageOfPage":{"@id":"https:\/\/hypnos.ee\/sv\/produkt\/madrassskydd-hopp\/#primaryimage"},"image":{"@id":"https:\/\/hypnos.ee\/sv\/produkt\/madrassskydd-hopp\/#primaryimage"},"thumbnailUrl":"https:\/\/hypnos.ee\/wp-content\/uploads\/2025\/03\/madratsikaitse_f_1_590_1.jpg","datePublished":"2025-03-26T13:09:00+00:00","breadcrumb":{"@id":"https:\/\/hypnos.ee\/sv\/produkt\/madrassskydd-hopp\/#breadcrumb"},"inLanguage":"sv-SE","potentialAction":[{"@type":"ReadAction","target":["https:\/\/hypnos.ee\/sv\/produkt\/madrassskydd-hopp\/"]}]},{"@type":"ImageObject","inLanguage":"sv-SE","@id":"https:\/\/hypnos.ee\/sv\/produkt\/madrassskydd-hopp\/#primaryimage","url":"https:\/\/hypnos.ee\/wp-content\/uploads\/2025\/03\/madratsikaitse_f_1_590_1.jpg","contentUrl":"https:\/\/hypnos.ee\/wp-content\/uploads\/2025\/03\/madratsikaitse_f_1_590_1.jpg","width":590,"height":393},{"@type":"BreadcrumbList","@id":"https:\/\/hypnos.ee\/sv\/produkt\/madrassskydd-hopp\/#breadcrumb","itemListElement":[{"@type":"ListItem","position":1,"name":"Home","item":"https:\/\/hypnos.ee\/sv\/"},{"@type":"ListItem","position":2,"name":"Produkter","item":"https:\/\/hypnos.ee\/tooted\/"},{"@type":"ListItem","position":3,"name":"Madrassskydd HOPP"}]},{"@type":"WebSite","@id":"https:\/\/hypnos.ee\/sv\/#website","url":"https:\/\/hypnos.ee\/sv\/","name":"Hypnos","description":"T\u00f5stame unekogemust","publisher":{"@id":"https:\/\/hypnos.ee\/sv\/#organization"},"potentialAction":[{"@type":"SearchAction","target":{"@type":"EntryPoint","urlTemplate":"https:\/\/hypnos.ee\/sv\/?s={search_term_string}"},"query-input":{"@type":"PropertyValueSpecification","valueRequired":true,"valueName":"search_term_string"}}],"inLanguage":"sv-SE"},{"@type":"Organization","@id":"https:\/\/hypnos.ee\/sv\/#organization","name":"Hypnos","url":"https:\/\/hypnos.ee\/sv\/","logo":{"@type":"ImageObject","inLanguage":"sv-SE","@id":"https:\/\/hypnos.ee\/sv\/#\/schema\/logo\/image\/","url":"https:\/\/hypnos.ee\/wp-content\/uploads\/2025\/06\/cropped-Hypnos-fa.png","contentUrl":"https:\/\/hypnos.ee\/wp-content\/uploads\/2025\/06\/cropped-Hypnos-fa.png","width":512,"height":512,"caption":"Hypnos"},"image":{"@id":"https:\/\/hypnos.ee\/sv\/#\/schema\/logo\/image\/"}}]}},"_links":{"self":[{"href":"https:\/\/hypnos.ee\/sv\/wp-json\/wp\/v2\/product\/3404","targetHints":{"allow":["GET"]}}],"collection":[{"href":"https:\/\/hypnos.ee\/sv\/wp-json\/wp\/v2\/product"}],"about":[{"href":"https:\/\/hypnos.ee\/sv\/wp-json\/wp\/v2\/types\/product"}],"replies":[{"embeddable":true,"href":"https:\/\/hypnos.ee\/sv\/wp-json\/wp\/v2\/comments?post=3404"}],"wp:featuredmedia":[{"embeddable":true,"href":"https:\/\/hypnos.ee\/sv\/wp-json\/wp\/v2\/media\/3405"}],"wp:attachment":[{"href":"https:\/\/hypnos.ee\/sv\/wp-json\/wp\/v2\/media?parent=3404"}],"wp:term":[{"taxonomy":"product_brand","embeddable":true,"href":"https:\/\/hypnos.ee\/sv\/wp-json\/wp\/v2\/product_brand?post=3404"},{"taxonomy":"product_cat","embeddable":true,"href":"https:\/\/hypnos.ee\/sv\/wp-json\/wp\/v2\/product_cat?post=3404"},{"taxonomy":"product_tag","embeddable":true,"href":"https:\/\/hypnos.ee\/sv\/wp-json\/wp\/v2\/product_tag?post=3404"}],"curies":[{"name":"wp","href":"https:\/\/api.w.org\/{rel}","templated":true}]}}