{"id":3376,"date":"2025-03-26T15:11:35","date_gmt":"2025-03-26T13:11:35","guid":{"rendered":"https:\/\/hypnos.ee\/toode\/beebilux-madrasser\/"},"modified":"2025-03-26T15:11:35","modified_gmt":"2025-03-26T13:11:35","slug":"beebilux-madrasser","status":"publish","type":"product","link":"https:\/\/hypnos.ee\/sv\/produkt\/beebilux-madrasser\/","title":{"rendered":"Beebilux madrasser"},"content":{"rendered":"","protected":false},"excerpt":{"rendered":"<p data-key=\"Rmrvc\"><strong>En mjuk start p\u00e5 livet.<\/strong><\/p>\n<p data-key=\"OvxnN\">Beebilux \u00e4r en anatomisk madrass med en kroppsn\u00e4ra form, perfekt f\u00f6r sp\u00e4dbarn och sm\u00e5barn. Naturlatex ger en mjuk men \u00e4nd\u00e5 st\u00f6djande yta &#8211; med ett lager porolone under f\u00f6r extra h\u00e5llbarhet. Madrassen \u00e4r bomullsfodrad och kl\u00e4dd i mjuk bambuviskos med <strong>Ultraphil\u00ae-behandling<\/strong> f\u00f6r allergiv\u00e4nlig och hygienisk anv\u00e4ndning. \u00d6verdraget \u00e4r avtagbart och tv\u00e4ttbart (fintv\u00e4tt i 40\u00b0C) f\u00f6r maximal renlighet.   <\/p>\n","protected":false},"featured_media":2193,"comment_status":"closed","ping_status":"closed","template":"","meta":{"_acf_changed":false},"product_brand":[],"product_cat":[110],"product_tag":[],"class_list":{"0":"post-3376","1":"product","2":"type-product","3":"status-publish","4":"has-post-thumbnail","6":"product_cat-produkter-for-barn-och-ungdomar","8":"first","9":"instock","10":"shipping-taxable","11":"product-type-simple"},"acf":[],"yoast_head":"<!-- This site is optimized with the Yoast SEO Premium plugin v26.0 (Yoast SEO v26.0) - https:\/\/yoast.com\/wordpress\/plugins\/seo\/ -->\n<title>Beebilux madrasser - Hypnos<\/title>\n<meta name=\"robots\" content=\"index, follow, max-snippet:-1, max-image-preview:large, max-video-preview:-1\" \/>\n<link rel=\"canonical\" href=\"https:\/\/hypnos.ee\/sv\/produkt\/beebilux-madrasser\/\" \/>\n<meta property=\"og:locale\" content=\"sv_SE\" \/>\n<meta property=\"og:type\" content=\"article\" \/>\n<meta property=\"og:title\" content=\"Beebilux madrasser\" \/>\n<meta property=\"og:description\" content=\"En mjuk start p\u00e5 livet. Beebilux \u00e4r en anatomisk madrass med en kroppsn\u00e4ra form, perfekt f\u00f6r sp\u00e4dbarn och sm\u00e5barn. Naturlatex ger en mjuk men \u00e4nd\u00e5 st\u00f6djande yta - med ett lager porolone under f\u00f6r extra h\u00e5llbarhet. Madrassen \u00e4r bomullsfodrad och kl\u00e4dd i mjuk bambuviskos med Ultraphil\u00ae-behandling f\u00f6r allergiv\u00e4nlig och hygienisk anv\u00e4ndning. \u00d6verdraget \u00e4r avtagbart och tv\u00e4ttbart (fintv\u00e4tt i 40\u00b0C) f\u00f6r maximal renlighet.\" \/>\n<meta property=\"og:url\" content=\"https:\/\/hypnos.ee\/sv\/produkt\/beebilux-madrasser\/\" \/>\n<meta property=\"og:site_name\" content=\"Hypnos\" \/>\n<meta property=\"og:image\" content=\"https:\/\/hypnos.ee\/wp-content\/uploads\/2025\/03\/beebi-lux_f_1_590_1.jpg\" \/>\n\t<meta property=\"og:image:width\" content=\"590\" \/>\n\t<meta property=\"og:image:height\" content=\"394\" \/>\n\t<meta property=\"og:image:type\" content=\"image\/jpeg\" \/>\n<meta name=\"twitter:card\" content=\"summary_large_image\" \/>\n<script type=\"application\/ld+json\" class=\"yoast-schema-graph\">{\"@context\":\"https:\/\/schema.org\",\"@graph\":[{\"@type\":\"WebPage\",\"@id\":\"https:\/\/hypnos.ee\/sv\/produkt\/beebilux-madrasser\/\",\"url\":\"https:\/\/hypnos.ee\/sv\/produkt\/beebilux-madrasser\/\",\"name\":\"Beebilux madrasser - Hypnos\",\"isPartOf\":{\"@id\":\"https:\/\/hypnos.ee\/sv\/#website\"},\"primaryImageOfPage\":{\"@id\":\"https:\/\/hypnos.ee\/sv\/produkt\/beebilux-madrasser\/#primaryimage\"},\"image\":{\"@id\":\"https:\/\/hypnos.ee\/sv\/produkt\/beebilux-madrasser\/#primaryimage\"},\"thumbnailUrl\":\"https:\/\/hypnos.ee\/wp-content\/uploads\/2025\/03\/beebi-lux_f_1_590_1.jpg\",\"datePublished\":\"2025-03-26T13:11:35+00:00\",\"breadcrumb\":{\"@id\":\"https:\/\/hypnos.ee\/sv\/produkt\/beebilux-madrasser\/#breadcrumb\"},\"inLanguage\":\"sv-SE\",\"potentialAction\":[{\"@type\":\"ReadAction\",\"target\":[\"https:\/\/hypnos.ee\/sv\/produkt\/beebilux-madrasser\/\"]}]},{\"@type\":\"ImageObject\",\"inLanguage\":\"sv-SE\",\"@id\":\"https:\/\/hypnos.ee\/sv\/produkt\/beebilux-madrasser\/#primaryimage\",\"url\":\"https:\/\/hypnos.ee\/wp-content\/uploads\/2025\/03\/beebi-lux_f_1_590_1.jpg\",\"contentUrl\":\"https:\/\/hypnos.ee\/wp-content\/uploads\/2025\/03\/beebi-lux_f_1_590_1.jpg\",\"width\":590,\"height\":394},{\"@type\":\"BreadcrumbList\",\"@id\":\"https:\/\/hypnos.ee\/sv\/produkt\/beebilux-madrasser\/#breadcrumb\",\"itemListElement\":[{\"@type\":\"ListItem\",\"position\":1,\"name\":\"Home\",\"item\":\"https:\/\/hypnos.ee\/sv\/\"},{\"@type\":\"ListItem\",\"position\":2,\"name\":\"Produkter\",\"item\":\"https:\/\/hypnos.ee\/tooted\/\"},{\"@type\":\"ListItem\",\"position\":3,\"name\":\"Beebilux madrasser\"}]},{\"@type\":\"WebSite\",\"@id\":\"https:\/\/hypnos.ee\/sv\/#website\",\"url\":\"https:\/\/hypnos.ee\/sv\/\",\"name\":\"Hypnos\",\"description\":\"T\u00f5stame unekogemust\",\"publisher\":{\"@id\":\"https:\/\/hypnos.ee\/sv\/#organization\"},\"potentialAction\":[{\"@type\":\"SearchAction\",\"target\":{\"@type\":\"EntryPoint\",\"urlTemplate\":\"https:\/\/hypnos.ee\/sv\/?s={search_term_string}\"},\"query-input\":{\"@type\":\"PropertyValueSpecification\",\"valueRequired\":true,\"valueName\":\"search_term_string\"}}],\"inLanguage\":\"sv-SE\"},{\"@type\":\"Organization\",\"@id\":\"https:\/\/hypnos.ee\/sv\/#organization\",\"name\":\"Hypnos\",\"url\":\"https:\/\/hypnos.ee\/sv\/\",\"logo\":{\"@type\":\"ImageObject\",\"inLanguage\":\"sv-SE\",\"@id\":\"https:\/\/hypnos.ee\/sv\/#\/schema\/logo\/image\/\",\"url\":\"https:\/\/hypnos.ee\/wp-content\/uploads\/2025\/06\/cropped-Hypnos-fa.png\",\"contentUrl\":\"https:\/\/hypnos.ee\/wp-content\/uploads\/2025\/06\/cropped-Hypnos-fa.png\",\"width\":512,\"height\":512,\"caption\":\"Hypnos\"},\"image\":{\"@id\":\"https:\/\/hypnos.ee\/sv\/#\/schema\/logo\/image\/\"}}]}<\/script>\n<!-- \/ Yoast SEO Premium plugin. -->","yoast_head_json":{"title":"Beebilux madrasser - Hypnos","robots":{"index":"index","follow":"follow","max-snippet":"max-snippet:-1","max-image-preview":"max-image-preview:large","max-video-preview":"max-video-preview:-1"},"canonical":"https:\/\/hypnos.ee\/sv\/produkt\/beebilux-madrasser\/","og_locale":"sv_SE","og_type":"article","og_title":"Beebilux madrasser","og_description":"En mjuk start p\u00e5 livet. Beebilux \u00e4r en anatomisk madrass med en kroppsn\u00e4ra form, perfekt f\u00f6r sp\u00e4dbarn och sm\u00e5barn. Naturlatex ger en mjuk men \u00e4nd\u00e5 st\u00f6djande yta - med ett lager porolone under f\u00f6r extra h\u00e5llbarhet. Madrassen \u00e4r bomullsfodrad och kl\u00e4dd i mjuk bambuviskos med Ultraphil\u00ae-behandling f\u00f6r allergiv\u00e4nlig och hygienisk anv\u00e4ndning. \u00d6verdraget \u00e4r avtagbart och tv\u00e4ttbart (fintv\u00e4tt i 40\u00b0C) f\u00f6r maximal renlighet.","og_url":"https:\/\/hypnos.ee\/sv\/produkt\/beebilux-madrasser\/","og_site_name":"Hypnos","og_image":[{"width":590,"height":394,"url":"https:\/\/hypnos.ee\/wp-content\/uploads\/2025\/03\/beebi-lux_f_1_590_1.jpg","type":"image\/jpeg"}],"twitter_card":"summary_large_image","schema":{"@context":"https:\/\/schema.org","@graph":[{"@type":"WebPage","@id":"https:\/\/hypnos.ee\/sv\/produkt\/beebilux-madrasser\/","url":"https:\/\/hypnos.ee\/sv\/produkt\/beebilux-madrasser\/","name":"Beebilux madrasser - Hypnos","isPartOf":{"@id":"https:\/\/hypnos.ee\/sv\/#website"},"primaryImageOfPage":{"@id":"https:\/\/hypnos.ee\/sv\/produkt\/beebilux-madrasser\/#primaryimage"},"image":{"@id":"https:\/\/hypnos.ee\/sv\/produkt\/beebilux-madrasser\/#primaryimage"},"thumbnailUrl":"https:\/\/hypnos.ee\/wp-content\/uploads\/2025\/03\/beebi-lux_f_1_590_1.jpg","datePublished":"2025-03-26T13:11:35+00:00","breadcrumb":{"@id":"https:\/\/hypnos.ee\/sv\/produkt\/beebilux-madrasser\/#breadcrumb"},"inLanguage":"sv-SE","potentialAction":[{"@type":"ReadAction","target":["https:\/\/hypnos.ee\/sv\/produkt\/beebilux-madrasser\/"]}]},{"@type":"ImageObject","inLanguage":"sv-SE","@id":"https:\/\/hypnos.ee\/sv\/produkt\/beebilux-madrasser\/#primaryimage","url":"https:\/\/hypnos.ee\/wp-content\/uploads\/2025\/03\/beebi-lux_f_1_590_1.jpg","contentUrl":"https:\/\/hypnos.ee\/wp-content\/uploads\/2025\/03\/beebi-lux_f_1_590_1.jpg","width":590,"height":394},{"@type":"BreadcrumbList","@id":"https:\/\/hypnos.ee\/sv\/produkt\/beebilux-madrasser\/#breadcrumb","itemListElement":[{"@type":"ListItem","position":1,"name":"Home","item":"https:\/\/hypnos.ee\/sv\/"},{"@type":"ListItem","position":2,"name":"Produkter","item":"https:\/\/hypnos.ee\/tooted\/"},{"@type":"ListItem","position":3,"name":"Beebilux madrasser"}]},{"@type":"WebSite","@id":"https:\/\/hypnos.ee\/sv\/#website","url":"https:\/\/hypnos.ee\/sv\/","name":"Hypnos","description":"T\u00f5stame unekogemust","publisher":{"@id":"https:\/\/hypnos.ee\/sv\/#organization"},"potentialAction":[{"@type":"SearchAction","target":{"@type":"EntryPoint","urlTemplate":"https:\/\/hypnos.ee\/sv\/?s={search_term_string}"},"query-input":{"@type":"PropertyValueSpecification","valueRequired":true,"valueName":"search_term_string"}}],"inLanguage":"sv-SE"},{"@type":"Organization","@id":"https:\/\/hypnos.ee\/sv\/#organization","name":"Hypnos","url":"https:\/\/hypnos.ee\/sv\/","logo":{"@type":"ImageObject","inLanguage":"sv-SE","@id":"https:\/\/hypnos.ee\/sv\/#\/schema\/logo\/image\/","url":"https:\/\/hypnos.ee\/wp-content\/uploads\/2025\/06\/cropped-Hypnos-fa.png","contentUrl":"https:\/\/hypnos.ee\/wp-content\/uploads\/2025\/06\/cropped-Hypnos-fa.png","width":512,"height":512,"caption":"Hypnos"},"image":{"@id":"https:\/\/hypnos.ee\/sv\/#\/schema\/logo\/image\/"}}]}},"_links":{"self":[{"href":"https:\/\/hypnos.ee\/sv\/wp-json\/wp\/v2\/product\/3376","targetHints":{"allow":["GET"]}}],"collection":[{"href":"https:\/\/hypnos.ee\/sv\/wp-json\/wp\/v2\/product"}],"about":[{"href":"https:\/\/hypnos.ee\/sv\/wp-json\/wp\/v2\/types\/product"}],"replies":[{"embeddable":true,"href":"https:\/\/hypnos.ee\/sv\/wp-json\/wp\/v2\/comments?post=3376"}],"wp:featuredmedia":[{"embeddable":true,"href":"https:\/\/hypnos.ee\/sv\/wp-json\/wp\/v2\/media\/2193"}],"wp:attachment":[{"href":"https:\/\/hypnos.ee\/sv\/wp-json\/wp\/v2\/media?parent=3376"}],"wp:term":[{"taxonomy":"product_brand","embeddable":true,"href":"https:\/\/hypnos.ee\/sv\/wp-json\/wp\/v2\/product_brand?post=3376"},{"taxonomy":"product_cat","embeddable":true,"href":"https:\/\/hypnos.ee\/sv\/wp-json\/wp\/v2\/product_cat?post=3376"},{"taxonomy":"product_tag","embeddable":true,"href":"https:\/\/hypnos.ee\/sv\/wp-json\/wp\/v2\/product_tag?post=3376"}],"curies":[{"name":"wp","href":"https:\/\/api.w.org\/{rel}","templated":true}]}}