{"id":3370,"date":"2025-03-26T13:30:55","date_gmt":"2025-03-26T11:30:55","guid":{"rendered":"https:\/\/hypnos.ee\/toode\/hypnos-madrasskydd-1-cm\/"},"modified":"2025-03-26T13:30:55","modified_gmt":"2025-03-26T11:30:55","slug":"hypnos-madrasskydd-1-cm","status":"publish","type":"product","link":"https:\/\/hypnos.ee\/sv\/produkt\/hypnos-madrasskydd-1-cm\/","title":{"rendered":"Hypnos madrasskydd 1 cm"},"content":{"rendered":"","protected":false},"excerpt":{"rendered":"<p data-key=\"MFNhz\"><strong>Ett tunt skyddande lager p\u00e5 madrassen.<\/strong><\/p>\n<p data-key=\"Ws4Iw\">Ett l\u00e4tt och praktiskt madrasskydd som f\u00f6rl\u00e4nger madrassens livsl\u00e4ngd och h\u00e5ller den fr\u00e4sch och ren.<\/p>\n<p data-key=\"ocsSL\">Stretchigt tyg av h\u00f6g kvalitet som \u00e4r quiltat med luftig vadd f\u00f6r extra mjukhet och l\u00e5g vikt. Bekv\u00e4ma elastiska band i h\u00f6rnen h\u00e5ller skyddet stadigt p\u00e5 plats. <\/p>\n","protected":false},"featured_media":3371,"comment_status":"closed","ping_status":"closed","template":"","meta":{"_acf_changed":false},"product_brand":[],"product_cat":[89],"product_tag":[],"class_list":{"0":"post-3370","1":"product","2":"type-product","3":"status-publish","4":"has-post-thumbnail","6":"product_cat-madrasser-for-tak","8":"first","9":"instock","10":"shipping-taxable","11":"product-type-simple"},"acf":[],"yoast_head":"<!-- This site is optimized with the Yoast SEO Premium plugin v26.0 (Yoast SEO v26.0) - https:\/\/yoast.com\/wordpress\/plugins\/seo\/ -->\n<title>Hypnos madrasskydd 1 cm - Hypnos<\/title>\n<meta name=\"robots\" content=\"index, follow, max-snippet:-1, max-image-preview:large, max-video-preview:-1\" \/>\n<link rel=\"canonical\" href=\"https:\/\/hypnos.ee\/sv\/produkt\/hypnos-madrasskydd-1-cm\/\" \/>\n<meta property=\"og:locale\" content=\"sv_SE\" \/>\n<meta property=\"og:type\" content=\"article\" \/>\n<meta property=\"og:title\" content=\"Hypnos madrasskydd 1 cm\" \/>\n<meta property=\"og:description\" content=\"Ett tunt skyddande lager p\u00e5 madrassen. Ett l\u00e4tt och praktiskt madrasskydd som f\u00f6rl\u00e4nger madrassens livsl\u00e4ngd och h\u00e5ller den fr\u00e4sch och ren. Stretchigt tyg av h\u00f6g kvalitet som \u00e4r quiltat med luftig vadd f\u00f6r extra mjukhet och l\u00e5g vikt. Bekv\u00e4ma elastiska band i h\u00f6rnen h\u00e5ller skyddet stadigt p\u00e5 plats.\" \/>\n<meta property=\"og:url\" content=\"https:\/\/hypnos.ee\/sv\/produkt\/hypnos-madrasskydd-1-cm\/\" \/>\n<meta property=\"og:site_name\" content=\"Hypnos\" \/>\n<meta property=\"og:image\" content=\"https:\/\/hypnos.ee\/wp-content\/uploads\/2025\/03\/Hypnos-madratsikaitse_f_1_590_1.jpg\" \/>\n\t<meta property=\"og:image:width\" content=\"590\" \/>\n\t<meta property=\"og:image:height\" content=\"395\" \/>\n\t<meta property=\"og:image:type\" content=\"image\/jpeg\" \/>\n<meta name=\"twitter:card\" content=\"summary_large_image\" \/>\n<script type=\"application\/ld+json\" class=\"yoast-schema-graph\">{\"@context\":\"https:\/\/schema.org\",\"@graph\":[{\"@type\":\"WebPage\",\"@id\":\"https:\/\/hypnos.ee\/sv\/produkt\/hypnos-madrasskydd-1-cm\/\",\"url\":\"https:\/\/hypnos.ee\/sv\/produkt\/hypnos-madrasskydd-1-cm\/\",\"name\":\"Hypnos madrasskydd 1 cm - Hypnos\",\"isPartOf\":{\"@id\":\"https:\/\/hypnos.ee\/sv\/#website\"},\"primaryImageOfPage\":{\"@id\":\"https:\/\/hypnos.ee\/sv\/produkt\/hypnos-madrasskydd-1-cm\/#primaryimage\"},\"image\":{\"@id\":\"https:\/\/hypnos.ee\/sv\/produkt\/hypnos-madrasskydd-1-cm\/#primaryimage\"},\"thumbnailUrl\":\"https:\/\/hypnos.ee\/wp-content\/uploads\/2025\/03\/Hypnos-madratsikaitse_f_1_590_1.jpg\",\"datePublished\":\"2025-03-26T11:30:55+00:00\",\"breadcrumb\":{\"@id\":\"https:\/\/hypnos.ee\/sv\/produkt\/hypnos-madrasskydd-1-cm\/#breadcrumb\"},\"inLanguage\":\"sv-SE\",\"potentialAction\":[{\"@type\":\"ReadAction\",\"target\":[\"https:\/\/hypnos.ee\/sv\/produkt\/hypnos-madrasskydd-1-cm\/\"]}]},{\"@type\":\"ImageObject\",\"inLanguage\":\"sv-SE\",\"@id\":\"https:\/\/hypnos.ee\/sv\/produkt\/hypnos-madrasskydd-1-cm\/#primaryimage\",\"url\":\"https:\/\/hypnos.ee\/wp-content\/uploads\/2025\/03\/Hypnos-madratsikaitse_f_1_590_1.jpg\",\"contentUrl\":\"https:\/\/hypnos.ee\/wp-content\/uploads\/2025\/03\/Hypnos-madratsikaitse_f_1_590_1.jpg\",\"width\":590,\"height\":395},{\"@type\":\"BreadcrumbList\",\"@id\":\"https:\/\/hypnos.ee\/sv\/produkt\/hypnos-madrasskydd-1-cm\/#breadcrumb\",\"itemListElement\":[{\"@type\":\"ListItem\",\"position\":1,\"name\":\"Home\",\"item\":\"https:\/\/hypnos.ee\/sv\/\"},{\"@type\":\"ListItem\",\"position\":2,\"name\":\"Produkter\",\"item\":\"https:\/\/hypnos.ee\/tooted\/\"},{\"@type\":\"ListItem\",\"position\":3,\"name\":\"Hypnos madrasskydd 1 cm\"}]},{\"@type\":\"WebSite\",\"@id\":\"https:\/\/hypnos.ee\/sv\/#website\",\"url\":\"https:\/\/hypnos.ee\/sv\/\",\"name\":\"Hypnos\",\"description\":\"T\u00f5stame unekogemust\",\"publisher\":{\"@id\":\"https:\/\/hypnos.ee\/sv\/#organization\"},\"potentialAction\":[{\"@type\":\"SearchAction\",\"target\":{\"@type\":\"EntryPoint\",\"urlTemplate\":\"https:\/\/hypnos.ee\/sv\/?s={search_term_string}\"},\"query-input\":{\"@type\":\"PropertyValueSpecification\",\"valueRequired\":true,\"valueName\":\"search_term_string\"}}],\"inLanguage\":\"sv-SE\"},{\"@type\":\"Organization\",\"@id\":\"https:\/\/hypnos.ee\/sv\/#organization\",\"name\":\"Hypnos\",\"url\":\"https:\/\/hypnos.ee\/sv\/\",\"logo\":{\"@type\":\"ImageObject\",\"inLanguage\":\"sv-SE\",\"@id\":\"https:\/\/hypnos.ee\/sv\/#\/schema\/logo\/image\/\",\"url\":\"https:\/\/hypnos.ee\/wp-content\/uploads\/2025\/06\/cropped-Hypnos-fa.png\",\"contentUrl\":\"https:\/\/hypnos.ee\/wp-content\/uploads\/2025\/06\/cropped-Hypnos-fa.png\",\"width\":512,\"height\":512,\"caption\":\"Hypnos\"},\"image\":{\"@id\":\"https:\/\/hypnos.ee\/sv\/#\/schema\/logo\/image\/\"}}]}<\/script>\n<!-- \/ Yoast SEO Premium plugin. -->","yoast_head_json":{"title":"Hypnos madrasskydd 1 cm - Hypnos","robots":{"index":"index","follow":"follow","max-snippet":"max-snippet:-1","max-image-preview":"max-image-preview:large","max-video-preview":"max-video-preview:-1"},"canonical":"https:\/\/hypnos.ee\/sv\/produkt\/hypnos-madrasskydd-1-cm\/","og_locale":"sv_SE","og_type":"article","og_title":"Hypnos madrasskydd 1 cm","og_description":"Ett tunt skyddande lager p\u00e5 madrassen. Ett l\u00e4tt och praktiskt madrasskydd som f\u00f6rl\u00e4nger madrassens livsl\u00e4ngd och h\u00e5ller den fr\u00e4sch och ren. Stretchigt tyg av h\u00f6g kvalitet som \u00e4r quiltat med luftig vadd f\u00f6r extra mjukhet och l\u00e5g vikt. Bekv\u00e4ma elastiska band i h\u00f6rnen h\u00e5ller skyddet stadigt p\u00e5 plats.","og_url":"https:\/\/hypnos.ee\/sv\/produkt\/hypnos-madrasskydd-1-cm\/","og_site_name":"Hypnos","og_image":[{"width":590,"height":395,"url":"https:\/\/hypnos.ee\/wp-content\/uploads\/2025\/03\/Hypnos-madratsikaitse_f_1_590_1.jpg","type":"image\/jpeg"}],"twitter_card":"summary_large_image","schema":{"@context":"https:\/\/schema.org","@graph":[{"@type":"WebPage","@id":"https:\/\/hypnos.ee\/sv\/produkt\/hypnos-madrasskydd-1-cm\/","url":"https:\/\/hypnos.ee\/sv\/produkt\/hypnos-madrasskydd-1-cm\/","name":"Hypnos madrasskydd 1 cm - Hypnos","isPartOf":{"@id":"https:\/\/hypnos.ee\/sv\/#website"},"primaryImageOfPage":{"@id":"https:\/\/hypnos.ee\/sv\/produkt\/hypnos-madrasskydd-1-cm\/#primaryimage"},"image":{"@id":"https:\/\/hypnos.ee\/sv\/produkt\/hypnos-madrasskydd-1-cm\/#primaryimage"},"thumbnailUrl":"https:\/\/hypnos.ee\/wp-content\/uploads\/2025\/03\/Hypnos-madratsikaitse_f_1_590_1.jpg","datePublished":"2025-03-26T11:30:55+00:00","breadcrumb":{"@id":"https:\/\/hypnos.ee\/sv\/produkt\/hypnos-madrasskydd-1-cm\/#breadcrumb"},"inLanguage":"sv-SE","potentialAction":[{"@type":"ReadAction","target":["https:\/\/hypnos.ee\/sv\/produkt\/hypnos-madrasskydd-1-cm\/"]}]},{"@type":"ImageObject","inLanguage":"sv-SE","@id":"https:\/\/hypnos.ee\/sv\/produkt\/hypnos-madrasskydd-1-cm\/#primaryimage","url":"https:\/\/hypnos.ee\/wp-content\/uploads\/2025\/03\/Hypnos-madratsikaitse_f_1_590_1.jpg","contentUrl":"https:\/\/hypnos.ee\/wp-content\/uploads\/2025\/03\/Hypnos-madratsikaitse_f_1_590_1.jpg","width":590,"height":395},{"@type":"BreadcrumbList","@id":"https:\/\/hypnos.ee\/sv\/produkt\/hypnos-madrasskydd-1-cm\/#breadcrumb","itemListElement":[{"@type":"ListItem","position":1,"name":"Home","item":"https:\/\/hypnos.ee\/sv\/"},{"@type":"ListItem","position":2,"name":"Produkter","item":"https:\/\/hypnos.ee\/tooted\/"},{"@type":"ListItem","position":3,"name":"Hypnos madrasskydd 1 cm"}]},{"@type":"WebSite","@id":"https:\/\/hypnos.ee\/sv\/#website","url":"https:\/\/hypnos.ee\/sv\/","name":"Hypnos","description":"T\u00f5stame unekogemust","publisher":{"@id":"https:\/\/hypnos.ee\/sv\/#organization"},"potentialAction":[{"@type":"SearchAction","target":{"@type":"EntryPoint","urlTemplate":"https:\/\/hypnos.ee\/sv\/?s={search_term_string}"},"query-input":{"@type":"PropertyValueSpecification","valueRequired":true,"valueName":"search_term_string"}}],"inLanguage":"sv-SE"},{"@type":"Organization","@id":"https:\/\/hypnos.ee\/sv\/#organization","name":"Hypnos","url":"https:\/\/hypnos.ee\/sv\/","logo":{"@type":"ImageObject","inLanguage":"sv-SE","@id":"https:\/\/hypnos.ee\/sv\/#\/schema\/logo\/image\/","url":"https:\/\/hypnos.ee\/wp-content\/uploads\/2025\/06\/cropped-Hypnos-fa.png","contentUrl":"https:\/\/hypnos.ee\/wp-content\/uploads\/2025\/06\/cropped-Hypnos-fa.png","width":512,"height":512,"caption":"Hypnos"},"image":{"@id":"https:\/\/hypnos.ee\/sv\/#\/schema\/logo\/image\/"}}]}},"_links":{"self":[{"href":"https:\/\/hypnos.ee\/sv\/wp-json\/wp\/v2\/product\/3370","targetHints":{"allow":["GET"]}}],"collection":[{"href":"https:\/\/hypnos.ee\/sv\/wp-json\/wp\/v2\/product"}],"about":[{"href":"https:\/\/hypnos.ee\/sv\/wp-json\/wp\/v2\/types\/product"}],"replies":[{"embeddable":true,"href":"https:\/\/hypnos.ee\/sv\/wp-json\/wp\/v2\/comments?post=3370"}],"wp:featuredmedia":[{"embeddable":true,"href":"https:\/\/hypnos.ee\/sv\/wp-json\/wp\/v2\/media\/3371"}],"wp:attachment":[{"href":"https:\/\/hypnos.ee\/sv\/wp-json\/wp\/v2\/media?parent=3370"}],"wp:term":[{"taxonomy":"product_brand","embeddable":true,"href":"https:\/\/hypnos.ee\/sv\/wp-json\/wp\/v2\/product_brand?post=3370"},{"taxonomy":"product_cat","embeddable":true,"href":"https:\/\/hypnos.ee\/sv\/wp-json\/wp\/v2\/product_cat?post=3370"},{"taxonomy":"product_tag","embeddable":true,"href":"https:\/\/hypnos.ee\/sv\/wp-json\/wp\/v2\/product_tag?post=3370"}],"curies":[{"name":"wp","href":"https:\/\/api.w.org\/{rel}","templated":true}]}}