{"id":3353,"date":"2025-03-26T13:39:31","date_gmt":"2025-03-26T11:39:31","guid":{"rendered":"https:\/\/hypnos.ee\/toode\/luna-mega-madrass-6-cm\/"},"modified":"2025-03-26T13:39:31","modified_gmt":"2025-03-26T11:39:31","slug":"luna-mega-madrass-6-cm","status":"publish","type":"product","link":"https:\/\/hypnos.ee\/sv\/produkt\/luna-mega-madrass-6-cm\/","title":{"rendered":"Luna Mega madrass 6 cm"},"content":{"rendered":"","protected":false},"excerpt":{"rendered":"<p data-key=\"eeWTo\"><strong>Dubbelsidig komfort och enkelt underh\u00e5ll.<\/strong><\/p>\n<p data-key=\"A6k9y\">Luna Mega \u00e4r en madrass som f\u00f6ljer kroppens alla r\u00f6relser och ger ett fast st\u00f6d och sk\u00f6n avkoppling. Tack vare den profilerade fyllningen av spunnet dun \u00e4r luftcirkulationen och fukthanteringen utm\u00e4rkt, s\u00e5 att du vaknar fr\u00e4sch p\u00e5 morgonen. Ringl\u00e5set g\u00f6r att \u00f6verdraget kan tas av i tv\u00e5 delar, vilket g\u00f6r underh\u00e5llet extra enkelt.  <\/p>\n","protected":false},"featured_media":3355,"comment_status":"closed","ping_status":"closed","template":"","meta":{"_acf_changed":false},"product_brand":[],"product_cat":[89],"product_tag":[],"class_list":{"0":"post-3353","1":"product","2":"type-product","3":"status-publish","4":"has-post-thumbnail","6":"product_cat-madrasser-for-tak","8":"first","9":"instock","10":"shipping-taxable","11":"product-type-simple"},"acf":[],"yoast_head":"<!-- This site is optimized with the Yoast SEO Premium plugin v26.0 (Yoast SEO v26.0) - https:\/\/yoast.com\/wordpress\/plugins\/seo\/ -->\n<title>Luna Mega madrass 6 cm - Hypnos<\/title>\n<meta name=\"robots\" content=\"index, follow, max-snippet:-1, max-image-preview:large, max-video-preview:-1\" \/>\n<link rel=\"canonical\" href=\"https:\/\/hypnos.ee\/sv\/produkt\/luna-mega-madrass-6-cm\/\" \/>\n<meta property=\"og:locale\" content=\"sv_SE\" \/>\n<meta property=\"og:type\" content=\"article\" \/>\n<meta property=\"og:title\" content=\"Luna Mega madrass 6 cm\" \/>\n<meta property=\"og:description\" content=\"Dubbelsidig komfort och enkelt underh\u00e5ll. Luna Mega \u00e4r en madrass som f\u00f6ljer kroppens alla r\u00f6relser och ger ett fast st\u00f6d och sk\u00f6n avkoppling. Tack vare den profilerade fyllningen av spunnet dun \u00e4r luftcirkulationen och fukthanteringen utm\u00e4rkt, s\u00e5 att du vaknar fr\u00e4sch p\u00e5 morgonen. Ringl\u00e5set g\u00f6r att \u00f6verdraget kan tas av i tv\u00e5 delar, vilket g\u00f6r underh\u00e5llet extra enkelt.\" \/>\n<meta property=\"og:url\" content=\"https:\/\/hypnos.ee\/sv\/produkt\/luna-mega-madrass-6-cm\/\" \/>\n<meta property=\"og:site_name\" content=\"Hypnos\" \/>\n<meta property=\"og:image\" content=\"https:\/\/hypnos.ee\/wp-content\/uploads\/2025\/03\/luna-mega-2-kattemadrats_f_1_590_1.jpg\" \/>\n\t<meta property=\"og:image:width\" content=\"590\" \/>\n\t<meta property=\"og:image:height\" content=\"319\" \/>\n\t<meta property=\"og:image:type\" content=\"image\/jpeg\" \/>\n<meta name=\"twitter:card\" content=\"summary_large_image\" \/>\n<script type=\"application\/ld+json\" class=\"yoast-schema-graph\">{\"@context\":\"https:\/\/schema.org\",\"@graph\":[{\"@type\":\"WebPage\",\"@id\":\"https:\/\/hypnos.ee\/sv\/produkt\/luna-mega-madrass-6-cm\/\",\"url\":\"https:\/\/hypnos.ee\/sv\/produkt\/luna-mega-madrass-6-cm\/\",\"name\":\"Luna Mega madrass 6 cm - Hypnos\",\"isPartOf\":{\"@id\":\"https:\/\/hypnos.ee\/sv\/#website\"},\"primaryImageOfPage\":{\"@id\":\"https:\/\/hypnos.ee\/sv\/produkt\/luna-mega-madrass-6-cm\/#primaryimage\"},\"image\":{\"@id\":\"https:\/\/hypnos.ee\/sv\/produkt\/luna-mega-madrass-6-cm\/#primaryimage\"},\"thumbnailUrl\":\"https:\/\/hypnos.ee\/wp-content\/uploads\/2025\/03\/luna-mega-2-kattemadrats_f_1_590_1.jpg\",\"datePublished\":\"2025-03-26T11:39:31+00:00\",\"breadcrumb\":{\"@id\":\"https:\/\/hypnos.ee\/sv\/produkt\/luna-mega-madrass-6-cm\/#breadcrumb\"},\"inLanguage\":\"sv-SE\",\"potentialAction\":[{\"@type\":\"ReadAction\",\"target\":[\"https:\/\/hypnos.ee\/sv\/produkt\/luna-mega-madrass-6-cm\/\"]}]},{\"@type\":\"ImageObject\",\"inLanguage\":\"sv-SE\",\"@id\":\"https:\/\/hypnos.ee\/sv\/produkt\/luna-mega-madrass-6-cm\/#primaryimage\",\"url\":\"https:\/\/hypnos.ee\/wp-content\/uploads\/2025\/03\/luna-mega-2-kattemadrats_f_1_590_1.jpg\",\"contentUrl\":\"https:\/\/hypnos.ee\/wp-content\/uploads\/2025\/03\/luna-mega-2-kattemadrats_f_1_590_1.jpg\",\"width\":590,\"height\":319},{\"@type\":\"BreadcrumbList\",\"@id\":\"https:\/\/hypnos.ee\/sv\/produkt\/luna-mega-madrass-6-cm\/#breadcrumb\",\"itemListElement\":[{\"@type\":\"ListItem\",\"position\":1,\"name\":\"Home\",\"item\":\"https:\/\/hypnos.ee\/sv\/\"},{\"@type\":\"ListItem\",\"position\":2,\"name\":\"Produkter\",\"item\":\"https:\/\/hypnos.ee\/tooted\/\"},{\"@type\":\"ListItem\",\"position\":3,\"name\":\"Luna Mega madrass 6 cm\"}]},{\"@type\":\"WebSite\",\"@id\":\"https:\/\/hypnos.ee\/sv\/#website\",\"url\":\"https:\/\/hypnos.ee\/sv\/\",\"name\":\"Hypnos\",\"description\":\"T\u00f5stame unekogemust\",\"publisher\":{\"@id\":\"https:\/\/hypnos.ee\/sv\/#organization\"},\"potentialAction\":[{\"@type\":\"SearchAction\",\"target\":{\"@type\":\"EntryPoint\",\"urlTemplate\":\"https:\/\/hypnos.ee\/sv\/?s={search_term_string}\"},\"query-input\":{\"@type\":\"PropertyValueSpecification\",\"valueRequired\":true,\"valueName\":\"search_term_string\"}}],\"inLanguage\":\"sv-SE\"},{\"@type\":\"Organization\",\"@id\":\"https:\/\/hypnos.ee\/sv\/#organization\",\"name\":\"Hypnos\",\"url\":\"https:\/\/hypnos.ee\/sv\/\",\"logo\":{\"@type\":\"ImageObject\",\"inLanguage\":\"sv-SE\",\"@id\":\"https:\/\/hypnos.ee\/sv\/#\/schema\/logo\/image\/\",\"url\":\"https:\/\/hypnos.ee\/wp-content\/uploads\/2025\/06\/cropped-Hypnos-fa.png\",\"contentUrl\":\"https:\/\/hypnos.ee\/wp-content\/uploads\/2025\/06\/cropped-Hypnos-fa.png\",\"width\":512,\"height\":512,\"caption\":\"Hypnos\"},\"image\":{\"@id\":\"https:\/\/hypnos.ee\/sv\/#\/schema\/logo\/image\/\"}}]}<\/script>\n<!-- \/ Yoast SEO Premium plugin. -->","yoast_head_json":{"title":"Luna Mega madrass 6 cm - Hypnos","robots":{"index":"index","follow":"follow","max-snippet":"max-snippet:-1","max-image-preview":"max-image-preview:large","max-video-preview":"max-video-preview:-1"},"canonical":"https:\/\/hypnos.ee\/sv\/produkt\/luna-mega-madrass-6-cm\/","og_locale":"sv_SE","og_type":"article","og_title":"Luna Mega madrass 6 cm","og_description":"Dubbelsidig komfort och enkelt underh\u00e5ll. Luna Mega \u00e4r en madrass som f\u00f6ljer kroppens alla r\u00f6relser och ger ett fast st\u00f6d och sk\u00f6n avkoppling. Tack vare den profilerade fyllningen av spunnet dun \u00e4r luftcirkulationen och fukthanteringen utm\u00e4rkt, s\u00e5 att du vaknar fr\u00e4sch p\u00e5 morgonen. Ringl\u00e5set g\u00f6r att \u00f6verdraget kan tas av i tv\u00e5 delar, vilket g\u00f6r underh\u00e5llet extra enkelt.","og_url":"https:\/\/hypnos.ee\/sv\/produkt\/luna-mega-madrass-6-cm\/","og_site_name":"Hypnos","og_image":[{"width":590,"height":319,"url":"https:\/\/hypnos.ee\/wp-content\/uploads\/2025\/03\/luna-mega-2-kattemadrats_f_1_590_1.jpg","type":"image\/jpeg"}],"twitter_card":"summary_large_image","schema":{"@context":"https:\/\/schema.org","@graph":[{"@type":"WebPage","@id":"https:\/\/hypnos.ee\/sv\/produkt\/luna-mega-madrass-6-cm\/","url":"https:\/\/hypnos.ee\/sv\/produkt\/luna-mega-madrass-6-cm\/","name":"Luna Mega madrass 6 cm - Hypnos","isPartOf":{"@id":"https:\/\/hypnos.ee\/sv\/#website"},"primaryImageOfPage":{"@id":"https:\/\/hypnos.ee\/sv\/produkt\/luna-mega-madrass-6-cm\/#primaryimage"},"image":{"@id":"https:\/\/hypnos.ee\/sv\/produkt\/luna-mega-madrass-6-cm\/#primaryimage"},"thumbnailUrl":"https:\/\/hypnos.ee\/wp-content\/uploads\/2025\/03\/luna-mega-2-kattemadrats_f_1_590_1.jpg","datePublished":"2025-03-26T11:39:31+00:00","breadcrumb":{"@id":"https:\/\/hypnos.ee\/sv\/produkt\/luna-mega-madrass-6-cm\/#breadcrumb"},"inLanguage":"sv-SE","potentialAction":[{"@type":"ReadAction","target":["https:\/\/hypnos.ee\/sv\/produkt\/luna-mega-madrass-6-cm\/"]}]},{"@type":"ImageObject","inLanguage":"sv-SE","@id":"https:\/\/hypnos.ee\/sv\/produkt\/luna-mega-madrass-6-cm\/#primaryimage","url":"https:\/\/hypnos.ee\/wp-content\/uploads\/2025\/03\/luna-mega-2-kattemadrats_f_1_590_1.jpg","contentUrl":"https:\/\/hypnos.ee\/wp-content\/uploads\/2025\/03\/luna-mega-2-kattemadrats_f_1_590_1.jpg","width":590,"height":319},{"@type":"BreadcrumbList","@id":"https:\/\/hypnos.ee\/sv\/produkt\/luna-mega-madrass-6-cm\/#breadcrumb","itemListElement":[{"@type":"ListItem","position":1,"name":"Home","item":"https:\/\/hypnos.ee\/sv\/"},{"@type":"ListItem","position":2,"name":"Produkter","item":"https:\/\/hypnos.ee\/tooted\/"},{"@type":"ListItem","position":3,"name":"Luna Mega madrass 6 cm"}]},{"@type":"WebSite","@id":"https:\/\/hypnos.ee\/sv\/#website","url":"https:\/\/hypnos.ee\/sv\/","name":"Hypnos","description":"T\u00f5stame unekogemust","publisher":{"@id":"https:\/\/hypnos.ee\/sv\/#organization"},"potentialAction":[{"@type":"SearchAction","target":{"@type":"EntryPoint","urlTemplate":"https:\/\/hypnos.ee\/sv\/?s={search_term_string}"},"query-input":{"@type":"PropertyValueSpecification","valueRequired":true,"valueName":"search_term_string"}}],"inLanguage":"sv-SE"},{"@type":"Organization","@id":"https:\/\/hypnos.ee\/sv\/#organization","name":"Hypnos","url":"https:\/\/hypnos.ee\/sv\/","logo":{"@type":"ImageObject","inLanguage":"sv-SE","@id":"https:\/\/hypnos.ee\/sv\/#\/schema\/logo\/image\/","url":"https:\/\/hypnos.ee\/wp-content\/uploads\/2025\/06\/cropped-Hypnos-fa.png","contentUrl":"https:\/\/hypnos.ee\/wp-content\/uploads\/2025\/06\/cropped-Hypnos-fa.png","width":512,"height":512,"caption":"Hypnos"},"image":{"@id":"https:\/\/hypnos.ee\/sv\/#\/schema\/logo\/image\/"}}]}},"_links":{"self":[{"href":"https:\/\/hypnos.ee\/sv\/wp-json\/wp\/v2\/product\/3353","targetHints":{"allow":["GET"]}}],"collection":[{"href":"https:\/\/hypnos.ee\/sv\/wp-json\/wp\/v2\/product"}],"about":[{"href":"https:\/\/hypnos.ee\/sv\/wp-json\/wp\/v2\/types\/product"}],"replies":[{"embeddable":true,"href":"https:\/\/hypnos.ee\/sv\/wp-json\/wp\/v2\/comments?post=3353"}],"wp:featuredmedia":[{"embeddable":true,"href":"https:\/\/hypnos.ee\/sv\/wp-json\/wp\/v2\/media\/3355"}],"wp:attachment":[{"href":"https:\/\/hypnos.ee\/sv\/wp-json\/wp\/v2\/media?parent=3353"}],"wp:term":[{"taxonomy":"product_brand","embeddable":true,"href":"https:\/\/hypnos.ee\/sv\/wp-json\/wp\/v2\/product_brand?post=3353"},{"taxonomy":"product_cat","embeddable":true,"href":"https:\/\/hypnos.ee\/sv\/wp-json\/wp\/v2\/product_cat?post=3353"},{"taxonomy":"product_tag","embeddable":true,"href":"https:\/\/hypnos.ee\/sv\/wp-json\/wp\/v2\/product_tag?post=3353"}],"curies":[{"name":"wp","href":"https:\/\/api.w.org\/{rel}","templated":true}]}}