{"id":3289,"date":"2025-03-26T14:40:20","date_gmt":"2025-03-26T12:40:20","guid":{"rendered":"https:\/\/hypnos.ee\/toode\/artemis-stallbar-sang-med-tvattstall\/"},"modified":"2025-03-26T14:40:20","modified_gmt":"2025-03-26T12:40:20","slug":"artemis-stallbar-sang-med-tvattstall","status":"publish","type":"product","link":"https:\/\/hypnos.ee\/sv\/produkt\/artemis-stallbar-sang-med-tvattstall\/","title":{"rendered":"Artemis st\u00e4llbar s\u00e4ng med tv\u00e4ttst\u00e4ll"},"content":{"rendered":"","protected":false},"excerpt":{"rendered":"<p data-key=\"jUCQL\"><strong>M\u00e5ngsidig och bekv\u00e4m s\u00e4ng med justerbara gavlar och dold f\u00f6rvaring.<\/strong><\/p>\n<p data-key=\"aG52h\">Artemis \u00e4r en utm\u00e4rkt l\u00f6sning f\u00f6r dig som v\u00e4rdes\u00e4tter extra funktionalitet b\u00e5de n\u00e4r det g\u00e4ller komfort och f\u00f6rvaring. S\u00e4ngens huvudgavel och fot\u00e4nda kan lyftas manuellt till en l\u00e4mplig position, vilket ger extra st\u00f6d f\u00f6r att till exempel l\u00e4sa eller h\u00f6ja benen. <\/p>\n<p data-key=\"XcY5k\">Den robusta melaminbelagda tv\u00e4ttkorgen rymmer bekv\u00e4mt \u00e4ven de tyngsta f\u00f6rem\u00e5len. Madrassdelen med pocketres\u00e5rer (16 cm, 245 fj\u00e4drar\/m\u00b2, 2,0 mm tr\u00e5d) ger ett fast och balanserat st\u00f6d. <\/p>\n<p data-key=\"fKGnL\">Dynan \u00e4r tillverkad av 2 cm porolone av h\u00f6g kvalitet och fj\u00e4derblocket st\u00f6ds av en f\u00f6rst\u00e4rkt plywoodbas.<\/p>\n<p data-key=\"KSLKi\">S\u00e4ngen \u00e4r kl\u00e4dd med slitstark kl\u00e4dsel i tyg eller konstl\u00e4der som h\u00e5ller l\u00e4nge och ser bra ut.<br \/>\nL\u00e4gg till en matchande madrass och s\u00e4nggavel till s\u00e4ngpaketet f\u00f6r att skapa en komplett l\u00f6sning som passar just dig.<\/p>\n","protected":false},"featured_media":3290,"comment_status":"closed","ping_status":"closed","template":"","meta":{"_acf_changed":false},"product_brand":[],"product_cat":[106],"product_tag":[],"class_list":{"0":"post-3289","1":"product","2":"type-product","3":"status-publish","4":"has-post-thumbnail","6":"product_cat-sangar-med-tvattstuga","8":"first","9":"instock","10":"shipping-taxable","11":"product-type-simple"},"acf":[],"yoast_head":"<!-- This site is optimized with the Yoast SEO Premium plugin v26.0 (Yoast SEO v26.0) - https:\/\/yoast.com\/wordpress\/plugins\/seo\/ -->\n<title>Artemis st\u00e4llbar s\u00e4ng med tv\u00e4ttst\u00e4ll - Hypnos<\/title>\n<meta name=\"robots\" content=\"index, follow, max-snippet:-1, max-image-preview:large, max-video-preview:-1\" \/>\n<link rel=\"canonical\" href=\"https:\/\/hypnos.ee\/sv\/produkt\/artemis-stallbar-sang-med-tvattstall\/\" \/>\n<meta property=\"og:locale\" content=\"sv_SE\" \/>\n<meta property=\"og:type\" content=\"article\" \/>\n<meta property=\"og:title\" content=\"Artemis st\u00e4llbar s\u00e4ng med tv\u00e4ttst\u00e4ll\" \/>\n<meta property=\"og:description\" content=\"M\u00e5ngsidig och bekv\u00e4m s\u00e4ng med justerbara gavlar och dold f\u00f6rvaring. Artemis \u00e4r en utm\u00e4rkt l\u00f6sning f\u00f6r dig som v\u00e4rdes\u00e4tter extra funktionalitet b\u00e5de n\u00e4r det g\u00e4ller komfort och f\u00f6rvaring. S\u00e4ngens huvudgavel och fot\u00e4nda kan lyftas manuellt till en l\u00e4mplig position, vilket ger extra st\u00f6d f\u00f6r att till exempel l\u00e4sa eller h\u00f6ja benen. Den robusta melaminbelagda tv\u00e4ttkorgen rymmer bekv\u00e4mt \u00e4ven de tyngsta f\u00f6rem\u00e5len. Madrassdelen med pocketres\u00e5rer (16 cm, 245 fj\u00e4drar\/m\u00b2, 2,0 mm tr\u00e5d) ger ett fast och balanserat st\u00f6d. Dynan \u00e4r tillverkad av 2 cm porolone av h\u00f6g kvalitet och fj\u00e4derblocket st\u00f6ds av en f\u00f6rst\u00e4rkt plywoodbas. S\u00e4ngen \u00e4r kl\u00e4dd med slitstark kl\u00e4dsel i tyg eller konstl\u00e4der som h\u00e5ller l\u00e4nge och ser bra ut. L\u00e4gg till en matchande madrass och s\u00e4nggavel till s\u00e4ngpaketet f\u00f6r att skapa en komplett l\u00f6sning som passar just dig.\" \/>\n<meta property=\"og:url\" content=\"https:\/\/hypnos.ee\/sv\/produkt\/artemis-stallbar-sang-med-tvattstall\/\" \/>\n<meta property=\"og:site_name\" content=\"Hypnos\" \/>\n<meta property=\"og:image\" content=\"https:\/\/hypnos.ee\/wp-content\/uploads\/2025\/03\/pesukastiga-voodi-athena_f_1_590_1.jpg\" \/>\n\t<meta property=\"og:image:width\" content=\"590\" \/>\n\t<meta property=\"og:image:height\" content=\"394\" \/>\n\t<meta property=\"og:image:type\" content=\"image\/jpeg\" \/>\n<meta name=\"twitter:card\" content=\"summary_large_image\" \/>\n<script type=\"application\/ld+json\" class=\"yoast-schema-graph\">{\"@context\":\"https:\/\/schema.org\",\"@graph\":[{\"@type\":\"WebPage\",\"@id\":\"https:\/\/hypnos.ee\/sv\/produkt\/artemis-stallbar-sang-med-tvattstall\/\",\"url\":\"https:\/\/hypnos.ee\/sv\/produkt\/artemis-stallbar-sang-med-tvattstall\/\",\"name\":\"Artemis st\u00e4llbar s\u00e4ng med tv\u00e4ttst\u00e4ll - Hypnos\",\"isPartOf\":{\"@id\":\"https:\/\/hypnos.ee\/sv\/#website\"},\"primaryImageOfPage\":{\"@id\":\"https:\/\/hypnos.ee\/sv\/produkt\/artemis-stallbar-sang-med-tvattstall\/#primaryimage\"},\"image\":{\"@id\":\"https:\/\/hypnos.ee\/sv\/produkt\/artemis-stallbar-sang-med-tvattstall\/#primaryimage\"},\"thumbnailUrl\":\"https:\/\/hypnos.ee\/wp-content\/uploads\/2025\/03\/pesukastiga-voodi-athena_f_1_590_1.jpg\",\"datePublished\":\"2025-03-26T12:40:20+00:00\",\"breadcrumb\":{\"@id\":\"https:\/\/hypnos.ee\/sv\/produkt\/artemis-stallbar-sang-med-tvattstall\/#breadcrumb\"},\"inLanguage\":\"sv-SE\",\"potentialAction\":[{\"@type\":\"ReadAction\",\"target\":[\"https:\/\/hypnos.ee\/sv\/produkt\/artemis-stallbar-sang-med-tvattstall\/\"]}]},{\"@type\":\"ImageObject\",\"inLanguage\":\"sv-SE\",\"@id\":\"https:\/\/hypnos.ee\/sv\/produkt\/artemis-stallbar-sang-med-tvattstall\/#primaryimage\",\"url\":\"https:\/\/hypnos.ee\/wp-content\/uploads\/2025\/03\/pesukastiga-voodi-athena_f_1_590_1.jpg\",\"contentUrl\":\"https:\/\/hypnos.ee\/wp-content\/uploads\/2025\/03\/pesukastiga-voodi-athena_f_1_590_1.jpg\",\"width\":590,\"height\":394},{\"@type\":\"BreadcrumbList\",\"@id\":\"https:\/\/hypnos.ee\/sv\/produkt\/artemis-stallbar-sang-med-tvattstall\/#breadcrumb\",\"itemListElement\":[{\"@type\":\"ListItem\",\"position\":1,\"name\":\"Home\",\"item\":\"https:\/\/hypnos.ee\/sv\/\"},{\"@type\":\"ListItem\",\"position\":2,\"name\":\"Produkter\",\"item\":\"https:\/\/hypnos.ee\/tooted\/\"},{\"@type\":\"ListItem\",\"position\":3,\"name\":\"Artemis st\u00e4llbar s\u00e4ng med tv\u00e4ttst\u00e4ll\"}]},{\"@type\":\"WebSite\",\"@id\":\"https:\/\/hypnos.ee\/sv\/#website\",\"url\":\"https:\/\/hypnos.ee\/sv\/\",\"name\":\"Hypnos\",\"description\":\"T\u00f5stame unekogemust\",\"publisher\":{\"@id\":\"https:\/\/hypnos.ee\/sv\/#organization\"},\"potentialAction\":[{\"@type\":\"SearchAction\",\"target\":{\"@type\":\"EntryPoint\",\"urlTemplate\":\"https:\/\/hypnos.ee\/sv\/?s={search_term_string}\"},\"query-input\":{\"@type\":\"PropertyValueSpecification\",\"valueRequired\":true,\"valueName\":\"search_term_string\"}}],\"inLanguage\":\"sv-SE\"},{\"@type\":\"Organization\",\"@id\":\"https:\/\/hypnos.ee\/sv\/#organization\",\"name\":\"Hypnos\",\"url\":\"https:\/\/hypnos.ee\/sv\/\",\"logo\":{\"@type\":\"ImageObject\",\"inLanguage\":\"sv-SE\",\"@id\":\"https:\/\/hypnos.ee\/sv\/#\/schema\/logo\/image\/\",\"url\":\"https:\/\/hypnos.ee\/wp-content\/uploads\/2025\/06\/cropped-Hypnos-fa.png\",\"contentUrl\":\"https:\/\/hypnos.ee\/wp-content\/uploads\/2025\/06\/cropped-Hypnos-fa.png\",\"width\":512,\"height\":512,\"caption\":\"Hypnos\"},\"image\":{\"@id\":\"https:\/\/hypnos.ee\/sv\/#\/schema\/logo\/image\/\"}}]}<\/script>\n<!-- \/ Yoast SEO Premium plugin. -->","yoast_head_json":{"title":"Artemis st\u00e4llbar s\u00e4ng med tv\u00e4ttst\u00e4ll - Hypnos","robots":{"index":"index","follow":"follow","max-snippet":"max-snippet:-1","max-image-preview":"max-image-preview:large","max-video-preview":"max-video-preview:-1"},"canonical":"https:\/\/hypnos.ee\/sv\/produkt\/artemis-stallbar-sang-med-tvattstall\/","og_locale":"sv_SE","og_type":"article","og_title":"Artemis st\u00e4llbar s\u00e4ng med tv\u00e4ttst\u00e4ll","og_description":"M\u00e5ngsidig och bekv\u00e4m s\u00e4ng med justerbara gavlar och dold f\u00f6rvaring. Artemis \u00e4r en utm\u00e4rkt l\u00f6sning f\u00f6r dig som v\u00e4rdes\u00e4tter extra funktionalitet b\u00e5de n\u00e4r det g\u00e4ller komfort och f\u00f6rvaring. S\u00e4ngens huvudgavel och fot\u00e4nda kan lyftas manuellt till en l\u00e4mplig position, vilket ger extra st\u00f6d f\u00f6r att till exempel l\u00e4sa eller h\u00f6ja benen. Den robusta melaminbelagda tv\u00e4ttkorgen rymmer bekv\u00e4mt \u00e4ven de tyngsta f\u00f6rem\u00e5len. Madrassdelen med pocketres\u00e5rer (16 cm, 245 fj\u00e4drar\/m\u00b2, 2,0 mm tr\u00e5d) ger ett fast och balanserat st\u00f6d. Dynan \u00e4r tillverkad av 2 cm porolone av h\u00f6g kvalitet och fj\u00e4derblocket st\u00f6ds av en f\u00f6rst\u00e4rkt plywoodbas. S\u00e4ngen \u00e4r kl\u00e4dd med slitstark kl\u00e4dsel i tyg eller konstl\u00e4der som h\u00e5ller l\u00e4nge och ser bra ut. L\u00e4gg till en matchande madrass och s\u00e4nggavel till s\u00e4ngpaketet f\u00f6r att skapa en komplett l\u00f6sning som passar just dig.","og_url":"https:\/\/hypnos.ee\/sv\/produkt\/artemis-stallbar-sang-med-tvattstall\/","og_site_name":"Hypnos","og_image":[{"width":590,"height":394,"url":"https:\/\/hypnos.ee\/wp-content\/uploads\/2025\/03\/pesukastiga-voodi-athena_f_1_590_1.jpg","type":"image\/jpeg"}],"twitter_card":"summary_large_image","schema":{"@context":"https:\/\/schema.org","@graph":[{"@type":"WebPage","@id":"https:\/\/hypnos.ee\/sv\/produkt\/artemis-stallbar-sang-med-tvattstall\/","url":"https:\/\/hypnos.ee\/sv\/produkt\/artemis-stallbar-sang-med-tvattstall\/","name":"Artemis st\u00e4llbar s\u00e4ng med tv\u00e4ttst\u00e4ll - Hypnos","isPartOf":{"@id":"https:\/\/hypnos.ee\/sv\/#website"},"primaryImageOfPage":{"@id":"https:\/\/hypnos.ee\/sv\/produkt\/artemis-stallbar-sang-med-tvattstall\/#primaryimage"},"image":{"@id":"https:\/\/hypnos.ee\/sv\/produkt\/artemis-stallbar-sang-med-tvattstall\/#primaryimage"},"thumbnailUrl":"https:\/\/hypnos.ee\/wp-content\/uploads\/2025\/03\/pesukastiga-voodi-athena_f_1_590_1.jpg","datePublished":"2025-03-26T12:40:20+00:00","breadcrumb":{"@id":"https:\/\/hypnos.ee\/sv\/produkt\/artemis-stallbar-sang-med-tvattstall\/#breadcrumb"},"inLanguage":"sv-SE","potentialAction":[{"@type":"ReadAction","target":["https:\/\/hypnos.ee\/sv\/produkt\/artemis-stallbar-sang-med-tvattstall\/"]}]},{"@type":"ImageObject","inLanguage":"sv-SE","@id":"https:\/\/hypnos.ee\/sv\/produkt\/artemis-stallbar-sang-med-tvattstall\/#primaryimage","url":"https:\/\/hypnos.ee\/wp-content\/uploads\/2025\/03\/pesukastiga-voodi-athena_f_1_590_1.jpg","contentUrl":"https:\/\/hypnos.ee\/wp-content\/uploads\/2025\/03\/pesukastiga-voodi-athena_f_1_590_1.jpg","width":590,"height":394},{"@type":"BreadcrumbList","@id":"https:\/\/hypnos.ee\/sv\/produkt\/artemis-stallbar-sang-med-tvattstall\/#breadcrumb","itemListElement":[{"@type":"ListItem","position":1,"name":"Home","item":"https:\/\/hypnos.ee\/sv\/"},{"@type":"ListItem","position":2,"name":"Produkter","item":"https:\/\/hypnos.ee\/tooted\/"},{"@type":"ListItem","position":3,"name":"Artemis st\u00e4llbar s\u00e4ng med tv\u00e4ttst\u00e4ll"}]},{"@type":"WebSite","@id":"https:\/\/hypnos.ee\/sv\/#website","url":"https:\/\/hypnos.ee\/sv\/","name":"Hypnos","description":"T\u00f5stame unekogemust","publisher":{"@id":"https:\/\/hypnos.ee\/sv\/#organization"},"potentialAction":[{"@type":"SearchAction","target":{"@type":"EntryPoint","urlTemplate":"https:\/\/hypnos.ee\/sv\/?s={search_term_string}"},"query-input":{"@type":"PropertyValueSpecification","valueRequired":true,"valueName":"search_term_string"}}],"inLanguage":"sv-SE"},{"@type":"Organization","@id":"https:\/\/hypnos.ee\/sv\/#organization","name":"Hypnos","url":"https:\/\/hypnos.ee\/sv\/","logo":{"@type":"ImageObject","inLanguage":"sv-SE","@id":"https:\/\/hypnos.ee\/sv\/#\/schema\/logo\/image\/","url":"https:\/\/hypnos.ee\/wp-content\/uploads\/2025\/06\/cropped-Hypnos-fa.png","contentUrl":"https:\/\/hypnos.ee\/wp-content\/uploads\/2025\/06\/cropped-Hypnos-fa.png","width":512,"height":512,"caption":"Hypnos"},"image":{"@id":"https:\/\/hypnos.ee\/sv\/#\/schema\/logo\/image\/"}}]}},"_links":{"self":[{"href":"https:\/\/hypnos.ee\/sv\/wp-json\/wp\/v2\/product\/3289","targetHints":{"allow":["GET"]}}],"collection":[{"href":"https:\/\/hypnos.ee\/sv\/wp-json\/wp\/v2\/product"}],"about":[{"href":"https:\/\/hypnos.ee\/sv\/wp-json\/wp\/v2\/types\/product"}],"replies":[{"embeddable":true,"href":"https:\/\/hypnos.ee\/sv\/wp-json\/wp\/v2\/comments?post=3289"}],"wp:featuredmedia":[{"embeddable":true,"href":"https:\/\/hypnos.ee\/sv\/wp-json\/wp\/v2\/media\/3290"}],"wp:attachment":[{"href":"https:\/\/hypnos.ee\/sv\/wp-json\/wp\/v2\/media?parent=3289"}],"wp:term":[{"taxonomy":"product_brand","embeddable":true,"href":"https:\/\/hypnos.ee\/sv\/wp-json\/wp\/v2\/product_brand?post=3289"},{"taxonomy":"product_cat","embeddable":true,"href":"https:\/\/hypnos.ee\/sv\/wp-json\/wp\/v2\/product_cat?post=3289"},{"taxonomy":"product_tag","embeddable":true,"href":"https:\/\/hypnos.ee\/sv\/wp-json\/wp\/v2\/product_tag?post=3289"}],"curies":[{"name":"wp","href":"https:\/\/api.w.org\/{rel}","templated":true}]}}