{"id":3281,"date":"2025-03-26T14:39:33","date_gmt":"2025-03-26T12:39:33","guid":{"rendered":"https:\/\/hypnos.ee\/toode\/athena-sang-med-tvattstall\/"},"modified":"2025-03-26T14:39:33","modified_gmt":"2025-03-26T12:39:33","slug":"athena-sang-med-tvattstall","status":"publish","type":"product","link":"https:\/\/hypnos.ee\/sv\/produkt\/athena-sang-med-tvattstall\/","title":{"rendered":"Athena s\u00e4ng med tv\u00e4ttst\u00e4ll"},"content":{"rendered":"","protected":false},"excerpt":{"rendered":"<p data-key=\"N91OC\"><strong>Praktisk och robust s\u00e4ng med ett stort tv\u00e4ttutrymme.<\/strong><\/p>\n<p data-key=\"mXlkg\">Athena \u00e4r det perfekta valet n\u00e4r du beh\u00f6ver en funktionell och robust s\u00e4ng med smart f\u00f6rvaring. S\u00e4ngbotten \u00e4r tillverkad av robust melaminbelagd sp\u00e5nskiva och \u00e4r l\u00e4mplig f\u00f6r f\u00f6rvaring av tunga f\u00f6rem\u00e5l. <\/p>\n<p data-key=\"B6QeP\">S\u00e4ngen best\u00e5r av 16 cm h\u00f6ga pocketfj\u00e4drar (245 fj\u00e4drar\/m\u00b2) med valfri styvhet &#8211; antingen n\u00e5got mjukare (1,9 mm) eller starkare (2,0 mm tr\u00e5d). Dynan \u00e4r tillverkad av h\u00f6gkvalitativ HR-porolone med en densitet p\u00e5 35 kg\/m\u00b3, vilket ger en stabil och bekv\u00e4m liggyta. <\/p>\n<p data-key=\"81mMK\">Tack vare den pneumatiska lyftmekanismen \u00e4r det enkelt, tyst och smidigt att \u00f6ppna tv\u00e4ttl\u00e5dan. S\u00e4ngen \u00e4r kl\u00e4dd i ett slitstarkt tyg eller konstl\u00e4der som passar dina \u00f6nskem\u00e5l.<br \/>\nV\u00e4lj matchande madrass och s\u00e4nggavel f\u00f6r att skapa ett sovrum i din egen stil. <\/p>\n","protected":false},"featured_media":3282,"comment_status":"closed","ping_status":"closed","template":"","meta":{"_acf_changed":false},"product_brand":[],"product_cat":[106],"product_tag":[],"class_list":{"0":"post-3281","1":"product","2":"type-product","3":"status-publish","4":"has-post-thumbnail","6":"product_cat-sangar-med-tvattstuga","8":"first","9":"instock","10":"shipping-taxable","11":"product-type-simple"},"acf":[],"yoast_head":"<!-- This site is optimized with the Yoast SEO Premium plugin v26.0 (Yoast SEO v26.0) - https:\/\/yoast.com\/wordpress\/plugins\/seo\/ -->\n<title>Athena s\u00e4ng med tv\u00e4ttst\u00e4ll - Hypnos<\/title>\n<meta name=\"robots\" content=\"index, follow, max-snippet:-1, max-image-preview:large, max-video-preview:-1\" \/>\n<link rel=\"canonical\" href=\"https:\/\/hypnos.ee\/sv\/produkt\/athena-sang-med-tvattstall\/\" \/>\n<meta property=\"og:locale\" content=\"sv_SE\" \/>\n<meta property=\"og:type\" content=\"article\" \/>\n<meta property=\"og:title\" content=\"Athena s\u00e4ng med tv\u00e4ttst\u00e4ll\" \/>\n<meta property=\"og:description\" content=\"Praktisk och robust s\u00e4ng med ett stort tv\u00e4ttutrymme. Athena \u00e4r det perfekta valet n\u00e4r du beh\u00f6ver en funktionell och robust s\u00e4ng med smart f\u00f6rvaring. S\u00e4ngbotten \u00e4r tillverkad av robust melaminbelagd sp\u00e5nskiva och \u00e4r l\u00e4mplig f\u00f6r f\u00f6rvaring av tunga f\u00f6rem\u00e5l. S\u00e4ngen best\u00e5r av 16 cm h\u00f6ga pocketfj\u00e4drar (245 fj\u00e4drar\/m\u00b2) med valfri styvhet - antingen n\u00e5got mjukare (1,9 mm) eller starkare (2,0 mm tr\u00e5d). Dynan \u00e4r tillverkad av h\u00f6gkvalitativ HR-porolone med en densitet p\u00e5 35 kg\/m\u00b3, vilket ger en stabil och bekv\u00e4m liggyta. Tack vare den pneumatiska lyftmekanismen \u00e4r det enkelt, tyst och smidigt att \u00f6ppna tv\u00e4ttl\u00e5dan. S\u00e4ngen \u00e4r kl\u00e4dd i ett slitstarkt tyg eller konstl\u00e4der som passar dina \u00f6nskem\u00e5l. V\u00e4lj matchande madrass och s\u00e4nggavel f\u00f6r att skapa ett sovrum i din egen stil.\" \/>\n<meta property=\"og:url\" content=\"https:\/\/hypnos.ee\/sv\/produkt\/athena-sang-med-tvattstall\/\" \/>\n<meta property=\"og:site_name\" content=\"Hypnos\" \/>\n<meta property=\"og:image\" content=\"https:\/\/hypnos.ee\/wp-content\/uploads\/2025\/03\/kontinentaalvoodi-selene-kastiga_f_2_590_1.jpg\" \/>\n\t<meta property=\"og:image:width\" content=\"590\" \/>\n\t<meta property=\"og:image:height\" content=\"394\" \/>\n\t<meta property=\"og:image:type\" content=\"image\/jpeg\" \/>\n<meta name=\"twitter:card\" content=\"summary_large_image\" \/>\n<script type=\"application\/ld+json\" class=\"yoast-schema-graph\">{\"@context\":\"https:\/\/schema.org\",\"@graph\":[{\"@type\":\"WebPage\",\"@id\":\"https:\/\/hypnos.ee\/sv\/produkt\/athena-sang-med-tvattstall\/\",\"url\":\"https:\/\/hypnos.ee\/sv\/produkt\/athena-sang-med-tvattstall\/\",\"name\":\"Athena s\u00e4ng med tv\u00e4ttst\u00e4ll - Hypnos\",\"isPartOf\":{\"@id\":\"https:\/\/hypnos.ee\/sv\/#website\"},\"primaryImageOfPage\":{\"@id\":\"https:\/\/hypnos.ee\/sv\/produkt\/athena-sang-med-tvattstall\/#primaryimage\"},\"image\":{\"@id\":\"https:\/\/hypnos.ee\/sv\/produkt\/athena-sang-med-tvattstall\/#primaryimage\"},\"thumbnailUrl\":\"https:\/\/hypnos.ee\/wp-content\/uploads\/2025\/03\/kontinentaalvoodi-selene-kastiga_f_2_590_1.jpg\",\"datePublished\":\"2025-03-26T12:39:33+00:00\",\"breadcrumb\":{\"@id\":\"https:\/\/hypnos.ee\/sv\/produkt\/athena-sang-med-tvattstall\/#breadcrumb\"},\"inLanguage\":\"sv-SE\",\"potentialAction\":[{\"@type\":\"ReadAction\",\"target\":[\"https:\/\/hypnos.ee\/sv\/produkt\/athena-sang-med-tvattstall\/\"]}]},{\"@type\":\"ImageObject\",\"inLanguage\":\"sv-SE\",\"@id\":\"https:\/\/hypnos.ee\/sv\/produkt\/athena-sang-med-tvattstall\/#primaryimage\",\"url\":\"https:\/\/hypnos.ee\/wp-content\/uploads\/2025\/03\/kontinentaalvoodi-selene-kastiga_f_2_590_1.jpg\",\"contentUrl\":\"https:\/\/hypnos.ee\/wp-content\/uploads\/2025\/03\/kontinentaalvoodi-selene-kastiga_f_2_590_1.jpg\",\"width\":590,\"height\":394},{\"@type\":\"BreadcrumbList\",\"@id\":\"https:\/\/hypnos.ee\/sv\/produkt\/athena-sang-med-tvattstall\/#breadcrumb\",\"itemListElement\":[{\"@type\":\"ListItem\",\"position\":1,\"name\":\"Home\",\"item\":\"https:\/\/hypnos.ee\/sv\/\"},{\"@type\":\"ListItem\",\"position\":2,\"name\":\"Produkter\",\"item\":\"https:\/\/hypnos.ee\/tooted\/\"},{\"@type\":\"ListItem\",\"position\":3,\"name\":\"Athena s\u00e4ng med tv\u00e4ttst\u00e4ll\"}]},{\"@type\":\"WebSite\",\"@id\":\"https:\/\/hypnos.ee\/sv\/#website\",\"url\":\"https:\/\/hypnos.ee\/sv\/\",\"name\":\"Hypnos\",\"description\":\"T\u00f5stame unekogemust\",\"publisher\":{\"@id\":\"https:\/\/hypnos.ee\/sv\/#organization\"},\"potentialAction\":[{\"@type\":\"SearchAction\",\"target\":{\"@type\":\"EntryPoint\",\"urlTemplate\":\"https:\/\/hypnos.ee\/sv\/?s={search_term_string}\"},\"query-input\":{\"@type\":\"PropertyValueSpecification\",\"valueRequired\":true,\"valueName\":\"search_term_string\"}}],\"inLanguage\":\"sv-SE\"},{\"@type\":\"Organization\",\"@id\":\"https:\/\/hypnos.ee\/sv\/#organization\",\"name\":\"Hypnos\",\"url\":\"https:\/\/hypnos.ee\/sv\/\",\"logo\":{\"@type\":\"ImageObject\",\"inLanguage\":\"sv-SE\",\"@id\":\"https:\/\/hypnos.ee\/sv\/#\/schema\/logo\/image\/\",\"url\":\"https:\/\/hypnos.ee\/wp-content\/uploads\/2025\/06\/cropped-Hypnos-fa.png\",\"contentUrl\":\"https:\/\/hypnos.ee\/wp-content\/uploads\/2025\/06\/cropped-Hypnos-fa.png\",\"width\":512,\"height\":512,\"caption\":\"Hypnos\"},\"image\":{\"@id\":\"https:\/\/hypnos.ee\/sv\/#\/schema\/logo\/image\/\"}}]}<\/script>\n<!-- \/ Yoast SEO Premium plugin. -->","yoast_head_json":{"title":"Athena s\u00e4ng med tv\u00e4ttst\u00e4ll - Hypnos","robots":{"index":"index","follow":"follow","max-snippet":"max-snippet:-1","max-image-preview":"max-image-preview:large","max-video-preview":"max-video-preview:-1"},"canonical":"https:\/\/hypnos.ee\/sv\/produkt\/athena-sang-med-tvattstall\/","og_locale":"sv_SE","og_type":"article","og_title":"Athena s\u00e4ng med tv\u00e4ttst\u00e4ll","og_description":"Praktisk och robust s\u00e4ng med ett stort tv\u00e4ttutrymme. Athena \u00e4r det perfekta valet n\u00e4r du beh\u00f6ver en funktionell och robust s\u00e4ng med smart f\u00f6rvaring. S\u00e4ngbotten \u00e4r tillverkad av robust melaminbelagd sp\u00e5nskiva och \u00e4r l\u00e4mplig f\u00f6r f\u00f6rvaring av tunga f\u00f6rem\u00e5l. S\u00e4ngen best\u00e5r av 16 cm h\u00f6ga pocketfj\u00e4drar (245 fj\u00e4drar\/m\u00b2) med valfri styvhet - antingen n\u00e5got mjukare (1,9 mm) eller starkare (2,0 mm tr\u00e5d). Dynan \u00e4r tillverkad av h\u00f6gkvalitativ HR-porolone med en densitet p\u00e5 35 kg\/m\u00b3, vilket ger en stabil och bekv\u00e4m liggyta. Tack vare den pneumatiska lyftmekanismen \u00e4r det enkelt, tyst och smidigt att \u00f6ppna tv\u00e4ttl\u00e5dan. S\u00e4ngen \u00e4r kl\u00e4dd i ett slitstarkt tyg eller konstl\u00e4der som passar dina \u00f6nskem\u00e5l. V\u00e4lj matchande madrass och s\u00e4nggavel f\u00f6r att skapa ett sovrum i din egen stil.","og_url":"https:\/\/hypnos.ee\/sv\/produkt\/athena-sang-med-tvattstall\/","og_site_name":"Hypnos","og_image":[{"width":590,"height":394,"url":"https:\/\/hypnos.ee\/wp-content\/uploads\/2025\/03\/kontinentaalvoodi-selene-kastiga_f_2_590_1.jpg","type":"image\/jpeg"}],"twitter_card":"summary_large_image","schema":{"@context":"https:\/\/schema.org","@graph":[{"@type":"WebPage","@id":"https:\/\/hypnos.ee\/sv\/produkt\/athena-sang-med-tvattstall\/","url":"https:\/\/hypnos.ee\/sv\/produkt\/athena-sang-med-tvattstall\/","name":"Athena s\u00e4ng med tv\u00e4ttst\u00e4ll - Hypnos","isPartOf":{"@id":"https:\/\/hypnos.ee\/sv\/#website"},"primaryImageOfPage":{"@id":"https:\/\/hypnos.ee\/sv\/produkt\/athena-sang-med-tvattstall\/#primaryimage"},"image":{"@id":"https:\/\/hypnos.ee\/sv\/produkt\/athena-sang-med-tvattstall\/#primaryimage"},"thumbnailUrl":"https:\/\/hypnos.ee\/wp-content\/uploads\/2025\/03\/kontinentaalvoodi-selene-kastiga_f_2_590_1.jpg","datePublished":"2025-03-26T12:39:33+00:00","breadcrumb":{"@id":"https:\/\/hypnos.ee\/sv\/produkt\/athena-sang-med-tvattstall\/#breadcrumb"},"inLanguage":"sv-SE","potentialAction":[{"@type":"ReadAction","target":["https:\/\/hypnos.ee\/sv\/produkt\/athena-sang-med-tvattstall\/"]}]},{"@type":"ImageObject","inLanguage":"sv-SE","@id":"https:\/\/hypnos.ee\/sv\/produkt\/athena-sang-med-tvattstall\/#primaryimage","url":"https:\/\/hypnos.ee\/wp-content\/uploads\/2025\/03\/kontinentaalvoodi-selene-kastiga_f_2_590_1.jpg","contentUrl":"https:\/\/hypnos.ee\/wp-content\/uploads\/2025\/03\/kontinentaalvoodi-selene-kastiga_f_2_590_1.jpg","width":590,"height":394},{"@type":"BreadcrumbList","@id":"https:\/\/hypnos.ee\/sv\/produkt\/athena-sang-med-tvattstall\/#breadcrumb","itemListElement":[{"@type":"ListItem","position":1,"name":"Home","item":"https:\/\/hypnos.ee\/sv\/"},{"@type":"ListItem","position":2,"name":"Produkter","item":"https:\/\/hypnos.ee\/tooted\/"},{"@type":"ListItem","position":3,"name":"Athena s\u00e4ng med tv\u00e4ttst\u00e4ll"}]},{"@type":"WebSite","@id":"https:\/\/hypnos.ee\/sv\/#website","url":"https:\/\/hypnos.ee\/sv\/","name":"Hypnos","description":"T\u00f5stame unekogemust","publisher":{"@id":"https:\/\/hypnos.ee\/sv\/#organization"},"potentialAction":[{"@type":"SearchAction","target":{"@type":"EntryPoint","urlTemplate":"https:\/\/hypnos.ee\/sv\/?s={search_term_string}"},"query-input":{"@type":"PropertyValueSpecification","valueRequired":true,"valueName":"search_term_string"}}],"inLanguage":"sv-SE"},{"@type":"Organization","@id":"https:\/\/hypnos.ee\/sv\/#organization","name":"Hypnos","url":"https:\/\/hypnos.ee\/sv\/","logo":{"@type":"ImageObject","inLanguage":"sv-SE","@id":"https:\/\/hypnos.ee\/sv\/#\/schema\/logo\/image\/","url":"https:\/\/hypnos.ee\/wp-content\/uploads\/2025\/06\/cropped-Hypnos-fa.png","contentUrl":"https:\/\/hypnos.ee\/wp-content\/uploads\/2025\/06\/cropped-Hypnos-fa.png","width":512,"height":512,"caption":"Hypnos"},"image":{"@id":"https:\/\/hypnos.ee\/sv\/#\/schema\/logo\/image\/"}}]}},"_links":{"self":[{"href":"https:\/\/hypnos.ee\/sv\/wp-json\/wp\/v2\/product\/3281","targetHints":{"allow":["GET"]}}],"collection":[{"href":"https:\/\/hypnos.ee\/sv\/wp-json\/wp\/v2\/product"}],"about":[{"href":"https:\/\/hypnos.ee\/sv\/wp-json\/wp\/v2\/types\/product"}],"replies":[{"embeddable":true,"href":"https:\/\/hypnos.ee\/sv\/wp-json\/wp\/v2\/comments?post=3281"}],"wp:featuredmedia":[{"embeddable":true,"href":"https:\/\/hypnos.ee\/sv\/wp-json\/wp\/v2\/media\/3282"}],"wp:attachment":[{"href":"https:\/\/hypnos.ee\/sv\/wp-json\/wp\/v2\/media?parent=3281"}],"wp:term":[{"taxonomy":"product_brand","embeddable":true,"href":"https:\/\/hypnos.ee\/sv\/wp-json\/wp\/v2\/product_brand?post=3281"},{"taxonomy":"product_cat","embeddable":true,"href":"https:\/\/hypnos.ee\/sv\/wp-json\/wp\/v2\/product_cat?post=3281"},{"taxonomy":"product_tag","embeddable":true,"href":"https:\/\/hypnos.ee\/sv\/wp-json\/wp\/v2\/product_tag?post=3281"}],"curies":[{"name":"wp","href":"https:\/\/api.w.org\/{rel}","templated":true}]}}