{"id":3222,"date":"2025-03-26T14:20:32","date_gmt":"2025-03-26T12:20:32","guid":{"rendered":"https:\/\/hypnos.ee\/toode\/sanghuvud-harlequin\/"},"modified":"2025-03-26T14:20:32","modified_gmt":"2025-03-26T12:20:32","slug":"sanghuvud-harlequin","status":"publish","type":"product","link":"https:\/\/hypnos.ee\/sv\/produkt\/sanghuvud-harlequin\/","title":{"rendered":"S\u00e4nghuvud Harlequin"},"content":{"rendered":"","protected":false},"excerpt":{"rendered":"<p>S\u00e4nghuvud kl\u00e4tt med m\u00f6beltyg eller konstl\u00e4der. Produkten kan ocks\u00e5 tillverkas med glasknappar. <\/p>\n<p>M\u00e5tt:<\/p>\n<p>Bredd 80, 90, 120, 140, 160, 180 cm f\u00e4st med bultar eller med f\u00f6tter undertill, finns \u00e4ven med v\u00e4ggf\u00e4sten.<\/p>\n<p>Bredder p\u00e5 200 cm och mer monteras mellan s\u00e4ngen och v\u00e4ggen, p\u00e5 benen.<\/p>\n<p>H\u00f6jd 105 cm, plus f\u00f6tter 10 cm. Tjocklek 10 cm <\/p>\n","protected":false},"featured_media":3225,"comment_status":"closed","ping_status":"closed","template":"","meta":{"_acf_changed":false},"product_brand":[],"product_cat":[90],"product_tag":[],"class_list":{"0":"post-3222","1":"product","2":"type-product","3":"status-publish","4":"has-post-thumbnail","6":"product_cat-sanghuvuden","8":"first","9":"instock","10":"shipping-taxable","11":"product-type-simple"},"acf":[],"yoast_head":"<!-- This site is optimized with the Yoast SEO Premium plugin v26.0 (Yoast SEO v26.0) - https:\/\/yoast.com\/wordpress\/plugins\/seo\/ -->\n<title>S\u00e4nghuvud Harlequin - Hypnos<\/title>\n<meta name=\"robots\" content=\"index, follow, max-snippet:-1, max-image-preview:large, max-video-preview:-1\" \/>\n<link rel=\"canonical\" href=\"https:\/\/hypnos.ee\/sv\/produkt\/sanghuvud-harlequin\/\" \/>\n<meta property=\"og:locale\" content=\"sv_SE\" \/>\n<meta property=\"og:type\" content=\"article\" \/>\n<meta property=\"og:title\" content=\"S\u00e4nghuvud Harlequin\" \/>\n<meta property=\"og:description\" content=\"S\u00e4nghuvud kl\u00e4tt med m\u00f6beltyg eller konstl\u00e4der. Produkten kan ocks\u00e5 tillverkas med glasknappar.  M\u00e5tt: Bredd 80, 90, 120, 140, 160, 180 cm f\u00e4st med bultar eller med f\u00f6tter undertill, finns \u00e4ven med v\u00e4ggf\u00e4sten. Bredder p\u00e5 200 cm och mer monteras mellan s\u00e4ngen och v\u00e4ggen, p\u00e5 benen. H\u00f6jd 105 cm, plus f\u00f6tter 10 cm. Tjocklek 10 cm\" \/>\n<meta property=\"og:url\" content=\"https:\/\/hypnos.ee\/sv\/produkt\/sanghuvud-harlequin\/\" \/>\n<meta property=\"og:site_name\" content=\"Hypnos\" \/>\n<meta property=\"og:image\" content=\"https:\/\/hypnos.ee\/wp-content\/uploads\/2025\/03\/Harlekin_Orinoco96.jpg\" \/>\n\t<meta property=\"og:image:width\" content=\"1200\" \/>\n\t<meta property=\"og:image:height\" content=\"801\" \/>\n\t<meta property=\"og:image:type\" content=\"image\/jpeg\" \/>\n<meta name=\"twitter:card\" content=\"summary_large_image\" \/>\n<script type=\"application\/ld+json\" class=\"yoast-schema-graph\">{\"@context\":\"https:\/\/schema.org\",\"@graph\":[{\"@type\":\"WebPage\",\"@id\":\"https:\/\/hypnos.ee\/sv\/produkt\/sanghuvud-harlequin\/\",\"url\":\"https:\/\/hypnos.ee\/sv\/produkt\/sanghuvud-harlequin\/\",\"name\":\"S\u00e4nghuvud Harlequin - Hypnos\",\"isPartOf\":{\"@id\":\"https:\/\/hypnos.ee\/sv\/#website\"},\"primaryImageOfPage\":{\"@id\":\"https:\/\/hypnos.ee\/sv\/produkt\/sanghuvud-harlequin\/#primaryimage\"},\"image\":{\"@id\":\"https:\/\/hypnos.ee\/sv\/produkt\/sanghuvud-harlequin\/#primaryimage\"},\"thumbnailUrl\":\"https:\/\/hypnos.ee\/wp-content\/uploads\/2025\/03\/Harlekin_Orinoco96.jpg\",\"datePublished\":\"2025-03-26T12:20:32+00:00\",\"breadcrumb\":{\"@id\":\"https:\/\/hypnos.ee\/sv\/produkt\/sanghuvud-harlequin\/#breadcrumb\"},\"inLanguage\":\"sv-SE\",\"potentialAction\":[{\"@type\":\"ReadAction\",\"target\":[\"https:\/\/hypnos.ee\/sv\/produkt\/sanghuvud-harlequin\/\"]}]},{\"@type\":\"ImageObject\",\"inLanguage\":\"sv-SE\",\"@id\":\"https:\/\/hypnos.ee\/sv\/produkt\/sanghuvud-harlequin\/#primaryimage\",\"url\":\"https:\/\/hypnos.ee\/wp-content\/uploads\/2025\/03\/Harlekin_Orinoco96.jpg\",\"contentUrl\":\"https:\/\/hypnos.ee\/wp-content\/uploads\/2025\/03\/Harlekin_Orinoco96.jpg\",\"width\":1200,\"height\":801},{\"@type\":\"BreadcrumbList\",\"@id\":\"https:\/\/hypnos.ee\/sv\/produkt\/sanghuvud-harlequin\/#breadcrumb\",\"itemListElement\":[{\"@type\":\"ListItem\",\"position\":1,\"name\":\"Home\",\"item\":\"https:\/\/hypnos.ee\/sv\/\"},{\"@type\":\"ListItem\",\"position\":2,\"name\":\"Produkter\",\"item\":\"https:\/\/hypnos.ee\/tooted\/\"},{\"@type\":\"ListItem\",\"position\":3,\"name\":\"S\u00e4nghuvud Harlequin\"}]},{\"@type\":\"WebSite\",\"@id\":\"https:\/\/hypnos.ee\/sv\/#website\",\"url\":\"https:\/\/hypnos.ee\/sv\/\",\"name\":\"Hypnos\",\"description\":\"T\u00f5stame unekogemust\",\"publisher\":{\"@id\":\"https:\/\/hypnos.ee\/sv\/#organization\"},\"potentialAction\":[{\"@type\":\"SearchAction\",\"target\":{\"@type\":\"EntryPoint\",\"urlTemplate\":\"https:\/\/hypnos.ee\/sv\/?s={search_term_string}\"},\"query-input\":{\"@type\":\"PropertyValueSpecification\",\"valueRequired\":true,\"valueName\":\"search_term_string\"}}],\"inLanguage\":\"sv-SE\"},{\"@type\":\"Organization\",\"@id\":\"https:\/\/hypnos.ee\/sv\/#organization\",\"name\":\"Hypnos\",\"url\":\"https:\/\/hypnos.ee\/sv\/\",\"logo\":{\"@type\":\"ImageObject\",\"inLanguage\":\"sv-SE\",\"@id\":\"https:\/\/hypnos.ee\/sv\/#\/schema\/logo\/image\/\",\"url\":\"https:\/\/hypnos.ee\/wp-content\/uploads\/2025\/06\/cropped-Hypnos-fa.png\",\"contentUrl\":\"https:\/\/hypnos.ee\/wp-content\/uploads\/2025\/06\/cropped-Hypnos-fa.png\",\"width\":512,\"height\":512,\"caption\":\"Hypnos\"},\"image\":{\"@id\":\"https:\/\/hypnos.ee\/sv\/#\/schema\/logo\/image\/\"}}]}<\/script>\n<!-- \/ Yoast SEO Premium plugin. -->","yoast_head_json":{"title":"S\u00e4nghuvud Harlequin - Hypnos","robots":{"index":"index","follow":"follow","max-snippet":"max-snippet:-1","max-image-preview":"max-image-preview:large","max-video-preview":"max-video-preview:-1"},"canonical":"https:\/\/hypnos.ee\/sv\/produkt\/sanghuvud-harlequin\/","og_locale":"sv_SE","og_type":"article","og_title":"S\u00e4nghuvud Harlequin","og_description":"S\u00e4nghuvud kl\u00e4tt med m\u00f6beltyg eller konstl\u00e4der. Produkten kan ocks\u00e5 tillverkas med glasknappar.  M\u00e5tt: Bredd 80, 90, 120, 140, 160, 180 cm f\u00e4st med bultar eller med f\u00f6tter undertill, finns \u00e4ven med v\u00e4ggf\u00e4sten. Bredder p\u00e5 200 cm och mer monteras mellan s\u00e4ngen och v\u00e4ggen, p\u00e5 benen. H\u00f6jd 105 cm, plus f\u00f6tter 10 cm. Tjocklek 10 cm","og_url":"https:\/\/hypnos.ee\/sv\/produkt\/sanghuvud-harlequin\/","og_site_name":"Hypnos","og_image":[{"width":1200,"height":801,"url":"https:\/\/hypnos.ee\/wp-content\/uploads\/2025\/03\/Harlekin_Orinoco96.jpg","type":"image\/jpeg"}],"twitter_card":"summary_large_image","schema":{"@context":"https:\/\/schema.org","@graph":[{"@type":"WebPage","@id":"https:\/\/hypnos.ee\/sv\/produkt\/sanghuvud-harlequin\/","url":"https:\/\/hypnos.ee\/sv\/produkt\/sanghuvud-harlequin\/","name":"S\u00e4nghuvud Harlequin - Hypnos","isPartOf":{"@id":"https:\/\/hypnos.ee\/sv\/#website"},"primaryImageOfPage":{"@id":"https:\/\/hypnos.ee\/sv\/produkt\/sanghuvud-harlequin\/#primaryimage"},"image":{"@id":"https:\/\/hypnos.ee\/sv\/produkt\/sanghuvud-harlequin\/#primaryimage"},"thumbnailUrl":"https:\/\/hypnos.ee\/wp-content\/uploads\/2025\/03\/Harlekin_Orinoco96.jpg","datePublished":"2025-03-26T12:20:32+00:00","breadcrumb":{"@id":"https:\/\/hypnos.ee\/sv\/produkt\/sanghuvud-harlequin\/#breadcrumb"},"inLanguage":"sv-SE","potentialAction":[{"@type":"ReadAction","target":["https:\/\/hypnos.ee\/sv\/produkt\/sanghuvud-harlequin\/"]}]},{"@type":"ImageObject","inLanguage":"sv-SE","@id":"https:\/\/hypnos.ee\/sv\/produkt\/sanghuvud-harlequin\/#primaryimage","url":"https:\/\/hypnos.ee\/wp-content\/uploads\/2025\/03\/Harlekin_Orinoco96.jpg","contentUrl":"https:\/\/hypnos.ee\/wp-content\/uploads\/2025\/03\/Harlekin_Orinoco96.jpg","width":1200,"height":801},{"@type":"BreadcrumbList","@id":"https:\/\/hypnos.ee\/sv\/produkt\/sanghuvud-harlequin\/#breadcrumb","itemListElement":[{"@type":"ListItem","position":1,"name":"Home","item":"https:\/\/hypnos.ee\/sv\/"},{"@type":"ListItem","position":2,"name":"Produkter","item":"https:\/\/hypnos.ee\/tooted\/"},{"@type":"ListItem","position":3,"name":"S\u00e4nghuvud Harlequin"}]},{"@type":"WebSite","@id":"https:\/\/hypnos.ee\/sv\/#website","url":"https:\/\/hypnos.ee\/sv\/","name":"Hypnos","description":"T\u00f5stame unekogemust","publisher":{"@id":"https:\/\/hypnos.ee\/sv\/#organization"},"potentialAction":[{"@type":"SearchAction","target":{"@type":"EntryPoint","urlTemplate":"https:\/\/hypnos.ee\/sv\/?s={search_term_string}"},"query-input":{"@type":"PropertyValueSpecification","valueRequired":true,"valueName":"search_term_string"}}],"inLanguage":"sv-SE"},{"@type":"Organization","@id":"https:\/\/hypnos.ee\/sv\/#organization","name":"Hypnos","url":"https:\/\/hypnos.ee\/sv\/","logo":{"@type":"ImageObject","inLanguage":"sv-SE","@id":"https:\/\/hypnos.ee\/sv\/#\/schema\/logo\/image\/","url":"https:\/\/hypnos.ee\/wp-content\/uploads\/2025\/06\/cropped-Hypnos-fa.png","contentUrl":"https:\/\/hypnos.ee\/wp-content\/uploads\/2025\/06\/cropped-Hypnos-fa.png","width":512,"height":512,"caption":"Hypnos"},"image":{"@id":"https:\/\/hypnos.ee\/sv\/#\/schema\/logo\/image\/"}}]}},"_links":{"self":[{"href":"https:\/\/hypnos.ee\/sv\/wp-json\/wp\/v2\/product\/3222","targetHints":{"allow":["GET"]}}],"collection":[{"href":"https:\/\/hypnos.ee\/sv\/wp-json\/wp\/v2\/product"}],"about":[{"href":"https:\/\/hypnos.ee\/sv\/wp-json\/wp\/v2\/types\/product"}],"replies":[{"embeddable":true,"href":"https:\/\/hypnos.ee\/sv\/wp-json\/wp\/v2\/comments?post=3222"}],"wp:featuredmedia":[{"embeddable":true,"href":"https:\/\/hypnos.ee\/sv\/wp-json\/wp\/v2\/media\/3225"}],"wp:attachment":[{"href":"https:\/\/hypnos.ee\/sv\/wp-json\/wp\/v2\/media?parent=3222"}],"wp:term":[{"taxonomy":"product_brand","embeddable":true,"href":"https:\/\/hypnos.ee\/sv\/wp-json\/wp\/v2\/product_brand?post=3222"},{"taxonomy":"product_cat","embeddable":true,"href":"https:\/\/hypnos.ee\/sv\/wp-json\/wp\/v2\/product_cat?post=3222"},{"taxonomy":"product_tag","embeddable":true,"href":"https:\/\/hypnos.ee\/sv\/wp-json\/wp\/v2\/product_tag?post=3222"}],"curies":[{"name":"wp","href":"https:\/\/api.w.org\/{rel}","templated":true}]}}