{"id":3172,"date":"2025-03-26T14:01:38","date_gmt":"2025-03-26T12:01:38","guid":{"rendered":"https:\/\/hypnos.ee\/toode\/hera-resarbadd\/"},"modified":"2025-03-26T14:01:38","modified_gmt":"2025-03-26T12:01:38","slug":"hera-resarbadd","status":"publish","type":"product","link":"https:\/\/hypnos.ee\/sv\/produkt\/hera-resarbadd\/","title":{"rendered":"Hera res\u00e5rb\u00e4dd"},"content":{"rendered":"","protected":false},"excerpt":{"rendered":"<p data-key=\"4NDwk\"><strong>Praktisk och bekv\u00e4m pocketfj\u00e4ders\u00e4ng med integrerat madrass\u00f6verdrag.<\/strong><\/p>\n<p data-key=\"4b7np\">Hera kombinerar st\u00f6det fr\u00e5n en pocketfj\u00e4dring med komforten fr\u00e5n en b\u00e4ddmadrass. Den integrerade madrassen i porolone sitter stadigt p\u00e5 plats, vilket g\u00f6r s\u00e4ngen \u00e4nnu bekv\u00e4mare att anv\u00e4nda. <\/p>\n<p data-key=\"M5EWM\">Idealisk f\u00f6r anv\u00e4ndare med normal kroppsvikt.<\/p>\n<p>&nbsp;<\/p>\n","protected":false},"featured_media":3174,"comment_status":"closed","ping_status":"closed","template":"","meta":{"_acf_changed":false},"product_brand":[],"product_cat":[97],"product_tag":[],"class_list":{"0":"post-3172","1":"product","2":"type-product","3":"status-publish","4":"has-post-thumbnail","6":"product_cat-vaningssangar-och-resarmadrasser","8":"first","9":"instock","10":"shipping-taxable","11":"product-type-simple"},"acf":[],"yoast_head":"<!-- This site is optimized with the Yoast SEO Premium plugin v26.0 (Yoast SEO v26.0) - https:\/\/yoast.com\/wordpress\/plugins\/seo\/ -->\n<title>Hera res\u00e5rb\u00e4dd - Hypnos<\/title>\n<meta name=\"robots\" content=\"index, follow, max-snippet:-1, max-image-preview:large, max-video-preview:-1\" \/>\n<link rel=\"canonical\" href=\"https:\/\/hypnos.ee\/sv\/produkt\/hera-resarbadd\/\" \/>\n<meta property=\"og:locale\" content=\"sv_SE\" \/>\n<meta property=\"og:type\" content=\"article\" \/>\n<meta property=\"og:title\" content=\"Hera res\u00e5rb\u00e4dd\" \/>\n<meta property=\"og:description\" content=\"Praktisk och bekv\u00e4m pocketfj\u00e4ders\u00e4ng med integrerat madrass\u00f6verdrag. Hera kombinerar st\u00f6det fr\u00e5n en pocketfj\u00e4dring med komforten fr\u00e5n en b\u00e4ddmadrass. Den integrerade madrassen i porolone sitter stadigt p\u00e5 plats, vilket g\u00f6r s\u00e4ngen \u00e4nnu bekv\u00e4mare att anv\u00e4nda. Idealisk f\u00f6r anv\u00e4ndare med normal kroppsvikt. &nbsp;\" \/>\n<meta property=\"og:url\" content=\"https:\/\/hypnos.ee\/sv\/produkt\/hera-resarbadd\/\" \/>\n<meta property=\"og:site_name\" content=\"Hypnos\" \/>\n<meta property=\"og:image\" content=\"https:\/\/hypnos.ee\/wp-content\/uploads\/2025\/03\/Hera-vedruvoodi_f_1_590_1.jpg\" \/>\n\t<meta property=\"og:image:width\" content=\"590\" \/>\n\t<meta property=\"og:image:height\" content=\"393\" \/>\n\t<meta property=\"og:image:type\" content=\"image\/jpeg\" \/>\n<meta name=\"twitter:card\" content=\"summary_large_image\" \/>\n<script type=\"application\/ld+json\" class=\"yoast-schema-graph\">{\"@context\":\"https:\/\/schema.org\",\"@graph\":[{\"@type\":\"WebPage\",\"@id\":\"https:\/\/hypnos.ee\/sv\/produkt\/hera-resarbadd\/\",\"url\":\"https:\/\/hypnos.ee\/sv\/produkt\/hera-resarbadd\/\",\"name\":\"Hera res\u00e5rb\u00e4dd - Hypnos\",\"isPartOf\":{\"@id\":\"https:\/\/hypnos.ee\/sv\/#website\"},\"primaryImageOfPage\":{\"@id\":\"https:\/\/hypnos.ee\/sv\/produkt\/hera-resarbadd\/#primaryimage\"},\"image\":{\"@id\":\"https:\/\/hypnos.ee\/sv\/produkt\/hera-resarbadd\/#primaryimage\"},\"thumbnailUrl\":\"https:\/\/hypnos.ee\/wp-content\/uploads\/2025\/03\/Hera-vedruvoodi_f_1_590_1.jpg\",\"datePublished\":\"2025-03-26T12:01:38+00:00\",\"breadcrumb\":{\"@id\":\"https:\/\/hypnos.ee\/sv\/produkt\/hera-resarbadd\/#breadcrumb\"},\"inLanguage\":\"sv-SE\",\"potentialAction\":[{\"@type\":\"ReadAction\",\"target\":[\"https:\/\/hypnos.ee\/sv\/produkt\/hera-resarbadd\/\"]}]},{\"@type\":\"ImageObject\",\"inLanguage\":\"sv-SE\",\"@id\":\"https:\/\/hypnos.ee\/sv\/produkt\/hera-resarbadd\/#primaryimage\",\"url\":\"https:\/\/hypnos.ee\/wp-content\/uploads\/2025\/03\/Hera-vedruvoodi_f_1_590_1.jpg\",\"contentUrl\":\"https:\/\/hypnos.ee\/wp-content\/uploads\/2025\/03\/Hera-vedruvoodi_f_1_590_1.jpg\",\"width\":590,\"height\":393},{\"@type\":\"BreadcrumbList\",\"@id\":\"https:\/\/hypnos.ee\/sv\/produkt\/hera-resarbadd\/#breadcrumb\",\"itemListElement\":[{\"@type\":\"ListItem\",\"position\":1,\"name\":\"Home\",\"item\":\"https:\/\/hypnos.ee\/sv\/\"},{\"@type\":\"ListItem\",\"position\":2,\"name\":\"Produkter\",\"item\":\"https:\/\/hypnos.ee\/tooted\/\"},{\"@type\":\"ListItem\",\"position\":3,\"name\":\"Hera res\u00e5rb\u00e4dd\"}]},{\"@type\":\"WebSite\",\"@id\":\"https:\/\/hypnos.ee\/sv\/#website\",\"url\":\"https:\/\/hypnos.ee\/sv\/\",\"name\":\"Hypnos\",\"description\":\"T\u00f5stame unekogemust\",\"publisher\":{\"@id\":\"https:\/\/hypnos.ee\/sv\/#organization\"},\"potentialAction\":[{\"@type\":\"SearchAction\",\"target\":{\"@type\":\"EntryPoint\",\"urlTemplate\":\"https:\/\/hypnos.ee\/sv\/?s={search_term_string}\"},\"query-input\":{\"@type\":\"PropertyValueSpecification\",\"valueRequired\":true,\"valueName\":\"search_term_string\"}}],\"inLanguage\":\"sv-SE\"},{\"@type\":\"Organization\",\"@id\":\"https:\/\/hypnos.ee\/sv\/#organization\",\"name\":\"Hypnos\",\"url\":\"https:\/\/hypnos.ee\/sv\/\",\"logo\":{\"@type\":\"ImageObject\",\"inLanguage\":\"sv-SE\",\"@id\":\"https:\/\/hypnos.ee\/sv\/#\/schema\/logo\/image\/\",\"url\":\"https:\/\/hypnos.ee\/wp-content\/uploads\/2025\/06\/cropped-Hypnos-fa.png\",\"contentUrl\":\"https:\/\/hypnos.ee\/wp-content\/uploads\/2025\/06\/cropped-Hypnos-fa.png\",\"width\":512,\"height\":512,\"caption\":\"Hypnos\"},\"image\":{\"@id\":\"https:\/\/hypnos.ee\/sv\/#\/schema\/logo\/image\/\"}}]}<\/script>\n<!-- \/ Yoast SEO Premium plugin. -->","yoast_head_json":{"title":"Hera res\u00e5rb\u00e4dd - Hypnos","robots":{"index":"index","follow":"follow","max-snippet":"max-snippet:-1","max-image-preview":"max-image-preview:large","max-video-preview":"max-video-preview:-1"},"canonical":"https:\/\/hypnos.ee\/sv\/produkt\/hera-resarbadd\/","og_locale":"sv_SE","og_type":"article","og_title":"Hera res\u00e5rb\u00e4dd","og_description":"Praktisk och bekv\u00e4m pocketfj\u00e4ders\u00e4ng med integrerat madrass\u00f6verdrag. Hera kombinerar st\u00f6det fr\u00e5n en pocketfj\u00e4dring med komforten fr\u00e5n en b\u00e4ddmadrass. Den integrerade madrassen i porolone sitter stadigt p\u00e5 plats, vilket g\u00f6r s\u00e4ngen \u00e4nnu bekv\u00e4mare att anv\u00e4nda. Idealisk f\u00f6r anv\u00e4ndare med normal kroppsvikt. &nbsp;","og_url":"https:\/\/hypnos.ee\/sv\/produkt\/hera-resarbadd\/","og_site_name":"Hypnos","og_image":[{"width":590,"height":393,"url":"https:\/\/hypnos.ee\/wp-content\/uploads\/2025\/03\/Hera-vedruvoodi_f_1_590_1.jpg","type":"image\/jpeg"}],"twitter_card":"summary_large_image","schema":{"@context":"https:\/\/schema.org","@graph":[{"@type":"WebPage","@id":"https:\/\/hypnos.ee\/sv\/produkt\/hera-resarbadd\/","url":"https:\/\/hypnos.ee\/sv\/produkt\/hera-resarbadd\/","name":"Hera res\u00e5rb\u00e4dd - Hypnos","isPartOf":{"@id":"https:\/\/hypnos.ee\/sv\/#website"},"primaryImageOfPage":{"@id":"https:\/\/hypnos.ee\/sv\/produkt\/hera-resarbadd\/#primaryimage"},"image":{"@id":"https:\/\/hypnos.ee\/sv\/produkt\/hera-resarbadd\/#primaryimage"},"thumbnailUrl":"https:\/\/hypnos.ee\/wp-content\/uploads\/2025\/03\/Hera-vedruvoodi_f_1_590_1.jpg","datePublished":"2025-03-26T12:01:38+00:00","breadcrumb":{"@id":"https:\/\/hypnos.ee\/sv\/produkt\/hera-resarbadd\/#breadcrumb"},"inLanguage":"sv-SE","potentialAction":[{"@type":"ReadAction","target":["https:\/\/hypnos.ee\/sv\/produkt\/hera-resarbadd\/"]}]},{"@type":"ImageObject","inLanguage":"sv-SE","@id":"https:\/\/hypnos.ee\/sv\/produkt\/hera-resarbadd\/#primaryimage","url":"https:\/\/hypnos.ee\/wp-content\/uploads\/2025\/03\/Hera-vedruvoodi_f_1_590_1.jpg","contentUrl":"https:\/\/hypnos.ee\/wp-content\/uploads\/2025\/03\/Hera-vedruvoodi_f_1_590_1.jpg","width":590,"height":393},{"@type":"BreadcrumbList","@id":"https:\/\/hypnos.ee\/sv\/produkt\/hera-resarbadd\/#breadcrumb","itemListElement":[{"@type":"ListItem","position":1,"name":"Home","item":"https:\/\/hypnos.ee\/sv\/"},{"@type":"ListItem","position":2,"name":"Produkter","item":"https:\/\/hypnos.ee\/tooted\/"},{"@type":"ListItem","position":3,"name":"Hera res\u00e5rb\u00e4dd"}]},{"@type":"WebSite","@id":"https:\/\/hypnos.ee\/sv\/#website","url":"https:\/\/hypnos.ee\/sv\/","name":"Hypnos","description":"T\u00f5stame unekogemust","publisher":{"@id":"https:\/\/hypnos.ee\/sv\/#organization"},"potentialAction":[{"@type":"SearchAction","target":{"@type":"EntryPoint","urlTemplate":"https:\/\/hypnos.ee\/sv\/?s={search_term_string}"},"query-input":{"@type":"PropertyValueSpecification","valueRequired":true,"valueName":"search_term_string"}}],"inLanguage":"sv-SE"},{"@type":"Organization","@id":"https:\/\/hypnos.ee\/sv\/#organization","name":"Hypnos","url":"https:\/\/hypnos.ee\/sv\/","logo":{"@type":"ImageObject","inLanguage":"sv-SE","@id":"https:\/\/hypnos.ee\/sv\/#\/schema\/logo\/image\/","url":"https:\/\/hypnos.ee\/wp-content\/uploads\/2025\/06\/cropped-Hypnos-fa.png","contentUrl":"https:\/\/hypnos.ee\/wp-content\/uploads\/2025\/06\/cropped-Hypnos-fa.png","width":512,"height":512,"caption":"Hypnos"},"image":{"@id":"https:\/\/hypnos.ee\/sv\/#\/schema\/logo\/image\/"}}]}},"_links":{"self":[{"href":"https:\/\/hypnos.ee\/sv\/wp-json\/wp\/v2\/product\/3172","targetHints":{"allow":["GET"]}}],"collection":[{"href":"https:\/\/hypnos.ee\/sv\/wp-json\/wp\/v2\/product"}],"about":[{"href":"https:\/\/hypnos.ee\/sv\/wp-json\/wp\/v2\/types\/product"}],"replies":[{"embeddable":true,"href":"https:\/\/hypnos.ee\/sv\/wp-json\/wp\/v2\/comments?post=3172"}],"wp:featuredmedia":[{"embeddable":true,"href":"https:\/\/hypnos.ee\/sv\/wp-json\/wp\/v2\/media\/3174"}],"wp:attachment":[{"href":"https:\/\/hypnos.ee\/sv\/wp-json\/wp\/v2\/media?parent=3172"}],"wp:term":[{"taxonomy":"product_brand","embeddable":true,"href":"https:\/\/hypnos.ee\/sv\/wp-json\/wp\/v2\/product_brand?post=3172"},{"taxonomy":"product_cat","embeddable":true,"href":"https:\/\/hypnos.ee\/sv\/wp-json\/wp\/v2\/product_cat?post=3172"},{"taxonomy":"product_tag","embeddable":true,"href":"https:\/\/hypnos.ee\/sv\/wp-json\/wp\/v2\/product_tag?post=3172"}],"curies":[{"name":"wp","href":"https:\/\/api.w.org\/{rel}","templated":true}]}}