{"id":3056,"date":"2025-03-26T13:42:05","date_gmt":"2025-03-26T11:42:05","guid":{"rendered":"https:\/\/hypnos.ee\/toode\/jupiter-takmattor\/"},"modified":"2025-03-26T13:42:05","modified_gmt":"2025-03-26T11:42:05","slug":"jupiter-takmattor","status":"publish","type":"product","link":"https:\/\/hypnos.ee\/sv\/produkt\/jupiter-takmattor\/","title":{"rendered":"Jupiter takmattor"},"content":{"rendered":"","protected":false},"excerpt":{"rendered":"<p data-key=\"8vf3f\"><strong>Zonst\u00f6d som h\u00e5ller i l\u00e4ngden.<\/strong><\/p>\n<p data-key=\"PmIRE\">Jupiter madrass\u00f6verdrag \u00e4r perfekt n\u00e4r du beh\u00f6ver ortopediskt st\u00f6d f\u00f6r din kropp. Den naturliga 5-zonslatexen anpassar sig till olika delar av kroppen, ger den n\u00f6dv\u00e4ndiga stelheten och lindrar sp\u00e4nningar.<br \/>\nVentilationskanalerna s\u00e4kerst\u00e4ller ett konstant luftfl\u00f6de s\u00e5 att sovplatsen h\u00e5lls fr\u00e4sch och torr \u00e5ret runt.<\/p>\n<p data-key=\"UQoDI\">Madrassen \u00e4r omgiven av ett h\u00f6gkvalitativt bomullstyg med Silver Protect-behandling som skyddar mot dammkvalster, bakterier och m\u00f6gel. Ett cirkul\u00e4rt l\u00e5s g\u00f6r att \u00f6verdraget kan delas i tv\u00e5 delar som kan tv\u00e4ttas separat. <\/p>\n","protected":false},"featured_media":2111,"comment_status":"closed","ping_status":"closed","template":"","meta":{"_acf_changed":false},"product_brand":[],"product_cat":[89],"product_tag":[],"class_list":{"0":"post-3056","1":"product","2":"type-product","3":"status-publish","4":"has-post-thumbnail","6":"product_cat-madrasser-for-tak","8":"first","9":"instock","10":"shipping-taxable","11":"product-type-simple"},"acf":[],"yoast_head":"<!-- This site is optimized with the Yoast SEO Premium plugin v26.0 (Yoast SEO v26.0) - https:\/\/yoast.com\/wordpress\/plugins\/seo\/ -->\n<title>Jupiter takmattor - Hypnos<\/title>\n<meta name=\"robots\" content=\"index, follow, max-snippet:-1, max-image-preview:large, max-video-preview:-1\" \/>\n<link rel=\"canonical\" href=\"https:\/\/hypnos.ee\/sv\/produkt\/jupiter-takmattor\/\" \/>\n<meta property=\"og:locale\" content=\"sv_SE\" \/>\n<meta property=\"og:type\" content=\"article\" \/>\n<meta property=\"og:title\" content=\"Jupiter takmattor\" \/>\n<meta property=\"og:description\" content=\"Zonst\u00f6d som h\u00e5ller i l\u00e4ngden. Jupiter madrass\u00f6verdrag \u00e4r perfekt n\u00e4r du beh\u00f6ver ortopediskt st\u00f6d f\u00f6r din kropp. Den naturliga 5-zonslatexen anpassar sig till olika delar av kroppen, ger den n\u00f6dv\u00e4ndiga stelheten och lindrar sp\u00e4nningar. Ventilationskanalerna s\u00e4kerst\u00e4ller ett konstant luftfl\u00f6de s\u00e5 att sovplatsen h\u00e5lls fr\u00e4sch och torr \u00e5ret runt. Madrassen \u00e4r omgiven av ett h\u00f6gkvalitativt bomullstyg med Silver Protect-behandling som skyddar mot dammkvalster, bakterier och m\u00f6gel. Ett cirkul\u00e4rt l\u00e5s g\u00f6r att \u00f6verdraget kan delas i tv\u00e5 delar som kan tv\u00e4ttas separat.\" \/>\n<meta property=\"og:url\" content=\"https:\/\/hypnos.ee\/sv\/produkt\/jupiter-takmattor\/\" \/>\n<meta property=\"og:site_name\" content=\"Hypnos\" \/>\n<meta property=\"og:image\" content=\"https:\/\/hypnos.ee\/wp-content\/uploads\/2025\/03\/jupiter-kattemadrats_f_1_590_1.jpg\" \/>\n\t<meta property=\"og:image:width\" content=\"590\" \/>\n\t<meta property=\"og:image:height\" content=\"319\" \/>\n\t<meta property=\"og:image:type\" content=\"image\/jpeg\" \/>\n<meta name=\"twitter:card\" content=\"summary_large_image\" \/>\n<script type=\"application\/ld+json\" class=\"yoast-schema-graph\">{\"@context\":\"https:\/\/schema.org\",\"@graph\":[{\"@type\":\"WebPage\",\"@id\":\"https:\/\/hypnos.ee\/sv\/produkt\/jupiter-takmattor\/\",\"url\":\"https:\/\/hypnos.ee\/sv\/produkt\/jupiter-takmattor\/\",\"name\":\"Jupiter takmattor - Hypnos\",\"isPartOf\":{\"@id\":\"https:\/\/hypnos.ee\/sv\/#website\"},\"primaryImageOfPage\":{\"@id\":\"https:\/\/hypnos.ee\/sv\/produkt\/jupiter-takmattor\/#primaryimage\"},\"image\":{\"@id\":\"https:\/\/hypnos.ee\/sv\/produkt\/jupiter-takmattor\/#primaryimage\"},\"thumbnailUrl\":\"https:\/\/hypnos.ee\/wp-content\/uploads\/2025\/03\/jupiter-kattemadrats_f_1_590_1.jpg\",\"datePublished\":\"2025-03-26T11:42:05+00:00\",\"breadcrumb\":{\"@id\":\"https:\/\/hypnos.ee\/sv\/produkt\/jupiter-takmattor\/#breadcrumb\"},\"inLanguage\":\"sv-SE\",\"potentialAction\":[{\"@type\":\"ReadAction\",\"target\":[\"https:\/\/hypnos.ee\/sv\/produkt\/jupiter-takmattor\/\"]}]},{\"@type\":\"ImageObject\",\"inLanguage\":\"sv-SE\",\"@id\":\"https:\/\/hypnos.ee\/sv\/produkt\/jupiter-takmattor\/#primaryimage\",\"url\":\"https:\/\/hypnos.ee\/wp-content\/uploads\/2025\/03\/jupiter-kattemadrats_f_1_590_1.jpg\",\"contentUrl\":\"https:\/\/hypnos.ee\/wp-content\/uploads\/2025\/03\/jupiter-kattemadrats_f_1_590_1.jpg\",\"width\":590,\"height\":319},{\"@type\":\"BreadcrumbList\",\"@id\":\"https:\/\/hypnos.ee\/sv\/produkt\/jupiter-takmattor\/#breadcrumb\",\"itemListElement\":[{\"@type\":\"ListItem\",\"position\":1,\"name\":\"Home\",\"item\":\"https:\/\/hypnos.ee\/sv\/\"},{\"@type\":\"ListItem\",\"position\":2,\"name\":\"Produkter\",\"item\":\"https:\/\/hypnos.ee\/tooted\/\"},{\"@type\":\"ListItem\",\"position\":3,\"name\":\"Jupiter takmattor\"}]},{\"@type\":\"WebSite\",\"@id\":\"https:\/\/hypnos.ee\/sv\/#website\",\"url\":\"https:\/\/hypnos.ee\/sv\/\",\"name\":\"Hypnos\",\"description\":\"T\u00f5stame unekogemust\",\"publisher\":{\"@id\":\"https:\/\/hypnos.ee\/sv\/#organization\"},\"potentialAction\":[{\"@type\":\"SearchAction\",\"target\":{\"@type\":\"EntryPoint\",\"urlTemplate\":\"https:\/\/hypnos.ee\/sv\/?s={search_term_string}\"},\"query-input\":{\"@type\":\"PropertyValueSpecification\",\"valueRequired\":true,\"valueName\":\"search_term_string\"}}],\"inLanguage\":\"sv-SE\"},{\"@type\":\"Organization\",\"@id\":\"https:\/\/hypnos.ee\/sv\/#organization\",\"name\":\"Hypnos\",\"url\":\"https:\/\/hypnos.ee\/sv\/\",\"logo\":{\"@type\":\"ImageObject\",\"inLanguage\":\"sv-SE\",\"@id\":\"https:\/\/hypnos.ee\/sv\/#\/schema\/logo\/image\/\",\"url\":\"https:\/\/hypnos.ee\/wp-content\/uploads\/2025\/06\/cropped-Hypnos-fa.png\",\"contentUrl\":\"https:\/\/hypnos.ee\/wp-content\/uploads\/2025\/06\/cropped-Hypnos-fa.png\",\"width\":512,\"height\":512,\"caption\":\"Hypnos\"},\"image\":{\"@id\":\"https:\/\/hypnos.ee\/sv\/#\/schema\/logo\/image\/\"}}]}<\/script>\n<!-- \/ Yoast SEO Premium plugin. -->","yoast_head_json":{"title":"Jupiter takmattor - Hypnos","robots":{"index":"index","follow":"follow","max-snippet":"max-snippet:-1","max-image-preview":"max-image-preview:large","max-video-preview":"max-video-preview:-1"},"canonical":"https:\/\/hypnos.ee\/sv\/produkt\/jupiter-takmattor\/","og_locale":"sv_SE","og_type":"article","og_title":"Jupiter takmattor","og_description":"Zonst\u00f6d som h\u00e5ller i l\u00e4ngden. Jupiter madrass\u00f6verdrag \u00e4r perfekt n\u00e4r du beh\u00f6ver ortopediskt st\u00f6d f\u00f6r din kropp. Den naturliga 5-zonslatexen anpassar sig till olika delar av kroppen, ger den n\u00f6dv\u00e4ndiga stelheten och lindrar sp\u00e4nningar. Ventilationskanalerna s\u00e4kerst\u00e4ller ett konstant luftfl\u00f6de s\u00e5 att sovplatsen h\u00e5lls fr\u00e4sch och torr \u00e5ret runt. Madrassen \u00e4r omgiven av ett h\u00f6gkvalitativt bomullstyg med Silver Protect-behandling som skyddar mot dammkvalster, bakterier och m\u00f6gel. Ett cirkul\u00e4rt l\u00e5s g\u00f6r att \u00f6verdraget kan delas i tv\u00e5 delar som kan tv\u00e4ttas separat.","og_url":"https:\/\/hypnos.ee\/sv\/produkt\/jupiter-takmattor\/","og_site_name":"Hypnos","og_image":[{"width":590,"height":319,"url":"https:\/\/hypnos.ee\/wp-content\/uploads\/2025\/03\/jupiter-kattemadrats_f_1_590_1.jpg","type":"image\/jpeg"}],"twitter_card":"summary_large_image","schema":{"@context":"https:\/\/schema.org","@graph":[{"@type":"WebPage","@id":"https:\/\/hypnos.ee\/sv\/produkt\/jupiter-takmattor\/","url":"https:\/\/hypnos.ee\/sv\/produkt\/jupiter-takmattor\/","name":"Jupiter takmattor - Hypnos","isPartOf":{"@id":"https:\/\/hypnos.ee\/sv\/#website"},"primaryImageOfPage":{"@id":"https:\/\/hypnos.ee\/sv\/produkt\/jupiter-takmattor\/#primaryimage"},"image":{"@id":"https:\/\/hypnos.ee\/sv\/produkt\/jupiter-takmattor\/#primaryimage"},"thumbnailUrl":"https:\/\/hypnos.ee\/wp-content\/uploads\/2025\/03\/jupiter-kattemadrats_f_1_590_1.jpg","datePublished":"2025-03-26T11:42:05+00:00","breadcrumb":{"@id":"https:\/\/hypnos.ee\/sv\/produkt\/jupiter-takmattor\/#breadcrumb"},"inLanguage":"sv-SE","potentialAction":[{"@type":"ReadAction","target":["https:\/\/hypnos.ee\/sv\/produkt\/jupiter-takmattor\/"]}]},{"@type":"ImageObject","inLanguage":"sv-SE","@id":"https:\/\/hypnos.ee\/sv\/produkt\/jupiter-takmattor\/#primaryimage","url":"https:\/\/hypnos.ee\/wp-content\/uploads\/2025\/03\/jupiter-kattemadrats_f_1_590_1.jpg","contentUrl":"https:\/\/hypnos.ee\/wp-content\/uploads\/2025\/03\/jupiter-kattemadrats_f_1_590_1.jpg","width":590,"height":319},{"@type":"BreadcrumbList","@id":"https:\/\/hypnos.ee\/sv\/produkt\/jupiter-takmattor\/#breadcrumb","itemListElement":[{"@type":"ListItem","position":1,"name":"Home","item":"https:\/\/hypnos.ee\/sv\/"},{"@type":"ListItem","position":2,"name":"Produkter","item":"https:\/\/hypnos.ee\/tooted\/"},{"@type":"ListItem","position":3,"name":"Jupiter takmattor"}]},{"@type":"WebSite","@id":"https:\/\/hypnos.ee\/sv\/#website","url":"https:\/\/hypnos.ee\/sv\/","name":"Hypnos","description":"T\u00f5stame unekogemust","publisher":{"@id":"https:\/\/hypnos.ee\/sv\/#organization"},"potentialAction":[{"@type":"SearchAction","target":{"@type":"EntryPoint","urlTemplate":"https:\/\/hypnos.ee\/sv\/?s={search_term_string}"},"query-input":{"@type":"PropertyValueSpecification","valueRequired":true,"valueName":"search_term_string"}}],"inLanguage":"sv-SE"},{"@type":"Organization","@id":"https:\/\/hypnos.ee\/sv\/#organization","name":"Hypnos","url":"https:\/\/hypnos.ee\/sv\/","logo":{"@type":"ImageObject","inLanguage":"sv-SE","@id":"https:\/\/hypnos.ee\/sv\/#\/schema\/logo\/image\/","url":"https:\/\/hypnos.ee\/wp-content\/uploads\/2025\/06\/cropped-Hypnos-fa.png","contentUrl":"https:\/\/hypnos.ee\/wp-content\/uploads\/2025\/06\/cropped-Hypnos-fa.png","width":512,"height":512,"caption":"Hypnos"},"image":{"@id":"https:\/\/hypnos.ee\/sv\/#\/schema\/logo\/image\/"}}]}},"_links":{"self":[{"href":"https:\/\/hypnos.ee\/sv\/wp-json\/wp\/v2\/product\/3056","targetHints":{"allow":["GET"]}}],"collection":[{"href":"https:\/\/hypnos.ee\/sv\/wp-json\/wp\/v2\/product"}],"about":[{"href":"https:\/\/hypnos.ee\/sv\/wp-json\/wp\/v2\/types\/product"}],"replies":[{"embeddable":true,"href":"https:\/\/hypnos.ee\/sv\/wp-json\/wp\/v2\/comments?post=3056"}],"wp:featuredmedia":[{"embeddable":true,"href":"https:\/\/hypnos.ee\/sv\/wp-json\/wp\/v2\/media\/2111"}],"wp:attachment":[{"href":"https:\/\/hypnos.ee\/sv\/wp-json\/wp\/v2\/media?parent=3056"}],"wp:term":[{"taxonomy":"product_brand","embeddable":true,"href":"https:\/\/hypnos.ee\/sv\/wp-json\/wp\/v2\/product_brand?post=3056"},{"taxonomy":"product_cat","embeddable":true,"href":"https:\/\/hypnos.ee\/sv\/wp-json\/wp\/v2\/product_cat?post=3056"},{"taxonomy":"product_tag","embeddable":true,"href":"https:\/\/hypnos.ee\/sv\/wp-json\/wp\/v2\/product_tag?post=3056"}],"curies":[{"name":"wp","href":"https:\/\/api.w.org\/{rel}","templated":true}]}}