{"id":3012,"date":"2025-03-26T13:52:40","date_gmt":"2025-03-26T11:52:40","guid":{"rendered":"https:\/\/hypnos.ee\/toode\/kattemadrat-for-boende\/"},"modified":"2025-03-26T13:52:40","modified_gmt":"2025-03-26T11:52:40","slug":"kattemadrat-for-boende","status":"publish","type":"product","link":"https:\/\/hypnos.ee\/sv\/produkt\/kattemadrat-for-boende\/","title":{"rendered":"Kattemadrat f\u00f6r boende"},"content":{"rendered":"","protected":false},"excerpt":{"rendered":"<p data-key=\"Ijph7\"><strong>Flexibilitet f\u00f6r yrkesverksamma.<\/strong><\/p>\n<p data-key=\"nJS2s\">Denna madrass \u00e4r speciellt utformad f\u00f6r boenden d\u00e4r snabb anpassning till dina behov \u00e4r avg\u00f6rande. L\u00e5set g\u00f6r att produkten kan anv\u00e4ndas som en bred madrass i ett stycke eller som tv\u00e5 smala madrasser separat. Perfekt f\u00f6r b\u00e5de tv\u00e5b\u00e4dds- och enkels\u00e4ngar.  <\/p>\n<p data-key=\"XrFWm\">Madrassens inneh\u00e5ll kan v\u00e4ljas enligt kundens \u00f6nskem\u00e5l fr\u00e5n Hypnos utbud av madrasser &#8211; vare sig det \u00e4r latex, porolone eller res\u00e5rmadrass.<\/p>\n","protected":false},"featured_media":3013,"comment_status":"closed","ping_status":"closed","template":"","meta":{"_acf_changed":false},"product_brand":[],"product_cat":[89],"product_tag":[],"class_list":{"0":"post-3012","1":"product","2":"type-product","3":"status-publish","4":"has-post-thumbnail","6":"product_cat-madrasser-for-tak","8":"first","9":"instock","10":"shipping-taxable","11":"product-type-simple"},"acf":[],"yoast_head":"<!-- This site is optimized with the Yoast SEO Premium plugin v26.0 (Yoast SEO v26.0) - https:\/\/yoast.com\/wordpress\/plugins\/seo\/ -->\n<title>Kattemadrat f\u00f6r boende - Hypnos<\/title>\n<meta name=\"robots\" content=\"index, follow, max-snippet:-1, max-image-preview:large, max-video-preview:-1\" \/>\n<link rel=\"canonical\" href=\"https:\/\/hypnos.ee\/sv\/produkt\/kattemadrat-for-boende\/\" \/>\n<meta property=\"og:locale\" content=\"sv_SE\" \/>\n<meta property=\"og:type\" content=\"article\" \/>\n<meta property=\"og:title\" content=\"Kattemadrat f\u00f6r boende\" \/>\n<meta property=\"og:description\" content=\"Flexibilitet f\u00f6r yrkesverksamma. Denna madrass \u00e4r speciellt utformad f\u00f6r boenden d\u00e4r snabb anpassning till dina behov \u00e4r avg\u00f6rande. L\u00e5set g\u00f6r att produkten kan anv\u00e4ndas som en bred madrass i ett stycke eller som tv\u00e5 smala madrasser separat. Perfekt f\u00f6r b\u00e5de tv\u00e5b\u00e4dds- och enkels\u00e4ngar.  Madrassens inneh\u00e5ll kan v\u00e4ljas enligt kundens \u00f6nskem\u00e5l fr\u00e5n Hypnos utbud av madrasser - vare sig det \u00e4r latex, porolone eller res\u00e5rmadrass.\" \/>\n<meta property=\"og:url\" content=\"https:\/\/hypnos.ee\/sv\/produkt\/kattemadrat-for-boende\/\" \/>\n<meta property=\"og:site_name\" content=\"Hypnos\" \/>\n<meta property=\"og:image\" content=\"https:\/\/hypnos.ee\/wp-content\/uploads\/2025\/03\/kattemadrats-mootorvoodile_f_1_590_1.jpg\" \/>\n\t<meta property=\"og:image:width\" content=\"590\" \/>\n\t<meta property=\"og:image:height\" content=\"394\" \/>\n\t<meta property=\"og:image:type\" content=\"image\/jpeg\" \/>\n<meta name=\"twitter:card\" content=\"summary_large_image\" \/>\n<script type=\"application\/ld+json\" class=\"yoast-schema-graph\">{\"@context\":\"https:\/\/schema.org\",\"@graph\":[{\"@type\":\"WebPage\",\"@id\":\"https:\/\/hypnos.ee\/sv\/produkt\/kattemadrat-for-boende\/\",\"url\":\"https:\/\/hypnos.ee\/sv\/produkt\/kattemadrat-for-boende\/\",\"name\":\"Kattemadrat f\u00f6r boende - Hypnos\",\"isPartOf\":{\"@id\":\"https:\/\/hypnos.ee\/sv\/#website\"},\"primaryImageOfPage\":{\"@id\":\"https:\/\/hypnos.ee\/sv\/produkt\/kattemadrat-for-boende\/#primaryimage\"},\"image\":{\"@id\":\"https:\/\/hypnos.ee\/sv\/produkt\/kattemadrat-for-boende\/#primaryimage\"},\"thumbnailUrl\":\"https:\/\/hypnos.ee\/wp-content\/uploads\/2025\/03\/kattemadrats-mootorvoodile_f_1_590_1.jpg\",\"datePublished\":\"2025-03-26T11:52:40+00:00\",\"breadcrumb\":{\"@id\":\"https:\/\/hypnos.ee\/sv\/produkt\/kattemadrat-for-boende\/#breadcrumb\"},\"inLanguage\":\"sv-SE\",\"potentialAction\":[{\"@type\":\"ReadAction\",\"target\":[\"https:\/\/hypnos.ee\/sv\/produkt\/kattemadrat-for-boende\/\"]}]},{\"@type\":\"ImageObject\",\"inLanguage\":\"sv-SE\",\"@id\":\"https:\/\/hypnos.ee\/sv\/produkt\/kattemadrat-for-boende\/#primaryimage\",\"url\":\"https:\/\/hypnos.ee\/wp-content\/uploads\/2025\/03\/kattemadrats-mootorvoodile_f_1_590_1.jpg\",\"contentUrl\":\"https:\/\/hypnos.ee\/wp-content\/uploads\/2025\/03\/kattemadrats-mootorvoodile_f_1_590_1.jpg\",\"width\":590,\"height\":394},{\"@type\":\"BreadcrumbList\",\"@id\":\"https:\/\/hypnos.ee\/sv\/produkt\/kattemadrat-for-boende\/#breadcrumb\",\"itemListElement\":[{\"@type\":\"ListItem\",\"position\":1,\"name\":\"Home\",\"item\":\"https:\/\/hypnos.ee\/sv\/\"},{\"@type\":\"ListItem\",\"position\":2,\"name\":\"Produkter\",\"item\":\"https:\/\/hypnos.ee\/tooted\/\"},{\"@type\":\"ListItem\",\"position\":3,\"name\":\"Kattemadrat f\u00f6r boende\"}]},{\"@type\":\"WebSite\",\"@id\":\"https:\/\/hypnos.ee\/sv\/#website\",\"url\":\"https:\/\/hypnos.ee\/sv\/\",\"name\":\"Hypnos\",\"description\":\"T\u00f5stame unekogemust\",\"publisher\":{\"@id\":\"https:\/\/hypnos.ee\/sv\/#organization\"},\"potentialAction\":[{\"@type\":\"SearchAction\",\"target\":{\"@type\":\"EntryPoint\",\"urlTemplate\":\"https:\/\/hypnos.ee\/sv\/?s={search_term_string}\"},\"query-input\":{\"@type\":\"PropertyValueSpecification\",\"valueRequired\":true,\"valueName\":\"search_term_string\"}}],\"inLanguage\":\"sv-SE\"},{\"@type\":\"Organization\",\"@id\":\"https:\/\/hypnos.ee\/sv\/#organization\",\"name\":\"Hypnos\",\"url\":\"https:\/\/hypnos.ee\/sv\/\",\"logo\":{\"@type\":\"ImageObject\",\"inLanguage\":\"sv-SE\",\"@id\":\"https:\/\/hypnos.ee\/sv\/#\/schema\/logo\/image\/\",\"url\":\"https:\/\/hypnos.ee\/wp-content\/uploads\/2025\/06\/cropped-Hypnos-fa.png\",\"contentUrl\":\"https:\/\/hypnos.ee\/wp-content\/uploads\/2025\/06\/cropped-Hypnos-fa.png\",\"width\":512,\"height\":512,\"caption\":\"Hypnos\"},\"image\":{\"@id\":\"https:\/\/hypnos.ee\/sv\/#\/schema\/logo\/image\/\"}}]}<\/script>\n<!-- \/ Yoast SEO Premium plugin. -->","yoast_head_json":{"title":"Kattemadrat f\u00f6r boende - Hypnos","robots":{"index":"index","follow":"follow","max-snippet":"max-snippet:-1","max-image-preview":"max-image-preview:large","max-video-preview":"max-video-preview:-1"},"canonical":"https:\/\/hypnos.ee\/sv\/produkt\/kattemadrat-for-boende\/","og_locale":"sv_SE","og_type":"article","og_title":"Kattemadrat f\u00f6r boende","og_description":"Flexibilitet f\u00f6r yrkesverksamma. Denna madrass \u00e4r speciellt utformad f\u00f6r boenden d\u00e4r snabb anpassning till dina behov \u00e4r avg\u00f6rande. L\u00e5set g\u00f6r att produkten kan anv\u00e4ndas som en bred madrass i ett stycke eller som tv\u00e5 smala madrasser separat. Perfekt f\u00f6r b\u00e5de tv\u00e5b\u00e4dds- och enkels\u00e4ngar.  Madrassens inneh\u00e5ll kan v\u00e4ljas enligt kundens \u00f6nskem\u00e5l fr\u00e5n Hypnos utbud av madrasser - vare sig det \u00e4r latex, porolone eller res\u00e5rmadrass.","og_url":"https:\/\/hypnos.ee\/sv\/produkt\/kattemadrat-for-boende\/","og_site_name":"Hypnos","og_image":[{"width":590,"height":394,"url":"https:\/\/hypnos.ee\/wp-content\/uploads\/2025\/03\/kattemadrats-mootorvoodile_f_1_590_1.jpg","type":"image\/jpeg"}],"twitter_card":"summary_large_image","schema":{"@context":"https:\/\/schema.org","@graph":[{"@type":"WebPage","@id":"https:\/\/hypnos.ee\/sv\/produkt\/kattemadrat-for-boende\/","url":"https:\/\/hypnos.ee\/sv\/produkt\/kattemadrat-for-boende\/","name":"Kattemadrat f\u00f6r boende - Hypnos","isPartOf":{"@id":"https:\/\/hypnos.ee\/sv\/#website"},"primaryImageOfPage":{"@id":"https:\/\/hypnos.ee\/sv\/produkt\/kattemadrat-for-boende\/#primaryimage"},"image":{"@id":"https:\/\/hypnos.ee\/sv\/produkt\/kattemadrat-for-boende\/#primaryimage"},"thumbnailUrl":"https:\/\/hypnos.ee\/wp-content\/uploads\/2025\/03\/kattemadrats-mootorvoodile_f_1_590_1.jpg","datePublished":"2025-03-26T11:52:40+00:00","breadcrumb":{"@id":"https:\/\/hypnos.ee\/sv\/produkt\/kattemadrat-for-boende\/#breadcrumb"},"inLanguage":"sv-SE","potentialAction":[{"@type":"ReadAction","target":["https:\/\/hypnos.ee\/sv\/produkt\/kattemadrat-for-boende\/"]}]},{"@type":"ImageObject","inLanguage":"sv-SE","@id":"https:\/\/hypnos.ee\/sv\/produkt\/kattemadrat-for-boende\/#primaryimage","url":"https:\/\/hypnos.ee\/wp-content\/uploads\/2025\/03\/kattemadrats-mootorvoodile_f_1_590_1.jpg","contentUrl":"https:\/\/hypnos.ee\/wp-content\/uploads\/2025\/03\/kattemadrats-mootorvoodile_f_1_590_1.jpg","width":590,"height":394},{"@type":"BreadcrumbList","@id":"https:\/\/hypnos.ee\/sv\/produkt\/kattemadrat-for-boende\/#breadcrumb","itemListElement":[{"@type":"ListItem","position":1,"name":"Home","item":"https:\/\/hypnos.ee\/sv\/"},{"@type":"ListItem","position":2,"name":"Produkter","item":"https:\/\/hypnos.ee\/tooted\/"},{"@type":"ListItem","position":3,"name":"Kattemadrat f\u00f6r boende"}]},{"@type":"WebSite","@id":"https:\/\/hypnos.ee\/sv\/#website","url":"https:\/\/hypnos.ee\/sv\/","name":"Hypnos","description":"T\u00f5stame unekogemust","publisher":{"@id":"https:\/\/hypnos.ee\/sv\/#organization"},"potentialAction":[{"@type":"SearchAction","target":{"@type":"EntryPoint","urlTemplate":"https:\/\/hypnos.ee\/sv\/?s={search_term_string}"},"query-input":{"@type":"PropertyValueSpecification","valueRequired":true,"valueName":"search_term_string"}}],"inLanguage":"sv-SE"},{"@type":"Organization","@id":"https:\/\/hypnos.ee\/sv\/#organization","name":"Hypnos","url":"https:\/\/hypnos.ee\/sv\/","logo":{"@type":"ImageObject","inLanguage":"sv-SE","@id":"https:\/\/hypnos.ee\/sv\/#\/schema\/logo\/image\/","url":"https:\/\/hypnos.ee\/wp-content\/uploads\/2025\/06\/cropped-Hypnos-fa.png","contentUrl":"https:\/\/hypnos.ee\/wp-content\/uploads\/2025\/06\/cropped-Hypnos-fa.png","width":512,"height":512,"caption":"Hypnos"},"image":{"@id":"https:\/\/hypnos.ee\/sv\/#\/schema\/logo\/image\/"}}]}},"_links":{"self":[{"href":"https:\/\/hypnos.ee\/sv\/wp-json\/wp\/v2\/product\/3012","targetHints":{"allow":["GET"]}}],"collection":[{"href":"https:\/\/hypnos.ee\/sv\/wp-json\/wp\/v2\/product"}],"about":[{"href":"https:\/\/hypnos.ee\/sv\/wp-json\/wp\/v2\/types\/product"}],"replies":[{"embeddable":true,"href":"https:\/\/hypnos.ee\/sv\/wp-json\/wp\/v2\/comments?post=3012"}],"wp:featuredmedia":[{"embeddable":true,"href":"https:\/\/hypnos.ee\/sv\/wp-json\/wp\/v2\/media\/3013"}],"wp:attachment":[{"href":"https:\/\/hypnos.ee\/sv\/wp-json\/wp\/v2\/media?parent=3012"}],"wp:term":[{"taxonomy":"product_brand","embeddable":true,"href":"https:\/\/hypnos.ee\/sv\/wp-json\/wp\/v2\/product_brand?post=3012"},{"taxonomy":"product_cat","embeddable":true,"href":"https:\/\/hypnos.ee\/sv\/wp-json\/wp\/v2\/product_cat?post=3012"},{"taxonomy":"product_tag","embeddable":true,"href":"https:\/\/hypnos.ee\/sv\/wp-json\/wp\/v2\/product_tag?post=3012"}],"curies":[{"name":"wp","href":"https:\/\/api.w.org\/{rel}","templated":true}]}}