{"id":2924,"date":"2025-05-08T09:45:20","date_gmt":"2025-05-08T06:45:20","guid":{"rendered":"https:\/\/hypnos.ee\/toode\/sangram-for-motor\/"},"modified":"2025-05-08T09:45:20","modified_gmt":"2025-05-08T06:45:20","slug":"sangram-for-motor","status":"publish","type":"product","link":"https:\/\/hypnos.ee\/sv\/produkt\/sangram-for-motor\/","title":{"rendered":"S\u00e4ngram f\u00f6r motor"},"content":{"rendered":"","protected":false},"excerpt":{"rendered":"<p data-key=\"I1czE\"><strong>Ett enkelt och praktiskt val med justerbart lutningsl\u00e4ge.<\/strong><\/p>\n<p data-key=\"ahNv4\">Den motordrivna s\u00e4ngramen \u00e4r en funktionell och h\u00e5llbar l\u00f6sning f\u00f6r dig som vill ha en elektriskt justerbar huvud- och fot\u00e4nda med ett personligt val av madrasser.<\/p>\n<p data-key=\"P0Z5r\">Ramen i massivt tr\u00e4 (19 \u00d7 3 cm) \u00e4r kl\u00e4dd med ett 2 cm tjockt poroloon-lager och den r\u00f6rliga delen \u00e4r tillverkad av kraftig plywood, \u00e4ven den kl\u00e4dd med poroloon.<\/p>\n<p data-key=\"a7w7q\">I setet ing\u00e5r \u00e4ven en madrasstoppare (bredd 60 cm, h\u00f6jd 16 cm) som h\u00e5ller madrassen p\u00e5 plats under f\u00f6rflyttning. Ramen \u00e4r kl\u00e4dd med slitstarkt, h\u00f6gkvalitativt m\u00f6beltyg. <\/p>\n","protected":false},"featured_media":2925,"comment_status":"closed","ping_status":"closed","template":"","meta":{"_acf_changed":false},"product_brand":[],"product_cat":[121],"product_tag":[],"class_list":{"0":"post-2924","1":"product","2":"type-product","3":"status-publish","4":"has-post-thumbnail","6":"product_cat-motoriserade-sangar","8":"first","9":"instock","10":"shipping-taxable","11":"product-type-simple"},"acf":[],"yoast_head":"<!-- This site is optimized with the Yoast SEO Premium plugin v26.0 (Yoast SEO v26.0) - https:\/\/yoast.com\/wordpress\/plugins\/seo\/ -->\n<title>S\u00e4ngram f\u00f6r motor - Hypnos<\/title>\n<meta name=\"robots\" content=\"index, follow, max-snippet:-1, max-image-preview:large, max-video-preview:-1\" \/>\n<link rel=\"canonical\" href=\"https:\/\/hypnos.ee\/sv\/produkt\/sangram-for-motor\/\" \/>\n<meta property=\"og:locale\" content=\"sv_SE\" \/>\n<meta property=\"og:type\" content=\"article\" \/>\n<meta property=\"og:title\" content=\"S\u00e4ngram f\u00f6r motor\" \/>\n<meta property=\"og:description\" content=\"Ett enkelt och praktiskt val med justerbart lutningsl\u00e4ge. Den motordrivna s\u00e4ngramen \u00e4r en funktionell och h\u00e5llbar l\u00f6sning f\u00f6r dig som vill ha en elektriskt justerbar huvud- och fot\u00e4nda med ett personligt val av madrasser. Ramen i massivt tr\u00e4 (19 \u00d7 3 cm) \u00e4r kl\u00e4dd med ett 2 cm tjockt poroloon-lager och den r\u00f6rliga delen \u00e4r tillverkad av kraftig plywood, \u00e4ven den kl\u00e4dd med poroloon. I setet ing\u00e5r \u00e4ven en madrasstoppare (bredd 60 cm, h\u00f6jd 16 cm) som h\u00e5ller madrassen p\u00e5 plats under f\u00f6rflyttning. Ramen \u00e4r kl\u00e4dd med slitstarkt, h\u00f6gkvalitativt m\u00f6beltyg.\" \/>\n<meta property=\"og:url\" content=\"https:\/\/hypnos.ee\/sv\/produkt\/sangram-for-motor\/\" \/>\n<meta property=\"og:site_name\" content=\"Hypnos\" \/>\n<meta property=\"og:image\" content=\"https:\/\/hypnos.ee\/wp-content\/uploads\/2025\/03\/mootoriga-voodiraam_f_1_590_1.jpg\" \/>\n\t<meta property=\"og:image:width\" content=\"590\" \/>\n\t<meta property=\"og:image:height\" content=\"394\" \/>\n\t<meta property=\"og:image:type\" content=\"image\/jpeg\" \/>\n<meta name=\"twitter:card\" content=\"summary_large_image\" \/>\n<script type=\"application\/ld+json\" class=\"yoast-schema-graph\">{\"@context\":\"https:\/\/schema.org\",\"@graph\":[{\"@type\":\"WebPage\",\"@id\":\"https:\/\/hypnos.ee\/sv\/produkt\/sangram-for-motor\/\",\"url\":\"https:\/\/hypnos.ee\/sv\/produkt\/sangram-for-motor\/\",\"name\":\"S\u00e4ngram f\u00f6r motor - Hypnos\",\"isPartOf\":{\"@id\":\"https:\/\/hypnos.ee\/sv\/#website\"},\"primaryImageOfPage\":{\"@id\":\"https:\/\/hypnos.ee\/sv\/produkt\/sangram-for-motor\/#primaryimage\"},\"image\":{\"@id\":\"https:\/\/hypnos.ee\/sv\/produkt\/sangram-for-motor\/#primaryimage\"},\"thumbnailUrl\":\"https:\/\/hypnos.ee\/wp-content\/uploads\/2025\/03\/mootoriga-voodiraam_f_1_590_1.jpg\",\"datePublished\":\"2025-05-08T06:45:20+00:00\",\"breadcrumb\":{\"@id\":\"https:\/\/hypnos.ee\/sv\/produkt\/sangram-for-motor\/#breadcrumb\"},\"inLanguage\":\"sv-SE\",\"potentialAction\":[{\"@type\":\"ReadAction\",\"target\":[\"https:\/\/hypnos.ee\/sv\/produkt\/sangram-for-motor\/\"]}]},{\"@type\":\"ImageObject\",\"inLanguage\":\"sv-SE\",\"@id\":\"https:\/\/hypnos.ee\/sv\/produkt\/sangram-for-motor\/#primaryimage\",\"url\":\"https:\/\/hypnos.ee\/wp-content\/uploads\/2025\/03\/mootoriga-voodiraam_f_1_590_1.jpg\",\"contentUrl\":\"https:\/\/hypnos.ee\/wp-content\/uploads\/2025\/03\/mootoriga-voodiraam_f_1_590_1.jpg\",\"width\":590,\"height\":394},{\"@type\":\"BreadcrumbList\",\"@id\":\"https:\/\/hypnos.ee\/sv\/produkt\/sangram-for-motor\/#breadcrumb\",\"itemListElement\":[{\"@type\":\"ListItem\",\"position\":1,\"name\":\"Home\",\"item\":\"https:\/\/hypnos.ee\/sv\/\"},{\"@type\":\"ListItem\",\"position\":2,\"name\":\"Produkter\",\"item\":\"https:\/\/hypnos.ee\/tooted\/\"},{\"@type\":\"ListItem\",\"position\":3,\"name\":\"S\u00e4ngram f\u00f6r motor\"}]},{\"@type\":\"WebSite\",\"@id\":\"https:\/\/hypnos.ee\/sv\/#website\",\"url\":\"https:\/\/hypnos.ee\/sv\/\",\"name\":\"Hypnos\",\"description\":\"T\u00f5stame unekogemust\",\"publisher\":{\"@id\":\"https:\/\/hypnos.ee\/sv\/#organization\"},\"potentialAction\":[{\"@type\":\"SearchAction\",\"target\":{\"@type\":\"EntryPoint\",\"urlTemplate\":\"https:\/\/hypnos.ee\/sv\/?s={search_term_string}\"},\"query-input\":{\"@type\":\"PropertyValueSpecification\",\"valueRequired\":true,\"valueName\":\"search_term_string\"}}],\"inLanguage\":\"sv-SE\"},{\"@type\":\"Organization\",\"@id\":\"https:\/\/hypnos.ee\/sv\/#organization\",\"name\":\"Hypnos\",\"url\":\"https:\/\/hypnos.ee\/sv\/\",\"logo\":{\"@type\":\"ImageObject\",\"inLanguage\":\"sv-SE\",\"@id\":\"https:\/\/hypnos.ee\/sv\/#\/schema\/logo\/image\/\",\"url\":\"https:\/\/hypnos.ee\/wp-content\/uploads\/2025\/06\/cropped-Hypnos-fa.png\",\"contentUrl\":\"https:\/\/hypnos.ee\/wp-content\/uploads\/2025\/06\/cropped-Hypnos-fa.png\",\"width\":512,\"height\":512,\"caption\":\"Hypnos\"},\"image\":{\"@id\":\"https:\/\/hypnos.ee\/sv\/#\/schema\/logo\/image\/\"}}]}<\/script>\n<!-- \/ Yoast SEO Premium plugin. -->","yoast_head_json":{"title":"S\u00e4ngram f\u00f6r motor - Hypnos","robots":{"index":"index","follow":"follow","max-snippet":"max-snippet:-1","max-image-preview":"max-image-preview:large","max-video-preview":"max-video-preview:-1"},"canonical":"https:\/\/hypnos.ee\/sv\/produkt\/sangram-for-motor\/","og_locale":"sv_SE","og_type":"article","og_title":"S\u00e4ngram f\u00f6r motor","og_description":"Ett enkelt och praktiskt val med justerbart lutningsl\u00e4ge. Den motordrivna s\u00e4ngramen \u00e4r en funktionell och h\u00e5llbar l\u00f6sning f\u00f6r dig som vill ha en elektriskt justerbar huvud- och fot\u00e4nda med ett personligt val av madrasser. Ramen i massivt tr\u00e4 (19 \u00d7 3 cm) \u00e4r kl\u00e4dd med ett 2 cm tjockt poroloon-lager och den r\u00f6rliga delen \u00e4r tillverkad av kraftig plywood, \u00e4ven den kl\u00e4dd med poroloon. I setet ing\u00e5r \u00e4ven en madrasstoppare (bredd 60 cm, h\u00f6jd 16 cm) som h\u00e5ller madrassen p\u00e5 plats under f\u00f6rflyttning. Ramen \u00e4r kl\u00e4dd med slitstarkt, h\u00f6gkvalitativt m\u00f6beltyg.","og_url":"https:\/\/hypnos.ee\/sv\/produkt\/sangram-for-motor\/","og_site_name":"Hypnos","og_image":[{"width":590,"height":394,"url":"https:\/\/hypnos.ee\/wp-content\/uploads\/2025\/03\/mootoriga-voodiraam_f_1_590_1.jpg","type":"image\/jpeg"}],"twitter_card":"summary_large_image","schema":{"@context":"https:\/\/schema.org","@graph":[{"@type":"WebPage","@id":"https:\/\/hypnos.ee\/sv\/produkt\/sangram-for-motor\/","url":"https:\/\/hypnos.ee\/sv\/produkt\/sangram-for-motor\/","name":"S\u00e4ngram f\u00f6r motor - Hypnos","isPartOf":{"@id":"https:\/\/hypnos.ee\/sv\/#website"},"primaryImageOfPage":{"@id":"https:\/\/hypnos.ee\/sv\/produkt\/sangram-for-motor\/#primaryimage"},"image":{"@id":"https:\/\/hypnos.ee\/sv\/produkt\/sangram-for-motor\/#primaryimage"},"thumbnailUrl":"https:\/\/hypnos.ee\/wp-content\/uploads\/2025\/03\/mootoriga-voodiraam_f_1_590_1.jpg","datePublished":"2025-05-08T06:45:20+00:00","breadcrumb":{"@id":"https:\/\/hypnos.ee\/sv\/produkt\/sangram-for-motor\/#breadcrumb"},"inLanguage":"sv-SE","potentialAction":[{"@type":"ReadAction","target":["https:\/\/hypnos.ee\/sv\/produkt\/sangram-for-motor\/"]}]},{"@type":"ImageObject","inLanguage":"sv-SE","@id":"https:\/\/hypnos.ee\/sv\/produkt\/sangram-for-motor\/#primaryimage","url":"https:\/\/hypnos.ee\/wp-content\/uploads\/2025\/03\/mootoriga-voodiraam_f_1_590_1.jpg","contentUrl":"https:\/\/hypnos.ee\/wp-content\/uploads\/2025\/03\/mootoriga-voodiraam_f_1_590_1.jpg","width":590,"height":394},{"@type":"BreadcrumbList","@id":"https:\/\/hypnos.ee\/sv\/produkt\/sangram-for-motor\/#breadcrumb","itemListElement":[{"@type":"ListItem","position":1,"name":"Home","item":"https:\/\/hypnos.ee\/sv\/"},{"@type":"ListItem","position":2,"name":"Produkter","item":"https:\/\/hypnos.ee\/tooted\/"},{"@type":"ListItem","position":3,"name":"S\u00e4ngram f\u00f6r motor"}]},{"@type":"WebSite","@id":"https:\/\/hypnos.ee\/sv\/#website","url":"https:\/\/hypnos.ee\/sv\/","name":"Hypnos","description":"T\u00f5stame unekogemust","publisher":{"@id":"https:\/\/hypnos.ee\/sv\/#organization"},"potentialAction":[{"@type":"SearchAction","target":{"@type":"EntryPoint","urlTemplate":"https:\/\/hypnos.ee\/sv\/?s={search_term_string}"},"query-input":{"@type":"PropertyValueSpecification","valueRequired":true,"valueName":"search_term_string"}}],"inLanguage":"sv-SE"},{"@type":"Organization","@id":"https:\/\/hypnos.ee\/sv\/#organization","name":"Hypnos","url":"https:\/\/hypnos.ee\/sv\/","logo":{"@type":"ImageObject","inLanguage":"sv-SE","@id":"https:\/\/hypnos.ee\/sv\/#\/schema\/logo\/image\/","url":"https:\/\/hypnos.ee\/wp-content\/uploads\/2025\/06\/cropped-Hypnos-fa.png","contentUrl":"https:\/\/hypnos.ee\/wp-content\/uploads\/2025\/06\/cropped-Hypnos-fa.png","width":512,"height":512,"caption":"Hypnos"},"image":{"@id":"https:\/\/hypnos.ee\/sv\/#\/schema\/logo\/image\/"}}]}},"_links":{"self":[{"href":"https:\/\/hypnos.ee\/sv\/wp-json\/wp\/v2\/product\/2924","targetHints":{"allow":["GET"]}}],"collection":[{"href":"https:\/\/hypnos.ee\/sv\/wp-json\/wp\/v2\/product"}],"about":[{"href":"https:\/\/hypnos.ee\/sv\/wp-json\/wp\/v2\/types\/product"}],"replies":[{"embeddable":true,"href":"https:\/\/hypnos.ee\/sv\/wp-json\/wp\/v2\/comments?post=2924"}],"wp:featuredmedia":[{"embeddable":true,"href":"https:\/\/hypnos.ee\/sv\/wp-json\/wp\/v2\/media\/2925"}],"wp:attachment":[{"href":"https:\/\/hypnos.ee\/sv\/wp-json\/wp\/v2\/media?parent=2924"}],"wp:term":[{"taxonomy":"product_brand","embeddable":true,"href":"https:\/\/hypnos.ee\/sv\/wp-json\/wp\/v2\/product_brand?post=2924"},{"taxonomy":"product_cat","embeddable":true,"href":"https:\/\/hypnos.ee\/sv\/wp-json\/wp\/v2\/product_cat?post=2924"},{"taxonomy":"product_tag","embeddable":true,"href":"https:\/\/hypnos.ee\/sv\/wp-json\/wp\/v2\/product_tag?post=2924"}],"curies":[{"name":"wp","href":"https:\/\/api.w.org\/{rel}","templated":true}]}}