{"id":2758,"date":"2025-03-26T14:35:28","date_gmt":"2025-03-26T12:35:28","guid":{"rendered":"https:\/\/hypnos.ee\/toode\/motorbadd-hermes-max-4\/"},"modified":"2025-03-26T14:35:28","modified_gmt":"2025-03-26T12:35:28","slug":"motorbadd-hermes-max-4","status":"publish","type":"product","link":"https:\/\/hypnos.ee\/sv\/produkt\/motorbadd-hermes-max-4\/","title":{"rendered":"Motorb\u00e4dd Hermes MAX-4"},"content":{"rendered":"","protected":false},"excerpt":{"rendered":"<p data-key=\"eMPIr\" data-pm-slice=\"1 1 []\"><strong>Justerbar s\u00e4ng i premiumklass med dubbla fj\u00e4drar.<\/strong><\/p>\n<p data-key=\"wNm6R\">Hermes MAX-4 \u00e4r en kraftfull och bekv\u00e4m motoriserad s\u00e4ng som kombinerar en justerbar bas, h\u00f6gkvalitativ fj\u00e4dring och en h\u00f6gkvalitativ finish.<\/p>\n<p data-key=\"wNm6R\">S\u00e4ngen har en 19 \u00d7 3 cm massiv tr\u00e4ram f\u00f6r stabilitet. Madrassen har dubbel fj\u00e4dring &#8211; en nedre 2,1 mm pocketfj\u00e4dring och en \u00f6vre honeycomb-pocketfj\u00e4dring (alternativ 1,8 mm \/ 1,9 mm \/ 2,0 mm). Resultatet \u00e4r ett st\u00f6djande och h\u00e5llbart liggunderlag.<\/p>\n<p data-key=\"46IN0\">S\u00e4ngen \u00e4r kl\u00e4dd med ett h\u00f6gkvalitativt m\u00f6beltyg eller Hypnos Stretch elastiskt \u00f6verdrag, som \u00e4r idealiskt f\u00f6r justerbar s\u00e4ngr\u00f6relse. Inkluderar tr\u00e5dbunden fj\u00e4rrkontroll.<\/p>\n","protected":false},"featured_media":0,"comment_status":"closed","ping_status":"closed","template":"","meta":{"_acf_changed":false},"product_brand":[],"product_cat":[121],"product_tag":[],"class_list":{"0":"post-2758","1":"product","2":"type-product","3":"status-publish","5":"product_cat-motoriserade-sangar","7":"first","8":"instock","9":"shipping-taxable","10":"product-type-simple"},"acf":[],"yoast_head":"<!-- This site is optimized with the Yoast SEO Premium plugin v26.0 (Yoast SEO v26.0) - https:\/\/yoast.com\/wordpress\/plugins\/seo\/ -->\n<title>Motorb\u00e4dd Hermes MAX-4 - Hypnos<\/title>\n<meta name=\"robots\" content=\"index, follow, max-snippet:-1, max-image-preview:large, max-video-preview:-1\" \/>\n<link rel=\"canonical\" href=\"https:\/\/hypnos.ee\/sv\/produkt\/motorbadd-hermes-max-4\/\" \/>\n<meta property=\"og:locale\" content=\"sv_SE\" \/>\n<meta property=\"og:type\" content=\"article\" \/>\n<meta property=\"og:title\" content=\"Motorb\u00e4dd Hermes MAX-4\" \/>\n<meta property=\"og:description\" content=\"Justerbar s\u00e4ng i premiumklass med dubbla fj\u00e4drar. Hermes MAX-4 \u00e4r en kraftfull och bekv\u00e4m motoriserad s\u00e4ng som kombinerar en justerbar bas, h\u00f6gkvalitativ fj\u00e4dring och en h\u00f6gkvalitativ finish. S\u00e4ngen har en 19 \u00d7 3 cm massiv tr\u00e4ram f\u00f6r stabilitet. Madrassen har dubbel fj\u00e4dring - en nedre 2,1 mm pocketfj\u00e4dring och en \u00f6vre honeycomb-pocketfj\u00e4dring (alternativ 1,8 mm \/ 1,9 mm \/ 2,0 mm). Resultatet \u00e4r ett st\u00f6djande och h\u00e5llbart liggunderlag. S\u00e4ngen \u00e4r kl\u00e4dd med ett h\u00f6gkvalitativt m\u00f6beltyg eller Hypnos Stretch elastiskt \u00f6verdrag, som \u00e4r idealiskt f\u00f6r justerbar s\u00e4ngr\u00f6relse. Inkluderar tr\u00e5dbunden fj\u00e4rrkontroll.\" \/>\n<meta property=\"og:url\" content=\"https:\/\/hypnos.ee\/sv\/produkt\/motorbadd-hermes-max-4\/\" \/>\n<meta property=\"og:site_name\" content=\"Hypnos\" \/>\n<meta property=\"og:image\" content=\"https:\/\/hypnos.ee\/wp-content\/uploads\/2025\/08\/hypnos-banner.png\" \/>\n\t<meta property=\"og:image:width\" content=\"1280\" \/>\n\t<meta property=\"og:image:height\" content=\"720\" \/>\n\t<meta property=\"og:image:type\" content=\"image\/png\" \/>\n<meta name=\"twitter:card\" content=\"summary_large_image\" \/>\n<script type=\"application\/ld+json\" class=\"yoast-schema-graph\">{\"@context\":\"https:\/\/schema.org\",\"@graph\":[{\"@type\":\"WebPage\",\"@id\":\"https:\/\/hypnos.ee\/sv\/produkt\/motorbadd-hermes-max-4\/\",\"url\":\"https:\/\/hypnos.ee\/sv\/produkt\/motorbadd-hermes-max-4\/\",\"name\":\"Motorb\u00e4dd Hermes MAX-4 - Hypnos\",\"isPartOf\":{\"@id\":\"https:\/\/hypnos.ee\/sv\/#website\"},\"datePublished\":\"2025-03-26T12:35:28+00:00\",\"breadcrumb\":{\"@id\":\"https:\/\/hypnos.ee\/sv\/produkt\/motorbadd-hermes-max-4\/#breadcrumb\"},\"inLanguage\":\"sv-SE\",\"potentialAction\":[{\"@type\":\"ReadAction\",\"target\":[\"https:\/\/hypnos.ee\/sv\/produkt\/motorbadd-hermes-max-4\/\"]}]},{\"@type\":\"BreadcrumbList\",\"@id\":\"https:\/\/hypnos.ee\/sv\/produkt\/motorbadd-hermes-max-4\/#breadcrumb\",\"itemListElement\":[{\"@type\":\"ListItem\",\"position\":1,\"name\":\"Home\",\"item\":\"https:\/\/hypnos.ee\/sv\/\"},{\"@type\":\"ListItem\",\"position\":2,\"name\":\"Produkter\",\"item\":\"https:\/\/hypnos.ee\/tooted\/\"},{\"@type\":\"ListItem\",\"position\":3,\"name\":\"Motorb\u00e4dd Hermes MAX-4\"}]},{\"@type\":\"WebSite\",\"@id\":\"https:\/\/hypnos.ee\/sv\/#website\",\"url\":\"https:\/\/hypnos.ee\/sv\/\",\"name\":\"Hypnos\",\"description\":\"T\u00f5stame unekogemust\",\"publisher\":{\"@id\":\"https:\/\/hypnos.ee\/sv\/#organization\"},\"potentialAction\":[{\"@type\":\"SearchAction\",\"target\":{\"@type\":\"EntryPoint\",\"urlTemplate\":\"https:\/\/hypnos.ee\/sv\/?s={search_term_string}\"},\"query-input\":{\"@type\":\"PropertyValueSpecification\",\"valueRequired\":true,\"valueName\":\"search_term_string\"}}],\"inLanguage\":\"sv-SE\"},{\"@type\":\"Organization\",\"@id\":\"https:\/\/hypnos.ee\/sv\/#organization\",\"name\":\"Hypnos\",\"url\":\"https:\/\/hypnos.ee\/sv\/\",\"logo\":{\"@type\":\"ImageObject\",\"inLanguage\":\"sv-SE\",\"@id\":\"https:\/\/hypnos.ee\/sv\/#\/schema\/logo\/image\/\",\"url\":\"https:\/\/hypnos.ee\/wp-content\/uploads\/2025\/06\/cropped-Hypnos-fa.png\",\"contentUrl\":\"https:\/\/hypnos.ee\/wp-content\/uploads\/2025\/06\/cropped-Hypnos-fa.png\",\"width\":512,\"height\":512,\"caption\":\"Hypnos\"},\"image\":{\"@id\":\"https:\/\/hypnos.ee\/sv\/#\/schema\/logo\/image\/\"}}]}<\/script>\n<!-- \/ Yoast SEO Premium plugin. -->","yoast_head_json":{"title":"Motorb\u00e4dd Hermes MAX-4 - Hypnos","robots":{"index":"index","follow":"follow","max-snippet":"max-snippet:-1","max-image-preview":"max-image-preview:large","max-video-preview":"max-video-preview:-1"},"canonical":"https:\/\/hypnos.ee\/sv\/produkt\/motorbadd-hermes-max-4\/","og_locale":"sv_SE","og_type":"article","og_title":"Motorb\u00e4dd Hermes MAX-4","og_description":"Justerbar s\u00e4ng i premiumklass med dubbla fj\u00e4drar. Hermes MAX-4 \u00e4r en kraftfull och bekv\u00e4m motoriserad s\u00e4ng som kombinerar en justerbar bas, h\u00f6gkvalitativ fj\u00e4dring och en h\u00f6gkvalitativ finish. S\u00e4ngen har en 19 \u00d7 3 cm massiv tr\u00e4ram f\u00f6r stabilitet. Madrassen har dubbel fj\u00e4dring - en nedre 2,1 mm pocketfj\u00e4dring och en \u00f6vre honeycomb-pocketfj\u00e4dring (alternativ 1,8 mm \/ 1,9 mm \/ 2,0 mm). Resultatet \u00e4r ett st\u00f6djande och h\u00e5llbart liggunderlag. S\u00e4ngen \u00e4r kl\u00e4dd med ett h\u00f6gkvalitativt m\u00f6beltyg eller Hypnos Stretch elastiskt \u00f6verdrag, som \u00e4r idealiskt f\u00f6r justerbar s\u00e4ngr\u00f6relse. Inkluderar tr\u00e5dbunden fj\u00e4rrkontroll.","og_url":"https:\/\/hypnos.ee\/sv\/produkt\/motorbadd-hermes-max-4\/","og_site_name":"Hypnos","og_image":[{"width":1280,"height":720,"url":"https:\/\/hypnos.ee\/wp-content\/uploads\/2025\/08\/hypnos-banner.png","type":"image\/png"}],"twitter_card":"summary_large_image","schema":{"@context":"https:\/\/schema.org","@graph":[{"@type":"WebPage","@id":"https:\/\/hypnos.ee\/sv\/produkt\/motorbadd-hermes-max-4\/","url":"https:\/\/hypnos.ee\/sv\/produkt\/motorbadd-hermes-max-4\/","name":"Motorb\u00e4dd Hermes MAX-4 - Hypnos","isPartOf":{"@id":"https:\/\/hypnos.ee\/sv\/#website"},"datePublished":"2025-03-26T12:35:28+00:00","breadcrumb":{"@id":"https:\/\/hypnos.ee\/sv\/produkt\/motorbadd-hermes-max-4\/#breadcrumb"},"inLanguage":"sv-SE","potentialAction":[{"@type":"ReadAction","target":["https:\/\/hypnos.ee\/sv\/produkt\/motorbadd-hermes-max-4\/"]}]},{"@type":"BreadcrumbList","@id":"https:\/\/hypnos.ee\/sv\/produkt\/motorbadd-hermes-max-4\/#breadcrumb","itemListElement":[{"@type":"ListItem","position":1,"name":"Home","item":"https:\/\/hypnos.ee\/sv\/"},{"@type":"ListItem","position":2,"name":"Produkter","item":"https:\/\/hypnos.ee\/tooted\/"},{"@type":"ListItem","position":3,"name":"Motorb\u00e4dd Hermes MAX-4"}]},{"@type":"WebSite","@id":"https:\/\/hypnos.ee\/sv\/#website","url":"https:\/\/hypnos.ee\/sv\/","name":"Hypnos","description":"T\u00f5stame unekogemust","publisher":{"@id":"https:\/\/hypnos.ee\/sv\/#organization"},"potentialAction":[{"@type":"SearchAction","target":{"@type":"EntryPoint","urlTemplate":"https:\/\/hypnos.ee\/sv\/?s={search_term_string}"},"query-input":{"@type":"PropertyValueSpecification","valueRequired":true,"valueName":"search_term_string"}}],"inLanguage":"sv-SE"},{"@type":"Organization","@id":"https:\/\/hypnos.ee\/sv\/#organization","name":"Hypnos","url":"https:\/\/hypnos.ee\/sv\/","logo":{"@type":"ImageObject","inLanguage":"sv-SE","@id":"https:\/\/hypnos.ee\/sv\/#\/schema\/logo\/image\/","url":"https:\/\/hypnos.ee\/wp-content\/uploads\/2025\/06\/cropped-Hypnos-fa.png","contentUrl":"https:\/\/hypnos.ee\/wp-content\/uploads\/2025\/06\/cropped-Hypnos-fa.png","width":512,"height":512,"caption":"Hypnos"},"image":{"@id":"https:\/\/hypnos.ee\/sv\/#\/schema\/logo\/image\/"}}]}},"_links":{"self":[{"href":"https:\/\/hypnos.ee\/sv\/wp-json\/wp\/v2\/product\/2758","targetHints":{"allow":["GET"]}}],"collection":[{"href":"https:\/\/hypnos.ee\/sv\/wp-json\/wp\/v2\/product"}],"about":[{"href":"https:\/\/hypnos.ee\/sv\/wp-json\/wp\/v2\/types\/product"}],"replies":[{"embeddable":true,"href":"https:\/\/hypnos.ee\/sv\/wp-json\/wp\/v2\/comments?post=2758"}],"wp:attachment":[{"href":"https:\/\/hypnos.ee\/sv\/wp-json\/wp\/v2\/media?parent=2758"}],"wp:term":[{"taxonomy":"product_brand","embeddable":true,"href":"https:\/\/hypnos.ee\/sv\/wp-json\/wp\/v2\/product_brand?post=2758"},{"taxonomy":"product_cat","embeddable":true,"href":"https:\/\/hypnos.ee\/sv\/wp-json\/wp\/v2\/product_cat?post=2758"},{"taxonomy":"product_tag","embeddable":true,"href":"https:\/\/hypnos.ee\/sv\/wp-json\/wp\/v2\/product_tag?post=2758"}],"curies":[{"name":"wp","href":"https:\/\/api.w.org\/{rel}","templated":true}]}}