{"id":2740,"date":"2025-03-26T14:34:14","date_gmt":"2025-03-26T12:34:14","guid":{"rendered":"https:\/\/hypnos.ee\/toode\/motoriserad-sang-mars\/"},"modified":"2025-03-26T14:34:14","modified_gmt":"2025-03-26T12:34:14","slug":"motoriserad-sang-mars","status":"publish","type":"product","link":"https:\/\/hypnos.ee\/sv\/produkt\/motoriserad-sang-mars\/","title":{"rendered":"Motoriserad s\u00e4ng Mars"},"content":{"rendered":"","protected":false},"excerpt":{"rendered":"<p data-key=\"oNt9g\"><strong>Maximal komfort och flexibilitet.<\/strong><\/p>\n<p data-key=\"VSbq8\">Den motordrivna s\u00e4ngen Mars \u00e4r idealisk f\u00f6r dem som vill g\u00f6ra sin sovst\u00e4llning riktigt bekv\u00e4m eller som tillbringar en stor del av dagen i s\u00e4ngen. S\u00e4ngens huvud- och fot\u00e4nda kan enkelt justeras med hj\u00e4lp av fj\u00e4rrkontrollen &#8211; v\u00e4lj mellan sladdanslutna eller sladdl\u00f6sa alternativ. <\/p>\n<p data-key=\"kqz27\"><strong>H\u00f6jer rubriken:<\/strong><\/p>\n<ul class=\"list-el\" data-key=\"gVbqS\">\n<li data-key=\"nSYPK\">\n<p data-key=\"iIqgc\">du kan f\u00e5 den perfekta positionen f\u00f6r att l\u00e4sa eller titta p\u00e5 TV<\/p>\n<\/li>\n<li data-key=\"qufY6\">\n<p data-key=\"KqnBU\">det blir l\u00e4ttare att ta sig upp ur s\u00e4ngen<\/p>\n<\/li>\n<li data-key=\"eMhAY\">\n<p data-key=\"QfeLf\">f\u00f6rb\u00e4ttrar s\u00f6mnkvaliteten<\/p>\n<\/li>\n<\/ul>\n<p data-key=\"o3UpU\"><strong>H\u00f6jning av fotg\u00e4ngardelen:<\/strong><\/p>\n<ul class=\"list-el\" data-key=\"apDwe\">\n<li data-key=\"mwDRc\">\n<p data-key=\"OECxX\">f\u00f6rb\u00e4ttrar cirkulationen<\/p>\n<\/li>\n<li data-key=\"vv3j1\">\n<p data-key=\"UN39C\">minskad sp\u00e4nning i benen och nedre delen av ryggen<\/p>\n<\/li>\n<\/ul>\n<p data-key=\"ciNYt\">Mars motors\u00e4ng \u00e4r baserad p\u00e5 en robust motorram (ram 4 \u00d7 8 cm) med en 16 cm pocketfj\u00e4drande madrass (245 fj\u00e4drar\/m\u00b2).<\/p>\n<p data-key=\"sAl8Z\">Madrassen finns i tre olika styvheter (1,8 mm \/ 1,9 mm \/ 2,0 mm tr\u00e5d). Dynan \u00e4r tillverkad av h\u00f6gkvalitativ HR-porolon, vilket ger en st\u00f6djande och bekv\u00e4m yta. <\/p>\n<p data-key=\"ht97X\">L\u00e4gg till en matchande madrass och ben f\u00f6r att skapa en komplett s\u00e4ngl\u00f6sning.<\/p>\n","protected":false},"featured_media":2746,"comment_status":"closed","ping_status":"closed","template":"","meta":{"_acf_changed":false},"product_brand":[],"product_cat":[121],"product_tag":[],"class_list":{"0":"post-2740","1":"product","2":"type-product","3":"status-publish","4":"has-post-thumbnail","6":"product_cat-motoriserade-sangar","8":"first","9":"instock","10":"shipping-taxable","11":"product-type-simple"},"acf":[],"yoast_head":"<!-- This site is optimized with the Yoast SEO Premium plugin v26.0 (Yoast SEO v26.0) - https:\/\/yoast.com\/wordpress\/plugins\/seo\/ -->\n<title>Motoriserad s\u00e4ng Mars - Hypnos<\/title>\n<meta name=\"robots\" content=\"index, follow, max-snippet:-1, max-image-preview:large, max-video-preview:-1\" \/>\n<link rel=\"canonical\" href=\"https:\/\/hypnos.ee\/sv\/produkt\/motoriserad-sang-mars\/\" \/>\n<meta property=\"og:locale\" content=\"sv_SE\" \/>\n<meta property=\"og:type\" content=\"article\" \/>\n<meta property=\"og:title\" content=\"Motoriserad s\u00e4ng Mars\" \/>\n<meta property=\"og:description\" content=\"Maximal komfort och flexibilitet. Den motordrivna s\u00e4ngen Mars \u00e4r idealisk f\u00f6r dem som vill g\u00f6ra sin sovst\u00e4llning riktigt bekv\u00e4m eller som tillbringar en stor del av dagen i s\u00e4ngen. S\u00e4ngens huvud- och fot\u00e4nda kan enkelt justeras med hj\u00e4lp av fj\u00e4rrkontrollen - v\u00e4lj mellan sladdanslutna eller sladdl\u00f6sa alternativ. H\u00f6jer rubriken:   du kan f\u00e5 den perfekta positionen f\u00f6r att l\u00e4sa eller titta p\u00e5 TV   det blir l\u00e4ttare att ta sig upp ur s\u00e4ngen   f\u00f6rb\u00e4ttrar s\u00f6mnkvaliteten  H\u00f6jning av fotg\u00e4ngardelen:   f\u00f6rb\u00e4ttrar cirkulationen   minskad sp\u00e4nning i benen och nedre delen av ryggen  Mars motors\u00e4ng \u00e4r baserad p\u00e5 en robust motorram (ram 4 \u00d7 8 cm) med en 16 cm pocketfj\u00e4drande madrass (245 fj\u00e4drar\/m\u00b2). Madrassen finns i tre olika styvheter (1,8 mm \/ 1,9 mm \/ 2,0 mm tr\u00e5d). Dynan \u00e4r tillverkad av h\u00f6gkvalitativ HR-porolon, vilket ger en st\u00f6djande och bekv\u00e4m yta. L\u00e4gg till en matchande madrass och ben f\u00f6r att skapa en komplett s\u00e4ngl\u00f6sning.\" \/>\n<meta property=\"og:url\" content=\"https:\/\/hypnos.ee\/sv\/produkt\/motoriserad-sang-mars\/\" \/>\n<meta property=\"og:site_name\" content=\"Hypnos\" \/>\n<meta property=\"og:image\" content=\"https:\/\/hypnos.ee\/wp-content\/uploads\/2025\/03\/AM_Motorbed_Inari91_HB_StandardSingle_Opened-scaled.jpg\" \/>\n\t<meta property=\"og:image:width\" content=\"2560\" \/>\n\t<meta property=\"og:image:height\" content=\"1709\" \/>\n\t<meta property=\"og:image:type\" content=\"image\/jpeg\" \/>\n<meta name=\"twitter:card\" content=\"summary_large_image\" \/>\n<script type=\"application\/ld+json\" class=\"yoast-schema-graph\">{\"@context\":\"https:\/\/schema.org\",\"@graph\":[{\"@type\":\"WebPage\",\"@id\":\"https:\/\/hypnos.ee\/sv\/produkt\/motoriserad-sang-mars\/\",\"url\":\"https:\/\/hypnos.ee\/sv\/produkt\/motoriserad-sang-mars\/\",\"name\":\"Motoriserad s\u00e4ng Mars - Hypnos\",\"isPartOf\":{\"@id\":\"https:\/\/hypnos.ee\/sv\/#website\"},\"primaryImageOfPage\":{\"@id\":\"https:\/\/hypnos.ee\/sv\/produkt\/motoriserad-sang-mars\/#primaryimage\"},\"image\":{\"@id\":\"https:\/\/hypnos.ee\/sv\/produkt\/motoriserad-sang-mars\/#primaryimage\"},\"thumbnailUrl\":\"https:\/\/hypnos.ee\/wp-content\/uploads\/2025\/03\/AM_Motorbed_Inari91_HB_StandardSingle_Opened-scaled.jpg\",\"datePublished\":\"2025-03-26T12:34:14+00:00\",\"breadcrumb\":{\"@id\":\"https:\/\/hypnos.ee\/sv\/produkt\/motoriserad-sang-mars\/#breadcrumb\"},\"inLanguage\":\"sv-SE\",\"potentialAction\":[{\"@type\":\"ReadAction\",\"target\":[\"https:\/\/hypnos.ee\/sv\/produkt\/motoriserad-sang-mars\/\"]}]},{\"@type\":\"ImageObject\",\"inLanguage\":\"sv-SE\",\"@id\":\"https:\/\/hypnos.ee\/sv\/produkt\/motoriserad-sang-mars\/#primaryimage\",\"url\":\"https:\/\/hypnos.ee\/wp-content\/uploads\/2025\/03\/AM_Motorbed_Inari91_HB_StandardSingle_Opened-scaled.jpg\",\"contentUrl\":\"https:\/\/hypnos.ee\/wp-content\/uploads\/2025\/03\/AM_Motorbed_Inari91_HB_StandardSingle_Opened-scaled.jpg\",\"width\":2560,\"height\":1709},{\"@type\":\"BreadcrumbList\",\"@id\":\"https:\/\/hypnos.ee\/sv\/produkt\/motoriserad-sang-mars\/#breadcrumb\",\"itemListElement\":[{\"@type\":\"ListItem\",\"position\":1,\"name\":\"Home\",\"item\":\"https:\/\/hypnos.ee\/sv\/\"},{\"@type\":\"ListItem\",\"position\":2,\"name\":\"Produkter\",\"item\":\"https:\/\/hypnos.ee\/tooted\/\"},{\"@type\":\"ListItem\",\"position\":3,\"name\":\"Motoriserad s\u00e4ng Mars\"}]},{\"@type\":\"WebSite\",\"@id\":\"https:\/\/hypnos.ee\/sv\/#website\",\"url\":\"https:\/\/hypnos.ee\/sv\/\",\"name\":\"Hypnos\",\"description\":\"T\u00f5stame unekogemust\",\"publisher\":{\"@id\":\"https:\/\/hypnos.ee\/sv\/#organization\"},\"potentialAction\":[{\"@type\":\"SearchAction\",\"target\":{\"@type\":\"EntryPoint\",\"urlTemplate\":\"https:\/\/hypnos.ee\/sv\/?s={search_term_string}\"},\"query-input\":{\"@type\":\"PropertyValueSpecification\",\"valueRequired\":true,\"valueName\":\"search_term_string\"}}],\"inLanguage\":\"sv-SE\"},{\"@type\":\"Organization\",\"@id\":\"https:\/\/hypnos.ee\/sv\/#organization\",\"name\":\"Hypnos\",\"url\":\"https:\/\/hypnos.ee\/sv\/\",\"logo\":{\"@type\":\"ImageObject\",\"inLanguage\":\"sv-SE\",\"@id\":\"https:\/\/hypnos.ee\/sv\/#\/schema\/logo\/image\/\",\"url\":\"https:\/\/hypnos.ee\/wp-content\/uploads\/2025\/06\/cropped-Hypnos-fa.png\",\"contentUrl\":\"https:\/\/hypnos.ee\/wp-content\/uploads\/2025\/06\/cropped-Hypnos-fa.png\",\"width\":512,\"height\":512,\"caption\":\"Hypnos\"},\"image\":{\"@id\":\"https:\/\/hypnos.ee\/sv\/#\/schema\/logo\/image\/\"}}]}<\/script>\n<!-- \/ Yoast SEO Premium plugin. -->","yoast_head_json":{"title":"Motoriserad s\u00e4ng Mars - Hypnos","robots":{"index":"index","follow":"follow","max-snippet":"max-snippet:-1","max-image-preview":"max-image-preview:large","max-video-preview":"max-video-preview:-1"},"canonical":"https:\/\/hypnos.ee\/sv\/produkt\/motoriserad-sang-mars\/","og_locale":"sv_SE","og_type":"article","og_title":"Motoriserad s\u00e4ng Mars","og_description":"Maximal komfort och flexibilitet. Den motordrivna s\u00e4ngen Mars \u00e4r idealisk f\u00f6r dem som vill g\u00f6ra sin sovst\u00e4llning riktigt bekv\u00e4m eller som tillbringar en stor del av dagen i s\u00e4ngen. S\u00e4ngens huvud- och fot\u00e4nda kan enkelt justeras med hj\u00e4lp av fj\u00e4rrkontrollen - v\u00e4lj mellan sladdanslutna eller sladdl\u00f6sa alternativ. H\u00f6jer rubriken:   du kan f\u00e5 den perfekta positionen f\u00f6r att l\u00e4sa eller titta p\u00e5 TV   det blir l\u00e4ttare att ta sig upp ur s\u00e4ngen   f\u00f6rb\u00e4ttrar s\u00f6mnkvaliteten  H\u00f6jning av fotg\u00e4ngardelen:   f\u00f6rb\u00e4ttrar cirkulationen   minskad sp\u00e4nning i benen och nedre delen av ryggen  Mars motors\u00e4ng \u00e4r baserad p\u00e5 en robust motorram (ram 4 \u00d7 8 cm) med en 16 cm pocketfj\u00e4drande madrass (245 fj\u00e4drar\/m\u00b2). Madrassen finns i tre olika styvheter (1,8 mm \/ 1,9 mm \/ 2,0 mm tr\u00e5d). Dynan \u00e4r tillverkad av h\u00f6gkvalitativ HR-porolon, vilket ger en st\u00f6djande och bekv\u00e4m yta. L\u00e4gg till en matchande madrass och ben f\u00f6r att skapa en komplett s\u00e4ngl\u00f6sning.","og_url":"https:\/\/hypnos.ee\/sv\/produkt\/motoriserad-sang-mars\/","og_site_name":"Hypnos","og_image":[{"width":2560,"height":1709,"url":"https:\/\/hypnos.ee\/wp-content\/uploads\/2025\/03\/AM_Motorbed_Inari91_HB_StandardSingle_Opened-scaled.jpg","type":"image\/jpeg"}],"twitter_card":"summary_large_image","schema":{"@context":"https:\/\/schema.org","@graph":[{"@type":"WebPage","@id":"https:\/\/hypnos.ee\/sv\/produkt\/motoriserad-sang-mars\/","url":"https:\/\/hypnos.ee\/sv\/produkt\/motoriserad-sang-mars\/","name":"Motoriserad s\u00e4ng Mars - Hypnos","isPartOf":{"@id":"https:\/\/hypnos.ee\/sv\/#website"},"primaryImageOfPage":{"@id":"https:\/\/hypnos.ee\/sv\/produkt\/motoriserad-sang-mars\/#primaryimage"},"image":{"@id":"https:\/\/hypnos.ee\/sv\/produkt\/motoriserad-sang-mars\/#primaryimage"},"thumbnailUrl":"https:\/\/hypnos.ee\/wp-content\/uploads\/2025\/03\/AM_Motorbed_Inari91_HB_StandardSingle_Opened-scaled.jpg","datePublished":"2025-03-26T12:34:14+00:00","breadcrumb":{"@id":"https:\/\/hypnos.ee\/sv\/produkt\/motoriserad-sang-mars\/#breadcrumb"},"inLanguage":"sv-SE","potentialAction":[{"@type":"ReadAction","target":["https:\/\/hypnos.ee\/sv\/produkt\/motoriserad-sang-mars\/"]}]},{"@type":"ImageObject","inLanguage":"sv-SE","@id":"https:\/\/hypnos.ee\/sv\/produkt\/motoriserad-sang-mars\/#primaryimage","url":"https:\/\/hypnos.ee\/wp-content\/uploads\/2025\/03\/AM_Motorbed_Inari91_HB_StandardSingle_Opened-scaled.jpg","contentUrl":"https:\/\/hypnos.ee\/wp-content\/uploads\/2025\/03\/AM_Motorbed_Inari91_HB_StandardSingle_Opened-scaled.jpg","width":2560,"height":1709},{"@type":"BreadcrumbList","@id":"https:\/\/hypnos.ee\/sv\/produkt\/motoriserad-sang-mars\/#breadcrumb","itemListElement":[{"@type":"ListItem","position":1,"name":"Home","item":"https:\/\/hypnos.ee\/sv\/"},{"@type":"ListItem","position":2,"name":"Produkter","item":"https:\/\/hypnos.ee\/tooted\/"},{"@type":"ListItem","position":3,"name":"Motoriserad s\u00e4ng Mars"}]},{"@type":"WebSite","@id":"https:\/\/hypnos.ee\/sv\/#website","url":"https:\/\/hypnos.ee\/sv\/","name":"Hypnos","description":"T\u00f5stame unekogemust","publisher":{"@id":"https:\/\/hypnos.ee\/sv\/#organization"},"potentialAction":[{"@type":"SearchAction","target":{"@type":"EntryPoint","urlTemplate":"https:\/\/hypnos.ee\/sv\/?s={search_term_string}"},"query-input":{"@type":"PropertyValueSpecification","valueRequired":true,"valueName":"search_term_string"}}],"inLanguage":"sv-SE"},{"@type":"Organization","@id":"https:\/\/hypnos.ee\/sv\/#organization","name":"Hypnos","url":"https:\/\/hypnos.ee\/sv\/","logo":{"@type":"ImageObject","inLanguage":"sv-SE","@id":"https:\/\/hypnos.ee\/sv\/#\/schema\/logo\/image\/","url":"https:\/\/hypnos.ee\/wp-content\/uploads\/2025\/06\/cropped-Hypnos-fa.png","contentUrl":"https:\/\/hypnos.ee\/wp-content\/uploads\/2025\/06\/cropped-Hypnos-fa.png","width":512,"height":512,"caption":"Hypnos"},"image":{"@id":"https:\/\/hypnos.ee\/sv\/#\/schema\/logo\/image\/"}}]}},"_links":{"self":[{"href":"https:\/\/hypnos.ee\/sv\/wp-json\/wp\/v2\/product\/2740","targetHints":{"allow":["GET"]}}],"collection":[{"href":"https:\/\/hypnos.ee\/sv\/wp-json\/wp\/v2\/product"}],"about":[{"href":"https:\/\/hypnos.ee\/sv\/wp-json\/wp\/v2\/types\/product"}],"replies":[{"embeddable":true,"href":"https:\/\/hypnos.ee\/sv\/wp-json\/wp\/v2\/comments?post=2740"}],"wp:featuredmedia":[{"embeddable":true,"href":"https:\/\/hypnos.ee\/sv\/wp-json\/wp\/v2\/media\/2746"}],"wp:attachment":[{"href":"https:\/\/hypnos.ee\/sv\/wp-json\/wp\/v2\/media?parent=2740"}],"wp:term":[{"taxonomy":"product_brand","embeddable":true,"href":"https:\/\/hypnos.ee\/sv\/wp-json\/wp\/v2\/product_brand?post=2740"},{"taxonomy":"product_cat","embeddable":true,"href":"https:\/\/hypnos.ee\/sv\/wp-json\/wp\/v2\/product_cat?post=2740"},{"taxonomy":"product_tag","embeddable":true,"href":"https:\/\/hypnos.ee\/sv\/wp-json\/wp\/v2\/product_tag?post=2740"}],"curies":[{"name":"wp","href":"https:\/\/api.w.org\/{rel}","templated":true}]}}