{"id":2727,"date":"2025-03-26T14:38:27","date_gmt":"2025-03-26T12:38:27","guid":{"rendered":"https:\/\/hypnos.ee\/toode\/pandora-kontinental-sang\/"},"modified":"2025-03-26T14:38:27","modified_gmt":"2025-03-26T12:38:27","slug":"pandora-kontinental-sang","status":"publish","type":"product","link":"https:\/\/hypnos.ee\/sv\/produkt\/pandora-kontinental-sang\/","title":{"rendered":"Pandora kontinental s\u00e4ng"},"content":{"rendered":"","protected":false},"excerpt":{"rendered":"<p data-start=\"287\" data-end=\"356\"><strong data-start=\"287\" data-end=\"356\">Komfort, smart och stil i en och samma s\u00e4ng<\/strong><\/p>\n<p data-start=\"358\" data-end=\"673\">Pandora kontinentals\u00e4ng \u00e4r ett praktiskt och h\u00e5llbart val f\u00f6r dig som vill ha en bekv\u00e4m sovplats med m\u00e5nga extrafunktioner. S\u00e4ngen best\u00e5r av tv\u00e5 robusta s\u00e4ngbottnar tillverkade av melaminbelagd sp\u00e5nskiva &#8211; den perfekta l\u00f6sningen om du beh\u00f6ver extra utrymme f\u00f6r f\u00f6rvaring av s\u00e4ngkl\u00e4der eller andra f\u00f6rem\u00e5l. <\/p>\n<p data-start=\"675\" data-end=\"868\">Den dubbla upph\u00e4ngningen (nedre mini-bonnet och \u00f6vre pocketupph\u00e4ngning) garanterar kroppsst\u00f6djande och l\u00e5ngvarig komfort. Pandora kontinentals\u00e4ng finns i tre olika styvheter &#8211; v\u00e4lj den som passar dig! <\/p>\n<p data-start=\"870\" data-end=\"1009\">Kan f\u00e5s med standard eller pneumatisk lyftmekanism, som \u00f6ppnar och st\u00e4nger mjukt och tyst (utom 70&#215;200 och 140&#215;200).<\/p>\n<p data-start=\"1011\" data-end=\"1117\">S\u00e4ngen \u00e4r kl\u00e4dd i slitstarkt m\u00f6beltyg eller konstl\u00e4der, perfekt f\u00f6r alla sovrum.<\/p>\n<p data-start=\"1119\" data-end=\"1282\">Komplettera Pandora-s\u00e4ngen med ett matchande <strong data-start=\"1149\" data-end=\"1168\">madrasskydd<\/strong> och l\u00e4gg till en s\u00e4nggavel i samma tyg f\u00f6r att skapa en sammanh\u00e4ngande och snygg l\u00f6sning. Du hittar alternativen f\u00f6r s\u00e4nggaveln under &#8221;S\u00e4ngtillbeh\u00f6r&#8221;. <\/p>\n","protected":false},"featured_media":2728,"comment_status":"closed","ping_status":"closed","template":"","meta":{"_acf_changed":false},"product_brand":[],"product_cat":[85,106],"product_tag":[],"class_list":{"0":"post-2727","1":"product","2":"type-product","3":"status-publish","4":"has-post-thumbnail","6":"product_cat-kontinentalbaddar","7":"product_cat-sangar-med-tvattstuga","9":"first","10":"instock","11":"shipping-taxable","12":"product-type-simple"},"acf":[],"yoast_head":"<!-- This site is optimized with the Yoast SEO Premium plugin v26.0 (Yoast SEO v26.0) - https:\/\/yoast.com\/wordpress\/plugins\/seo\/ -->\n<title>Pandora kontinental s\u00e4ng - Hypnos<\/title>\n<meta name=\"robots\" content=\"index, follow, max-snippet:-1, max-image-preview:large, max-video-preview:-1\" \/>\n<link rel=\"canonical\" href=\"https:\/\/hypnos.ee\/sv\/produkt\/pandora-kontinental-sang\/\" \/>\n<meta property=\"og:locale\" content=\"sv_SE\" \/>\n<meta property=\"og:type\" content=\"article\" \/>\n<meta property=\"og:title\" content=\"Pandora kontinental s\u00e4ng\" \/>\n<meta property=\"og:description\" content=\"Komfort, smart och stil i en och samma s\u00e4ng Pandora kontinentals\u00e4ng \u00e4r ett praktiskt och h\u00e5llbart val f\u00f6r dig som vill ha en bekv\u00e4m sovplats med m\u00e5nga extrafunktioner. S\u00e4ngen best\u00e5r av tv\u00e5 robusta s\u00e4ngbottnar tillverkade av melaminbelagd sp\u00e5nskiva - den perfekta l\u00f6sningen om du beh\u00f6ver extra utrymme f\u00f6r f\u00f6rvaring av s\u00e4ngkl\u00e4der eller andra f\u00f6rem\u00e5l. Den dubbla upph\u00e4ngningen (nedre mini-bonnet och \u00f6vre pocketupph\u00e4ngning) garanterar kroppsst\u00f6djande och l\u00e5ngvarig komfort. Pandora kontinentals\u00e4ng finns i tre olika styvheter - v\u00e4lj den som passar dig! Kan f\u00e5s med standard eller pneumatisk lyftmekanism, som \u00f6ppnar och st\u00e4nger mjukt och tyst (utom 70x200 och 140x200). S\u00e4ngen \u00e4r kl\u00e4dd i slitstarkt m\u00f6beltyg eller konstl\u00e4der, perfekt f\u00f6r alla sovrum. Komplettera Pandora-s\u00e4ngen med ett matchande madrasskydd och l\u00e4gg till en s\u00e4nggavel i samma tyg f\u00f6r att skapa en sammanh\u00e4ngande och snygg l\u00f6sning. Du hittar alternativen f\u00f6r s\u00e4nggaveln under &quot;S\u00e4ngtillbeh\u00f6r&quot;.\" \/>\n<meta property=\"og:url\" content=\"https:\/\/hypnos.ee\/sv\/produkt\/pandora-kontinental-sang\/\" \/>\n<meta property=\"og:site_name\" content=\"Hypnos\" \/>\n<meta property=\"og:image\" content=\"https:\/\/hypnos.ee\/wp-content\/uploads\/2025\/03\/kontinentaalvoodi-kastiga_f_1_590_1.jpg\" \/>\n\t<meta property=\"og:image:width\" content=\"590\" \/>\n\t<meta property=\"og:image:height\" content=\"389\" \/>\n\t<meta property=\"og:image:type\" content=\"image\/jpeg\" \/>\n<meta name=\"twitter:card\" content=\"summary_large_image\" \/>\n<script type=\"application\/ld+json\" class=\"yoast-schema-graph\">{\"@context\":\"https:\/\/schema.org\",\"@graph\":[{\"@type\":\"WebPage\",\"@id\":\"https:\/\/hypnos.ee\/sv\/produkt\/pandora-kontinental-sang\/\",\"url\":\"https:\/\/hypnos.ee\/sv\/produkt\/pandora-kontinental-sang\/\",\"name\":\"Pandora kontinental s\u00e4ng - Hypnos\",\"isPartOf\":{\"@id\":\"https:\/\/hypnos.ee\/sv\/#website\"},\"primaryImageOfPage\":{\"@id\":\"https:\/\/hypnos.ee\/sv\/produkt\/pandora-kontinental-sang\/#primaryimage\"},\"image\":{\"@id\":\"https:\/\/hypnos.ee\/sv\/produkt\/pandora-kontinental-sang\/#primaryimage\"},\"thumbnailUrl\":\"https:\/\/hypnos.ee\/wp-content\/uploads\/2025\/03\/kontinentaalvoodi-kastiga_f_1_590_1.jpg\",\"datePublished\":\"2025-03-26T12:38:27+00:00\",\"breadcrumb\":{\"@id\":\"https:\/\/hypnos.ee\/sv\/produkt\/pandora-kontinental-sang\/#breadcrumb\"},\"inLanguage\":\"sv-SE\",\"potentialAction\":[{\"@type\":\"ReadAction\",\"target\":[\"https:\/\/hypnos.ee\/sv\/produkt\/pandora-kontinental-sang\/\"]}]},{\"@type\":\"ImageObject\",\"inLanguage\":\"sv-SE\",\"@id\":\"https:\/\/hypnos.ee\/sv\/produkt\/pandora-kontinental-sang\/#primaryimage\",\"url\":\"https:\/\/hypnos.ee\/wp-content\/uploads\/2025\/03\/kontinentaalvoodi-kastiga_f_1_590_1.jpg\",\"contentUrl\":\"https:\/\/hypnos.ee\/wp-content\/uploads\/2025\/03\/kontinentaalvoodi-kastiga_f_1_590_1.jpg\",\"width\":590,\"height\":389},{\"@type\":\"BreadcrumbList\",\"@id\":\"https:\/\/hypnos.ee\/sv\/produkt\/pandora-kontinental-sang\/#breadcrumb\",\"itemListElement\":[{\"@type\":\"ListItem\",\"position\":1,\"name\":\"Home\",\"item\":\"https:\/\/hypnos.ee\/sv\/\"},{\"@type\":\"ListItem\",\"position\":2,\"name\":\"Produkter\",\"item\":\"https:\/\/hypnos.ee\/tooted\/\"},{\"@type\":\"ListItem\",\"position\":3,\"name\":\"Pandora kontinental s\u00e4ng\"}]},{\"@type\":\"WebSite\",\"@id\":\"https:\/\/hypnos.ee\/sv\/#website\",\"url\":\"https:\/\/hypnos.ee\/sv\/\",\"name\":\"Hypnos\",\"description\":\"T\u00f5stame unekogemust\",\"publisher\":{\"@id\":\"https:\/\/hypnos.ee\/sv\/#organization\"},\"potentialAction\":[{\"@type\":\"SearchAction\",\"target\":{\"@type\":\"EntryPoint\",\"urlTemplate\":\"https:\/\/hypnos.ee\/sv\/?s={search_term_string}\"},\"query-input\":{\"@type\":\"PropertyValueSpecification\",\"valueRequired\":true,\"valueName\":\"search_term_string\"}}],\"inLanguage\":\"sv-SE\"},{\"@type\":\"Organization\",\"@id\":\"https:\/\/hypnos.ee\/sv\/#organization\",\"name\":\"Hypnos\",\"url\":\"https:\/\/hypnos.ee\/sv\/\",\"logo\":{\"@type\":\"ImageObject\",\"inLanguage\":\"sv-SE\",\"@id\":\"https:\/\/hypnos.ee\/sv\/#\/schema\/logo\/image\/\",\"url\":\"https:\/\/hypnos.ee\/wp-content\/uploads\/2025\/06\/cropped-Hypnos-fa.png\",\"contentUrl\":\"https:\/\/hypnos.ee\/wp-content\/uploads\/2025\/06\/cropped-Hypnos-fa.png\",\"width\":512,\"height\":512,\"caption\":\"Hypnos\"},\"image\":{\"@id\":\"https:\/\/hypnos.ee\/sv\/#\/schema\/logo\/image\/\"}}]}<\/script>\n<!-- \/ Yoast SEO Premium plugin. -->","yoast_head_json":{"title":"Pandora kontinental s\u00e4ng - Hypnos","robots":{"index":"index","follow":"follow","max-snippet":"max-snippet:-1","max-image-preview":"max-image-preview:large","max-video-preview":"max-video-preview:-1"},"canonical":"https:\/\/hypnos.ee\/sv\/produkt\/pandora-kontinental-sang\/","og_locale":"sv_SE","og_type":"article","og_title":"Pandora kontinental s\u00e4ng","og_description":"Komfort, smart och stil i en och samma s\u00e4ng Pandora kontinentals\u00e4ng \u00e4r ett praktiskt och h\u00e5llbart val f\u00f6r dig som vill ha en bekv\u00e4m sovplats med m\u00e5nga extrafunktioner. S\u00e4ngen best\u00e5r av tv\u00e5 robusta s\u00e4ngbottnar tillverkade av melaminbelagd sp\u00e5nskiva - den perfekta l\u00f6sningen om du beh\u00f6ver extra utrymme f\u00f6r f\u00f6rvaring av s\u00e4ngkl\u00e4der eller andra f\u00f6rem\u00e5l. Den dubbla upph\u00e4ngningen (nedre mini-bonnet och \u00f6vre pocketupph\u00e4ngning) garanterar kroppsst\u00f6djande och l\u00e5ngvarig komfort. Pandora kontinentals\u00e4ng finns i tre olika styvheter - v\u00e4lj den som passar dig! Kan f\u00e5s med standard eller pneumatisk lyftmekanism, som \u00f6ppnar och st\u00e4nger mjukt och tyst (utom 70x200 och 140x200). S\u00e4ngen \u00e4r kl\u00e4dd i slitstarkt m\u00f6beltyg eller konstl\u00e4der, perfekt f\u00f6r alla sovrum. Komplettera Pandora-s\u00e4ngen med ett matchande madrasskydd och l\u00e4gg till en s\u00e4nggavel i samma tyg f\u00f6r att skapa en sammanh\u00e4ngande och snygg l\u00f6sning. Du hittar alternativen f\u00f6r s\u00e4nggaveln under \"S\u00e4ngtillbeh\u00f6r\".","og_url":"https:\/\/hypnos.ee\/sv\/produkt\/pandora-kontinental-sang\/","og_site_name":"Hypnos","og_image":[{"width":590,"height":389,"url":"https:\/\/hypnos.ee\/wp-content\/uploads\/2025\/03\/kontinentaalvoodi-kastiga_f_1_590_1.jpg","type":"image\/jpeg"}],"twitter_card":"summary_large_image","schema":{"@context":"https:\/\/schema.org","@graph":[{"@type":"WebPage","@id":"https:\/\/hypnos.ee\/sv\/produkt\/pandora-kontinental-sang\/","url":"https:\/\/hypnos.ee\/sv\/produkt\/pandora-kontinental-sang\/","name":"Pandora kontinental s\u00e4ng - Hypnos","isPartOf":{"@id":"https:\/\/hypnos.ee\/sv\/#website"},"primaryImageOfPage":{"@id":"https:\/\/hypnos.ee\/sv\/produkt\/pandora-kontinental-sang\/#primaryimage"},"image":{"@id":"https:\/\/hypnos.ee\/sv\/produkt\/pandora-kontinental-sang\/#primaryimage"},"thumbnailUrl":"https:\/\/hypnos.ee\/wp-content\/uploads\/2025\/03\/kontinentaalvoodi-kastiga_f_1_590_1.jpg","datePublished":"2025-03-26T12:38:27+00:00","breadcrumb":{"@id":"https:\/\/hypnos.ee\/sv\/produkt\/pandora-kontinental-sang\/#breadcrumb"},"inLanguage":"sv-SE","potentialAction":[{"@type":"ReadAction","target":["https:\/\/hypnos.ee\/sv\/produkt\/pandora-kontinental-sang\/"]}]},{"@type":"ImageObject","inLanguage":"sv-SE","@id":"https:\/\/hypnos.ee\/sv\/produkt\/pandora-kontinental-sang\/#primaryimage","url":"https:\/\/hypnos.ee\/wp-content\/uploads\/2025\/03\/kontinentaalvoodi-kastiga_f_1_590_1.jpg","contentUrl":"https:\/\/hypnos.ee\/wp-content\/uploads\/2025\/03\/kontinentaalvoodi-kastiga_f_1_590_1.jpg","width":590,"height":389},{"@type":"BreadcrumbList","@id":"https:\/\/hypnos.ee\/sv\/produkt\/pandora-kontinental-sang\/#breadcrumb","itemListElement":[{"@type":"ListItem","position":1,"name":"Home","item":"https:\/\/hypnos.ee\/sv\/"},{"@type":"ListItem","position":2,"name":"Produkter","item":"https:\/\/hypnos.ee\/tooted\/"},{"@type":"ListItem","position":3,"name":"Pandora kontinental s\u00e4ng"}]},{"@type":"WebSite","@id":"https:\/\/hypnos.ee\/sv\/#website","url":"https:\/\/hypnos.ee\/sv\/","name":"Hypnos","description":"T\u00f5stame unekogemust","publisher":{"@id":"https:\/\/hypnos.ee\/sv\/#organization"},"potentialAction":[{"@type":"SearchAction","target":{"@type":"EntryPoint","urlTemplate":"https:\/\/hypnos.ee\/sv\/?s={search_term_string}"},"query-input":{"@type":"PropertyValueSpecification","valueRequired":true,"valueName":"search_term_string"}}],"inLanguage":"sv-SE"},{"@type":"Organization","@id":"https:\/\/hypnos.ee\/sv\/#organization","name":"Hypnos","url":"https:\/\/hypnos.ee\/sv\/","logo":{"@type":"ImageObject","inLanguage":"sv-SE","@id":"https:\/\/hypnos.ee\/sv\/#\/schema\/logo\/image\/","url":"https:\/\/hypnos.ee\/wp-content\/uploads\/2025\/06\/cropped-Hypnos-fa.png","contentUrl":"https:\/\/hypnos.ee\/wp-content\/uploads\/2025\/06\/cropped-Hypnos-fa.png","width":512,"height":512,"caption":"Hypnos"},"image":{"@id":"https:\/\/hypnos.ee\/sv\/#\/schema\/logo\/image\/"}}]}},"_links":{"self":[{"href":"https:\/\/hypnos.ee\/sv\/wp-json\/wp\/v2\/product\/2727","targetHints":{"allow":["GET"]}}],"collection":[{"href":"https:\/\/hypnos.ee\/sv\/wp-json\/wp\/v2\/product"}],"about":[{"href":"https:\/\/hypnos.ee\/sv\/wp-json\/wp\/v2\/types\/product"}],"replies":[{"embeddable":true,"href":"https:\/\/hypnos.ee\/sv\/wp-json\/wp\/v2\/comments?post=2727"}],"wp:featuredmedia":[{"embeddable":true,"href":"https:\/\/hypnos.ee\/sv\/wp-json\/wp\/v2\/media\/2728"}],"wp:attachment":[{"href":"https:\/\/hypnos.ee\/sv\/wp-json\/wp\/v2\/media?parent=2727"}],"wp:term":[{"taxonomy":"product_brand","embeddable":true,"href":"https:\/\/hypnos.ee\/sv\/wp-json\/wp\/v2\/product_brand?post=2727"},{"taxonomy":"product_cat","embeddable":true,"href":"https:\/\/hypnos.ee\/sv\/wp-json\/wp\/v2\/product_cat?post=2727"},{"taxonomy":"product_tag","embeddable":true,"href":"https:\/\/hypnos.ee\/sv\/wp-json\/wp\/v2\/product_tag?post=2727"}],"curies":[{"name":"wp","href":"https:\/\/api.w.org\/{rel}","templated":true}]}}