{"id":2477,"date":"2025-05-08T09:48:06","date_gmt":"2025-05-08T06:48:06","guid":{"rendered":"https:\/\/hypnos.ee\/toode\/hermes-motorbadd\/"},"modified":"2025-05-08T09:48:06","modified_gmt":"2025-05-08T06:48:06","slug":"hermes-motorbadd","status":"publish","type":"product","link":"https:\/\/hypnos.ee\/sv\/produkt\/hermes-motorbadd\/","title":{"rendered":"Hermes motorb\u00e4dd"},"content":{"rendered":"","protected":false},"excerpt":{"rendered":"<p data-key=\"iT57p\"><strong>Exklusiv komfort, exakt justering och stark dubbel fj\u00e4dring.<\/strong><\/p>\n<p data-key=\"F4gGE\">Den motoriserade s\u00e4ngen Hermes \u00e4r en avancerad l\u00f6sning som kombinerar ett justerbart huvud- och fotst\u00f6d, en h\u00e5llbar konstruktion och dubbla pocketfj\u00e4drar f\u00f6r b\u00e4sta st\u00f6d och s\u00f6mn. Perfekt f\u00f6r anv\u00e4ndare som uppskattar anpassningsbar komfort och h\u00f6gkvalitativa ytbehandlingar. <\/p>\n<p data-key=\"iUohB\">Hermes best\u00e5r av en motoriskt justerbar s\u00e4ngram och en dubbel res\u00e5rmadrass.<\/p>\n<p data-key=\"npkI4\">\n","protected":false},"featured_media":2478,"comment_status":"closed","ping_status":"closed","template":"","meta":{"_acf_changed":false},"product_brand":[],"product_cat":[121],"product_tag":[],"class_list":{"0":"post-2477","1":"product","2":"type-product","3":"status-publish","4":"has-post-thumbnail","6":"product_cat-motoriserade-sangar","8":"first","9":"instock","10":"shipping-taxable","11":"product-type-simple"},"acf":[],"yoast_head":"<!-- This site is optimized with the Yoast SEO Premium plugin v26.0 (Yoast SEO v26.0) - https:\/\/yoast.com\/wordpress\/plugins\/seo\/ -->\n<title>Hermes motorb\u00e4dd - Hypnos<\/title>\n<meta name=\"robots\" content=\"index, follow, max-snippet:-1, max-image-preview:large, max-video-preview:-1\" \/>\n<link rel=\"canonical\" href=\"https:\/\/hypnos.ee\/sv\/produkt\/hermes-motorbadd\/\" \/>\n<meta property=\"og:locale\" content=\"sv_SE\" \/>\n<meta property=\"og:type\" content=\"article\" \/>\n<meta property=\"og:title\" content=\"Hermes motorb\u00e4dd\" \/>\n<meta property=\"og:description\" content=\"Exklusiv komfort, exakt justering och stark dubbel fj\u00e4dring. Den motoriserade s\u00e4ngen Hermes \u00e4r en avancerad l\u00f6sning som kombinerar ett justerbart huvud- och fotst\u00f6d, en h\u00e5llbar konstruktion och dubbla pocketfj\u00e4drar f\u00f6r b\u00e4sta st\u00f6d och s\u00f6mn. Perfekt f\u00f6r anv\u00e4ndare som uppskattar anpassningsbar komfort och h\u00f6gkvalitativa ytbehandlingar. Hermes best\u00e5r av en motoriskt justerbar s\u00e4ngram och en dubbel res\u00e5rmadrass.\" \/>\n<meta property=\"og:url\" content=\"https:\/\/hypnos.ee\/sv\/produkt\/hermes-motorbadd\/\" \/>\n<meta property=\"og:site_name\" content=\"Hypnos\" \/>\n<meta property=\"og:image\" content=\"https:\/\/hypnos.ee\/wp-content\/uploads\/2025\/05\/Uniline_Motorbed_Monolith85_120_HB_Windsor_Tups_Opened-scaled.jpg\" \/>\n\t<meta property=\"og:image:width\" content=\"2560\" \/>\n\t<meta property=\"og:image:height\" content=\"1709\" \/>\n\t<meta property=\"og:image:type\" content=\"image\/jpeg\" \/>\n<meta name=\"twitter:card\" content=\"summary_large_image\" \/>\n<script type=\"application\/ld+json\" class=\"yoast-schema-graph\">{\"@context\":\"https:\/\/schema.org\",\"@graph\":[{\"@type\":\"WebPage\",\"@id\":\"https:\/\/hypnos.ee\/sv\/produkt\/hermes-motorbadd\/\",\"url\":\"https:\/\/hypnos.ee\/sv\/produkt\/hermes-motorbadd\/\",\"name\":\"Hermes motorb\u00e4dd - Hypnos\",\"isPartOf\":{\"@id\":\"https:\/\/hypnos.ee\/sv\/#website\"},\"primaryImageOfPage\":{\"@id\":\"https:\/\/hypnos.ee\/sv\/produkt\/hermes-motorbadd\/#primaryimage\"},\"image\":{\"@id\":\"https:\/\/hypnos.ee\/sv\/produkt\/hermes-motorbadd\/#primaryimage\"},\"thumbnailUrl\":\"https:\/\/hypnos.ee\/wp-content\/uploads\/2025\/05\/Uniline_Motorbed_Monolith85_120_HB_Windsor_Tups_Opened-scaled.jpg\",\"datePublished\":\"2025-05-08T06:48:06+00:00\",\"breadcrumb\":{\"@id\":\"https:\/\/hypnos.ee\/sv\/produkt\/hermes-motorbadd\/#breadcrumb\"},\"inLanguage\":\"sv-SE\",\"potentialAction\":[{\"@type\":\"ReadAction\",\"target\":[\"https:\/\/hypnos.ee\/sv\/produkt\/hermes-motorbadd\/\"]}]},{\"@type\":\"ImageObject\",\"inLanguage\":\"sv-SE\",\"@id\":\"https:\/\/hypnos.ee\/sv\/produkt\/hermes-motorbadd\/#primaryimage\",\"url\":\"https:\/\/hypnos.ee\/wp-content\/uploads\/2025\/05\/Uniline_Motorbed_Monolith85_120_HB_Windsor_Tups_Opened-scaled.jpg\",\"contentUrl\":\"https:\/\/hypnos.ee\/wp-content\/uploads\/2025\/05\/Uniline_Motorbed_Monolith85_120_HB_Windsor_Tups_Opened-scaled.jpg\",\"width\":2560,\"height\":1709},{\"@type\":\"BreadcrumbList\",\"@id\":\"https:\/\/hypnos.ee\/sv\/produkt\/hermes-motorbadd\/#breadcrumb\",\"itemListElement\":[{\"@type\":\"ListItem\",\"position\":1,\"name\":\"Home\",\"item\":\"https:\/\/hypnos.ee\/sv\/\"},{\"@type\":\"ListItem\",\"position\":2,\"name\":\"Produkter\",\"item\":\"https:\/\/hypnos.ee\/tooted\/\"},{\"@type\":\"ListItem\",\"position\":3,\"name\":\"Hermes motorb\u00e4dd\"}]},{\"@type\":\"WebSite\",\"@id\":\"https:\/\/hypnos.ee\/sv\/#website\",\"url\":\"https:\/\/hypnos.ee\/sv\/\",\"name\":\"Hypnos\",\"description\":\"T\u00f5stame unekogemust\",\"publisher\":{\"@id\":\"https:\/\/hypnos.ee\/sv\/#organization\"},\"potentialAction\":[{\"@type\":\"SearchAction\",\"target\":{\"@type\":\"EntryPoint\",\"urlTemplate\":\"https:\/\/hypnos.ee\/sv\/?s={search_term_string}\"},\"query-input\":{\"@type\":\"PropertyValueSpecification\",\"valueRequired\":true,\"valueName\":\"search_term_string\"}}],\"inLanguage\":\"sv-SE\"},{\"@type\":\"Organization\",\"@id\":\"https:\/\/hypnos.ee\/sv\/#organization\",\"name\":\"Hypnos\",\"url\":\"https:\/\/hypnos.ee\/sv\/\",\"logo\":{\"@type\":\"ImageObject\",\"inLanguage\":\"sv-SE\",\"@id\":\"https:\/\/hypnos.ee\/sv\/#\/schema\/logo\/image\/\",\"url\":\"https:\/\/hypnos.ee\/wp-content\/uploads\/2025\/06\/cropped-Hypnos-fa.png\",\"contentUrl\":\"https:\/\/hypnos.ee\/wp-content\/uploads\/2025\/06\/cropped-Hypnos-fa.png\",\"width\":512,\"height\":512,\"caption\":\"Hypnos\"},\"image\":{\"@id\":\"https:\/\/hypnos.ee\/sv\/#\/schema\/logo\/image\/\"}}]}<\/script>\n<!-- \/ Yoast SEO Premium plugin. -->","yoast_head_json":{"title":"Hermes motorb\u00e4dd - Hypnos","robots":{"index":"index","follow":"follow","max-snippet":"max-snippet:-1","max-image-preview":"max-image-preview:large","max-video-preview":"max-video-preview:-1"},"canonical":"https:\/\/hypnos.ee\/sv\/produkt\/hermes-motorbadd\/","og_locale":"sv_SE","og_type":"article","og_title":"Hermes motorb\u00e4dd","og_description":"Exklusiv komfort, exakt justering och stark dubbel fj\u00e4dring. Den motoriserade s\u00e4ngen Hermes \u00e4r en avancerad l\u00f6sning som kombinerar ett justerbart huvud- och fotst\u00f6d, en h\u00e5llbar konstruktion och dubbla pocketfj\u00e4drar f\u00f6r b\u00e4sta st\u00f6d och s\u00f6mn. Perfekt f\u00f6r anv\u00e4ndare som uppskattar anpassningsbar komfort och h\u00f6gkvalitativa ytbehandlingar. Hermes best\u00e5r av en motoriskt justerbar s\u00e4ngram och en dubbel res\u00e5rmadrass.","og_url":"https:\/\/hypnos.ee\/sv\/produkt\/hermes-motorbadd\/","og_site_name":"Hypnos","og_image":[{"width":2560,"height":1709,"url":"https:\/\/hypnos.ee\/wp-content\/uploads\/2025\/05\/Uniline_Motorbed_Monolith85_120_HB_Windsor_Tups_Opened-scaled.jpg","type":"image\/jpeg"}],"twitter_card":"summary_large_image","schema":{"@context":"https:\/\/schema.org","@graph":[{"@type":"WebPage","@id":"https:\/\/hypnos.ee\/sv\/produkt\/hermes-motorbadd\/","url":"https:\/\/hypnos.ee\/sv\/produkt\/hermes-motorbadd\/","name":"Hermes motorb\u00e4dd - Hypnos","isPartOf":{"@id":"https:\/\/hypnos.ee\/sv\/#website"},"primaryImageOfPage":{"@id":"https:\/\/hypnos.ee\/sv\/produkt\/hermes-motorbadd\/#primaryimage"},"image":{"@id":"https:\/\/hypnos.ee\/sv\/produkt\/hermes-motorbadd\/#primaryimage"},"thumbnailUrl":"https:\/\/hypnos.ee\/wp-content\/uploads\/2025\/05\/Uniline_Motorbed_Monolith85_120_HB_Windsor_Tups_Opened-scaled.jpg","datePublished":"2025-05-08T06:48:06+00:00","breadcrumb":{"@id":"https:\/\/hypnos.ee\/sv\/produkt\/hermes-motorbadd\/#breadcrumb"},"inLanguage":"sv-SE","potentialAction":[{"@type":"ReadAction","target":["https:\/\/hypnos.ee\/sv\/produkt\/hermes-motorbadd\/"]}]},{"@type":"ImageObject","inLanguage":"sv-SE","@id":"https:\/\/hypnos.ee\/sv\/produkt\/hermes-motorbadd\/#primaryimage","url":"https:\/\/hypnos.ee\/wp-content\/uploads\/2025\/05\/Uniline_Motorbed_Monolith85_120_HB_Windsor_Tups_Opened-scaled.jpg","contentUrl":"https:\/\/hypnos.ee\/wp-content\/uploads\/2025\/05\/Uniline_Motorbed_Monolith85_120_HB_Windsor_Tups_Opened-scaled.jpg","width":2560,"height":1709},{"@type":"BreadcrumbList","@id":"https:\/\/hypnos.ee\/sv\/produkt\/hermes-motorbadd\/#breadcrumb","itemListElement":[{"@type":"ListItem","position":1,"name":"Home","item":"https:\/\/hypnos.ee\/sv\/"},{"@type":"ListItem","position":2,"name":"Produkter","item":"https:\/\/hypnos.ee\/tooted\/"},{"@type":"ListItem","position":3,"name":"Hermes motorb\u00e4dd"}]},{"@type":"WebSite","@id":"https:\/\/hypnos.ee\/sv\/#website","url":"https:\/\/hypnos.ee\/sv\/","name":"Hypnos","description":"T\u00f5stame unekogemust","publisher":{"@id":"https:\/\/hypnos.ee\/sv\/#organization"},"potentialAction":[{"@type":"SearchAction","target":{"@type":"EntryPoint","urlTemplate":"https:\/\/hypnos.ee\/sv\/?s={search_term_string}"},"query-input":{"@type":"PropertyValueSpecification","valueRequired":true,"valueName":"search_term_string"}}],"inLanguage":"sv-SE"},{"@type":"Organization","@id":"https:\/\/hypnos.ee\/sv\/#organization","name":"Hypnos","url":"https:\/\/hypnos.ee\/sv\/","logo":{"@type":"ImageObject","inLanguage":"sv-SE","@id":"https:\/\/hypnos.ee\/sv\/#\/schema\/logo\/image\/","url":"https:\/\/hypnos.ee\/wp-content\/uploads\/2025\/06\/cropped-Hypnos-fa.png","contentUrl":"https:\/\/hypnos.ee\/wp-content\/uploads\/2025\/06\/cropped-Hypnos-fa.png","width":512,"height":512,"caption":"Hypnos"},"image":{"@id":"https:\/\/hypnos.ee\/sv\/#\/schema\/logo\/image\/"}}]}},"_links":{"self":[{"href":"https:\/\/hypnos.ee\/sv\/wp-json\/wp\/v2\/product\/2477","targetHints":{"allow":["GET"]}}],"collection":[{"href":"https:\/\/hypnos.ee\/sv\/wp-json\/wp\/v2\/product"}],"about":[{"href":"https:\/\/hypnos.ee\/sv\/wp-json\/wp\/v2\/types\/product"}],"replies":[{"embeddable":true,"href":"https:\/\/hypnos.ee\/sv\/wp-json\/wp\/v2\/comments?post=2477"}],"wp:featuredmedia":[{"embeddable":true,"href":"https:\/\/hypnos.ee\/sv\/wp-json\/wp\/v2\/media\/2478"}],"wp:attachment":[{"href":"https:\/\/hypnos.ee\/sv\/wp-json\/wp\/v2\/media?parent=2477"}],"wp:term":[{"taxonomy":"product_brand","embeddable":true,"href":"https:\/\/hypnos.ee\/sv\/wp-json\/wp\/v2\/product_brand?post=2477"},{"taxonomy":"product_cat","embeddable":true,"href":"https:\/\/hypnos.ee\/sv\/wp-json\/wp\/v2\/product_cat?post=2477"},{"taxonomy":"product_tag","embeddable":true,"href":"https:\/\/hypnos.ee\/sv\/wp-json\/wp\/v2\/product_tag?post=2477"}],"curies":[{"name":"wp","href":"https:\/\/api.w.org\/{rel}","templated":true}]}}