{"id":2413,"date":"2025-05-08T10:18:50","date_gmt":"2025-05-08T07:18:50","guid":{"rendered":"https:\/\/hypnos.ee\/toode\/poroloon-madras-juno-70\/"},"modified":"2025-05-08T10:18:50","modified_gmt":"2025-05-08T07:18:50","slug":"poroloon-madras-juno-70","status":"publish","type":"product","link":"https:\/\/hypnos.ee\/sv\/produkt\/poroloon-madras-juno-70\/","title":{"rendered":"Poroloon Madras Juno 70"},"content":{"rendered":"","protected":false},"excerpt":{"rendered":"<p data-key=\"oY0iq\"><strong>Luftig komfort.<\/strong><\/p>\n<p data-key=\"7dWqc\">Juno 70 \u00e4r en dubbellagrad, kroppsn\u00e4ra dunt\u00e4cke som \u00e4r v\u00e4l l\u00e4mpad f\u00f6r personer som sover upp till 70 kg. Madrassen har en profilerad yta som ger b\u00e4ttre luftcirkulation och fukthantering, vilket bidrar till att h\u00e5lla sovplatsen torr och fr\u00e4sch. <\/p>\n<p data-key=\"eKn6v\">Den tv\u00e5sidiga designen g\u00f6r att du kan v\u00e4lja mellan en mjukare och en styvare sida. B\u00e4ddmadrassen \u00e4r tillverkad av bomullsblandning som andas och \u00e4r quiltad med volumin\u00f6s vadd och kan tv\u00e4ttas tack vare de tresidiga blixtl\u00e5sen. <\/p>\n","protected":false},"featured_media":2414,"comment_status":"closed","ping_status":"closed","template":"","meta":{"_acf_changed":false},"product_brand":[],"product_cat":[102],"product_tag":[],"class_list":{"0":"post-2413","1":"product","2":"type-product","3":"status-publish","4":"has-post-thumbnail","6":"product_cat-porolone-madrasser","8":"first","9":"instock","10":"shipping-taxable","11":"product-type-simple"},"acf":[],"yoast_head":"<!-- This site is optimized with the Yoast SEO Premium plugin v26.0 (Yoast SEO v26.0) - https:\/\/yoast.com\/wordpress\/plugins\/seo\/ -->\n<title>Poroloon Madras Juno 70 - Hypnos<\/title>\n<meta name=\"robots\" content=\"index, follow, max-snippet:-1, max-image-preview:large, max-video-preview:-1\" \/>\n<link rel=\"canonical\" href=\"https:\/\/hypnos.ee\/sv\/produkt\/poroloon-madras-juno-70\/\" \/>\n<meta property=\"og:locale\" content=\"sv_SE\" \/>\n<meta property=\"og:type\" content=\"article\" \/>\n<meta property=\"og:title\" content=\"Poroloon Madras Juno 70\" \/>\n<meta property=\"og:description\" content=\"Luftig komfort. Juno 70 \u00e4r en dubbellagrad, kroppsn\u00e4ra dunt\u00e4cke som \u00e4r v\u00e4l l\u00e4mpad f\u00f6r personer som sover upp till 70 kg. Madrassen har en profilerad yta som ger b\u00e4ttre luftcirkulation och fukthantering, vilket bidrar till att h\u00e5lla sovplatsen torr och fr\u00e4sch. Den tv\u00e5sidiga designen g\u00f6r att du kan v\u00e4lja mellan en mjukare och en styvare sida. B\u00e4ddmadrassen \u00e4r tillverkad av bomullsblandning som andas och \u00e4r quiltad med volumin\u00f6s vadd och kan tv\u00e4ttas tack vare de tresidiga blixtl\u00e5sen.\" \/>\n<meta property=\"og:url\" content=\"https:\/\/hypnos.ee\/sv\/produkt\/poroloon-madras-juno-70\/\" \/>\n<meta property=\"og:site_name\" content=\"Hypnos\" \/>\n<meta property=\"og:image\" content=\"https:\/\/hypnos.ee\/wp-content\/uploads\/2025\/03\/juno_f_1_590_1.jpg\" \/>\n\t<meta property=\"og:image:width\" content=\"590\" \/>\n\t<meta property=\"og:image:height\" content=\"394\" \/>\n\t<meta property=\"og:image:type\" content=\"image\/jpeg\" \/>\n<meta name=\"twitter:card\" content=\"summary_large_image\" \/>\n<script type=\"application\/ld+json\" class=\"yoast-schema-graph\">{\"@context\":\"https:\/\/schema.org\",\"@graph\":[{\"@type\":\"WebPage\",\"@id\":\"https:\/\/hypnos.ee\/sv\/produkt\/poroloon-madras-juno-70\/\",\"url\":\"https:\/\/hypnos.ee\/sv\/produkt\/poroloon-madras-juno-70\/\",\"name\":\"Poroloon Madras Juno 70 - Hypnos\",\"isPartOf\":{\"@id\":\"https:\/\/hypnos.ee\/sv\/#website\"},\"primaryImageOfPage\":{\"@id\":\"https:\/\/hypnos.ee\/sv\/produkt\/poroloon-madras-juno-70\/#primaryimage\"},\"image\":{\"@id\":\"https:\/\/hypnos.ee\/sv\/produkt\/poroloon-madras-juno-70\/#primaryimage\"},\"thumbnailUrl\":\"https:\/\/hypnos.ee\/wp-content\/uploads\/2025\/03\/juno_f_1_590_1.jpg\",\"datePublished\":\"2025-05-08T07:18:50+00:00\",\"breadcrumb\":{\"@id\":\"https:\/\/hypnos.ee\/sv\/produkt\/poroloon-madras-juno-70\/#breadcrumb\"},\"inLanguage\":\"sv-SE\",\"potentialAction\":[{\"@type\":\"ReadAction\",\"target\":[\"https:\/\/hypnos.ee\/sv\/produkt\/poroloon-madras-juno-70\/\"]}]},{\"@type\":\"ImageObject\",\"inLanguage\":\"sv-SE\",\"@id\":\"https:\/\/hypnos.ee\/sv\/produkt\/poroloon-madras-juno-70\/#primaryimage\",\"url\":\"https:\/\/hypnos.ee\/wp-content\/uploads\/2025\/03\/juno_f_1_590_1.jpg\",\"contentUrl\":\"https:\/\/hypnos.ee\/wp-content\/uploads\/2025\/03\/juno_f_1_590_1.jpg\",\"width\":590,\"height\":394},{\"@type\":\"BreadcrumbList\",\"@id\":\"https:\/\/hypnos.ee\/sv\/produkt\/poroloon-madras-juno-70\/#breadcrumb\",\"itemListElement\":[{\"@type\":\"ListItem\",\"position\":1,\"name\":\"Home\",\"item\":\"https:\/\/hypnos.ee\/sv\/\"},{\"@type\":\"ListItem\",\"position\":2,\"name\":\"Produkter\",\"item\":\"https:\/\/hypnos.ee\/tooted\/\"},{\"@type\":\"ListItem\",\"position\":3,\"name\":\"Poroloon Madras Juno 70\"}]},{\"@type\":\"WebSite\",\"@id\":\"https:\/\/hypnos.ee\/sv\/#website\",\"url\":\"https:\/\/hypnos.ee\/sv\/\",\"name\":\"Hypnos\",\"description\":\"T\u00f5stame unekogemust\",\"publisher\":{\"@id\":\"https:\/\/hypnos.ee\/sv\/#organization\"},\"potentialAction\":[{\"@type\":\"SearchAction\",\"target\":{\"@type\":\"EntryPoint\",\"urlTemplate\":\"https:\/\/hypnos.ee\/sv\/?s={search_term_string}\"},\"query-input\":{\"@type\":\"PropertyValueSpecification\",\"valueRequired\":true,\"valueName\":\"search_term_string\"}}],\"inLanguage\":\"sv-SE\"},{\"@type\":\"Organization\",\"@id\":\"https:\/\/hypnos.ee\/sv\/#organization\",\"name\":\"Hypnos\",\"url\":\"https:\/\/hypnos.ee\/sv\/\",\"logo\":{\"@type\":\"ImageObject\",\"inLanguage\":\"sv-SE\",\"@id\":\"https:\/\/hypnos.ee\/sv\/#\/schema\/logo\/image\/\",\"url\":\"https:\/\/hypnos.ee\/wp-content\/uploads\/2025\/06\/cropped-Hypnos-fa.png\",\"contentUrl\":\"https:\/\/hypnos.ee\/wp-content\/uploads\/2025\/06\/cropped-Hypnos-fa.png\",\"width\":512,\"height\":512,\"caption\":\"Hypnos\"},\"image\":{\"@id\":\"https:\/\/hypnos.ee\/sv\/#\/schema\/logo\/image\/\"}}]}<\/script>\n<!-- \/ Yoast SEO Premium plugin. -->","yoast_head_json":{"title":"Poroloon Madras Juno 70 - Hypnos","robots":{"index":"index","follow":"follow","max-snippet":"max-snippet:-1","max-image-preview":"max-image-preview:large","max-video-preview":"max-video-preview:-1"},"canonical":"https:\/\/hypnos.ee\/sv\/produkt\/poroloon-madras-juno-70\/","og_locale":"sv_SE","og_type":"article","og_title":"Poroloon Madras Juno 70","og_description":"Luftig komfort. Juno 70 \u00e4r en dubbellagrad, kroppsn\u00e4ra dunt\u00e4cke som \u00e4r v\u00e4l l\u00e4mpad f\u00f6r personer som sover upp till 70 kg. Madrassen har en profilerad yta som ger b\u00e4ttre luftcirkulation och fukthantering, vilket bidrar till att h\u00e5lla sovplatsen torr och fr\u00e4sch. Den tv\u00e5sidiga designen g\u00f6r att du kan v\u00e4lja mellan en mjukare och en styvare sida. B\u00e4ddmadrassen \u00e4r tillverkad av bomullsblandning som andas och \u00e4r quiltad med volumin\u00f6s vadd och kan tv\u00e4ttas tack vare de tresidiga blixtl\u00e5sen.","og_url":"https:\/\/hypnos.ee\/sv\/produkt\/poroloon-madras-juno-70\/","og_site_name":"Hypnos","og_image":[{"width":590,"height":394,"url":"https:\/\/hypnos.ee\/wp-content\/uploads\/2025\/03\/juno_f_1_590_1.jpg","type":"image\/jpeg"}],"twitter_card":"summary_large_image","schema":{"@context":"https:\/\/schema.org","@graph":[{"@type":"WebPage","@id":"https:\/\/hypnos.ee\/sv\/produkt\/poroloon-madras-juno-70\/","url":"https:\/\/hypnos.ee\/sv\/produkt\/poroloon-madras-juno-70\/","name":"Poroloon Madras Juno 70 - Hypnos","isPartOf":{"@id":"https:\/\/hypnos.ee\/sv\/#website"},"primaryImageOfPage":{"@id":"https:\/\/hypnos.ee\/sv\/produkt\/poroloon-madras-juno-70\/#primaryimage"},"image":{"@id":"https:\/\/hypnos.ee\/sv\/produkt\/poroloon-madras-juno-70\/#primaryimage"},"thumbnailUrl":"https:\/\/hypnos.ee\/wp-content\/uploads\/2025\/03\/juno_f_1_590_1.jpg","datePublished":"2025-05-08T07:18:50+00:00","breadcrumb":{"@id":"https:\/\/hypnos.ee\/sv\/produkt\/poroloon-madras-juno-70\/#breadcrumb"},"inLanguage":"sv-SE","potentialAction":[{"@type":"ReadAction","target":["https:\/\/hypnos.ee\/sv\/produkt\/poroloon-madras-juno-70\/"]}]},{"@type":"ImageObject","inLanguage":"sv-SE","@id":"https:\/\/hypnos.ee\/sv\/produkt\/poroloon-madras-juno-70\/#primaryimage","url":"https:\/\/hypnos.ee\/wp-content\/uploads\/2025\/03\/juno_f_1_590_1.jpg","contentUrl":"https:\/\/hypnos.ee\/wp-content\/uploads\/2025\/03\/juno_f_1_590_1.jpg","width":590,"height":394},{"@type":"BreadcrumbList","@id":"https:\/\/hypnos.ee\/sv\/produkt\/poroloon-madras-juno-70\/#breadcrumb","itemListElement":[{"@type":"ListItem","position":1,"name":"Home","item":"https:\/\/hypnos.ee\/sv\/"},{"@type":"ListItem","position":2,"name":"Produkter","item":"https:\/\/hypnos.ee\/tooted\/"},{"@type":"ListItem","position":3,"name":"Poroloon Madras Juno 70"}]},{"@type":"WebSite","@id":"https:\/\/hypnos.ee\/sv\/#website","url":"https:\/\/hypnos.ee\/sv\/","name":"Hypnos","description":"T\u00f5stame unekogemust","publisher":{"@id":"https:\/\/hypnos.ee\/sv\/#organization"},"potentialAction":[{"@type":"SearchAction","target":{"@type":"EntryPoint","urlTemplate":"https:\/\/hypnos.ee\/sv\/?s={search_term_string}"},"query-input":{"@type":"PropertyValueSpecification","valueRequired":true,"valueName":"search_term_string"}}],"inLanguage":"sv-SE"},{"@type":"Organization","@id":"https:\/\/hypnos.ee\/sv\/#organization","name":"Hypnos","url":"https:\/\/hypnos.ee\/sv\/","logo":{"@type":"ImageObject","inLanguage":"sv-SE","@id":"https:\/\/hypnos.ee\/sv\/#\/schema\/logo\/image\/","url":"https:\/\/hypnos.ee\/wp-content\/uploads\/2025\/06\/cropped-Hypnos-fa.png","contentUrl":"https:\/\/hypnos.ee\/wp-content\/uploads\/2025\/06\/cropped-Hypnos-fa.png","width":512,"height":512,"caption":"Hypnos"},"image":{"@id":"https:\/\/hypnos.ee\/sv\/#\/schema\/logo\/image\/"}}]}},"_links":{"self":[{"href":"https:\/\/hypnos.ee\/sv\/wp-json\/wp\/v2\/product\/2413","targetHints":{"allow":["GET"]}}],"collection":[{"href":"https:\/\/hypnos.ee\/sv\/wp-json\/wp\/v2\/product"}],"about":[{"href":"https:\/\/hypnos.ee\/sv\/wp-json\/wp\/v2\/types\/product"}],"replies":[{"embeddable":true,"href":"https:\/\/hypnos.ee\/sv\/wp-json\/wp\/v2\/comments?post=2413"}],"wp:featuredmedia":[{"embeddable":true,"href":"https:\/\/hypnos.ee\/sv\/wp-json\/wp\/v2\/media\/2414"}],"wp:attachment":[{"href":"https:\/\/hypnos.ee\/sv\/wp-json\/wp\/v2\/media?parent=2413"}],"wp:term":[{"taxonomy":"product_brand","embeddable":true,"href":"https:\/\/hypnos.ee\/sv\/wp-json\/wp\/v2\/product_brand?post=2413"},{"taxonomy":"product_cat","embeddable":true,"href":"https:\/\/hypnos.ee\/sv\/wp-json\/wp\/v2\/product_cat?post=2413"},{"taxonomy":"product_tag","embeddable":true,"href":"https:\/\/hypnos.ee\/sv\/wp-json\/wp\/v2\/product_tag?post=2413"}],"curies":[{"name":"wp","href":"https:\/\/api.w.org\/{rel}","templated":true}]}}