{"id":2405,"date":"2025-05-08T10:30:08","date_gmt":"2025-05-08T07:30:08","guid":{"rendered":"https:\/\/hypnos.ee\/toode\/forlossning-for-barn-hopp\/"},"modified":"2025-05-08T10:30:08","modified_gmt":"2025-05-08T07:30:08","slug":"forlossning-for-barn-hopp","status":"publish","type":"product","link":"https:\/\/hypnos.ee\/sv\/produkt\/forlossning-for-barn-hopp\/","title":{"rendered":"F\u00f6rlossning f\u00f6r barn HOPP"},"content":{"rendered":"","protected":false},"excerpt":{"rendered":"<p data-key=\"Mt2oj\" data-pm-slice=\"1 1 []\"><strong>F\u00f6rlossning f\u00f6r barn HOPP<\/strong><\/p>\n<p data-key=\"2ksYt\"><strong>Ett s\u00e4kert st\u00f6d som v\u00e4xer med ditt barn.<\/strong><\/p>\n<p data-key=\"eSW6l\">HOPP \u00e4r en slitstark och mjuk duns\u00e4ngmadrass som \u00e4r perfekt <strong>f\u00f6r barns\u00e4ngar, spj\u00e4ls\u00e4ngar och till och med sk\u00f6tbord<\/strong>.<br \/>\nDen \u00e4r tillverkad av 8-10 cm tjockt dun (25 kg\/m\u00b3) med extra <strong>volumin\u00f6s vaddering<\/strong> f\u00f6r extra mjukhet och komfort. Madrass\u00f6verdraget \u00e4r tillverkat av 100 % bomull och uppfyller standarden Oeko-TEX 100 &#8211; s\u00e4kert, andas och skonsamt <strong>\u00e4ven f\u00f6r k\u00e4nslig hud<\/strong>.<br \/>\n\u00d6verdraget \u00e4r <strong>l\u00e4tt att ta av och tv\u00e4tta<\/strong> (fintv\u00e4tt i 40 \u00b0C) s\u00e5 att madrassen h\u00e5lls fr\u00e4sch f\u00f6r varje natts s\u00f6mn.<\/p>\n","protected":false},"featured_media":2406,"comment_status":"closed","ping_status":"closed","template":"","meta":{"_acf_changed":false},"product_brand":[],"product_cat":[110],"product_tag":[],"class_list":{"0":"post-2405","1":"product","2":"type-product","3":"status-publish","4":"has-post-thumbnail","6":"product_cat-produkter-for-barn-och-ungdomar","8":"first","9":"instock","10":"shipping-taxable","11":"product-type-simple"},"acf":[],"yoast_head":"<!-- This site is optimized with the Yoast SEO Premium plugin v26.0 (Yoast SEO v26.0) - https:\/\/yoast.com\/wordpress\/plugins\/seo\/ -->\n<title>F\u00f6rlossning f\u00f6r barn HOPP - Hypnos<\/title>\n<meta name=\"robots\" content=\"index, follow, max-snippet:-1, max-image-preview:large, max-video-preview:-1\" \/>\n<link rel=\"canonical\" href=\"https:\/\/hypnos.ee\/sv\/produkt\/forlossning-for-barn-hopp\/\" \/>\n<meta property=\"og:locale\" content=\"sv_SE\" \/>\n<meta property=\"og:type\" content=\"article\" \/>\n<meta property=\"og:title\" content=\"F\u00f6rlossning f\u00f6r barn HOPP\" \/>\n<meta property=\"og:description\" content=\"F\u00f6rlossning f\u00f6r barn HOPP Ett s\u00e4kert st\u00f6d som v\u00e4xer med ditt barn. HOPP \u00e4r en slitstark och mjuk duns\u00e4ngmadrass som \u00e4r perfekt f\u00f6r barns\u00e4ngar, spj\u00e4ls\u00e4ngar och till och med sk\u00f6tbord. Den \u00e4r tillverkad av 8-10 cm tjockt dun (25 kg\/m\u00b3) med extra volumin\u00f6s vaddering f\u00f6r extra mjukhet och komfort. Madrass\u00f6verdraget \u00e4r tillverkat av 100 % bomull och uppfyller standarden Oeko-TEX 100 - s\u00e4kert, andas och skonsamt \u00e4ven f\u00f6r k\u00e4nslig hud. \u00d6verdraget \u00e4r l\u00e4tt att ta av och tv\u00e4tta (fintv\u00e4tt i 40 \u00b0C) s\u00e5 att madrassen h\u00e5lls fr\u00e4sch f\u00f6r varje natts s\u00f6mn.\" \/>\n<meta property=\"og:url\" content=\"https:\/\/hypnos.ee\/sv\/produkt\/forlossning-for-barn-hopp\/\" \/>\n<meta property=\"og:site_name\" content=\"Hypnos\" \/>\n<meta property=\"og:image\" content=\"https:\/\/hypnos.ee\/wp-content\/uploads\/2025\/03\/beebimadrats_f_1_590_1.jpg\" \/>\n\t<meta property=\"og:image:width\" content=\"590\" \/>\n\t<meta property=\"og:image:height\" content=\"335\" \/>\n\t<meta property=\"og:image:type\" content=\"image\/jpeg\" \/>\n<meta name=\"twitter:card\" content=\"summary_large_image\" \/>\n<script type=\"application\/ld+json\" class=\"yoast-schema-graph\">{\"@context\":\"https:\/\/schema.org\",\"@graph\":[{\"@type\":\"WebPage\",\"@id\":\"https:\/\/hypnos.ee\/sv\/produkt\/forlossning-for-barn-hopp\/\",\"url\":\"https:\/\/hypnos.ee\/sv\/produkt\/forlossning-for-barn-hopp\/\",\"name\":\"F\u00f6rlossning f\u00f6r barn HOPP - Hypnos\",\"isPartOf\":{\"@id\":\"https:\/\/hypnos.ee\/sv\/#website\"},\"primaryImageOfPage\":{\"@id\":\"https:\/\/hypnos.ee\/sv\/produkt\/forlossning-for-barn-hopp\/#primaryimage\"},\"image\":{\"@id\":\"https:\/\/hypnos.ee\/sv\/produkt\/forlossning-for-barn-hopp\/#primaryimage\"},\"thumbnailUrl\":\"https:\/\/hypnos.ee\/wp-content\/uploads\/2025\/03\/beebimadrats_f_1_590_1.jpg\",\"datePublished\":\"2025-05-08T07:30:08+00:00\",\"breadcrumb\":{\"@id\":\"https:\/\/hypnos.ee\/sv\/produkt\/forlossning-for-barn-hopp\/#breadcrumb\"},\"inLanguage\":\"sv-SE\",\"potentialAction\":[{\"@type\":\"ReadAction\",\"target\":[\"https:\/\/hypnos.ee\/sv\/produkt\/forlossning-for-barn-hopp\/\"]}]},{\"@type\":\"ImageObject\",\"inLanguage\":\"sv-SE\",\"@id\":\"https:\/\/hypnos.ee\/sv\/produkt\/forlossning-for-barn-hopp\/#primaryimage\",\"url\":\"https:\/\/hypnos.ee\/wp-content\/uploads\/2025\/03\/beebimadrats_f_1_590_1.jpg\",\"contentUrl\":\"https:\/\/hypnos.ee\/wp-content\/uploads\/2025\/03\/beebimadrats_f_1_590_1.jpg\",\"width\":590,\"height\":335},{\"@type\":\"BreadcrumbList\",\"@id\":\"https:\/\/hypnos.ee\/sv\/produkt\/forlossning-for-barn-hopp\/#breadcrumb\",\"itemListElement\":[{\"@type\":\"ListItem\",\"position\":1,\"name\":\"Home\",\"item\":\"https:\/\/hypnos.ee\/sv\/\"},{\"@type\":\"ListItem\",\"position\":2,\"name\":\"Produkter\",\"item\":\"https:\/\/hypnos.ee\/tooted\/\"},{\"@type\":\"ListItem\",\"position\":3,\"name\":\"F\u00f6rlossning f\u00f6r barn HOPP\"}]},{\"@type\":\"WebSite\",\"@id\":\"https:\/\/hypnos.ee\/sv\/#website\",\"url\":\"https:\/\/hypnos.ee\/sv\/\",\"name\":\"Hypnos\",\"description\":\"T\u00f5stame unekogemust\",\"publisher\":{\"@id\":\"https:\/\/hypnos.ee\/sv\/#organization\"},\"potentialAction\":[{\"@type\":\"SearchAction\",\"target\":{\"@type\":\"EntryPoint\",\"urlTemplate\":\"https:\/\/hypnos.ee\/sv\/?s={search_term_string}\"},\"query-input\":{\"@type\":\"PropertyValueSpecification\",\"valueRequired\":true,\"valueName\":\"search_term_string\"}}],\"inLanguage\":\"sv-SE\"},{\"@type\":\"Organization\",\"@id\":\"https:\/\/hypnos.ee\/sv\/#organization\",\"name\":\"Hypnos\",\"url\":\"https:\/\/hypnos.ee\/sv\/\",\"logo\":{\"@type\":\"ImageObject\",\"inLanguage\":\"sv-SE\",\"@id\":\"https:\/\/hypnos.ee\/sv\/#\/schema\/logo\/image\/\",\"url\":\"https:\/\/hypnos.ee\/wp-content\/uploads\/2025\/06\/cropped-Hypnos-fa.png\",\"contentUrl\":\"https:\/\/hypnos.ee\/wp-content\/uploads\/2025\/06\/cropped-Hypnos-fa.png\",\"width\":512,\"height\":512,\"caption\":\"Hypnos\"},\"image\":{\"@id\":\"https:\/\/hypnos.ee\/sv\/#\/schema\/logo\/image\/\"}}]}<\/script>\n<!-- \/ Yoast SEO Premium plugin. -->","yoast_head_json":{"title":"F\u00f6rlossning f\u00f6r barn HOPP - Hypnos","robots":{"index":"index","follow":"follow","max-snippet":"max-snippet:-1","max-image-preview":"max-image-preview:large","max-video-preview":"max-video-preview:-1"},"canonical":"https:\/\/hypnos.ee\/sv\/produkt\/forlossning-for-barn-hopp\/","og_locale":"sv_SE","og_type":"article","og_title":"F\u00f6rlossning f\u00f6r barn HOPP","og_description":"F\u00f6rlossning f\u00f6r barn HOPP Ett s\u00e4kert st\u00f6d som v\u00e4xer med ditt barn. HOPP \u00e4r en slitstark och mjuk duns\u00e4ngmadrass som \u00e4r perfekt f\u00f6r barns\u00e4ngar, spj\u00e4ls\u00e4ngar och till och med sk\u00f6tbord. Den \u00e4r tillverkad av 8-10 cm tjockt dun (25 kg\/m\u00b3) med extra volumin\u00f6s vaddering f\u00f6r extra mjukhet och komfort. Madrass\u00f6verdraget \u00e4r tillverkat av 100 % bomull och uppfyller standarden Oeko-TEX 100 - s\u00e4kert, andas och skonsamt \u00e4ven f\u00f6r k\u00e4nslig hud. \u00d6verdraget \u00e4r l\u00e4tt att ta av och tv\u00e4tta (fintv\u00e4tt i 40 \u00b0C) s\u00e5 att madrassen h\u00e5lls fr\u00e4sch f\u00f6r varje natts s\u00f6mn.","og_url":"https:\/\/hypnos.ee\/sv\/produkt\/forlossning-for-barn-hopp\/","og_site_name":"Hypnos","og_image":[{"width":590,"height":335,"url":"https:\/\/hypnos.ee\/wp-content\/uploads\/2025\/03\/beebimadrats_f_1_590_1.jpg","type":"image\/jpeg"}],"twitter_card":"summary_large_image","schema":{"@context":"https:\/\/schema.org","@graph":[{"@type":"WebPage","@id":"https:\/\/hypnos.ee\/sv\/produkt\/forlossning-for-barn-hopp\/","url":"https:\/\/hypnos.ee\/sv\/produkt\/forlossning-for-barn-hopp\/","name":"F\u00f6rlossning f\u00f6r barn HOPP - Hypnos","isPartOf":{"@id":"https:\/\/hypnos.ee\/sv\/#website"},"primaryImageOfPage":{"@id":"https:\/\/hypnos.ee\/sv\/produkt\/forlossning-for-barn-hopp\/#primaryimage"},"image":{"@id":"https:\/\/hypnos.ee\/sv\/produkt\/forlossning-for-barn-hopp\/#primaryimage"},"thumbnailUrl":"https:\/\/hypnos.ee\/wp-content\/uploads\/2025\/03\/beebimadrats_f_1_590_1.jpg","datePublished":"2025-05-08T07:30:08+00:00","breadcrumb":{"@id":"https:\/\/hypnos.ee\/sv\/produkt\/forlossning-for-barn-hopp\/#breadcrumb"},"inLanguage":"sv-SE","potentialAction":[{"@type":"ReadAction","target":["https:\/\/hypnos.ee\/sv\/produkt\/forlossning-for-barn-hopp\/"]}]},{"@type":"ImageObject","inLanguage":"sv-SE","@id":"https:\/\/hypnos.ee\/sv\/produkt\/forlossning-for-barn-hopp\/#primaryimage","url":"https:\/\/hypnos.ee\/wp-content\/uploads\/2025\/03\/beebimadrats_f_1_590_1.jpg","contentUrl":"https:\/\/hypnos.ee\/wp-content\/uploads\/2025\/03\/beebimadrats_f_1_590_1.jpg","width":590,"height":335},{"@type":"BreadcrumbList","@id":"https:\/\/hypnos.ee\/sv\/produkt\/forlossning-for-barn-hopp\/#breadcrumb","itemListElement":[{"@type":"ListItem","position":1,"name":"Home","item":"https:\/\/hypnos.ee\/sv\/"},{"@type":"ListItem","position":2,"name":"Produkter","item":"https:\/\/hypnos.ee\/tooted\/"},{"@type":"ListItem","position":3,"name":"F\u00f6rlossning f\u00f6r barn HOPP"}]},{"@type":"WebSite","@id":"https:\/\/hypnos.ee\/sv\/#website","url":"https:\/\/hypnos.ee\/sv\/","name":"Hypnos","description":"T\u00f5stame unekogemust","publisher":{"@id":"https:\/\/hypnos.ee\/sv\/#organization"},"potentialAction":[{"@type":"SearchAction","target":{"@type":"EntryPoint","urlTemplate":"https:\/\/hypnos.ee\/sv\/?s={search_term_string}"},"query-input":{"@type":"PropertyValueSpecification","valueRequired":true,"valueName":"search_term_string"}}],"inLanguage":"sv-SE"},{"@type":"Organization","@id":"https:\/\/hypnos.ee\/sv\/#organization","name":"Hypnos","url":"https:\/\/hypnos.ee\/sv\/","logo":{"@type":"ImageObject","inLanguage":"sv-SE","@id":"https:\/\/hypnos.ee\/sv\/#\/schema\/logo\/image\/","url":"https:\/\/hypnos.ee\/wp-content\/uploads\/2025\/06\/cropped-Hypnos-fa.png","contentUrl":"https:\/\/hypnos.ee\/wp-content\/uploads\/2025\/06\/cropped-Hypnos-fa.png","width":512,"height":512,"caption":"Hypnos"},"image":{"@id":"https:\/\/hypnos.ee\/sv\/#\/schema\/logo\/image\/"}}]}},"_links":{"self":[{"href":"https:\/\/hypnos.ee\/sv\/wp-json\/wp\/v2\/product\/2405","targetHints":{"allow":["GET"]}}],"collection":[{"href":"https:\/\/hypnos.ee\/sv\/wp-json\/wp\/v2\/product"}],"about":[{"href":"https:\/\/hypnos.ee\/sv\/wp-json\/wp\/v2\/types\/product"}],"replies":[{"embeddable":true,"href":"https:\/\/hypnos.ee\/sv\/wp-json\/wp\/v2\/comments?post=2405"}],"wp:featuredmedia":[{"embeddable":true,"href":"https:\/\/hypnos.ee\/sv\/wp-json\/wp\/v2\/media\/2406"}],"wp:attachment":[{"href":"https:\/\/hypnos.ee\/sv\/wp-json\/wp\/v2\/media?parent=2405"}],"wp:term":[{"taxonomy":"product_brand","embeddable":true,"href":"https:\/\/hypnos.ee\/sv\/wp-json\/wp\/v2\/product_brand?post=2405"},{"taxonomy":"product_cat","embeddable":true,"href":"https:\/\/hypnos.ee\/sv\/wp-json\/wp\/v2\/product_cat?post=2405"},{"taxonomy":"product_tag","embeddable":true,"href":"https:\/\/hypnos.ee\/sv\/wp-json\/wp\/v2\/product_tag?post=2405"}],"curies":[{"name":"wp","href":"https:\/\/api.w.org\/{rel}","templated":true}]}}