{"id":2325,"date":"2025-03-26T13:19:37","date_gmt":"2025-03-26T11:19:37","guid":{"rendered":"https:\/\/hypnos.ee\/toode\/springmadrass-hera\/"},"modified":"2025-03-26T13:19:37","modified_gmt":"2025-03-26T11:19:37","slug":"springmadrass-hera","status":"publish","type":"product","link":"https:\/\/hypnos.ee\/sv\/produkt\/springmadrass-hera\/","title":{"rendered":"Springmadrass Hera"},"content":{"rendered":"","protected":false},"excerpt":{"rendered":"<p data-key=\"UJIYP\"><strong>En praktisk och smidig l\u00f6sning f\u00f6r barn och ungdomar.<\/strong><\/p>\n<p data-key=\"41cDp\">Hera \u00e4r en enkelsidig pocketfj\u00e4drande madrass med en inbyggd 5 cm b\u00e4ddmadrass &#8211; stabil, l\u00e4ttsk\u00f6tt och s\u00e4rskilt l\u00e4mplig f\u00f6r yngre anv\u00e4ndare. Den integrerade b\u00e4ddmadrassen flyttar sig inte och ger en ren sovposition utan behov av en extra b\u00e4ddmadrass. <\/p>\n<p data-key=\"vbm5x\">Fj\u00e4dringen best\u00e5r av 12 cm h\u00f6ga pocketfj\u00e4drar (245 fj\u00e4drar\/m\u00b2), som reagerar individuellt p\u00e5 kroppsvikten och ger ett bra st\u00f6d. Tre olika styvheter (1,8\/1,9\/2,0 mm) g\u00f6r att du kan v\u00e4lja r\u00e4tt komfortniv\u00e5. Det \u00f6versta lagret \u00e4r avtagbart och tv\u00e4ttbart (fintv\u00e4tt i 40 \u00b0C), vilket g\u00f6r det enkelt och bekv\u00e4mt att underh\u00e5lla madrassen.  <\/p>\n","protected":false},"featured_media":2326,"comment_status":"closed","ping_status":"closed","template":"","meta":{"_acf_changed":false},"product_brand":[],"product_cat":[88],"product_tag":[],"class_list":{"0":"post-2325","1":"product","2":"type-product","3":"status-publish","4":"has-post-thumbnail","6":"product_cat-fjadermadrasser","8":"first","9":"instock","10":"shipping-taxable","11":"product-type-simple"},"acf":[],"yoast_head":"<!-- This site is optimized with the Yoast SEO Premium plugin v26.0 (Yoast SEO v26.0) - https:\/\/yoast.com\/wordpress\/plugins\/seo\/ -->\n<title>Springmadrass Hera - Hypnos<\/title>\n<meta name=\"robots\" content=\"index, follow, max-snippet:-1, max-image-preview:large, max-video-preview:-1\" \/>\n<link rel=\"canonical\" href=\"https:\/\/hypnos.ee\/sv\/produkt\/springmadrass-hera\/\" \/>\n<meta property=\"og:locale\" content=\"sv_SE\" \/>\n<meta property=\"og:type\" content=\"article\" \/>\n<meta property=\"og:title\" content=\"Springmadrass Hera\" \/>\n<meta property=\"og:description\" content=\"En praktisk och smidig l\u00f6sning f\u00f6r barn och ungdomar. Hera \u00e4r en enkelsidig pocketfj\u00e4drande madrass med en inbyggd 5 cm b\u00e4ddmadrass - stabil, l\u00e4ttsk\u00f6tt och s\u00e4rskilt l\u00e4mplig f\u00f6r yngre anv\u00e4ndare. Den integrerade b\u00e4ddmadrassen flyttar sig inte och ger en ren sovposition utan behov av en extra b\u00e4ddmadrass. Fj\u00e4dringen best\u00e5r av 12 cm h\u00f6ga pocketfj\u00e4drar (245 fj\u00e4drar\/m\u00b2), som reagerar individuellt p\u00e5 kroppsvikten och ger ett bra st\u00f6d. Tre olika styvheter (1,8\/1,9\/2,0 mm) g\u00f6r att du kan v\u00e4lja r\u00e4tt komfortniv\u00e5. Det \u00f6versta lagret \u00e4r avtagbart och tv\u00e4ttbart (fintv\u00e4tt i 40 \u00b0C), vilket g\u00f6r det enkelt och bekv\u00e4mt att underh\u00e5lla madrassen.\" \/>\n<meta property=\"og:url\" content=\"https:\/\/hypnos.ee\/sv\/produkt\/springmadrass-hera\/\" \/>\n<meta property=\"og:site_name\" content=\"Hypnos\" \/>\n<meta property=\"og:image\" content=\"https:\/\/hypnos.ee\/wp-content\/uploads\/2025\/03\/hera-madrats_f_1_590_1.jpg\" \/>\n\t<meta property=\"og:image:width\" content=\"590\" \/>\n\t<meta property=\"og:image:height\" content=\"393\" \/>\n\t<meta property=\"og:image:type\" content=\"image\/jpeg\" \/>\n<meta name=\"twitter:card\" content=\"summary_large_image\" \/>\n<script type=\"application\/ld+json\" class=\"yoast-schema-graph\">{\"@context\":\"https:\/\/schema.org\",\"@graph\":[{\"@type\":\"WebPage\",\"@id\":\"https:\/\/hypnos.ee\/sv\/produkt\/springmadrass-hera\/\",\"url\":\"https:\/\/hypnos.ee\/sv\/produkt\/springmadrass-hera\/\",\"name\":\"Springmadrass Hera - Hypnos\",\"isPartOf\":{\"@id\":\"https:\/\/hypnos.ee\/sv\/#website\"},\"primaryImageOfPage\":{\"@id\":\"https:\/\/hypnos.ee\/sv\/produkt\/springmadrass-hera\/#primaryimage\"},\"image\":{\"@id\":\"https:\/\/hypnos.ee\/sv\/produkt\/springmadrass-hera\/#primaryimage\"},\"thumbnailUrl\":\"https:\/\/hypnos.ee\/wp-content\/uploads\/2025\/03\/hera-madrats_f_1_590_1.jpg\",\"datePublished\":\"2025-03-26T11:19:37+00:00\",\"breadcrumb\":{\"@id\":\"https:\/\/hypnos.ee\/sv\/produkt\/springmadrass-hera\/#breadcrumb\"},\"inLanguage\":\"sv-SE\",\"potentialAction\":[{\"@type\":\"ReadAction\",\"target\":[\"https:\/\/hypnos.ee\/sv\/produkt\/springmadrass-hera\/\"]}]},{\"@type\":\"ImageObject\",\"inLanguage\":\"sv-SE\",\"@id\":\"https:\/\/hypnos.ee\/sv\/produkt\/springmadrass-hera\/#primaryimage\",\"url\":\"https:\/\/hypnos.ee\/wp-content\/uploads\/2025\/03\/hera-madrats_f_1_590_1.jpg\",\"contentUrl\":\"https:\/\/hypnos.ee\/wp-content\/uploads\/2025\/03\/hera-madrats_f_1_590_1.jpg\",\"width\":590,\"height\":393},{\"@type\":\"BreadcrumbList\",\"@id\":\"https:\/\/hypnos.ee\/sv\/produkt\/springmadrass-hera\/#breadcrumb\",\"itemListElement\":[{\"@type\":\"ListItem\",\"position\":1,\"name\":\"Home\",\"item\":\"https:\/\/hypnos.ee\/sv\/\"},{\"@type\":\"ListItem\",\"position\":2,\"name\":\"Produkter\",\"item\":\"https:\/\/hypnos.ee\/tooted\/\"},{\"@type\":\"ListItem\",\"position\":3,\"name\":\"Springmadrass Hera\"}]},{\"@type\":\"WebSite\",\"@id\":\"https:\/\/hypnos.ee\/sv\/#website\",\"url\":\"https:\/\/hypnos.ee\/sv\/\",\"name\":\"Hypnos\",\"description\":\"T\u00f5stame unekogemust\",\"publisher\":{\"@id\":\"https:\/\/hypnos.ee\/sv\/#organization\"},\"potentialAction\":[{\"@type\":\"SearchAction\",\"target\":{\"@type\":\"EntryPoint\",\"urlTemplate\":\"https:\/\/hypnos.ee\/sv\/?s={search_term_string}\"},\"query-input\":{\"@type\":\"PropertyValueSpecification\",\"valueRequired\":true,\"valueName\":\"search_term_string\"}}],\"inLanguage\":\"sv-SE\"},{\"@type\":\"Organization\",\"@id\":\"https:\/\/hypnos.ee\/sv\/#organization\",\"name\":\"Hypnos\",\"url\":\"https:\/\/hypnos.ee\/sv\/\",\"logo\":{\"@type\":\"ImageObject\",\"inLanguage\":\"sv-SE\",\"@id\":\"https:\/\/hypnos.ee\/sv\/#\/schema\/logo\/image\/\",\"url\":\"https:\/\/hypnos.ee\/wp-content\/uploads\/2025\/06\/cropped-Hypnos-fa.png\",\"contentUrl\":\"https:\/\/hypnos.ee\/wp-content\/uploads\/2025\/06\/cropped-Hypnos-fa.png\",\"width\":512,\"height\":512,\"caption\":\"Hypnos\"},\"image\":{\"@id\":\"https:\/\/hypnos.ee\/sv\/#\/schema\/logo\/image\/\"}}]}<\/script>\n<!-- \/ Yoast SEO Premium plugin. -->","yoast_head_json":{"title":"Springmadrass Hera - Hypnos","robots":{"index":"index","follow":"follow","max-snippet":"max-snippet:-1","max-image-preview":"max-image-preview:large","max-video-preview":"max-video-preview:-1"},"canonical":"https:\/\/hypnos.ee\/sv\/produkt\/springmadrass-hera\/","og_locale":"sv_SE","og_type":"article","og_title":"Springmadrass Hera","og_description":"En praktisk och smidig l\u00f6sning f\u00f6r barn och ungdomar. Hera \u00e4r en enkelsidig pocketfj\u00e4drande madrass med en inbyggd 5 cm b\u00e4ddmadrass - stabil, l\u00e4ttsk\u00f6tt och s\u00e4rskilt l\u00e4mplig f\u00f6r yngre anv\u00e4ndare. Den integrerade b\u00e4ddmadrassen flyttar sig inte och ger en ren sovposition utan behov av en extra b\u00e4ddmadrass. Fj\u00e4dringen best\u00e5r av 12 cm h\u00f6ga pocketfj\u00e4drar (245 fj\u00e4drar\/m\u00b2), som reagerar individuellt p\u00e5 kroppsvikten och ger ett bra st\u00f6d. Tre olika styvheter (1,8\/1,9\/2,0 mm) g\u00f6r att du kan v\u00e4lja r\u00e4tt komfortniv\u00e5. Det \u00f6versta lagret \u00e4r avtagbart och tv\u00e4ttbart (fintv\u00e4tt i 40 \u00b0C), vilket g\u00f6r det enkelt och bekv\u00e4mt att underh\u00e5lla madrassen.","og_url":"https:\/\/hypnos.ee\/sv\/produkt\/springmadrass-hera\/","og_site_name":"Hypnos","og_image":[{"width":590,"height":393,"url":"https:\/\/hypnos.ee\/wp-content\/uploads\/2025\/03\/hera-madrats_f_1_590_1.jpg","type":"image\/jpeg"}],"twitter_card":"summary_large_image","schema":{"@context":"https:\/\/schema.org","@graph":[{"@type":"WebPage","@id":"https:\/\/hypnos.ee\/sv\/produkt\/springmadrass-hera\/","url":"https:\/\/hypnos.ee\/sv\/produkt\/springmadrass-hera\/","name":"Springmadrass Hera - Hypnos","isPartOf":{"@id":"https:\/\/hypnos.ee\/sv\/#website"},"primaryImageOfPage":{"@id":"https:\/\/hypnos.ee\/sv\/produkt\/springmadrass-hera\/#primaryimage"},"image":{"@id":"https:\/\/hypnos.ee\/sv\/produkt\/springmadrass-hera\/#primaryimage"},"thumbnailUrl":"https:\/\/hypnos.ee\/wp-content\/uploads\/2025\/03\/hera-madrats_f_1_590_1.jpg","datePublished":"2025-03-26T11:19:37+00:00","breadcrumb":{"@id":"https:\/\/hypnos.ee\/sv\/produkt\/springmadrass-hera\/#breadcrumb"},"inLanguage":"sv-SE","potentialAction":[{"@type":"ReadAction","target":["https:\/\/hypnos.ee\/sv\/produkt\/springmadrass-hera\/"]}]},{"@type":"ImageObject","inLanguage":"sv-SE","@id":"https:\/\/hypnos.ee\/sv\/produkt\/springmadrass-hera\/#primaryimage","url":"https:\/\/hypnos.ee\/wp-content\/uploads\/2025\/03\/hera-madrats_f_1_590_1.jpg","contentUrl":"https:\/\/hypnos.ee\/wp-content\/uploads\/2025\/03\/hera-madrats_f_1_590_1.jpg","width":590,"height":393},{"@type":"BreadcrumbList","@id":"https:\/\/hypnos.ee\/sv\/produkt\/springmadrass-hera\/#breadcrumb","itemListElement":[{"@type":"ListItem","position":1,"name":"Home","item":"https:\/\/hypnos.ee\/sv\/"},{"@type":"ListItem","position":2,"name":"Produkter","item":"https:\/\/hypnos.ee\/tooted\/"},{"@type":"ListItem","position":3,"name":"Springmadrass Hera"}]},{"@type":"WebSite","@id":"https:\/\/hypnos.ee\/sv\/#website","url":"https:\/\/hypnos.ee\/sv\/","name":"Hypnos","description":"T\u00f5stame unekogemust","publisher":{"@id":"https:\/\/hypnos.ee\/sv\/#organization"},"potentialAction":[{"@type":"SearchAction","target":{"@type":"EntryPoint","urlTemplate":"https:\/\/hypnos.ee\/sv\/?s={search_term_string}"},"query-input":{"@type":"PropertyValueSpecification","valueRequired":true,"valueName":"search_term_string"}}],"inLanguage":"sv-SE"},{"@type":"Organization","@id":"https:\/\/hypnos.ee\/sv\/#organization","name":"Hypnos","url":"https:\/\/hypnos.ee\/sv\/","logo":{"@type":"ImageObject","inLanguage":"sv-SE","@id":"https:\/\/hypnos.ee\/sv\/#\/schema\/logo\/image\/","url":"https:\/\/hypnos.ee\/wp-content\/uploads\/2025\/06\/cropped-Hypnos-fa.png","contentUrl":"https:\/\/hypnos.ee\/wp-content\/uploads\/2025\/06\/cropped-Hypnos-fa.png","width":512,"height":512,"caption":"Hypnos"},"image":{"@id":"https:\/\/hypnos.ee\/sv\/#\/schema\/logo\/image\/"}}]}},"_links":{"self":[{"href":"https:\/\/hypnos.ee\/sv\/wp-json\/wp\/v2\/product\/2325","targetHints":{"allow":["GET"]}}],"collection":[{"href":"https:\/\/hypnos.ee\/sv\/wp-json\/wp\/v2\/product"}],"about":[{"href":"https:\/\/hypnos.ee\/sv\/wp-json\/wp\/v2\/types\/product"}],"replies":[{"embeddable":true,"href":"https:\/\/hypnos.ee\/sv\/wp-json\/wp\/v2\/comments?post=2325"}],"wp:featuredmedia":[{"embeddable":true,"href":"https:\/\/hypnos.ee\/sv\/wp-json\/wp\/v2\/media\/2326"}],"wp:attachment":[{"href":"https:\/\/hypnos.ee\/sv\/wp-json\/wp\/v2\/media?parent=2325"}],"wp:term":[{"taxonomy":"product_brand","embeddable":true,"href":"https:\/\/hypnos.ee\/sv\/wp-json\/wp\/v2\/product_brand?post=2325"},{"taxonomy":"product_cat","embeddable":true,"href":"https:\/\/hypnos.ee\/sv\/wp-json\/wp\/v2\/product_cat?post=2325"},{"taxonomy":"product_tag","embeddable":true,"href":"https:\/\/hypnos.ee\/sv\/wp-json\/wp\/v2\/product_tag?post=2325"}],"curies":[{"name":"wp","href":"https:\/\/api.w.org\/{rel}","templated":true}]}}