{"id":2309,"date":"2025-03-25T10:53:54","date_gmt":"2025-03-25T08:53:54","guid":{"rendered":"https:\/\/hypnos.ee\/toode\/resarmadrass-theia-plus\/"},"modified":"2025-03-25T10:53:54","modified_gmt":"2025-03-25T08:53:54","slug":"resarmadrass-theia-plus","status":"publish","type":"product","link":"https:\/\/hypnos.ee\/sv\/produkt\/resarmadrass-theia-plus\/","title":{"rendered":"Res\u00e5rmadrass Theia PLUS"},"content":{"rendered":"","protected":false},"excerpt":{"rendered":"<p data-key=\"wPQEp\"><strong>Styrkan hos kokosn\u00f6t med komforten hos pocketfj\u00e4drar.<\/strong><\/p>\n<p data-key=\"uSwCk\">Theia PLUS \u00e4r en dubbelsidig pocketfj\u00e4drande madrass med tv\u00e5 lager kokos p\u00e5 ena sidan och en stretchig och st\u00f6djande HR porolone p\u00e5 den andra. B\u00e5da sidorna \u00e4r fodrade med bomull, vilket bidrar till att h\u00e5lla en stabil kroppstemperatur och s\u00e4kerst\u00e4ller en naturlig luftcirkulation. <\/p>\n<p data-key=\"D9IX1\">Om du letar efter en fast men bekv\u00e4m madrass som ger r\u00e4tt st\u00f6d f\u00f6r din kropp och h\u00e5ller l\u00e4nge, \u00e4r Theia PLUS ett utm\u00e4rkt val.<\/p>\n","protected":false},"featured_media":2271,"comment_status":"closed","ping_status":"closed","template":"","meta":{"_acf_changed":false},"product_brand":[],"product_cat":[88],"product_tag":[],"class_list":{"0":"post-2309","1":"product","2":"type-product","3":"status-publish","4":"has-post-thumbnail","6":"product_cat-fjadermadrasser","8":"first","9":"instock","10":"shipping-taxable","11":"product-type-simple"},"acf":[],"yoast_head":"<!-- This site is optimized with the Yoast SEO Premium plugin v26.0 (Yoast SEO v26.0) - https:\/\/yoast.com\/wordpress\/plugins\/seo\/ -->\n<title>Res\u00e5rmadrass Theia PLUS - Hypnos<\/title>\n<meta name=\"robots\" content=\"index, follow, max-snippet:-1, max-image-preview:large, max-video-preview:-1\" \/>\n<link rel=\"canonical\" href=\"https:\/\/hypnos.ee\/sv\/produkt\/resarmadrass-theia-plus\/\" \/>\n<meta property=\"og:locale\" content=\"sv_SE\" \/>\n<meta property=\"og:type\" content=\"article\" \/>\n<meta property=\"og:title\" content=\"Res\u00e5rmadrass Theia PLUS\" \/>\n<meta property=\"og:description\" content=\"Styrkan hos kokosn\u00f6t med komforten hos pocketfj\u00e4drar. Theia PLUS \u00e4r en dubbelsidig pocketfj\u00e4drande madrass med tv\u00e5 lager kokos p\u00e5 ena sidan och en stretchig och st\u00f6djande HR porolone p\u00e5 den andra. B\u00e5da sidorna \u00e4r fodrade med bomull, vilket bidrar till att h\u00e5lla en stabil kroppstemperatur och s\u00e4kerst\u00e4ller en naturlig luftcirkulation. Om du letar efter en fast men bekv\u00e4m madrass som ger r\u00e4tt st\u00f6d f\u00f6r din kropp och h\u00e5ller l\u00e4nge, \u00e4r Theia PLUS ett utm\u00e4rkt val.\" \/>\n<meta property=\"og:url\" content=\"https:\/\/hypnos.ee\/sv\/produkt\/resarmadrass-theia-plus\/\" \/>\n<meta property=\"og:site_name\" content=\"Hypnos\" \/>\n<meta property=\"og:image\" content=\"https:\/\/hypnos.ee\/wp-content\/uploads\/2025\/03\/Theia-madrats-3_f_1_590_1.jpg\" \/>\n\t<meta property=\"og:image:width\" content=\"590\" \/>\n\t<meta property=\"og:image:height\" content=\"394\" \/>\n\t<meta property=\"og:image:type\" content=\"image\/jpeg\" \/>\n<meta name=\"twitter:card\" content=\"summary_large_image\" \/>\n<script type=\"application\/ld+json\" class=\"yoast-schema-graph\">{\"@context\":\"https:\/\/schema.org\",\"@graph\":[{\"@type\":\"WebPage\",\"@id\":\"https:\/\/hypnos.ee\/sv\/produkt\/resarmadrass-theia-plus\/\",\"url\":\"https:\/\/hypnos.ee\/sv\/produkt\/resarmadrass-theia-plus\/\",\"name\":\"Res\u00e5rmadrass Theia PLUS - Hypnos\",\"isPartOf\":{\"@id\":\"https:\/\/hypnos.ee\/sv\/#website\"},\"primaryImageOfPage\":{\"@id\":\"https:\/\/hypnos.ee\/sv\/produkt\/resarmadrass-theia-plus\/#primaryimage\"},\"image\":{\"@id\":\"https:\/\/hypnos.ee\/sv\/produkt\/resarmadrass-theia-plus\/#primaryimage\"},\"thumbnailUrl\":\"https:\/\/hypnos.ee\/wp-content\/uploads\/2025\/03\/Theia-madrats-3_f_1_590_1.jpg\",\"datePublished\":\"2025-03-25T08:53:54+00:00\",\"breadcrumb\":{\"@id\":\"https:\/\/hypnos.ee\/sv\/produkt\/resarmadrass-theia-plus\/#breadcrumb\"},\"inLanguage\":\"sv-SE\",\"potentialAction\":[{\"@type\":\"ReadAction\",\"target\":[\"https:\/\/hypnos.ee\/sv\/produkt\/resarmadrass-theia-plus\/\"]}]},{\"@type\":\"ImageObject\",\"inLanguage\":\"sv-SE\",\"@id\":\"https:\/\/hypnos.ee\/sv\/produkt\/resarmadrass-theia-plus\/#primaryimage\",\"url\":\"https:\/\/hypnos.ee\/wp-content\/uploads\/2025\/03\/Theia-madrats-3_f_1_590_1.jpg\",\"contentUrl\":\"https:\/\/hypnos.ee\/wp-content\/uploads\/2025\/03\/Theia-madrats-3_f_1_590_1.jpg\",\"width\":590,\"height\":394},{\"@type\":\"BreadcrumbList\",\"@id\":\"https:\/\/hypnos.ee\/sv\/produkt\/resarmadrass-theia-plus\/#breadcrumb\",\"itemListElement\":[{\"@type\":\"ListItem\",\"position\":1,\"name\":\"Home\",\"item\":\"https:\/\/hypnos.ee\/sv\/\"},{\"@type\":\"ListItem\",\"position\":2,\"name\":\"Produkter\",\"item\":\"https:\/\/hypnos.ee\/tooted\/\"},{\"@type\":\"ListItem\",\"position\":3,\"name\":\"Res\u00e5rmadrass Theia PLUS\"}]},{\"@type\":\"WebSite\",\"@id\":\"https:\/\/hypnos.ee\/sv\/#website\",\"url\":\"https:\/\/hypnos.ee\/sv\/\",\"name\":\"Hypnos\",\"description\":\"T\u00f5stame unekogemust\",\"publisher\":{\"@id\":\"https:\/\/hypnos.ee\/sv\/#organization\"},\"potentialAction\":[{\"@type\":\"SearchAction\",\"target\":{\"@type\":\"EntryPoint\",\"urlTemplate\":\"https:\/\/hypnos.ee\/sv\/?s={search_term_string}\"},\"query-input\":{\"@type\":\"PropertyValueSpecification\",\"valueRequired\":true,\"valueName\":\"search_term_string\"}}],\"inLanguage\":\"sv-SE\"},{\"@type\":\"Organization\",\"@id\":\"https:\/\/hypnos.ee\/sv\/#organization\",\"name\":\"Hypnos\",\"url\":\"https:\/\/hypnos.ee\/sv\/\",\"logo\":{\"@type\":\"ImageObject\",\"inLanguage\":\"sv-SE\",\"@id\":\"https:\/\/hypnos.ee\/sv\/#\/schema\/logo\/image\/\",\"url\":\"https:\/\/hypnos.ee\/wp-content\/uploads\/2025\/06\/cropped-Hypnos-fa.png\",\"contentUrl\":\"https:\/\/hypnos.ee\/wp-content\/uploads\/2025\/06\/cropped-Hypnos-fa.png\",\"width\":512,\"height\":512,\"caption\":\"Hypnos\"},\"image\":{\"@id\":\"https:\/\/hypnos.ee\/sv\/#\/schema\/logo\/image\/\"}}]}<\/script>\n<!-- \/ Yoast SEO Premium plugin. -->","yoast_head_json":{"title":"Res\u00e5rmadrass Theia PLUS - Hypnos","robots":{"index":"index","follow":"follow","max-snippet":"max-snippet:-1","max-image-preview":"max-image-preview:large","max-video-preview":"max-video-preview:-1"},"canonical":"https:\/\/hypnos.ee\/sv\/produkt\/resarmadrass-theia-plus\/","og_locale":"sv_SE","og_type":"article","og_title":"Res\u00e5rmadrass Theia PLUS","og_description":"Styrkan hos kokosn\u00f6t med komforten hos pocketfj\u00e4drar. Theia PLUS \u00e4r en dubbelsidig pocketfj\u00e4drande madrass med tv\u00e5 lager kokos p\u00e5 ena sidan och en stretchig och st\u00f6djande HR porolone p\u00e5 den andra. B\u00e5da sidorna \u00e4r fodrade med bomull, vilket bidrar till att h\u00e5lla en stabil kroppstemperatur och s\u00e4kerst\u00e4ller en naturlig luftcirkulation. Om du letar efter en fast men bekv\u00e4m madrass som ger r\u00e4tt st\u00f6d f\u00f6r din kropp och h\u00e5ller l\u00e4nge, \u00e4r Theia PLUS ett utm\u00e4rkt val.","og_url":"https:\/\/hypnos.ee\/sv\/produkt\/resarmadrass-theia-plus\/","og_site_name":"Hypnos","og_image":[{"width":590,"height":394,"url":"https:\/\/hypnos.ee\/wp-content\/uploads\/2025\/03\/Theia-madrats-3_f_1_590_1.jpg","type":"image\/jpeg"}],"twitter_card":"summary_large_image","schema":{"@context":"https:\/\/schema.org","@graph":[{"@type":"WebPage","@id":"https:\/\/hypnos.ee\/sv\/produkt\/resarmadrass-theia-plus\/","url":"https:\/\/hypnos.ee\/sv\/produkt\/resarmadrass-theia-plus\/","name":"Res\u00e5rmadrass Theia PLUS - Hypnos","isPartOf":{"@id":"https:\/\/hypnos.ee\/sv\/#website"},"primaryImageOfPage":{"@id":"https:\/\/hypnos.ee\/sv\/produkt\/resarmadrass-theia-plus\/#primaryimage"},"image":{"@id":"https:\/\/hypnos.ee\/sv\/produkt\/resarmadrass-theia-plus\/#primaryimage"},"thumbnailUrl":"https:\/\/hypnos.ee\/wp-content\/uploads\/2025\/03\/Theia-madrats-3_f_1_590_1.jpg","datePublished":"2025-03-25T08:53:54+00:00","breadcrumb":{"@id":"https:\/\/hypnos.ee\/sv\/produkt\/resarmadrass-theia-plus\/#breadcrumb"},"inLanguage":"sv-SE","potentialAction":[{"@type":"ReadAction","target":["https:\/\/hypnos.ee\/sv\/produkt\/resarmadrass-theia-plus\/"]}]},{"@type":"ImageObject","inLanguage":"sv-SE","@id":"https:\/\/hypnos.ee\/sv\/produkt\/resarmadrass-theia-plus\/#primaryimage","url":"https:\/\/hypnos.ee\/wp-content\/uploads\/2025\/03\/Theia-madrats-3_f_1_590_1.jpg","contentUrl":"https:\/\/hypnos.ee\/wp-content\/uploads\/2025\/03\/Theia-madrats-3_f_1_590_1.jpg","width":590,"height":394},{"@type":"BreadcrumbList","@id":"https:\/\/hypnos.ee\/sv\/produkt\/resarmadrass-theia-plus\/#breadcrumb","itemListElement":[{"@type":"ListItem","position":1,"name":"Home","item":"https:\/\/hypnos.ee\/sv\/"},{"@type":"ListItem","position":2,"name":"Produkter","item":"https:\/\/hypnos.ee\/tooted\/"},{"@type":"ListItem","position":3,"name":"Res\u00e5rmadrass Theia PLUS"}]},{"@type":"WebSite","@id":"https:\/\/hypnos.ee\/sv\/#website","url":"https:\/\/hypnos.ee\/sv\/","name":"Hypnos","description":"T\u00f5stame unekogemust","publisher":{"@id":"https:\/\/hypnos.ee\/sv\/#organization"},"potentialAction":[{"@type":"SearchAction","target":{"@type":"EntryPoint","urlTemplate":"https:\/\/hypnos.ee\/sv\/?s={search_term_string}"},"query-input":{"@type":"PropertyValueSpecification","valueRequired":true,"valueName":"search_term_string"}}],"inLanguage":"sv-SE"},{"@type":"Organization","@id":"https:\/\/hypnos.ee\/sv\/#organization","name":"Hypnos","url":"https:\/\/hypnos.ee\/sv\/","logo":{"@type":"ImageObject","inLanguage":"sv-SE","@id":"https:\/\/hypnos.ee\/sv\/#\/schema\/logo\/image\/","url":"https:\/\/hypnos.ee\/wp-content\/uploads\/2025\/06\/cropped-Hypnos-fa.png","contentUrl":"https:\/\/hypnos.ee\/wp-content\/uploads\/2025\/06\/cropped-Hypnos-fa.png","width":512,"height":512,"caption":"Hypnos"},"image":{"@id":"https:\/\/hypnos.ee\/sv\/#\/schema\/logo\/image\/"}}]}},"_links":{"self":[{"href":"https:\/\/hypnos.ee\/sv\/wp-json\/wp\/v2\/product\/2309","targetHints":{"allow":["GET"]}}],"collection":[{"href":"https:\/\/hypnos.ee\/sv\/wp-json\/wp\/v2\/product"}],"about":[{"href":"https:\/\/hypnos.ee\/sv\/wp-json\/wp\/v2\/types\/product"}],"replies":[{"embeddable":true,"href":"https:\/\/hypnos.ee\/sv\/wp-json\/wp\/v2\/comments?post=2309"}],"wp:featuredmedia":[{"embeddable":true,"href":"https:\/\/hypnos.ee\/sv\/wp-json\/wp\/v2\/media\/2271"}],"wp:attachment":[{"href":"https:\/\/hypnos.ee\/sv\/wp-json\/wp\/v2\/media?parent=2309"}],"wp:term":[{"taxonomy":"product_brand","embeddable":true,"href":"https:\/\/hypnos.ee\/sv\/wp-json\/wp\/v2\/product_brand?post=2309"},{"taxonomy":"product_cat","embeddable":true,"href":"https:\/\/hypnos.ee\/sv\/wp-json\/wp\/v2\/product_cat?post=2309"},{"taxonomy":"product_tag","embeddable":true,"href":"https:\/\/hypnos.ee\/sv\/wp-json\/wp\/v2\/product_tag?post=2309"}],"curies":[{"name":"wp","href":"https:\/\/api.w.org\/{rel}","templated":true}]}}