{"id":2306,"date":"2025-03-26T13:17:36","date_gmt":"2025-03-26T11:17:36","guid":{"rendered":"https:\/\/hypnos.ee\/toode\/apollo-resarmadrass\/"},"modified":"2025-03-26T13:17:36","modified_gmt":"2025-03-26T11:17:36","slug":"apollo-resarmadrass","status":"publish","type":"product","link":"https:\/\/hypnos.ee\/sv\/produkt\/apollo-resarmadrass\/","title":{"rendered":"Apollo res\u00e5rmadrass"},"content":{"rendered":"","protected":false},"excerpt":{"rendered":"<p data-key=\"47aRv\"><strong>En stark och stretchig madrass med naturliga bomulls- och ullfibrer.<\/strong><\/p>\n<p data-key=\"csOK7\">Apollo-madrassen kombinerar f\u00f6rdelarna med h\u00e5rda fj\u00e4drar och naturmaterial. Ena sidan \u00e4r fodrad med bomull, perfekt f\u00f6r sommaren. Den andra sidan \u00e4r fodrad med ull, perfekt f\u00f6r vintern.  <\/p>\n<p data-key=\"ttA2e\">Madrassens inneh\u00e5ll ger ett fast st\u00f6d och bidrar till att h\u00e5lla en stabil kroppstemperatur \u00e5ret runt.<\/p>\n<p data-key=\"hXi6M\">Madrassen \u00e4r formgjuten till ett robust poroloon-skal och kanterna \u00e4r vadderade f\u00f6r extra komfort och h\u00e5llbarhet.<\/p>\n","protected":false},"featured_media":2307,"comment_status":"closed","ping_status":"closed","template":"","meta":{"_acf_changed":false},"product_brand":[],"product_cat":[88],"product_tag":[],"class_list":{"0":"post-2306","1":"product","2":"type-product","3":"status-publish","4":"has-post-thumbnail","6":"product_cat-fjadermadrasser","8":"first","9":"instock","10":"shipping-taxable","11":"product-type-simple"},"acf":[],"yoast_head":"<!-- This site is optimized with the Yoast SEO Premium plugin v26.0 (Yoast SEO v26.0) - https:\/\/yoast.com\/wordpress\/plugins\/seo\/ -->\n<title>Apollo res\u00e5rmadrass - Hypnos<\/title>\n<meta name=\"robots\" content=\"index, follow, max-snippet:-1, max-image-preview:large, max-video-preview:-1\" \/>\n<link rel=\"canonical\" href=\"https:\/\/hypnos.ee\/sv\/produkt\/apollo-resarmadrass\/\" \/>\n<meta property=\"og:locale\" content=\"sv_SE\" \/>\n<meta property=\"og:type\" content=\"article\" \/>\n<meta property=\"og:title\" content=\"Apollo res\u00e5rmadrass\" \/>\n<meta property=\"og:description\" content=\"En stark och stretchig madrass med naturliga bomulls- och ullfibrer. Apollo-madrassen kombinerar f\u00f6rdelarna med h\u00e5rda fj\u00e4drar och naturmaterial. Ena sidan \u00e4r fodrad med bomull, perfekt f\u00f6r sommaren. Den andra sidan \u00e4r fodrad med ull, perfekt f\u00f6r vintern.  Madrassens inneh\u00e5ll ger ett fast st\u00f6d och bidrar till att h\u00e5lla en stabil kroppstemperatur \u00e5ret runt. Madrassen \u00e4r formgjuten till ett robust poroloon-skal och kanterna \u00e4r vadderade f\u00f6r extra komfort och h\u00e5llbarhet.\" \/>\n<meta property=\"og:url\" content=\"https:\/\/hypnos.ee\/sv\/produkt\/apollo-resarmadrass\/\" \/>\n<meta property=\"og:site_name\" content=\"Hypnos\" \/>\n<meta property=\"og:image\" content=\"https:\/\/hypnos.ee\/wp-content\/uploads\/2025\/03\/apollo-2-madrats_f_1_590_1.jpg\" \/>\n\t<meta property=\"og:image:width\" content=\"590\" \/>\n\t<meta property=\"og:image:height\" content=\"366\" \/>\n\t<meta property=\"og:image:type\" content=\"image\/jpeg\" \/>\n<meta name=\"twitter:card\" content=\"summary_large_image\" \/>\n<script type=\"application\/ld+json\" class=\"yoast-schema-graph\">{\"@context\":\"https:\/\/schema.org\",\"@graph\":[{\"@type\":\"WebPage\",\"@id\":\"https:\/\/hypnos.ee\/sv\/produkt\/apollo-resarmadrass\/\",\"url\":\"https:\/\/hypnos.ee\/sv\/produkt\/apollo-resarmadrass\/\",\"name\":\"Apollo res\u00e5rmadrass - Hypnos\",\"isPartOf\":{\"@id\":\"https:\/\/hypnos.ee\/sv\/#website\"},\"primaryImageOfPage\":{\"@id\":\"https:\/\/hypnos.ee\/sv\/produkt\/apollo-resarmadrass\/#primaryimage\"},\"image\":{\"@id\":\"https:\/\/hypnos.ee\/sv\/produkt\/apollo-resarmadrass\/#primaryimage\"},\"thumbnailUrl\":\"https:\/\/hypnos.ee\/wp-content\/uploads\/2025\/03\/apollo-2-madrats_f_1_590_1.jpg\",\"datePublished\":\"2025-03-26T11:17:36+00:00\",\"breadcrumb\":{\"@id\":\"https:\/\/hypnos.ee\/sv\/produkt\/apollo-resarmadrass\/#breadcrumb\"},\"inLanguage\":\"sv-SE\",\"potentialAction\":[{\"@type\":\"ReadAction\",\"target\":[\"https:\/\/hypnos.ee\/sv\/produkt\/apollo-resarmadrass\/\"]}]},{\"@type\":\"ImageObject\",\"inLanguage\":\"sv-SE\",\"@id\":\"https:\/\/hypnos.ee\/sv\/produkt\/apollo-resarmadrass\/#primaryimage\",\"url\":\"https:\/\/hypnos.ee\/wp-content\/uploads\/2025\/03\/apollo-2-madrats_f_1_590_1.jpg\",\"contentUrl\":\"https:\/\/hypnos.ee\/wp-content\/uploads\/2025\/03\/apollo-2-madrats_f_1_590_1.jpg\",\"width\":590,\"height\":366},{\"@type\":\"BreadcrumbList\",\"@id\":\"https:\/\/hypnos.ee\/sv\/produkt\/apollo-resarmadrass\/#breadcrumb\",\"itemListElement\":[{\"@type\":\"ListItem\",\"position\":1,\"name\":\"Home\",\"item\":\"https:\/\/hypnos.ee\/sv\/\"},{\"@type\":\"ListItem\",\"position\":2,\"name\":\"Produkter\",\"item\":\"https:\/\/hypnos.ee\/tooted\/\"},{\"@type\":\"ListItem\",\"position\":3,\"name\":\"Apollo res\u00e5rmadrass\"}]},{\"@type\":\"WebSite\",\"@id\":\"https:\/\/hypnos.ee\/sv\/#website\",\"url\":\"https:\/\/hypnos.ee\/sv\/\",\"name\":\"Hypnos\",\"description\":\"T\u00f5stame unekogemust\",\"publisher\":{\"@id\":\"https:\/\/hypnos.ee\/sv\/#organization\"},\"potentialAction\":[{\"@type\":\"SearchAction\",\"target\":{\"@type\":\"EntryPoint\",\"urlTemplate\":\"https:\/\/hypnos.ee\/sv\/?s={search_term_string}\"},\"query-input\":{\"@type\":\"PropertyValueSpecification\",\"valueRequired\":true,\"valueName\":\"search_term_string\"}}],\"inLanguage\":\"sv-SE\"},{\"@type\":\"Organization\",\"@id\":\"https:\/\/hypnos.ee\/sv\/#organization\",\"name\":\"Hypnos\",\"url\":\"https:\/\/hypnos.ee\/sv\/\",\"logo\":{\"@type\":\"ImageObject\",\"inLanguage\":\"sv-SE\",\"@id\":\"https:\/\/hypnos.ee\/sv\/#\/schema\/logo\/image\/\",\"url\":\"https:\/\/hypnos.ee\/wp-content\/uploads\/2025\/06\/cropped-Hypnos-fa.png\",\"contentUrl\":\"https:\/\/hypnos.ee\/wp-content\/uploads\/2025\/06\/cropped-Hypnos-fa.png\",\"width\":512,\"height\":512,\"caption\":\"Hypnos\"},\"image\":{\"@id\":\"https:\/\/hypnos.ee\/sv\/#\/schema\/logo\/image\/\"}}]}<\/script>\n<!-- \/ Yoast SEO Premium plugin. -->","yoast_head_json":{"title":"Apollo res\u00e5rmadrass - Hypnos","robots":{"index":"index","follow":"follow","max-snippet":"max-snippet:-1","max-image-preview":"max-image-preview:large","max-video-preview":"max-video-preview:-1"},"canonical":"https:\/\/hypnos.ee\/sv\/produkt\/apollo-resarmadrass\/","og_locale":"sv_SE","og_type":"article","og_title":"Apollo res\u00e5rmadrass","og_description":"En stark och stretchig madrass med naturliga bomulls- och ullfibrer. Apollo-madrassen kombinerar f\u00f6rdelarna med h\u00e5rda fj\u00e4drar och naturmaterial. Ena sidan \u00e4r fodrad med bomull, perfekt f\u00f6r sommaren. Den andra sidan \u00e4r fodrad med ull, perfekt f\u00f6r vintern.  Madrassens inneh\u00e5ll ger ett fast st\u00f6d och bidrar till att h\u00e5lla en stabil kroppstemperatur \u00e5ret runt. Madrassen \u00e4r formgjuten till ett robust poroloon-skal och kanterna \u00e4r vadderade f\u00f6r extra komfort och h\u00e5llbarhet.","og_url":"https:\/\/hypnos.ee\/sv\/produkt\/apollo-resarmadrass\/","og_site_name":"Hypnos","og_image":[{"width":590,"height":366,"url":"https:\/\/hypnos.ee\/wp-content\/uploads\/2025\/03\/apollo-2-madrats_f_1_590_1.jpg","type":"image\/jpeg"}],"twitter_card":"summary_large_image","schema":{"@context":"https:\/\/schema.org","@graph":[{"@type":"WebPage","@id":"https:\/\/hypnos.ee\/sv\/produkt\/apollo-resarmadrass\/","url":"https:\/\/hypnos.ee\/sv\/produkt\/apollo-resarmadrass\/","name":"Apollo res\u00e5rmadrass - Hypnos","isPartOf":{"@id":"https:\/\/hypnos.ee\/sv\/#website"},"primaryImageOfPage":{"@id":"https:\/\/hypnos.ee\/sv\/produkt\/apollo-resarmadrass\/#primaryimage"},"image":{"@id":"https:\/\/hypnos.ee\/sv\/produkt\/apollo-resarmadrass\/#primaryimage"},"thumbnailUrl":"https:\/\/hypnos.ee\/wp-content\/uploads\/2025\/03\/apollo-2-madrats_f_1_590_1.jpg","datePublished":"2025-03-26T11:17:36+00:00","breadcrumb":{"@id":"https:\/\/hypnos.ee\/sv\/produkt\/apollo-resarmadrass\/#breadcrumb"},"inLanguage":"sv-SE","potentialAction":[{"@type":"ReadAction","target":["https:\/\/hypnos.ee\/sv\/produkt\/apollo-resarmadrass\/"]}]},{"@type":"ImageObject","inLanguage":"sv-SE","@id":"https:\/\/hypnos.ee\/sv\/produkt\/apollo-resarmadrass\/#primaryimage","url":"https:\/\/hypnos.ee\/wp-content\/uploads\/2025\/03\/apollo-2-madrats_f_1_590_1.jpg","contentUrl":"https:\/\/hypnos.ee\/wp-content\/uploads\/2025\/03\/apollo-2-madrats_f_1_590_1.jpg","width":590,"height":366},{"@type":"BreadcrumbList","@id":"https:\/\/hypnos.ee\/sv\/produkt\/apollo-resarmadrass\/#breadcrumb","itemListElement":[{"@type":"ListItem","position":1,"name":"Home","item":"https:\/\/hypnos.ee\/sv\/"},{"@type":"ListItem","position":2,"name":"Produkter","item":"https:\/\/hypnos.ee\/tooted\/"},{"@type":"ListItem","position":3,"name":"Apollo res\u00e5rmadrass"}]},{"@type":"WebSite","@id":"https:\/\/hypnos.ee\/sv\/#website","url":"https:\/\/hypnos.ee\/sv\/","name":"Hypnos","description":"T\u00f5stame unekogemust","publisher":{"@id":"https:\/\/hypnos.ee\/sv\/#organization"},"potentialAction":[{"@type":"SearchAction","target":{"@type":"EntryPoint","urlTemplate":"https:\/\/hypnos.ee\/sv\/?s={search_term_string}"},"query-input":{"@type":"PropertyValueSpecification","valueRequired":true,"valueName":"search_term_string"}}],"inLanguage":"sv-SE"},{"@type":"Organization","@id":"https:\/\/hypnos.ee\/sv\/#organization","name":"Hypnos","url":"https:\/\/hypnos.ee\/sv\/","logo":{"@type":"ImageObject","inLanguage":"sv-SE","@id":"https:\/\/hypnos.ee\/sv\/#\/schema\/logo\/image\/","url":"https:\/\/hypnos.ee\/wp-content\/uploads\/2025\/06\/cropped-Hypnos-fa.png","contentUrl":"https:\/\/hypnos.ee\/wp-content\/uploads\/2025\/06\/cropped-Hypnos-fa.png","width":512,"height":512,"caption":"Hypnos"},"image":{"@id":"https:\/\/hypnos.ee\/sv\/#\/schema\/logo\/image\/"}}]}},"_links":{"self":[{"href":"https:\/\/hypnos.ee\/sv\/wp-json\/wp\/v2\/product\/2306","targetHints":{"allow":["GET"]}}],"collection":[{"href":"https:\/\/hypnos.ee\/sv\/wp-json\/wp\/v2\/product"}],"about":[{"href":"https:\/\/hypnos.ee\/sv\/wp-json\/wp\/v2\/types\/product"}],"replies":[{"embeddable":true,"href":"https:\/\/hypnos.ee\/sv\/wp-json\/wp\/v2\/comments?post=2306"}],"wp:featuredmedia":[{"embeddable":true,"href":"https:\/\/hypnos.ee\/sv\/wp-json\/wp\/v2\/media\/2307"}],"wp:attachment":[{"href":"https:\/\/hypnos.ee\/sv\/wp-json\/wp\/v2\/media?parent=2306"}],"wp:term":[{"taxonomy":"product_brand","embeddable":true,"href":"https:\/\/hypnos.ee\/sv\/wp-json\/wp\/v2\/product_brand?post=2306"},{"taxonomy":"product_cat","embeddable":true,"href":"https:\/\/hypnos.ee\/sv\/wp-json\/wp\/v2\/product_cat?post=2306"},{"taxonomy":"product_tag","embeddable":true,"href":"https:\/\/hypnos.ee\/sv\/wp-json\/wp\/v2\/product_tag?post=2306"}],"curies":[{"name":"wp","href":"https:\/\/api.w.org\/{rel}","templated":true}]}}