{"id":2285,"date":"2025-03-26T13:21:02","date_gmt":"2025-03-26T11:21:02","guid":{"rendered":"https:\/\/hypnos.ee\/toode\/varmadrass-luna\/"},"modified":"2025-03-26T13:21:02","modified_gmt":"2025-03-26T11:21:02","slug":"varmadrass-luna","status":"publish","type":"product","link":"https:\/\/hypnos.ee\/sv\/produkt\/varmadrass-luna\/","title":{"rendered":"V\u00e5rmadrass Luna"},"content":{"rendered":"","protected":false},"excerpt":{"rendered":"<p data-key=\"W07N9\" data-pm-slice=\"1 1 []\"><strong>Tyst, flytande och anatomisk.<\/strong><\/p>\n<p data-key=\"jFDFt\">Denna madrass \u00e4r utformad f\u00f6r att erbjuda den komfortniv\u00e5 som passar dig.<\/p>\n<p data-key=\"osS9s\">Luna finns i fyra olika styvheter, beroende p\u00e5 fj\u00e4dertr\u00e5dens diameter (1,8 mm \/ 1,9 mm \/ 2,0 mm \/ 2,1 mm), s\u00e5 att du kan hitta exakt det st\u00f6d och den k\u00e4nsla du beh\u00f6ver.<\/p>\n<p data-key=\"TX77P\">Pocketfj\u00e4dringen reagerar individuellt p\u00e5 kroppsvikt och r\u00f6relser och ger ett j\u00e4mnt st\u00f6d under hela natten. Tv\u00e5 olika lager av dun ger extra komfort, medan ett f\u00f6rst\u00e4rkningselement p\u00e5 sidorna h\u00e5ller madrassen i form. <\/p>\n<p data-key=\"HHCeo\">Luna-madrassen har en dubbelsidig anv\u00e4ndning. Ena sidan med ett ullskikt &#8211; perfekt f\u00f6r den kallare \u00e5rstiden. Den andra med bomull, som \u00e4r svalare och andas b\u00e4ttre, f\u00f6r varmare \u00e5rstider.  <\/p>\n<p data-key=\"HHCeo\">Silver Protect-behandlingen skyddar mot dammkvalster och bakterier och \u00e4r \u00e4ven l\u00e4mplig f\u00f6r allergiker.<\/p>\n<p>&nbsp;<\/p>\n","protected":false},"featured_media":2286,"comment_status":"closed","ping_status":"closed","template":"","meta":{"_acf_changed":false},"product_brand":[],"product_cat":[88],"product_tag":[],"class_list":{"0":"post-2285","1":"product","2":"type-product","3":"status-publish","4":"has-post-thumbnail","6":"product_cat-fjadermadrasser","8":"first","9":"instock","10":"shipping-taxable","11":"product-type-simple"},"acf":[],"yoast_head":"<!-- This site is optimized with the Yoast SEO Premium plugin v26.0 (Yoast SEO v26.0) - https:\/\/yoast.com\/wordpress\/plugins\/seo\/ -->\n<title>V\u00e5rmadrass Luna - Hypnos<\/title>\n<meta name=\"robots\" content=\"index, follow, max-snippet:-1, max-image-preview:large, max-video-preview:-1\" \/>\n<link rel=\"canonical\" href=\"https:\/\/hypnos.ee\/sv\/produkt\/varmadrass-luna\/\" \/>\n<meta property=\"og:locale\" content=\"sv_SE\" \/>\n<meta property=\"og:type\" content=\"article\" \/>\n<meta property=\"og:title\" content=\"V\u00e5rmadrass Luna\" \/>\n<meta property=\"og:description\" content=\"Tyst, flytande och anatomisk. Denna madrass \u00e4r utformad f\u00f6r att erbjuda den komfortniv\u00e5 som passar dig. Luna finns i fyra olika styvheter, beroende p\u00e5 fj\u00e4dertr\u00e5dens diameter (1,8 mm \/ 1,9 mm \/ 2,0 mm \/ 2,1 mm), s\u00e5 att du kan hitta exakt det st\u00f6d och den k\u00e4nsla du beh\u00f6ver. Pocketfj\u00e4dringen reagerar individuellt p\u00e5 kroppsvikt och r\u00f6relser och ger ett j\u00e4mnt st\u00f6d under hela natten. Tv\u00e5 olika lager av dun ger extra komfort, medan ett f\u00f6rst\u00e4rkningselement p\u00e5 sidorna h\u00e5ller madrassen i form. Luna-madrassen har en dubbelsidig anv\u00e4ndning. Ena sidan med ett ullskikt - perfekt f\u00f6r den kallare \u00e5rstiden. Den andra med bomull, som \u00e4r svalare och andas b\u00e4ttre, f\u00f6r varmare \u00e5rstider.  Silver Protect-behandlingen skyddar mot dammkvalster och bakterier och \u00e4r \u00e4ven l\u00e4mplig f\u00f6r allergiker. &nbsp;\" \/>\n<meta property=\"og:url\" content=\"https:\/\/hypnos.ee\/sv\/produkt\/varmadrass-luna\/\" \/>\n<meta property=\"og:site_name\" content=\"Hypnos\" \/>\n<meta property=\"og:image\" content=\"https:\/\/hypnos.ee\/wp-content\/uploads\/2025\/03\/luna-vedrumadrats_f_1_590_1.jpg\" \/>\n\t<meta property=\"og:image:width\" content=\"590\" \/>\n\t<meta property=\"og:image:height\" content=\"272\" \/>\n\t<meta property=\"og:image:type\" content=\"image\/jpeg\" \/>\n<meta name=\"twitter:card\" content=\"summary_large_image\" \/>\n<script type=\"application\/ld+json\" class=\"yoast-schema-graph\">{\"@context\":\"https:\/\/schema.org\",\"@graph\":[{\"@type\":\"WebPage\",\"@id\":\"https:\/\/hypnos.ee\/sv\/produkt\/varmadrass-luna\/\",\"url\":\"https:\/\/hypnos.ee\/sv\/produkt\/varmadrass-luna\/\",\"name\":\"V\u00e5rmadrass Luna - Hypnos\",\"isPartOf\":{\"@id\":\"https:\/\/hypnos.ee\/sv\/#website\"},\"primaryImageOfPage\":{\"@id\":\"https:\/\/hypnos.ee\/sv\/produkt\/varmadrass-luna\/#primaryimage\"},\"image\":{\"@id\":\"https:\/\/hypnos.ee\/sv\/produkt\/varmadrass-luna\/#primaryimage\"},\"thumbnailUrl\":\"https:\/\/hypnos.ee\/wp-content\/uploads\/2025\/03\/luna-vedrumadrats_f_1_590_1.jpg\",\"datePublished\":\"2025-03-26T11:21:02+00:00\",\"breadcrumb\":{\"@id\":\"https:\/\/hypnos.ee\/sv\/produkt\/varmadrass-luna\/#breadcrumb\"},\"inLanguage\":\"sv-SE\",\"potentialAction\":[{\"@type\":\"ReadAction\",\"target\":[\"https:\/\/hypnos.ee\/sv\/produkt\/varmadrass-luna\/\"]}]},{\"@type\":\"ImageObject\",\"inLanguage\":\"sv-SE\",\"@id\":\"https:\/\/hypnos.ee\/sv\/produkt\/varmadrass-luna\/#primaryimage\",\"url\":\"https:\/\/hypnos.ee\/wp-content\/uploads\/2025\/03\/luna-vedrumadrats_f_1_590_1.jpg\",\"contentUrl\":\"https:\/\/hypnos.ee\/wp-content\/uploads\/2025\/03\/luna-vedrumadrats_f_1_590_1.jpg\",\"width\":590,\"height\":272},{\"@type\":\"BreadcrumbList\",\"@id\":\"https:\/\/hypnos.ee\/sv\/produkt\/varmadrass-luna\/#breadcrumb\",\"itemListElement\":[{\"@type\":\"ListItem\",\"position\":1,\"name\":\"Home\",\"item\":\"https:\/\/hypnos.ee\/sv\/\"},{\"@type\":\"ListItem\",\"position\":2,\"name\":\"Produkter\",\"item\":\"https:\/\/hypnos.ee\/tooted\/\"},{\"@type\":\"ListItem\",\"position\":3,\"name\":\"V\u00e5rmadrass Luna\"}]},{\"@type\":\"WebSite\",\"@id\":\"https:\/\/hypnos.ee\/sv\/#website\",\"url\":\"https:\/\/hypnos.ee\/sv\/\",\"name\":\"Hypnos\",\"description\":\"T\u00f5stame unekogemust\",\"publisher\":{\"@id\":\"https:\/\/hypnos.ee\/sv\/#organization\"},\"potentialAction\":[{\"@type\":\"SearchAction\",\"target\":{\"@type\":\"EntryPoint\",\"urlTemplate\":\"https:\/\/hypnos.ee\/sv\/?s={search_term_string}\"},\"query-input\":{\"@type\":\"PropertyValueSpecification\",\"valueRequired\":true,\"valueName\":\"search_term_string\"}}],\"inLanguage\":\"sv-SE\"},{\"@type\":\"Organization\",\"@id\":\"https:\/\/hypnos.ee\/sv\/#organization\",\"name\":\"Hypnos\",\"url\":\"https:\/\/hypnos.ee\/sv\/\",\"logo\":{\"@type\":\"ImageObject\",\"inLanguage\":\"sv-SE\",\"@id\":\"https:\/\/hypnos.ee\/sv\/#\/schema\/logo\/image\/\",\"url\":\"https:\/\/hypnos.ee\/wp-content\/uploads\/2025\/06\/cropped-Hypnos-fa.png\",\"contentUrl\":\"https:\/\/hypnos.ee\/wp-content\/uploads\/2025\/06\/cropped-Hypnos-fa.png\",\"width\":512,\"height\":512,\"caption\":\"Hypnos\"},\"image\":{\"@id\":\"https:\/\/hypnos.ee\/sv\/#\/schema\/logo\/image\/\"}}]}<\/script>\n<!-- \/ Yoast SEO Premium plugin. -->","yoast_head_json":{"title":"V\u00e5rmadrass Luna - Hypnos","robots":{"index":"index","follow":"follow","max-snippet":"max-snippet:-1","max-image-preview":"max-image-preview:large","max-video-preview":"max-video-preview:-1"},"canonical":"https:\/\/hypnos.ee\/sv\/produkt\/varmadrass-luna\/","og_locale":"sv_SE","og_type":"article","og_title":"V\u00e5rmadrass Luna","og_description":"Tyst, flytande och anatomisk. Denna madrass \u00e4r utformad f\u00f6r att erbjuda den komfortniv\u00e5 som passar dig. Luna finns i fyra olika styvheter, beroende p\u00e5 fj\u00e4dertr\u00e5dens diameter (1,8 mm \/ 1,9 mm \/ 2,0 mm \/ 2,1 mm), s\u00e5 att du kan hitta exakt det st\u00f6d och den k\u00e4nsla du beh\u00f6ver. Pocketfj\u00e4dringen reagerar individuellt p\u00e5 kroppsvikt och r\u00f6relser och ger ett j\u00e4mnt st\u00f6d under hela natten. Tv\u00e5 olika lager av dun ger extra komfort, medan ett f\u00f6rst\u00e4rkningselement p\u00e5 sidorna h\u00e5ller madrassen i form. Luna-madrassen har en dubbelsidig anv\u00e4ndning. Ena sidan med ett ullskikt - perfekt f\u00f6r den kallare \u00e5rstiden. Den andra med bomull, som \u00e4r svalare och andas b\u00e4ttre, f\u00f6r varmare \u00e5rstider.  Silver Protect-behandlingen skyddar mot dammkvalster och bakterier och \u00e4r \u00e4ven l\u00e4mplig f\u00f6r allergiker. &nbsp;","og_url":"https:\/\/hypnos.ee\/sv\/produkt\/varmadrass-luna\/","og_site_name":"Hypnos","og_image":[{"width":590,"height":272,"url":"https:\/\/hypnos.ee\/wp-content\/uploads\/2025\/03\/luna-vedrumadrats_f_1_590_1.jpg","type":"image\/jpeg"}],"twitter_card":"summary_large_image","schema":{"@context":"https:\/\/schema.org","@graph":[{"@type":"WebPage","@id":"https:\/\/hypnos.ee\/sv\/produkt\/varmadrass-luna\/","url":"https:\/\/hypnos.ee\/sv\/produkt\/varmadrass-luna\/","name":"V\u00e5rmadrass Luna - Hypnos","isPartOf":{"@id":"https:\/\/hypnos.ee\/sv\/#website"},"primaryImageOfPage":{"@id":"https:\/\/hypnos.ee\/sv\/produkt\/varmadrass-luna\/#primaryimage"},"image":{"@id":"https:\/\/hypnos.ee\/sv\/produkt\/varmadrass-luna\/#primaryimage"},"thumbnailUrl":"https:\/\/hypnos.ee\/wp-content\/uploads\/2025\/03\/luna-vedrumadrats_f_1_590_1.jpg","datePublished":"2025-03-26T11:21:02+00:00","breadcrumb":{"@id":"https:\/\/hypnos.ee\/sv\/produkt\/varmadrass-luna\/#breadcrumb"},"inLanguage":"sv-SE","potentialAction":[{"@type":"ReadAction","target":["https:\/\/hypnos.ee\/sv\/produkt\/varmadrass-luna\/"]}]},{"@type":"ImageObject","inLanguage":"sv-SE","@id":"https:\/\/hypnos.ee\/sv\/produkt\/varmadrass-luna\/#primaryimage","url":"https:\/\/hypnos.ee\/wp-content\/uploads\/2025\/03\/luna-vedrumadrats_f_1_590_1.jpg","contentUrl":"https:\/\/hypnos.ee\/wp-content\/uploads\/2025\/03\/luna-vedrumadrats_f_1_590_1.jpg","width":590,"height":272},{"@type":"BreadcrumbList","@id":"https:\/\/hypnos.ee\/sv\/produkt\/varmadrass-luna\/#breadcrumb","itemListElement":[{"@type":"ListItem","position":1,"name":"Home","item":"https:\/\/hypnos.ee\/sv\/"},{"@type":"ListItem","position":2,"name":"Produkter","item":"https:\/\/hypnos.ee\/tooted\/"},{"@type":"ListItem","position":3,"name":"V\u00e5rmadrass Luna"}]},{"@type":"WebSite","@id":"https:\/\/hypnos.ee\/sv\/#website","url":"https:\/\/hypnos.ee\/sv\/","name":"Hypnos","description":"T\u00f5stame unekogemust","publisher":{"@id":"https:\/\/hypnos.ee\/sv\/#organization"},"potentialAction":[{"@type":"SearchAction","target":{"@type":"EntryPoint","urlTemplate":"https:\/\/hypnos.ee\/sv\/?s={search_term_string}"},"query-input":{"@type":"PropertyValueSpecification","valueRequired":true,"valueName":"search_term_string"}}],"inLanguage":"sv-SE"},{"@type":"Organization","@id":"https:\/\/hypnos.ee\/sv\/#organization","name":"Hypnos","url":"https:\/\/hypnos.ee\/sv\/","logo":{"@type":"ImageObject","inLanguage":"sv-SE","@id":"https:\/\/hypnos.ee\/sv\/#\/schema\/logo\/image\/","url":"https:\/\/hypnos.ee\/wp-content\/uploads\/2025\/06\/cropped-Hypnos-fa.png","contentUrl":"https:\/\/hypnos.ee\/wp-content\/uploads\/2025\/06\/cropped-Hypnos-fa.png","width":512,"height":512,"caption":"Hypnos"},"image":{"@id":"https:\/\/hypnos.ee\/sv\/#\/schema\/logo\/image\/"}}]}},"_links":{"self":[{"href":"https:\/\/hypnos.ee\/sv\/wp-json\/wp\/v2\/product\/2285","targetHints":{"allow":["GET"]}}],"collection":[{"href":"https:\/\/hypnos.ee\/sv\/wp-json\/wp\/v2\/product"}],"about":[{"href":"https:\/\/hypnos.ee\/sv\/wp-json\/wp\/v2\/types\/product"}],"replies":[{"embeddable":true,"href":"https:\/\/hypnos.ee\/sv\/wp-json\/wp\/v2\/comments?post=2285"}],"wp:featuredmedia":[{"embeddable":true,"href":"https:\/\/hypnos.ee\/sv\/wp-json\/wp\/v2\/media\/2286"}],"wp:attachment":[{"href":"https:\/\/hypnos.ee\/sv\/wp-json\/wp\/v2\/media?parent=2285"}],"wp:term":[{"taxonomy":"product_brand","embeddable":true,"href":"https:\/\/hypnos.ee\/sv\/wp-json\/wp\/v2\/product_brand?post=2285"},{"taxonomy":"product_cat","embeddable":true,"href":"https:\/\/hypnos.ee\/sv\/wp-json\/wp\/v2\/product_cat?post=2285"},{"taxonomy":"product_tag","embeddable":true,"href":"https:\/\/hypnos.ee\/sv\/wp-json\/wp\/v2\/product_tag?post=2285"}],"curies":[{"name":"wp","href":"https:\/\/api.w.org\/{rel}","templated":true}]}}