{"id":2277,"date":"2025-03-26T13:21:57","date_gmt":"2025-03-26T11:21:57","guid":{"rendered":"https:\/\/hypnos.ee\/toode\/resarmadrass-luna-t\/"},"modified":"2025-03-26T13:21:57","modified_gmt":"2025-03-26T11:21:57","slug":"resarmadrass-luna-t","status":"publish","type":"product","link":"https:\/\/hypnos.ee\/sv\/produkt\/resarmadrass-luna-t\/","title":{"rendered":"Res\u00e5rmadrass Luna-T"},"content":{"rendered":"","protected":false},"excerpt":{"rendered":"<p data-key=\"y3mPr\" data-pm-slice=\"1 1 []\"><strong>Anatomisk bilateral komfort.<\/strong><\/p>\n<p data-key=\"2DoPB\">Luna-T \u00e4r en h\u00f6gkvalitativ pocketfj\u00e4dermadrass med fj\u00e4drar som arbetar individuellt och anpassar sig efter kroppens form.<\/p>\n<p data-key=\"cGBY7\">Tack vare det naturliga dubbla fodret (bomull p\u00e5 ena sidan, ull p\u00e5 den andra) erbjuder Luna-T komfort \u00e5ret runt: luftigare bomull p\u00e5 sommaren, varmare ull p\u00e5 vintern.<\/p>\n<p data-key=\"9AZva\">Fj\u00e4derblocket \u00e4r f\u00f6rst\u00e4rkt med en slitstark porolone-box, som h\u00e5ller madrassen i form och g\u00f6r det m\u00f6jligt att anv\u00e4nda tv\u00e5 intilliggande madrasser utan en m\u00e4rkbar glipa.<\/p>\n<p data-key=\"Vd0lw\">\u00d6vertyget \u00e4r utrustat med <strong>Silver Protect-behandling<\/strong> &#8211; skydd mot dammkvalster, bakterier och \u00f6verfl\u00f6dig fukt.<\/p>\n","protected":false},"featured_media":2278,"comment_status":"closed","ping_status":"closed","template":"","meta":{"_acf_changed":false},"product_brand":[],"product_cat":[88],"product_tag":[],"class_list":{"0":"post-2277","1":"product","2":"type-product","3":"status-publish","4":"has-post-thumbnail","6":"product_cat-fjadermadrasser","8":"first","9":"instock","10":"shipping-taxable","11":"product-type-simple"},"acf":[],"yoast_head":"<!-- This site is optimized with the Yoast SEO Premium plugin v26.0 (Yoast SEO v26.0) - https:\/\/yoast.com\/wordpress\/plugins\/seo\/ -->\n<title>Res\u00e5rmadrass Luna-T - Hypnos<\/title>\n<meta name=\"robots\" content=\"index, follow, max-snippet:-1, max-image-preview:large, max-video-preview:-1\" \/>\n<link rel=\"canonical\" href=\"https:\/\/hypnos.ee\/sv\/produkt\/resarmadrass-luna-t\/\" \/>\n<meta property=\"og:locale\" content=\"sv_SE\" \/>\n<meta property=\"og:type\" content=\"article\" \/>\n<meta property=\"og:title\" content=\"Res\u00e5rmadrass Luna-T\" \/>\n<meta property=\"og:description\" content=\"Anatomisk bilateral komfort. Luna-T \u00e4r en h\u00f6gkvalitativ pocketfj\u00e4dermadrass med fj\u00e4drar som arbetar individuellt och anpassar sig efter kroppens form. Tack vare det naturliga dubbla fodret (bomull p\u00e5 ena sidan, ull p\u00e5 den andra) erbjuder Luna-T komfort \u00e5ret runt: luftigare bomull p\u00e5 sommaren, varmare ull p\u00e5 vintern. Fj\u00e4derblocket \u00e4r f\u00f6rst\u00e4rkt med en slitstark porolone-box, som h\u00e5ller madrassen i form och g\u00f6r det m\u00f6jligt att anv\u00e4nda tv\u00e5 intilliggande madrasser utan en m\u00e4rkbar glipa. \u00d6vertyget \u00e4r utrustat med Silver Protect-behandling - skydd mot dammkvalster, bakterier och \u00f6verfl\u00f6dig fukt.\" \/>\n<meta property=\"og:url\" content=\"https:\/\/hypnos.ee\/sv\/produkt\/resarmadrass-luna-t\/\" \/>\n<meta property=\"og:site_name\" content=\"Hypnos\" \/>\n<meta property=\"og:image\" content=\"https:\/\/hypnos.ee\/wp-content\/uploads\/2025\/03\/luna-t-madrats_f_1_590_1.jpg\" \/>\n\t<meta property=\"og:image:width\" content=\"590\" \/>\n\t<meta property=\"og:image:height\" content=\"394\" \/>\n\t<meta property=\"og:image:type\" content=\"image\/jpeg\" \/>\n<meta name=\"twitter:card\" content=\"summary_large_image\" \/>\n<script type=\"application\/ld+json\" class=\"yoast-schema-graph\">{\"@context\":\"https:\/\/schema.org\",\"@graph\":[{\"@type\":\"WebPage\",\"@id\":\"https:\/\/hypnos.ee\/sv\/produkt\/resarmadrass-luna-t\/\",\"url\":\"https:\/\/hypnos.ee\/sv\/produkt\/resarmadrass-luna-t\/\",\"name\":\"Res\u00e5rmadrass Luna-T - Hypnos\",\"isPartOf\":{\"@id\":\"https:\/\/hypnos.ee\/sv\/#website\"},\"primaryImageOfPage\":{\"@id\":\"https:\/\/hypnos.ee\/sv\/produkt\/resarmadrass-luna-t\/#primaryimage\"},\"image\":{\"@id\":\"https:\/\/hypnos.ee\/sv\/produkt\/resarmadrass-luna-t\/#primaryimage\"},\"thumbnailUrl\":\"https:\/\/hypnos.ee\/wp-content\/uploads\/2025\/03\/luna-t-madrats_f_1_590_1.jpg\",\"datePublished\":\"2025-03-26T11:21:57+00:00\",\"breadcrumb\":{\"@id\":\"https:\/\/hypnos.ee\/sv\/produkt\/resarmadrass-luna-t\/#breadcrumb\"},\"inLanguage\":\"sv-SE\",\"potentialAction\":[{\"@type\":\"ReadAction\",\"target\":[\"https:\/\/hypnos.ee\/sv\/produkt\/resarmadrass-luna-t\/\"]}]},{\"@type\":\"ImageObject\",\"inLanguage\":\"sv-SE\",\"@id\":\"https:\/\/hypnos.ee\/sv\/produkt\/resarmadrass-luna-t\/#primaryimage\",\"url\":\"https:\/\/hypnos.ee\/wp-content\/uploads\/2025\/03\/luna-t-madrats_f_1_590_1.jpg\",\"contentUrl\":\"https:\/\/hypnos.ee\/wp-content\/uploads\/2025\/03\/luna-t-madrats_f_1_590_1.jpg\",\"width\":590,\"height\":394},{\"@type\":\"BreadcrumbList\",\"@id\":\"https:\/\/hypnos.ee\/sv\/produkt\/resarmadrass-luna-t\/#breadcrumb\",\"itemListElement\":[{\"@type\":\"ListItem\",\"position\":1,\"name\":\"Home\",\"item\":\"https:\/\/hypnos.ee\/sv\/\"},{\"@type\":\"ListItem\",\"position\":2,\"name\":\"Produkter\",\"item\":\"https:\/\/hypnos.ee\/tooted\/\"},{\"@type\":\"ListItem\",\"position\":3,\"name\":\"Res\u00e5rmadrass Luna-T\"}]},{\"@type\":\"WebSite\",\"@id\":\"https:\/\/hypnos.ee\/sv\/#website\",\"url\":\"https:\/\/hypnos.ee\/sv\/\",\"name\":\"Hypnos\",\"description\":\"T\u00f5stame unekogemust\",\"publisher\":{\"@id\":\"https:\/\/hypnos.ee\/sv\/#organization\"},\"potentialAction\":[{\"@type\":\"SearchAction\",\"target\":{\"@type\":\"EntryPoint\",\"urlTemplate\":\"https:\/\/hypnos.ee\/sv\/?s={search_term_string}\"},\"query-input\":{\"@type\":\"PropertyValueSpecification\",\"valueRequired\":true,\"valueName\":\"search_term_string\"}}],\"inLanguage\":\"sv-SE\"},{\"@type\":\"Organization\",\"@id\":\"https:\/\/hypnos.ee\/sv\/#organization\",\"name\":\"Hypnos\",\"url\":\"https:\/\/hypnos.ee\/sv\/\",\"logo\":{\"@type\":\"ImageObject\",\"inLanguage\":\"sv-SE\",\"@id\":\"https:\/\/hypnos.ee\/sv\/#\/schema\/logo\/image\/\",\"url\":\"https:\/\/hypnos.ee\/wp-content\/uploads\/2025\/06\/cropped-Hypnos-fa.png\",\"contentUrl\":\"https:\/\/hypnos.ee\/wp-content\/uploads\/2025\/06\/cropped-Hypnos-fa.png\",\"width\":512,\"height\":512,\"caption\":\"Hypnos\"},\"image\":{\"@id\":\"https:\/\/hypnos.ee\/sv\/#\/schema\/logo\/image\/\"}}]}<\/script>\n<!-- \/ Yoast SEO Premium plugin. -->","yoast_head_json":{"title":"Res\u00e5rmadrass Luna-T - Hypnos","robots":{"index":"index","follow":"follow","max-snippet":"max-snippet:-1","max-image-preview":"max-image-preview:large","max-video-preview":"max-video-preview:-1"},"canonical":"https:\/\/hypnos.ee\/sv\/produkt\/resarmadrass-luna-t\/","og_locale":"sv_SE","og_type":"article","og_title":"Res\u00e5rmadrass Luna-T","og_description":"Anatomisk bilateral komfort. Luna-T \u00e4r en h\u00f6gkvalitativ pocketfj\u00e4dermadrass med fj\u00e4drar som arbetar individuellt och anpassar sig efter kroppens form. Tack vare det naturliga dubbla fodret (bomull p\u00e5 ena sidan, ull p\u00e5 den andra) erbjuder Luna-T komfort \u00e5ret runt: luftigare bomull p\u00e5 sommaren, varmare ull p\u00e5 vintern. Fj\u00e4derblocket \u00e4r f\u00f6rst\u00e4rkt med en slitstark porolone-box, som h\u00e5ller madrassen i form och g\u00f6r det m\u00f6jligt att anv\u00e4nda tv\u00e5 intilliggande madrasser utan en m\u00e4rkbar glipa. \u00d6vertyget \u00e4r utrustat med Silver Protect-behandling - skydd mot dammkvalster, bakterier och \u00f6verfl\u00f6dig fukt.","og_url":"https:\/\/hypnos.ee\/sv\/produkt\/resarmadrass-luna-t\/","og_site_name":"Hypnos","og_image":[{"width":590,"height":394,"url":"https:\/\/hypnos.ee\/wp-content\/uploads\/2025\/03\/luna-t-madrats_f_1_590_1.jpg","type":"image\/jpeg"}],"twitter_card":"summary_large_image","schema":{"@context":"https:\/\/schema.org","@graph":[{"@type":"WebPage","@id":"https:\/\/hypnos.ee\/sv\/produkt\/resarmadrass-luna-t\/","url":"https:\/\/hypnos.ee\/sv\/produkt\/resarmadrass-luna-t\/","name":"Res\u00e5rmadrass Luna-T - Hypnos","isPartOf":{"@id":"https:\/\/hypnos.ee\/sv\/#website"},"primaryImageOfPage":{"@id":"https:\/\/hypnos.ee\/sv\/produkt\/resarmadrass-luna-t\/#primaryimage"},"image":{"@id":"https:\/\/hypnos.ee\/sv\/produkt\/resarmadrass-luna-t\/#primaryimage"},"thumbnailUrl":"https:\/\/hypnos.ee\/wp-content\/uploads\/2025\/03\/luna-t-madrats_f_1_590_1.jpg","datePublished":"2025-03-26T11:21:57+00:00","breadcrumb":{"@id":"https:\/\/hypnos.ee\/sv\/produkt\/resarmadrass-luna-t\/#breadcrumb"},"inLanguage":"sv-SE","potentialAction":[{"@type":"ReadAction","target":["https:\/\/hypnos.ee\/sv\/produkt\/resarmadrass-luna-t\/"]}]},{"@type":"ImageObject","inLanguage":"sv-SE","@id":"https:\/\/hypnos.ee\/sv\/produkt\/resarmadrass-luna-t\/#primaryimage","url":"https:\/\/hypnos.ee\/wp-content\/uploads\/2025\/03\/luna-t-madrats_f_1_590_1.jpg","contentUrl":"https:\/\/hypnos.ee\/wp-content\/uploads\/2025\/03\/luna-t-madrats_f_1_590_1.jpg","width":590,"height":394},{"@type":"BreadcrumbList","@id":"https:\/\/hypnos.ee\/sv\/produkt\/resarmadrass-luna-t\/#breadcrumb","itemListElement":[{"@type":"ListItem","position":1,"name":"Home","item":"https:\/\/hypnos.ee\/sv\/"},{"@type":"ListItem","position":2,"name":"Produkter","item":"https:\/\/hypnos.ee\/tooted\/"},{"@type":"ListItem","position":3,"name":"Res\u00e5rmadrass Luna-T"}]},{"@type":"WebSite","@id":"https:\/\/hypnos.ee\/sv\/#website","url":"https:\/\/hypnos.ee\/sv\/","name":"Hypnos","description":"T\u00f5stame unekogemust","publisher":{"@id":"https:\/\/hypnos.ee\/sv\/#organization"},"potentialAction":[{"@type":"SearchAction","target":{"@type":"EntryPoint","urlTemplate":"https:\/\/hypnos.ee\/sv\/?s={search_term_string}"},"query-input":{"@type":"PropertyValueSpecification","valueRequired":true,"valueName":"search_term_string"}}],"inLanguage":"sv-SE"},{"@type":"Organization","@id":"https:\/\/hypnos.ee\/sv\/#organization","name":"Hypnos","url":"https:\/\/hypnos.ee\/sv\/","logo":{"@type":"ImageObject","inLanguage":"sv-SE","@id":"https:\/\/hypnos.ee\/sv\/#\/schema\/logo\/image\/","url":"https:\/\/hypnos.ee\/wp-content\/uploads\/2025\/06\/cropped-Hypnos-fa.png","contentUrl":"https:\/\/hypnos.ee\/wp-content\/uploads\/2025\/06\/cropped-Hypnos-fa.png","width":512,"height":512,"caption":"Hypnos"},"image":{"@id":"https:\/\/hypnos.ee\/sv\/#\/schema\/logo\/image\/"}}]}},"_links":{"self":[{"href":"https:\/\/hypnos.ee\/sv\/wp-json\/wp\/v2\/product\/2277","targetHints":{"allow":["GET"]}}],"collection":[{"href":"https:\/\/hypnos.ee\/sv\/wp-json\/wp\/v2\/product"}],"about":[{"href":"https:\/\/hypnos.ee\/sv\/wp-json\/wp\/v2\/types\/product"}],"replies":[{"embeddable":true,"href":"https:\/\/hypnos.ee\/sv\/wp-json\/wp\/v2\/comments?post=2277"}],"wp:featuredmedia":[{"embeddable":true,"href":"https:\/\/hypnos.ee\/sv\/wp-json\/wp\/v2\/media\/2278"}],"wp:attachment":[{"href":"https:\/\/hypnos.ee\/sv\/wp-json\/wp\/v2\/media?parent=2277"}],"wp:term":[{"taxonomy":"product_brand","embeddable":true,"href":"https:\/\/hypnos.ee\/sv\/wp-json\/wp\/v2\/product_brand?post=2277"},{"taxonomy":"product_cat","embeddable":true,"href":"https:\/\/hypnos.ee\/sv\/wp-json\/wp\/v2\/product_cat?post=2277"},{"taxonomy":"product_tag","embeddable":true,"href":"https:\/\/hypnos.ee\/sv\/wp-json\/wp\/v2\/product_tag?post=2277"}],"curies":[{"name":"wp","href":"https:\/\/api.w.org\/{rel}","templated":true}]}}