{"id":2268,"date":"2025-03-26T13:23:36","date_gmt":"2025-03-26T11:23:36","guid":{"rendered":"https:\/\/hypnos.ee\/toode\/vedrum-madrass-theia\/"},"modified":"2025-03-26T13:23:36","modified_gmt":"2025-03-26T11:23:36","slug":"vedrum-madrass-theia","status":"publish","type":"product","link":"https:\/\/hypnos.ee\/sv\/produkt\/vedrum-madrass-theia\/","title":{"rendered":"Vedrum madrass Theia"},"content":{"rendered":"","protected":false},"excerpt":{"rendered":"<p data-key=\"DfjAP\"><strong>Dubbelsidig madrass f\u00f6r den kr\u00e4vande anv\u00e4ndaren.<\/strong><\/p>\n<p data-key=\"ue15e\">Theia \u00e4r en madrass f\u00f6r dig som beh\u00f6ver ett fast st\u00f6d och vill ha mer kontroll \u00f6ver din sovst\u00e4llning. Den ena sidan av madrassen \u00e4r f\u00f6rst\u00e4rkt med kokosmadrass, medan den andra sidan ger ett mjukare och bekv\u00e4mare st\u00f6d tack vare ett porolonlager. <\/p>\n<p data-key=\"zqbSB\">Theia-madrassen har en <strong>Silver Protect-behandling<\/strong> som hj\u00e4lper till att h\u00e5lla s\u00e4ngmilj\u00f6n ren och hygienisk. Mjuka kanter g\u00f6r det m\u00f6jligt att anv\u00e4nda tv\u00e5 madrasser sida vid sida. <\/p>\n","protected":false},"featured_media":2271,"comment_status":"closed","ping_status":"closed","template":"","meta":{"_acf_changed":false},"product_brand":[],"product_cat":[88],"product_tag":[],"class_list":{"0":"post-2268","1":"product","2":"type-product","3":"status-publish","4":"has-post-thumbnail","6":"product_cat-fjadermadrasser","8":"first","9":"instock","10":"shipping-taxable","11":"product-type-simple"},"acf":[],"yoast_head":"<!-- This site is optimized with the Yoast SEO Premium plugin v26.0 (Yoast SEO v26.0) - https:\/\/yoast.com\/wordpress\/plugins\/seo\/ -->\n<title>Vedrum madrass Theia - Hypnos<\/title>\n<meta name=\"robots\" content=\"index, follow, max-snippet:-1, max-image-preview:large, max-video-preview:-1\" \/>\n<link rel=\"canonical\" href=\"https:\/\/hypnos.ee\/sv\/produkt\/vedrum-madrass-theia\/\" \/>\n<meta property=\"og:locale\" content=\"sv_SE\" \/>\n<meta property=\"og:type\" content=\"article\" \/>\n<meta property=\"og:title\" content=\"Vedrum madrass Theia\" \/>\n<meta property=\"og:description\" content=\"Dubbelsidig madrass f\u00f6r den kr\u00e4vande anv\u00e4ndaren. Theia \u00e4r en madrass f\u00f6r dig som beh\u00f6ver ett fast st\u00f6d och vill ha mer kontroll \u00f6ver din sovst\u00e4llning. Den ena sidan av madrassen \u00e4r f\u00f6rst\u00e4rkt med kokosmadrass, medan den andra sidan ger ett mjukare och bekv\u00e4mare st\u00f6d tack vare ett porolonlager. Theia-madrassen har en Silver Protect-behandling som hj\u00e4lper till att h\u00e5lla s\u00e4ngmilj\u00f6n ren och hygienisk. Mjuka kanter g\u00f6r det m\u00f6jligt att anv\u00e4nda tv\u00e5 madrasser sida vid sida.\" \/>\n<meta property=\"og:url\" content=\"https:\/\/hypnos.ee\/sv\/produkt\/vedrum-madrass-theia\/\" \/>\n<meta property=\"og:site_name\" content=\"Hypnos\" \/>\n<meta property=\"og:image\" content=\"https:\/\/hypnos.ee\/wp-content\/uploads\/2025\/03\/Theia-madrats-3_f_1_590_1.jpg\" \/>\n\t<meta property=\"og:image:width\" content=\"590\" \/>\n\t<meta property=\"og:image:height\" content=\"394\" \/>\n\t<meta property=\"og:image:type\" content=\"image\/jpeg\" \/>\n<meta name=\"twitter:card\" content=\"summary_large_image\" \/>\n<script type=\"application\/ld+json\" class=\"yoast-schema-graph\">{\"@context\":\"https:\/\/schema.org\",\"@graph\":[{\"@type\":\"WebPage\",\"@id\":\"https:\/\/hypnos.ee\/sv\/produkt\/vedrum-madrass-theia\/\",\"url\":\"https:\/\/hypnos.ee\/sv\/produkt\/vedrum-madrass-theia\/\",\"name\":\"Vedrum madrass Theia - Hypnos\",\"isPartOf\":{\"@id\":\"https:\/\/hypnos.ee\/sv\/#website\"},\"primaryImageOfPage\":{\"@id\":\"https:\/\/hypnos.ee\/sv\/produkt\/vedrum-madrass-theia\/#primaryimage\"},\"image\":{\"@id\":\"https:\/\/hypnos.ee\/sv\/produkt\/vedrum-madrass-theia\/#primaryimage\"},\"thumbnailUrl\":\"https:\/\/hypnos.ee\/wp-content\/uploads\/2025\/03\/Theia-madrats-3_f_1_590_1.jpg\",\"datePublished\":\"2025-03-26T11:23:36+00:00\",\"breadcrumb\":{\"@id\":\"https:\/\/hypnos.ee\/sv\/produkt\/vedrum-madrass-theia\/#breadcrumb\"},\"inLanguage\":\"sv-SE\",\"potentialAction\":[{\"@type\":\"ReadAction\",\"target\":[\"https:\/\/hypnos.ee\/sv\/produkt\/vedrum-madrass-theia\/\"]}]},{\"@type\":\"ImageObject\",\"inLanguage\":\"sv-SE\",\"@id\":\"https:\/\/hypnos.ee\/sv\/produkt\/vedrum-madrass-theia\/#primaryimage\",\"url\":\"https:\/\/hypnos.ee\/wp-content\/uploads\/2025\/03\/Theia-madrats-3_f_1_590_1.jpg\",\"contentUrl\":\"https:\/\/hypnos.ee\/wp-content\/uploads\/2025\/03\/Theia-madrats-3_f_1_590_1.jpg\",\"width\":590,\"height\":394},{\"@type\":\"BreadcrumbList\",\"@id\":\"https:\/\/hypnos.ee\/sv\/produkt\/vedrum-madrass-theia\/#breadcrumb\",\"itemListElement\":[{\"@type\":\"ListItem\",\"position\":1,\"name\":\"Home\",\"item\":\"https:\/\/hypnos.ee\/sv\/\"},{\"@type\":\"ListItem\",\"position\":2,\"name\":\"Produkter\",\"item\":\"https:\/\/hypnos.ee\/tooted\/\"},{\"@type\":\"ListItem\",\"position\":3,\"name\":\"Vedrum madrass Theia\"}]},{\"@type\":\"WebSite\",\"@id\":\"https:\/\/hypnos.ee\/sv\/#website\",\"url\":\"https:\/\/hypnos.ee\/sv\/\",\"name\":\"Hypnos\",\"description\":\"T\u00f5stame unekogemust\",\"publisher\":{\"@id\":\"https:\/\/hypnos.ee\/sv\/#organization\"},\"potentialAction\":[{\"@type\":\"SearchAction\",\"target\":{\"@type\":\"EntryPoint\",\"urlTemplate\":\"https:\/\/hypnos.ee\/sv\/?s={search_term_string}\"},\"query-input\":{\"@type\":\"PropertyValueSpecification\",\"valueRequired\":true,\"valueName\":\"search_term_string\"}}],\"inLanguage\":\"sv-SE\"},{\"@type\":\"Organization\",\"@id\":\"https:\/\/hypnos.ee\/sv\/#organization\",\"name\":\"Hypnos\",\"url\":\"https:\/\/hypnos.ee\/sv\/\",\"logo\":{\"@type\":\"ImageObject\",\"inLanguage\":\"sv-SE\",\"@id\":\"https:\/\/hypnos.ee\/sv\/#\/schema\/logo\/image\/\",\"url\":\"https:\/\/hypnos.ee\/wp-content\/uploads\/2025\/06\/cropped-Hypnos-fa.png\",\"contentUrl\":\"https:\/\/hypnos.ee\/wp-content\/uploads\/2025\/06\/cropped-Hypnos-fa.png\",\"width\":512,\"height\":512,\"caption\":\"Hypnos\"},\"image\":{\"@id\":\"https:\/\/hypnos.ee\/sv\/#\/schema\/logo\/image\/\"}}]}<\/script>\n<!-- \/ Yoast SEO Premium plugin. -->","yoast_head_json":{"title":"Vedrum madrass Theia - Hypnos","robots":{"index":"index","follow":"follow","max-snippet":"max-snippet:-1","max-image-preview":"max-image-preview:large","max-video-preview":"max-video-preview:-1"},"canonical":"https:\/\/hypnos.ee\/sv\/produkt\/vedrum-madrass-theia\/","og_locale":"sv_SE","og_type":"article","og_title":"Vedrum madrass Theia","og_description":"Dubbelsidig madrass f\u00f6r den kr\u00e4vande anv\u00e4ndaren. Theia \u00e4r en madrass f\u00f6r dig som beh\u00f6ver ett fast st\u00f6d och vill ha mer kontroll \u00f6ver din sovst\u00e4llning. Den ena sidan av madrassen \u00e4r f\u00f6rst\u00e4rkt med kokosmadrass, medan den andra sidan ger ett mjukare och bekv\u00e4mare st\u00f6d tack vare ett porolonlager. Theia-madrassen har en Silver Protect-behandling som hj\u00e4lper till att h\u00e5lla s\u00e4ngmilj\u00f6n ren och hygienisk. Mjuka kanter g\u00f6r det m\u00f6jligt att anv\u00e4nda tv\u00e5 madrasser sida vid sida.","og_url":"https:\/\/hypnos.ee\/sv\/produkt\/vedrum-madrass-theia\/","og_site_name":"Hypnos","og_image":[{"width":590,"height":394,"url":"https:\/\/hypnos.ee\/wp-content\/uploads\/2025\/03\/Theia-madrats-3_f_1_590_1.jpg","type":"image\/jpeg"}],"twitter_card":"summary_large_image","schema":{"@context":"https:\/\/schema.org","@graph":[{"@type":"WebPage","@id":"https:\/\/hypnos.ee\/sv\/produkt\/vedrum-madrass-theia\/","url":"https:\/\/hypnos.ee\/sv\/produkt\/vedrum-madrass-theia\/","name":"Vedrum madrass Theia - Hypnos","isPartOf":{"@id":"https:\/\/hypnos.ee\/sv\/#website"},"primaryImageOfPage":{"@id":"https:\/\/hypnos.ee\/sv\/produkt\/vedrum-madrass-theia\/#primaryimage"},"image":{"@id":"https:\/\/hypnos.ee\/sv\/produkt\/vedrum-madrass-theia\/#primaryimage"},"thumbnailUrl":"https:\/\/hypnos.ee\/wp-content\/uploads\/2025\/03\/Theia-madrats-3_f_1_590_1.jpg","datePublished":"2025-03-26T11:23:36+00:00","breadcrumb":{"@id":"https:\/\/hypnos.ee\/sv\/produkt\/vedrum-madrass-theia\/#breadcrumb"},"inLanguage":"sv-SE","potentialAction":[{"@type":"ReadAction","target":["https:\/\/hypnos.ee\/sv\/produkt\/vedrum-madrass-theia\/"]}]},{"@type":"ImageObject","inLanguage":"sv-SE","@id":"https:\/\/hypnos.ee\/sv\/produkt\/vedrum-madrass-theia\/#primaryimage","url":"https:\/\/hypnos.ee\/wp-content\/uploads\/2025\/03\/Theia-madrats-3_f_1_590_1.jpg","contentUrl":"https:\/\/hypnos.ee\/wp-content\/uploads\/2025\/03\/Theia-madrats-3_f_1_590_1.jpg","width":590,"height":394},{"@type":"BreadcrumbList","@id":"https:\/\/hypnos.ee\/sv\/produkt\/vedrum-madrass-theia\/#breadcrumb","itemListElement":[{"@type":"ListItem","position":1,"name":"Home","item":"https:\/\/hypnos.ee\/sv\/"},{"@type":"ListItem","position":2,"name":"Produkter","item":"https:\/\/hypnos.ee\/tooted\/"},{"@type":"ListItem","position":3,"name":"Vedrum madrass Theia"}]},{"@type":"WebSite","@id":"https:\/\/hypnos.ee\/sv\/#website","url":"https:\/\/hypnos.ee\/sv\/","name":"Hypnos","description":"T\u00f5stame unekogemust","publisher":{"@id":"https:\/\/hypnos.ee\/sv\/#organization"},"potentialAction":[{"@type":"SearchAction","target":{"@type":"EntryPoint","urlTemplate":"https:\/\/hypnos.ee\/sv\/?s={search_term_string}"},"query-input":{"@type":"PropertyValueSpecification","valueRequired":true,"valueName":"search_term_string"}}],"inLanguage":"sv-SE"},{"@type":"Organization","@id":"https:\/\/hypnos.ee\/sv\/#organization","name":"Hypnos","url":"https:\/\/hypnos.ee\/sv\/","logo":{"@type":"ImageObject","inLanguage":"sv-SE","@id":"https:\/\/hypnos.ee\/sv\/#\/schema\/logo\/image\/","url":"https:\/\/hypnos.ee\/wp-content\/uploads\/2025\/06\/cropped-Hypnos-fa.png","contentUrl":"https:\/\/hypnos.ee\/wp-content\/uploads\/2025\/06\/cropped-Hypnos-fa.png","width":512,"height":512,"caption":"Hypnos"},"image":{"@id":"https:\/\/hypnos.ee\/sv\/#\/schema\/logo\/image\/"}}]}},"_links":{"self":[{"href":"https:\/\/hypnos.ee\/sv\/wp-json\/wp\/v2\/product\/2268","targetHints":{"allow":["GET"]}}],"collection":[{"href":"https:\/\/hypnos.ee\/sv\/wp-json\/wp\/v2\/product"}],"about":[{"href":"https:\/\/hypnos.ee\/sv\/wp-json\/wp\/v2\/types\/product"}],"replies":[{"embeddable":true,"href":"https:\/\/hypnos.ee\/sv\/wp-json\/wp\/v2\/comments?post=2268"}],"wp:featuredmedia":[{"embeddable":true,"href":"https:\/\/hypnos.ee\/sv\/wp-json\/wp\/v2\/media\/2271"}],"wp:attachment":[{"href":"https:\/\/hypnos.ee\/sv\/wp-json\/wp\/v2\/media?parent=2268"}],"wp:term":[{"taxonomy":"product_brand","embeddable":true,"href":"https:\/\/hypnos.ee\/sv\/wp-json\/wp\/v2\/product_brand?post=2268"},{"taxonomy":"product_cat","embeddable":true,"href":"https:\/\/hypnos.ee\/sv\/wp-json\/wp\/v2\/product_cat?post=2268"},{"taxonomy":"product_tag","embeddable":true,"href":"https:\/\/hypnos.ee\/sv\/wp-json\/wp\/v2\/product_tag?post=2268"}],"curies":[{"name":"wp","href":"https:\/\/api.w.org\/{rel}","templated":true}]}}