{"id":2255,"date":"2025-03-26T13:27:53","date_gmt":"2025-03-26T11:27:53","guid":{"rendered":"https:\/\/hypnos.ee\/toode\/jupiter-resarmadrass\/"},"modified":"2025-03-26T13:27:53","modified_gmt":"2025-03-26T11:27:53","slug":"jupiter-resarmadrass","status":"publish","type":"product","link":"https:\/\/hypnos.ee\/sv\/produkt\/jupiter-resarmadrass\/","title":{"rendered":"Jupiter res\u00e5rmadrass"},"content":{"rendered":"","protected":false},"excerpt":{"rendered":"<p data-key=\"sSNOI\"><strong>Latexkomfort, zonst\u00f6d och fridfull s\u00f6mn.<\/strong><\/p>\n<p data-key=\"naBxB\">Jupiter \u00e4r en 5-zons pocketfj\u00e4drande madrass som st\u00f6der kroppens naturliga position och f\u00f6rdelar kroppsvikten j\u00e4mnt. Oberoende fj\u00e4drar i madrassens hj\u00e4rta minskar r\u00f6relse\u00f6verf\u00f6ringen och s\u00e4kerst\u00e4ller en vilsam natts s\u00f6mn, s\u00e4rskilt f\u00f6r par. <\/p>\n<p data-key=\"f5WJA\">Dynan \u00e4r tillverkad av 3 cm naturlatex som \u00e4r elastisk, andas och \u00e4r l\u00e4mplig f\u00f6r allergiker. \u00d6verdraget \u00e4r f\u00f6rsett med <strong>Silver Protect-behandling<\/strong>, som \u00e4r antibakteriell, svamph\u00e4mmande och antistatisk. <\/p>\n","protected":false},"featured_media":2256,"comment_status":"closed","ping_status":"closed","template":"","meta":{"_acf_changed":false},"product_brand":[],"product_cat":[88],"product_tag":[],"class_list":{"0":"post-2255","1":"product","2":"type-product","3":"status-publish","4":"has-post-thumbnail","6":"product_cat-fjadermadrasser","8":"first","9":"instock","10":"shipping-taxable","11":"product-type-simple"},"acf":[],"yoast_head":"<!-- This site is optimized with the Yoast SEO Premium plugin v26.0 (Yoast SEO v26.0) - https:\/\/yoast.com\/wordpress\/plugins\/seo\/ -->\n<title>Jupiter res\u00e5rmadrass - Hypnos<\/title>\n<meta name=\"robots\" content=\"index, follow, max-snippet:-1, max-image-preview:large, max-video-preview:-1\" \/>\n<link rel=\"canonical\" href=\"https:\/\/hypnos.ee\/sv\/produkt\/jupiter-resarmadrass\/\" \/>\n<meta property=\"og:locale\" content=\"sv_SE\" \/>\n<meta property=\"og:type\" content=\"article\" \/>\n<meta property=\"og:title\" content=\"Jupiter res\u00e5rmadrass\" \/>\n<meta property=\"og:description\" content=\"Latexkomfort, zonst\u00f6d och fridfull s\u00f6mn. Jupiter \u00e4r en 5-zons pocketfj\u00e4drande madrass som st\u00f6der kroppens naturliga position och f\u00f6rdelar kroppsvikten j\u00e4mnt. Oberoende fj\u00e4drar i madrassens hj\u00e4rta minskar r\u00f6relse\u00f6verf\u00f6ringen och s\u00e4kerst\u00e4ller en vilsam natts s\u00f6mn, s\u00e4rskilt f\u00f6r par. Dynan \u00e4r tillverkad av 3 cm naturlatex som \u00e4r elastisk, andas och \u00e4r l\u00e4mplig f\u00f6r allergiker. \u00d6verdraget \u00e4r f\u00f6rsett med Silver Protect-behandling, som \u00e4r antibakteriell, svamph\u00e4mmande och antistatisk.\" \/>\n<meta property=\"og:url\" content=\"https:\/\/hypnos.ee\/sv\/produkt\/jupiter-resarmadrass\/\" \/>\n<meta property=\"og:site_name\" content=\"Hypnos\" \/>\n<meta property=\"og:image\" content=\"https:\/\/hypnos.ee\/wp-content\/uploads\/2025\/03\/jupiter-madrats_f_1_590_1.jpg\" \/>\n\t<meta property=\"og:image:width\" content=\"590\" \/>\n\t<meta property=\"og:image:height\" content=\"287\" \/>\n\t<meta property=\"og:image:type\" content=\"image\/jpeg\" \/>\n<meta name=\"twitter:card\" content=\"summary_large_image\" \/>\n<script type=\"application\/ld+json\" class=\"yoast-schema-graph\">{\"@context\":\"https:\/\/schema.org\",\"@graph\":[{\"@type\":\"WebPage\",\"@id\":\"https:\/\/hypnos.ee\/sv\/produkt\/jupiter-resarmadrass\/\",\"url\":\"https:\/\/hypnos.ee\/sv\/produkt\/jupiter-resarmadrass\/\",\"name\":\"Jupiter res\u00e5rmadrass - Hypnos\",\"isPartOf\":{\"@id\":\"https:\/\/hypnos.ee\/sv\/#website\"},\"primaryImageOfPage\":{\"@id\":\"https:\/\/hypnos.ee\/sv\/produkt\/jupiter-resarmadrass\/#primaryimage\"},\"image\":{\"@id\":\"https:\/\/hypnos.ee\/sv\/produkt\/jupiter-resarmadrass\/#primaryimage\"},\"thumbnailUrl\":\"https:\/\/hypnos.ee\/wp-content\/uploads\/2025\/03\/jupiter-madrats_f_1_590_1.jpg\",\"datePublished\":\"2025-03-26T11:27:53+00:00\",\"breadcrumb\":{\"@id\":\"https:\/\/hypnos.ee\/sv\/produkt\/jupiter-resarmadrass\/#breadcrumb\"},\"inLanguage\":\"sv-SE\",\"potentialAction\":[{\"@type\":\"ReadAction\",\"target\":[\"https:\/\/hypnos.ee\/sv\/produkt\/jupiter-resarmadrass\/\"]}]},{\"@type\":\"ImageObject\",\"inLanguage\":\"sv-SE\",\"@id\":\"https:\/\/hypnos.ee\/sv\/produkt\/jupiter-resarmadrass\/#primaryimage\",\"url\":\"https:\/\/hypnos.ee\/wp-content\/uploads\/2025\/03\/jupiter-madrats_f_1_590_1.jpg\",\"contentUrl\":\"https:\/\/hypnos.ee\/wp-content\/uploads\/2025\/03\/jupiter-madrats_f_1_590_1.jpg\",\"width\":590,\"height\":287},{\"@type\":\"BreadcrumbList\",\"@id\":\"https:\/\/hypnos.ee\/sv\/produkt\/jupiter-resarmadrass\/#breadcrumb\",\"itemListElement\":[{\"@type\":\"ListItem\",\"position\":1,\"name\":\"Home\",\"item\":\"https:\/\/hypnos.ee\/sv\/\"},{\"@type\":\"ListItem\",\"position\":2,\"name\":\"Produkter\",\"item\":\"https:\/\/hypnos.ee\/tooted\/\"},{\"@type\":\"ListItem\",\"position\":3,\"name\":\"Jupiter res\u00e5rmadrass\"}]},{\"@type\":\"WebSite\",\"@id\":\"https:\/\/hypnos.ee\/sv\/#website\",\"url\":\"https:\/\/hypnos.ee\/sv\/\",\"name\":\"Hypnos\",\"description\":\"T\u00f5stame unekogemust\",\"publisher\":{\"@id\":\"https:\/\/hypnos.ee\/sv\/#organization\"},\"potentialAction\":[{\"@type\":\"SearchAction\",\"target\":{\"@type\":\"EntryPoint\",\"urlTemplate\":\"https:\/\/hypnos.ee\/sv\/?s={search_term_string}\"},\"query-input\":{\"@type\":\"PropertyValueSpecification\",\"valueRequired\":true,\"valueName\":\"search_term_string\"}}],\"inLanguage\":\"sv-SE\"},{\"@type\":\"Organization\",\"@id\":\"https:\/\/hypnos.ee\/sv\/#organization\",\"name\":\"Hypnos\",\"url\":\"https:\/\/hypnos.ee\/sv\/\",\"logo\":{\"@type\":\"ImageObject\",\"inLanguage\":\"sv-SE\",\"@id\":\"https:\/\/hypnos.ee\/sv\/#\/schema\/logo\/image\/\",\"url\":\"https:\/\/hypnos.ee\/wp-content\/uploads\/2025\/06\/cropped-Hypnos-fa.png\",\"contentUrl\":\"https:\/\/hypnos.ee\/wp-content\/uploads\/2025\/06\/cropped-Hypnos-fa.png\",\"width\":512,\"height\":512,\"caption\":\"Hypnos\"},\"image\":{\"@id\":\"https:\/\/hypnos.ee\/sv\/#\/schema\/logo\/image\/\"}}]}<\/script>\n<!-- \/ Yoast SEO Premium plugin. -->","yoast_head_json":{"title":"Jupiter res\u00e5rmadrass - Hypnos","robots":{"index":"index","follow":"follow","max-snippet":"max-snippet:-1","max-image-preview":"max-image-preview:large","max-video-preview":"max-video-preview:-1"},"canonical":"https:\/\/hypnos.ee\/sv\/produkt\/jupiter-resarmadrass\/","og_locale":"sv_SE","og_type":"article","og_title":"Jupiter res\u00e5rmadrass","og_description":"Latexkomfort, zonst\u00f6d och fridfull s\u00f6mn. Jupiter \u00e4r en 5-zons pocketfj\u00e4drande madrass som st\u00f6der kroppens naturliga position och f\u00f6rdelar kroppsvikten j\u00e4mnt. Oberoende fj\u00e4drar i madrassens hj\u00e4rta minskar r\u00f6relse\u00f6verf\u00f6ringen och s\u00e4kerst\u00e4ller en vilsam natts s\u00f6mn, s\u00e4rskilt f\u00f6r par. Dynan \u00e4r tillverkad av 3 cm naturlatex som \u00e4r elastisk, andas och \u00e4r l\u00e4mplig f\u00f6r allergiker. \u00d6verdraget \u00e4r f\u00f6rsett med Silver Protect-behandling, som \u00e4r antibakteriell, svamph\u00e4mmande och antistatisk.","og_url":"https:\/\/hypnos.ee\/sv\/produkt\/jupiter-resarmadrass\/","og_site_name":"Hypnos","og_image":[{"width":590,"height":287,"url":"https:\/\/hypnos.ee\/wp-content\/uploads\/2025\/03\/jupiter-madrats_f_1_590_1.jpg","type":"image\/jpeg"}],"twitter_card":"summary_large_image","schema":{"@context":"https:\/\/schema.org","@graph":[{"@type":"WebPage","@id":"https:\/\/hypnos.ee\/sv\/produkt\/jupiter-resarmadrass\/","url":"https:\/\/hypnos.ee\/sv\/produkt\/jupiter-resarmadrass\/","name":"Jupiter res\u00e5rmadrass - Hypnos","isPartOf":{"@id":"https:\/\/hypnos.ee\/sv\/#website"},"primaryImageOfPage":{"@id":"https:\/\/hypnos.ee\/sv\/produkt\/jupiter-resarmadrass\/#primaryimage"},"image":{"@id":"https:\/\/hypnos.ee\/sv\/produkt\/jupiter-resarmadrass\/#primaryimage"},"thumbnailUrl":"https:\/\/hypnos.ee\/wp-content\/uploads\/2025\/03\/jupiter-madrats_f_1_590_1.jpg","datePublished":"2025-03-26T11:27:53+00:00","breadcrumb":{"@id":"https:\/\/hypnos.ee\/sv\/produkt\/jupiter-resarmadrass\/#breadcrumb"},"inLanguage":"sv-SE","potentialAction":[{"@type":"ReadAction","target":["https:\/\/hypnos.ee\/sv\/produkt\/jupiter-resarmadrass\/"]}]},{"@type":"ImageObject","inLanguage":"sv-SE","@id":"https:\/\/hypnos.ee\/sv\/produkt\/jupiter-resarmadrass\/#primaryimage","url":"https:\/\/hypnos.ee\/wp-content\/uploads\/2025\/03\/jupiter-madrats_f_1_590_1.jpg","contentUrl":"https:\/\/hypnos.ee\/wp-content\/uploads\/2025\/03\/jupiter-madrats_f_1_590_1.jpg","width":590,"height":287},{"@type":"BreadcrumbList","@id":"https:\/\/hypnos.ee\/sv\/produkt\/jupiter-resarmadrass\/#breadcrumb","itemListElement":[{"@type":"ListItem","position":1,"name":"Home","item":"https:\/\/hypnos.ee\/sv\/"},{"@type":"ListItem","position":2,"name":"Produkter","item":"https:\/\/hypnos.ee\/tooted\/"},{"@type":"ListItem","position":3,"name":"Jupiter res\u00e5rmadrass"}]},{"@type":"WebSite","@id":"https:\/\/hypnos.ee\/sv\/#website","url":"https:\/\/hypnos.ee\/sv\/","name":"Hypnos","description":"T\u00f5stame unekogemust","publisher":{"@id":"https:\/\/hypnos.ee\/sv\/#organization"},"potentialAction":[{"@type":"SearchAction","target":{"@type":"EntryPoint","urlTemplate":"https:\/\/hypnos.ee\/sv\/?s={search_term_string}"},"query-input":{"@type":"PropertyValueSpecification","valueRequired":true,"valueName":"search_term_string"}}],"inLanguage":"sv-SE"},{"@type":"Organization","@id":"https:\/\/hypnos.ee\/sv\/#organization","name":"Hypnos","url":"https:\/\/hypnos.ee\/sv\/","logo":{"@type":"ImageObject","inLanguage":"sv-SE","@id":"https:\/\/hypnos.ee\/sv\/#\/schema\/logo\/image\/","url":"https:\/\/hypnos.ee\/wp-content\/uploads\/2025\/06\/cropped-Hypnos-fa.png","contentUrl":"https:\/\/hypnos.ee\/wp-content\/uploads\/2025\/06\/cropped-Hypnos-fa.png","width":512,"height":512,"caption":"Hypnos"},"image":{"@id":"https:\/\/hypnos.ee\/sv\/#\/schema\/logo\/image\/"}}]}},"_links":{"self":[{"href":"https:\/\/hypnos.ee\/sv\/wp-json\/wp\/v2\/product\/2255","targetHints":{"allow":["GET"]}}],"collection":[{"href":"https:\/\/hypnos.ee\/sv\/wp-json\/wp\/v2\/product"}],"about":[{"href":"https:\/\/hypnos.ee\/sv\/wp-json\/wp\/v2\/types\/product"}],"replies":[{"embeddable":true,"href":"https:\/\/hypnos.ee\/sv\/wp-json\/wp\/v2\/comments?post=2255"}],"wp:featuredmedia":[{"embeddable":true,"href":"https:\/\/hypnos.ee\/sv\/wp-json\/wp\/v2\/media\/2256"}],"wp:attachment":[{"href":"https:\/\/hypnos.ee\/sv\/wp-json\/wp\/v2\/media?parent=2255"}],"wp:term":[{"taxonomy":"product_brand","embeddable":true,"href":"https:\/\/hypnos.ee\/sv\/wp-json\/wp\/v2\/product_brand?post=2255"},{"taxonomy":"product_cat","embeddable":true,"href":"https:\/\/hypnos.ee\/sv\/wp-json\/wp\/v2\/product_cat?post=2255"},{"taxonomy":"product_tag","embeddable":true,"href":"https:\/\/hypnos.ee\/sv\/wp-json\/wp\/v2\/product_tag?post=2255"}],"curies":[{"name":"wp","href":"https:\/\/api.w.org\/{rel}","templated":true}]}}