{"id":2249,"date":"2025-03-26T13:28:41","date_gmt":"2025-03-26T11:28:41","guid":{"rendered":"https:\/\/hypnos.ee\/toode\/saturnus-resarmadrass\/"},"modified":"2025-03-26T13:28:41","modified_gmt":"2025-03-26T11:28:41","slug":"saturnus-resarmadrass","status":"publish","type":"product","link":"https:\/\/hypnos.ee\/sv\/produkt\/saturnus-resarmadrass\/","title":{"rendered":"Saturnus res\u00e5rmadrass"},"content":{"rendered":"","protected":false},"excerpt":{"rendered":"<p data-key=\"DcccF\"><strong>H\u00f6g madrass f\u00f6r dem som f\u00f6redrar en mjukare k\u00e4nsla.<\/strong><\/p>\n<p data-key=\"8RdYL\">Saturn \u00e4r en h\u00f6gre pocketres\u00e5rmadrass som passar perfekt f\u00f6r dig som vill ha en kroppsn\u00e4ra och bekv\u00e4m sovst\u00e4llning men beh\u00f6ver extra st\u00f6d. Madrassen har 250 fj\u00e4drar\/m\u00b2. De t\u00e4tare fj\u00e4drarna ger b\u00e4ttre h\u00e5llbarhet och l\u00e5ng livsl\u00e4ngd.  <\/p>\n<p data-key=\"cWZNP\">Stoppningen \u00e4r tillverkad av 3 cm latex som \u00e4r stretchig, andas och \u00e4r slitstark. \u00d6verdragstyget \u00e4r f\u00f6rsett med <strong>Silver Protect-behandling <\/strong>, som h\u00e5ller madrassen fr\u00e4sch och ren. <\/p>\n","protected":false},"featured_media":2251,"comment_status":"closed","ping_status":"closed","template":"","meta":{"_acf_changed":false},"product_brand":[],"product_cat":[88],"product_tag":[],"class_list":{"0":"post-2249","1":"product","2":"type-product","3":"status-publish","4":"has-post-thumbnail","6":"product_cat-fjadermadrasser","8":"first","9":"instock","10":"shipping-taxable","11":"product-type-simple"},"acf":[],"yoast_head":"<!-- This site is optimized with the Yoast SEO Premium plugin v26.0 (Yoast SEO v26.0) - https:\/\/yoast.com\/wordpress\/plugins\/seo\/ -->\n<title>Saturnus res\u00e5rmadrass - Hypnos<\/title>\n<meta name=\"robots\" content=\"index, follow, max-snippet:-1, max-image-preview:large, max-video-preview:-1\" \/>\n<link rel=\"canonical\" href=\"https:\/\/hypnos.ee\/sv\/produkt\/saturnus-resarmadrass\/\" \/>\n<meta property=\"og:locale\" content=\"sv_SE\" \/>\n<meta property=\"og:type\" content=\"article\" \/>\n<meta property=\"og:title\" content=\"Saturnus res\u00e5rmadrass\" \/>\n<meta property=\"og:description\" content=\"H\u00f6g madrass f\u00f6r dem som f\u00f6redrar en mjukare k\u00e4nsla. Saturn \u00e4r en h\u00f6gre pocketres\u00e5rmadrass som passar perfekt f\u00f6r dig som vill ha en kroppsn\u00e4ra och bekv\u00e4m sovst\u00e4llning men beh\u00f6ver extra st\u00f6d. Madrassen har 250 fj\u00e4drar\/m\u00b2. De t\u00e4tare fj\u00e4drarna ger b\u00e4ttre h\u00e5llbarhet och l\u00e5ng livsl\u00e4ngd.  Stoppningen \u00e4r tillverkad av 3 cm latex som \u00e4r stretchig, andas och \u00e4r slitstark. \u00d6verdragstyget \u00e4r f\u00f6rsett med Silver Protect-behandling , som h\u00e5ller madrassen fr\u00e4sch och ren.\" \/>\n<meta property=\"og:url\" content=\"https:\/\/hypnos.ee\/sv\/produkt\/saturnus-resarmadrass\/\" \/>\n<meta property=\"og:site_name\" content=\"Hypnos\" \/>\n<meta property=\"og:image\" content=\"https:\/\/hypnos.ee\/wp-content\/uploads\/2025\/03\/vedru-vedrumadrats_f_1_590_1.jpg\" \/>\n\t<meta property=\"og:image:width\" content=\"590\" \/>\n\t<meta property=\"og:image:height\" content=\"287\" \/>\n\t<meta property=\"og:image:type\" content=\"image\/jpeg\" \/>\n<meta name=\"twitter:card\" content=\"summary_large_image\" \/>\n<script type=\"application\/ld+json\" class=\"yoast-schema-graph\">{\"@context\":\"https:\/\/schema.org\",\"@graph\":[{\"@type\":\"WebPage\",\"@id\":\"https:\/\/hypnos.ee\/sv\/produkt\/saturnus-resarmadrass\/\",\"url\":\"https:\/\/hypnos.ee\/sv\/produkt\/saturnus-resarmadrass\/\",\"name\":\"Saturnus res\u00e5rmadrass - Hypnos\",\"isPartOf\":{\"@id\":\"https:\/\/hypnos.ee\/sv\/#website\"},\"primaryImageOfPage\":{\"@id\":\"https:\/\/hypnos.ee\/sv\/produkt\/saturnus-resarmadrass\/#primaryimage\"},\"image\":{\"@id\":\"https:\/\/hypnos.ee\/sv\/produkt\/saturnus-resarmadrass\/#primaryimage\"},\"thumbnailUrl\":\"https:\/\/hypnos.ee\/wp-content\/uploads\/2025\/03\/vedru-vedrumadrats_f_1_590_1.jpg\",\"datePublished\":\"2025-03-26T11:28:41+00:00\",\"breadcrumb\":{\"@id\":\"https:\/\/hypnos.ee\/sv\/produkt\/saturnus-resarmadrass\/#breadcrumb\"},\"inLanguage\":\"sv-SE\",\"potentialAction\":[{\"@type\":\"ReadAction\",\"target\":[\"https:\/\/hypnos.ee\/sv\/produkt\/saturnus-resarmadrass\/\"]}]},{\"@type\":\"ImageObject\",\"inLanguage\":\"sv-SE\",\"@id\":\"https:\/\/hypnos.ee\/sv\/produkt\/saturnus-resarmadrass\/#primaryimage\",\"url\":\"https:\/\/hypnos.ee\/wp-content\/uploads\/2025\/03\/vedru-vedrumadrats_f_1_590_1.jpg\",\"contentUrl\":\"https:\/\/hypnos.ee\/wp-content\/uploads\/2025\/03\/vedru-vedrumadrats_f_1_590_1.jpg\",\"width\":590,\"height\":287},{\"@type\":\"BreadcrumbList\",\"@id\":\"https:\/\/hypnos.ee\/sv\/produkt\/saturnus-resarmadrass\/#breadcrumb\",\"itemListElement\":[{\"@type\":\"ListItem\",\"position\":1,\"name\":\"Home\",\"item\":\"https:\/\/hypnos.ee\/sv\/\"},{\"@type\":\"ListItem\",\"position\":2,\"name\":\"Produkter\",\"item\":\"https:\/\/hypnos.ee\/tooted\/\"},{\"@type\":\"ListItem\",\"position\":3,\"name\":\"Saturnus res\u00e5rmadrass\"}]},{\"@type\":\"WebSite\",\"@id\":\"https:\/\/hypnos.ee\/sv\/#website\",\"url\":\"https:\/\/hypnos.ee\/sv\/\",\"name\":\"Hypnos\",\"description\":\"T\u00f5stame unekogemust\",\"publisher\":{\"@id\":\"https:\/\/hypnos.ee\/sv\/#organization\"},\"potentialAction\":[{\"@type\":\"SearchAction\",\"target\":{\"@type\":\"EntryPoint\",\"urlTemplate\":\"https:\/\/hypnos.ee\/sv\/?s={search_term_string}\"},\"query-input\":{\"@type\":\"PropertyValueSpecification\",\"valueRequired\":true,\"valueName\":\"search_term_string\"}}],\"inLanguage\":\"sv-SE\"},{\"@type\":\"Organization\",\"@id\":\"https:\/\/hypnos.ee\/sv\/#organization\",\"name\":\"Hypnos\",\"url\":\"https:\/\/hypnos.ee\/sv\/\",\"logo\":{\"@type\":\"ImageObject\",\"inLanguage\":\"sv-SE\",\"@id\":\"https:\/\/hypnos.ee\/sv\/#\/schema\/logo\/image\/\",\"url\":\"https:\/\/hypnos.ee\/wp-content\/uploads\/2025\/06\/cropped-Hypnos-fa.png\",\"contentUrl\":\"https:\/\/hypnos.ee\/wp-content\/uploads\/2025\/06\/cropped-Hypnos-fa.png\",\"width\":512,\"height\":512,\"caption\":\"Hypnos\"},\"image\":{\"@id\":\"https:\/\/hypnos.ee\/sv\/#\/schema\/logo\/image\/\"}}]}<\/script>\n<!-- \/ Yoast SEO Premium plugin. -->","yoast_head_json":{"title":"Saturnus res\u00e5rmadrass - Hypnos","robots":{"index":"index","follow":"follow","max-snippet":"max-snippet:-1","max-image-preview":"max-image-preview:large","max-video-preview":"max-video-preview:-1"},"canonical":"https:\/\/hypnos.ee\/sv\/produkt\/saturnus-resarmadrass\/","og_locale":"sv_SE","og_type":"article","og_title":"Saturnus res\u00e5rmadrass","og_description":"H\u00f6g madrass f\u00f6r dem som f\u00f6redrar en mjukare k\u00e4nsla. Saturn \u00e4r en h\u00f6gre pocketres\u00e5rmadrass som passar perfekt f\u00f6r dig som vill ha en kroppsn\u00e4ra och bekv\u00e4m sovst\u00e4llning men beh\u00f6ver extra st\u00f6d. Madrassen har 250 fj\u00e4drar\/m\u00b2. De t\u00e4tare fj\u00e4drarna ger b\u00e4ttre h\u00e5llbarhet och l\u00e5ng livsl\u00e4ngd.  Stoppningen \u00e4r tillverkad av 3 cm latex som \u00e4r stretchig, andas och \u00e4r slitstark. \u00d6verdragstyget \u00e4r f\u00f6rsett med Silver Protect-behandling , som h\u00e5ller madrassen fr\u00e4sch och ren.","og_url":"https:\/\/hypnos.ee\/sv\/produkt\/saturnus-resarmadrass\/","og_site_name":"Hypnos","og_image":[{"width":590,"height":287,"url":"https:\/\/hypnos.ee\/wp-content\/uploads\/2025\/03\/vedru-vedrumadrats_f_1_590_1.jpg","type":"image\/jpeg"}],"twitter_card":"summary_large_image","schema":{"@context":"https:\/\/schema.org","@graph":[{"@type":"WebPage","@id":"https:\/\/hypnos.ee\/sv\/produkt\/saturnus-resarmadrass\/","url":"https:\/\/hypnos.ee\/sv\/produkt\/saturnus-resarmadrass\/","name":"Saturnus res\u00e5rmadrass - Hypnos","isPartOf":{"@id":"https:\/\/hypnos.ee\/sv\/#website"},"primaryImageOfPage":{"@id":"https:\/\/hypnos.ee\/sv\/produkt\/saturnus-resarmadrass\/#primaryimage"},"image":{"@id":"https:\/\/hypnos.ee\/sv\/produkt\/saturnus-resarmadrass\/#primaryimage"},"thumbnailUrl":"https:\/\/hypnos.ee\/wp-content\/uploads\/2025\/03\/vedru-vedrumadrats_f_1_590_1.jpg","datePublished":"2025-03-26T11:28:41+00:00","breadcrumb":{"@id":"https:\/\/hypnos.ee\/sv\/produkt\/saturnus-resarmadrass\/#breadcrumb"},"inLanguage":"sv-SE","potentialAction":[{"@type":"ReadAction","target":["https:\/\/hypnos.ee\/sv\/produkt\/saturnus-resarmadrass\/"]}]},{"@type":"ImageObject","inLanguage":"sv-SE","@id":"https:\/\/hypnos.ee\/sv\/produkt\/saturnus-resarmadrass\/#primaryimage","url":"https:\/\/hypnos.ee\/wp-content\/uploads\/2025\/03\/vedru-vedrumadrats_f_1_590_1.jpg","contentUrl":"https:\/\/hypnos.ee\/wp-content\/uploads\/2025\/03\/vedru-vedrumadrats_f_1_590_1.jpg","width":590,"height":287},{"@type":"BreadcrumbList","@id":"https:\/\/hypnos.ee\/sv\/produkt\/saturnus-resarmadrass\/#breadcrumb","itemListElement":[{"@type":"ListItem","position":1,"name":"Home","item":"https:\/\/hypnos.ee\/sv\/"},{"@type":"ListItem","position":2,"name":"Produkter","item":"https:\/\/hypnos.ee\/tooted\/"},{"@type":"ListItem","position":3,"name":"Saturnus res\u00e5rmadrass"}]},{"@type":"WebSite","@id":"https:\/\/hypnos.ee\/sv\/#website","url":"https:\/\/hypnos.ee\/sv\/","name":"Hypnos","description":"T\u00f5stame unekogemust","publisher":{"@id":"https:\/\/hypnos.ee\/sv\/#organization"},"potentialAction":[{"@type":"SearchAction","target":{"@type":"EntryPoint","urlTemplate":"https:\/\/hypnos.ee\/sv\/?s={search_term_string}"},"query-input":{"@type":"PropertyValueSpecification","valueRequired":true,"valueName":"search_term_string"}}],"inLanguage":"sv-SE"},{"@type":"Organization","@id":"https:\/\/hypnos.ee\/sv\/#organization","name":"Hypnos","url":"https:\/\/hypnos.ee\/sv\/","logo":{"@type":"ImageObject","inLanguage":"sv-SE","@id":"https:\/\/hypnos.ee\/sv\/#\/schema\/logo\/image\/","url":"https:\/\/hypnos.ee\/wp-content\/uploads\/2025\/06\/cropped-Hypnos-fa.png","contentUrl":"https:\/\/hypnos.ee\/wp-content\/uploads\/2025\/06\/cropped-Hypnos-fa.png","width":512,"height":512,"caption":"Hypnos"},"image":{"@id":"https:\/\/hypnos.ee\/sv\/#\/schema\/logo\/image\/"}}]}},"_links":{"self":[{"href":"https:\/\/hypnos.ee\/sv\/wp-json\/wp\/v2\/product\/2249","targetHints":{"allow":["GET"]}}],"collection":[{"href":"https:\/\/hypnos.ee\/sv\/wp-json\/wp\/v2\/product"}],"about":[{"href":"https:\/\/hypnos.ee\/sv\/wp-json\/wp\/v2\/types\/product"}],"replies":[{"embeddable":true,"href":"https:\/\/hypnos.ee\/sv\/wp-json\/wp\/v2\/comments?post=2249"}],"wp:featuredmedia":[{"embeddable":true,"href":"https:\/\/hypnos.ee\/sv\/wp-json\/wp\/v2\/media\/2251"}],"wp:attachment":[{"href":"https:\/\/hypnos.ee\/sv\/wp-json\/wp\/v2\/media?parent=2249"}],"wp:term":[{"taxonomy":"product_brand","embeddable":true,"href":"https:\/\/hypnos.ee\/sv\/wp-json\/wp\/v2\/product_brand?post=2249"},{"taxonomy":"product_cat","embeddable":true,"href":"https:\/\/hypnos.ee\/sv\/wp-json\/wp\/v2\/product_cat?post=2249"},{"taxonomy":"product_tag","embeddable":true,"href":"https:\/\/hypnos.ee\/sv\/wp-json\/wp\/v2\/product_tag?post=2249"}],"curies":[{"name":"wp","href":"https:\/\/api.w.org\/{rel}","templated":true}]}}