{"id":2241,"date":"2025-03-26T13:29:50","date_gmt":"2025-03-26T11:29:50","guid":{"rendered":"https:\/\/hypnos.ee\/toode\/vedrumadrat-aphrodite\/"},"modified":"2025-03-26T13:29:50","modified_gmt":"2025-03-26T11:29:50","slug":"vedrumadrat-aphrodite","status":"publish","type":"product","link":"https:\/\/hypnos.ee\/sv\/produkt\/vedrumadrat-aphrodite\/","title":{"rendered":"Vedrumadrat Aphrodite"},"content":{"rendered":"","protected":false},"excerpt":{"rendered":"<p data-key=\"SWwwr\"><strong>Maximal stabilitet och styvhet.<\/strong><\/p>\n<p data-key=\"KtDqT\">Aphrodite \u00e4r en stark och styv madrass med en <strong>bikakem\u00f6nstrad pocketres\u00e5r<\/strong> inuti som endast r\u00f6r sig upp och ner, vilket ger maximal stabilitet, f\u00f6rhindrar att res\u00e5ren r\u00f6r sig i sidled och h\u00e5ller madrassen i form. Denna l\u00f6sning \u00e4r idealisk f\u00f6r tyngre personer och f\u00f6r dem som v\u00e4rdes\u00e4tter en mycket fast position. <\/p>\n<p data-key=\"XKYXe\">Madrassen \u00e4r dubbelsidig och \u00e4r p\u00e5 b\u00e5da sidor fodrad med 3 cm naturlatex f\u00f6r elasticitet och andningsf\u00f6rm\u00e5ga. Tyget \u00e4r behandlat med ett lager <strong>Silver Protect<\/strong>, som ger antibakteriellt skydd och har svampd\u00f6dande egenskaper. <\/p>\n","protected":false},"featured_media":2242,"comment_status":"closed","ping_status":"closed","template":"","meta":{"_acf_changed":false},"product_brand":[],"product_cat":[88],"product_tag":[],"class_list":{"0":"post-2241","1":"product","2":"type-product","3":"status-publish","4":"has-post-thumbnail","6":"product_cat-fjadermadrasser","8":"first","9":"instock","10":"shipping-taxable","11":"product-type-simple"},"acf":[],"yoast_head":"<!-- This site is optimized with the Yoast SEO Premium plugin v26.0 (Yoast SEO v26.0) - https:\/\/yoast.com\/wordpress\/plugins\/seo\/ -->\n<title>Vedrumadrat Aphrodite - Hypnos<\/title>\n<meta name=\"robots\" content=\"index, follow, max-snippet:-1, max-image-preview:large, max-video-preview:-1\" \/>\n<link rel=\"canonical\" href=\"https:\/\/hypnos.ee\/sv\/produkt\/vedrumadrat-aphrodite\/\" \/>\n<meta property=\"og:locale\" content=\"sv_SE\" \/>\n<meta property=\"og:type\" content=\"article\" \/>\n<meta property=\"og:title\" content=\"Vedrumadrat Aphrodite\" \/>\n<meta property=\"og:description\" content=\"Maximal stabilitet och styvhet. Aphrodite \u00e4r en stark och styv madrass med en bikakem\u00f6nstrad pocketres\u00e5r inuti som endast r\u00f6r sig upp och ner, vilket ger maximal stabilitet, f\u00f6rhindrar att res\u00e5ren r\u00f6r sig i sidled och h\u00e5ller madrassen i form. Denna l\u00f6sning \u00e4r idealisk f\u00f6r tyngre personer och f\u00f6r dem som v\u00e4rdes\u00e4tter en mycket fast position. Madrassen \u00e4r dubbelsidig och \u00e4r p\u00e5 b\u00e5da sidor fodrad med 3 cm naturlatex f\u00f6r elasticitet och andningsf\u00f6rm\u00e5ga. Tyget \u00e4r behandlat med ett lager Silver Protect, som ger antibakteriellt skydd och har svampd\u00f6dande egenskaper.\" \/>\n<meta property=\"og:url\" content=\"https:\/\/hypnos.ee\/sv\/produkt\/vedrumadrat-aphrodite\/\" \/>\n<meta property=\"og:site_name\" content=\"Hypnos\" \/>\n<meta property=\"og:image\" content=\"https:\/\/hypnos.ee\/wp-content\/uploads\/2025\/03\/Aphrodite-vedrumadrats_f_1_590_1.jpg\" \/>\n\t<meta property=\"og:image:width\" content=\"590\" \/>\n\t<meta property=\"og:image:height\" content=\"287\" \/>\n\t<meta property=\"og:image:type\" content=\"image\/jpeg\" \/>\n<meta name=\"twitter:card\" content=\"summary_large_image\" \/>\n<script type=\"application\/ld+json\" class=\"yoast-schema-graph\">{\"@context\":\"https:\/\/schema.org\",\"@graph\":[{\"@type\":\"WebPage\",\"@id\":\"https:\/\/hypnos.ee\/sv\/produkt\/vedrumadrat-aphrodite\/\",\"url\":\"https:\/\/hypnos.ee\/sv\/produkt\/vedrumadrat-aphrodite\/\",\"name\":\"Vedrumadrat Aphrodite - Hypnos\",\"isPartOf\":{\"@id\":\"https:\/\/hypnos.ee\/sv\/#website\"},\"primaryImageOfPage\":{\"@id\":\"https:\/\/hypnos.ee\/sv\/produkt\/vedrumadrat-aphrodite\/#primaryimage\"},\"image\":{\"@id\":\"https:\/\/hypnos.ee\/sv\/produkt\/vedrumadrat-aphrodite\/#primaryimage\"},\"thumbnailUrl\":\"https:\/\/hypnos.ee\/wp-content\/uploads\/2025\/03\/Aphrodite-vedrumadrats_f_1_590_1.jpg\",\"datePublished\":\"2025-03-26T11:29:50+00:00\",\"breadcrumb\":{\"@id\":\"https:\/\/hypnos.ee\/sv\/produkt\/vedrumadrat-aphrodite\/#breadcrumb\"},\"inLanguage\":\"sv-SE\",\"potentialAction\":[{\"@type\":\"ReadAction\",\"target\":[\"https:\/\/hypnos.ee\/sv\/produkt\/vedrumadrat-aphrodite\/\"]}]},{\"@type\":\"ImageObject\",\"inLanguage\":\"sv-SE\",\"@id\":\"https:\/\/hypnos.ee\/sv\/produkt\/vedrumadrat-aphrodite\/#primaryimage\",\"url\":\"https:\/\/hypnos.ee\/wp-content\/uploads\/2025\/03\/Aphrodite-vedrumadrats_f_1_590_1.jpg\",\"contentUrl\":\"https:\/\/hypnos.ee\/wp-content\/uploads\/2025\/03\/Aphrodite-vedrumadrats_f_1_590_1.jpg\",\"width\":590,\"height\":287},{\"@type\":\"BreadcrumbList\",\"@id\":\"https:\/\/hypnos.ee\/sv\/produkt\/vedrumadrat-aphrodite\/#breadcrumb\",\"itemListElement\":[{\"@type\":\"ListItem\",\"position\":1,\"name\":\"Home\",\"item\":\"https:\/\/hypnos.ee\/sv\/\"},{\"@type\":\"ListItem\",\"position\":2,\"name\":\"Produkter\",\"item\":\"https:\/\/hypnos.ee\/tooted\/\"},{\"@type\":\"ListItem\",\"position\":3,\"name\":\"Vedrumadrat Aphrodite\"}]},{\"@type\":\"WebSite\",\"@id\":\"https:\/\/hypnos.ee\/sv\/#website\",\"url\":\"https:\/\/hypnos.ee\/sv\/\",\"name\":\"Hypnos\",\"description\":\"T\u00f5stame unekogemust\",\"publisher\":{\"@id\":\"https:\/\/hypnos.ee\/sv\/#organization\"},\"potentialAction\":[{\"@type\":\"SearchAction\",\"target\":{\"@type\":\"EntryPoint\",\"urlTemplate\":\"https:\/\/hypnos.ee\/sv\/?s={search_term_string}\"},\"query-input\":{\"@type\":\"PropertyValueSpecification\",\"valueRequired\":true,\"valueName\":\"search_term_string\"}}],\"inLanguage\":\"sv-SE\"},{\"@type\":\"Organization\",\"@id\":\"https:\/\/hypnos.ee\/sv\/#organization\",\"name\":\"Hypnos\",\"url\":\"https:\/\/hypnos.ee\/sv\/\",\"logo\":{\"@type\":\"ImageObject\",\"inLanguage\":\"sv-SE\",\"@id\":\"https:\/\/hypnos.ee\/sv\/#\/schema\/logo\/image\/\",\"url\":\"https:\/\/hypnos.ee\/wp-content\/uploads\/2025\/06\/cropped-Hypnos-fa.png\",\"contentUrl\":\"https:\/\/hypnos.ee\/wp-content\/uploads\/2025\/06\/cropped-Hypnos-fa.png\",\"width\":512,\"height\":512,\"caption\":\"Hypnos\"},\"image\":{\"@id\":\"https:\/\/hypnos.ee\/sv\/#\/schema\/logo\/image\/\"}}]}<\/script>\n<!-- \/ Yoast SEO Premium plugin. -->","yoast_head_json":{"title":"Vedrumadrat Aphrodite - Hypnos","robots":{"index":"index","follow":"follow","max-snippet":"max-snippet:-1","max-image-preview":"max-image-preview:large","max-video-preview":"max-video-preview:-1"},"canonical":"https:\/\/hypnos.ee\/sv\/produkt\/vedrumadrat-aphrodite\/","og_locale":"sv_SE","og_type":"article","og_title":"Vedrumadrat Aphrodite","og_description":"Maximal stabilitet och styvhet. Aphrodite \u00e4r en stark och styv madrass med en bikakem\u00f6nstrad pocketres\u00e5r inuti som endast r\u00f6r sig upp och ner, vilket ger maximal stabilitet, f\u00f6rhindrar att res\u00e5ren r\u00f6r sig i sidled och h\u00e5ller madrassen i form. Denna l\u00f6sning \u00e4r idealisk f\u00f6r tyngre personer och f\u00f6r dem som v\u00e4rdes\u00e4tter en mycket fast position. Madrassen \u00e4r dubbelsidig och \u00e4r p\u00e5 b\u00e5da sidor fodrad med 3 cm naturlatex f\u00f6r elasticitet och andningsf\u00f6rm\u00e5ga. Tyget \u00e4r behandlat med ett lager Silver Protect, som ger antibakteriellt skydd och har svampd\u00f6dande egenskaper.","og_url":"https:\/\/hypnos.ee\/sv\/produkt\/vedrumadrat-aphrodite\/","og_site_name":"Hypnos","og_image":[{"width":590,"height":287,"url":"https:\/\/hypnos.ee\/wp-content\/uploads\/2025\/03\/Aphrodite-vedrumadrats_f_1_590_1.jpg","type":"image\/jpeg"}],"twitter_card":"summary_large_image","schema":{"@context":"https:\/\/schema.org","@graph":[{"@type":"WebPage","@id":"https:\/\/hypnos.ee\/sv\/produkt\/vedrumadrat-aphrodite\/","url":"https:\/\/hypnos.ee\/sv\/produkt\/vedrumadrat-aphrodite\/","name":"Vedrumadrat Aphrodite - Hypnos","isPartOf":{"@id":"https:\/\/hypnos.ee\/sv\/#website"},"primaryImageOfPage":{"@id":"https:\/\/hypnos.ee\/sv\/produkt\/vedrumadrat-aphrodite\/#primaryimage"},"image":{"@id":"https:\/\/hypnos.ee\/sv\/produkt\/vedrumadrat-aphrodite\/#primaryimage"},"thumbnailUrl":"https:\/\/hypnos.ee\/wp-content\/uploads\/2025\/03\/Aphrodite-vedrumadrats_f_1_590_1.jpg","datePublished":"2025-03-26T11:29:50+00:00","breadcrumb":{"@id":"https:\/\/hypnos.ee\/sv\/produkt\/vedrumadrat-aphrodite\/#breadcrumb"},"inLanguage":"sv-SE","potentialAction":[{"@type":"ReadAction","target":["https:\/\/hypnos.ee\/sv\/produkt\/vedrumadrat-aphrodite\/"]}]},{"@type":"ImageObject","inLanguage":"sv-SE","@id":"https:\/\/hypnos.ee\/sv\/produkt\/vedrumadrat-aphrodite\/#primaryimage","url":"https:\/\/hypnos.ee\/wp-content\/uploads\/2025\/03\/Aphrodite-vedrumadrats_f_1_590_1.jpg","contentUrl":"https:\/\/hypnos.ee\/wp-content\/uploads\/2025\/03\/Aphrodite-vedrumadrats_f_1_590_1.jpg","width":590,"height":287},{"@type":"BreadcrumbList","@id":"https:\/\/hypnos.ee\/sv\/produkt\/vedrumadrat-aphrodite\/#breadcrumb","itemListElement":[{"@type":"ListItem","position":1,"name":"Home","item":"https:\/\/hypnos.ee\/sv\/"},{"@type":"ListItem","position":2,"name":"Produkter","item":"https:\/\/hypnos.ee\/tooted\/"},{"@type":"ListItem","position":3,"name":"Vedrumadrat Aphrodite"}]},{"@type":"WebSite","@id":"https:\/\/hypnos.ee\/sv\/#website","url":"https:\/\/hypnos.ee\/sv\/","name":"Hypnos","description":"T\u00f5stame unekogemust","publisher":{"@id":"https:\/\/hypnos.ee\/sv\/#organization"},"potentialAction":[{"@type":"SearchAction","target":{"@type":"EntryPoint","urlTemplate":"https:\/\/hypnos.ee\/sv\/?s={search_term_string}"},"query-input":{"@type":"PropertyValueSpecification","valueRequired":true,"valueName":"search_term_string"}}],"inLanguage":"sv-SE"},{"@type":"Organization","@id":"https:\/\/hypnos.ee\/sv\/#organization","name":"Hypnos","url":"https:\/\/hypnos.ee\/sv\/","logo":{"@type":"ImageObject","inLanguage":"sv-SE","@id":"https:\/\/hypnos.ee\/sv\/#\/schema\/logo\/image\/","url":"https:\/\/hypnos.ee\/wp-content\/uploads\/2025\/06\/cropped-Hypnos-fa.png","contentUrl":"https:\/\/hypnos.ee\/wp-content\/uploads\/2025\/06\/cropped-Hypnos-fa.png","width":512,"height":512,"caption":"Hypnos"},"image":{"@id":"https:\/\/hypnos.ee\/sv\/#\/schema\/logo\/image\/"}}]}},"_links":{"self":[{"href":"https:\/\/hypnos.ee\/sv\/wp-json\/wp\/v2\/product\/2241","targetHints":{"allow":["GET"]}}],"collection":[{"href":"https:\/\/hypnos.ee\/sv\/wp-json\/wp\/v2\/product"}],"about":[{"href":"https:\/\/hypnos.ee\/sv\/wp-json\/wp\/v2\/types\/product"}],"replies":[{"embeddable":true,"href":"https:\/\/hypnos.ee\/sv\/wp-json\/wp\/v2\/comments?post=2241"}],"wp:featuredmedia":[{"embeddable":true,"href":"https:\/\/hypnos.ee\/sv\/wp-json\/wp\/v2\/media\/2242"}],"wp:attachment":[{"href":"https:\/\/hypnos.ee\/sv\/wp-json\/wp\/v2\/media?parent=2241"}],"wp:term":[{"taxonomy":"product_brand","embeddable":true,"href":"https:\/\/hypnos.ee\/sv\/wp-json\/wp\/v2\/product_brand?post=2241"},{"taxonomy":"product_cat","embeddable":true,"href":"https:\/\/hypnos.ee\/sv\/wp-json\/wp\/v2\/product_cat?post=2241"},{"taxonomy":"product_tag","embeddable":true,"href":"https:\/\/hypnos.ee\/sv\/wp-json\/wp\/v2\/product_tag?post=2241"}],"curies":[{"name":"wp","href":"https:\/\/api.w.org\/{rel}","templated":true}]}}