{"id":2174,"date":"2025-03-26T14:46:54","date_gmt":"2025-03-26T12:46:54","guid":{"rendered":"https:\/\/hypnos.ee\/toode\/komfort-saturnus-kontinentalsang\/"},"modified":"2025-03-26T14:46:54","modified_gmt":"2025-03-26T12:46:54","slug":"komfort-saturnus-kontinentalsang","status":"publish","type":"product","link":"https:\/\/hypnos.ee\/sv\/produkt\/komfort-saturnus-kontinentalsang\/","title":{"rendered":"Komfort Saturnus kontinentals\u00e4ng"},"content":{"rendered":"","protected":false},"excerpt":{"rendered":"<p data-key=\"qdpLo\"><strong>Lyxigt mjuk s\u00e4ng f\u00f6r den tyngre anv\u00e4ndaren.<\/strong><\/p>\n<p data-key=\"SuE6Z\">Comfort Saturn \u00e4r utformad f\u00f6r dem som vill ha en mjukare och mer st\u00f6djande position.<\/p>\n<p data-key=\"39LM4\">Zeus res\u00e5rs\u00e4ngar med pocketfj\u00e4dermadrass skapar en stark men \u00e4nd\u00e5 fj\u00e4drande bas.<\/p>\n<p data-key=\"ChB2i\">Latexmadrassen med 5 zoner och Silver Protect-behandlat tyg ger en allergifri och andningsbar sovyta.<\/p>\n<p data-key=\"WHYym\">Finns i flera olika utf\u00f6randen: kl\u00e4dseltyg, konstl\u00e4der eller en exklusiv kombinerad quiltad l\u00f6sning.<\/p>\n","protected":false},"featured_media":2179,"comment_status":"closed","ping_status":"closed","template":"","meta":{"_acf_changed":false},"product_brand":[],"product_cat":[85],"product_tag":[],"class_list":{"0":"post-2174","1":"product","2":"type-product","3":"status-publish","4":"has-post-thumbnail","6":"product_cat-kontinentalbaddar","8":"first","9":"instock","10":"shipping-taxable","11":"product-type-simple"},"acf":[],"yoast_head":"<!-- This site is optimized with the Yoast SEO Premium plugin v26.0 (Yoast SEO v26.0) - https:\/\/yoast.com\/wordpress\/plugins\/seo\/ -->\n<title>Komfort Saturnus kontinentals\u00e4ng - Hypnos<\/title>\n<meta name=\"robots\" content=\"index, follow, max-snippet:-1, max-image-preview:large, max-video-preview:-1\" \/>\n<link rel=\"canonical\" href=\"https:\/\/hypnos.ee\/sv\/produkt\/komfort-saturnus-kontinentalsang\/\" \/>\n<meta property=\"og:locale\" content=\"sv_SE\" \/>\n<meta property=\"og:type\" content=\"article\" \/>\n<meta property=\"og:title\" content=\"Komfort Saturnus kontinentals\u00e4ng\" \/>\n<meta property=\"og:description\" content=\"Lyxigt mjuk s\u00e4ng f\u00f6r den tyngre anv\u00e4ndaren. Comfort Saturn \u00e4r utformad f\u00f6r dem som vill ha en mjukare och mer st\u00f6djande position. Zeus res\u00e5rs\u00e4ngar med pocketfj\u00e4dermadrass skapar en stark men \u00e4nd\u00e5 fj\u00e4drande bas. Latexmadrassen med 5 zoner och Silver Protect-behandlat tyg ger en allergifri och andningsbar sovyta. Finns i flera olika utf\u00f6randen: kl\u00e4dseltyg, konstl\u00e4der eller en exklusiv kombinerad quiltad l\u00f6sning.\" \/>\n<meta property=\"og:url\" content=\"https:\/\/hypnos.ee\/sv\/produkt\/komfort-saturnus-kontinentalsang\/\" \/>\n<meta property=\"og:site_name\" content=\"Hypnos\" \/>\n<meta property=\"og:image\" content=\"https:\/\/hypnos.ee\/wp-content\/uploads\/2025\/03\/comfort-jupiter-voodi-3_f_1_590_1.jpg\" \/>\n\t<meta property=\"og:image:width\" content=\"590\" \/>\n\t<meta property=\"og:image:height\" content=\"394\" \/>\n\t<meta property=\"og:image:type\" content=\"image\/jpeg\" \/>\n<meta name=\"twitter:card\" content=\"summary_large_image\" \/>\n<script type=\"application\/ld+json\" class=\"yoast-schema-graph\">{\"@context\":\"https:\/\/schema.org\",\"@graph\":[{\"@type\":\"WebPage\",\"@id\":\"https:\/\/hypnos.ee\/sv\/produkt\/komfort-saturnus-kontinentalsang\/\",\"url\":\"https:\/\/hypnos.ee\/sv\/produkt\/komfort-saturnus-kontinentalsang\/\",\"name\":\"Komfort Saturnus kontinentals\u00e4ng - Hypnos\",\"isPartOf\":{\"@id\":\"https:\/\/hypnos.ee\/sv\/#website\"},\"primaryImageOfPage\":{\"@id\":\"https:\/\/hypnos.ee\/sv\/produkt\/komfort-saturnus-kontinentalsang\/#primaryimage\"},\"image\":{\"@id\":\"https:\/\/hypnos.ee\/sv\/produkt\/komfort-saturnus-kontinentalsang\/#primaryimage\"},\"thumbnailUrl\":\"https:\/\/hypnos.ee\/wp-content\/uploads\/2025\/03\/comfort-jupiter-voodi-3_f_1_590_1.jpg\",\"datePublished\":\"2025-03-26T12:46:54+00:00\",\"breadcrumb\":{\"@id\":\"https:\/\/hypnos.ee\/sv\/produkt\/komfort-saturnus-kontinentalsang\/#breadcrumb\"},\"inLanguage\":\"sv-SE\",\"potentialAction\":[{\"@type\":\"ReadAction\",\"target\":[\"https:\/\/hypnos.ee\/sv\/produkt\/komfort-saturnus-kontinentalsang\/\"]}]},{\"@type\":\"ImageObject\",\"inLanguage\":\"sv-SE\",\"@id\":\"https:\/\/hypnos.ee\/sv\/produkt\/komfort-saturnus-kontinentalsang\/#primaryimage\",\"url\":\"https:\/\/hypnos.ee\/wp-content\/uploads\/2025\/03\/comfort-jupiter-voodi-3_f_1_590_1.jpg\",\"contentUrl\":\"https:\/\/hypnos.ee\/wp-content\/uploads\/2025\/03\/comfort-jupiter-voodi-3_f_1_590_1.jpg\",\"width\":590,\"height\":394},{\"@type\":\"BreadcrumbList\",\"@id\":\"https:\/\/hypnos.ee\/sv\/produkt\/komfort-saturnus-kontinentalsang\/#breadcrumb\",\"itemListElement\":[{\"@type\":\"ListItem\",\"position\":1,\"name\":\"Home\",\"item\":\"https:\/\/hypnos.ee\/sv\/\"},{\"@type\":\"ListItem\",\"position\":2,\"name\":\"Produkter\",\"item\":\"https:\/\/hypnos.ee\/tooted\/\"},{\"@type\":\"ListItem\",\"position\":3,\"name\":\"Komfort Saturnus kontinentals\u00e4ng\"}]},{\"@type\":\"WebSite\",\"@id\":\"https:\/\/hypnos.ee\/sv\/#website\",\"url\":\"https:\/\/hypnos.ee\/sv\/\",\"name\":\"Hypnos\",\"description\":\"T\u00f5stame unekogemust\",\"publisher\":{\"@id\":\"https:\/\/hypnos.ee\/sv\/#organization\"},\"potentialAction\":[{\"@type\":\"SearchAction\",\"target\":{\"@type\":\"EntryPoint\",\"urlTemplate\":\"https:\/\/hypnos.ee\/sv\/?s={search_term_string}\"},\"query-input\":{\"@type\":\"PropertyValueSpecification\",\"valueRequired\":true,\"valueName\":\"search_term_string\"}}],\"inLanguage\":\"sv-SE\"},{\"@type\":\"Organization\",\"@id\":\"https:\/\/hypnos.ee\/sv\/#organization\",\"name\":\"Hypnos\",\"url\":\"https:\/\/hypnos.ee\/sv\/\",\"logo\":{\"@type\":\"ImageObject\",\"inLanguage\":\"sv-SE\",\"@id\":\"https:\/\/hypnos.ee\/sv\/#\/schema\/logo\/image\/\",\"url\":\"https:\/\/hypnos.ee\/wp-content\/uploads\/2025\/06\/cropped-Hypnos-fa.png\",\"contentUrl\":\"https:\/\/hypnos.ee\/wp-content\/uploads\/2025\/06\/cropped-Hypnos-fa.png\",\"width\":512,\"height\":512,\"caption\":\"Hypnos\"},\"image\":{\"@id\":\"https:\/\/hypnos.ee\/sv\/#\/schema\/logo\/image\/\"}}]}<\/script>\n<!-- \/ Yoast SEO Premium plugin. -->","yoast_head_json":{"title":"Komfort Saturnus kontinentals\u00e4ng - Hypnos","robots":{"index":"index","follow":"follow","max-snippet":"max-snippet:-1","max-image-preview":"max-image-preview:large","max-video-preview":"max-video-preview:-1"},"canonical":"https:\/\/hypnos.ee\/sv\/produkt\/komfort-saturnus-kontinentalsang\/","og_locale":"sv_SE","og_type":"article","og_title":"Komfort Saturnus kontinentals\u00e4ng","og_description":"Lyxigt mjuk s\u00e4ng f\u00f6r den tyngre anv\u00e4ndaren. Comfort Saturn \u00e4r utformad f\u00f6r dem som vill ha en mjukare och mer st\u00f6djande position. Zeus res\u00e5rs\u00e4ngar med pocketfj\u00e4dermadrass skapar en stark men \u00e4nd\u00e5 fj\u00e4drande bas. Latexmadrassen med 5 zoner och Silver Protect-behandlat tyg ger en allergifri och andningsbar sovyta. Finns i flera olika utf\u00f6randen: kl\u00e4dseltyg, konstl\u00e4der eller en exklusiv kombinerad quiltad l\u00f6sning.","og_url":"https:\/\/hypnos.ee\/sv\/produkt\/komfort-saturnus-kontinentalsang\/","og_site_name":"Hypnos","og_image":[{"width":590,"height":394,"url":"https:\/\/hypnos.ee\/wp-content\/uploads\/2025\/03\/comfort-jupiter-voodi-3_f_1_590_1.jpg","type":"image\/jpeg"}],"twitter_card":"summary_large_image","schema":{"@context":"https:\/\/schema.org","@graph":[{"@type":"WebPage","@id":"https:\/\/hypnos.ee\/sv\/produkt\/komfort-saturnus-kontinentalsang\/","url":"https:\/\/hypnos.ee\/sv\/produkt\/komfort-saturnus-kontinentalsang\/","name":"Komfort Saturnus kontinentals\u00e4ng - Hypnos","isPartOf":{"@id":"https:\/\/hypnos.ee\/sv\/#website"},"primaryImageOfPage":{"@id":"https:\/\/hypnos.ee\/sv\/produkt\/komfort-saturnus-kontinentalsang\/#primaryimage"},"image":{"@id":"https:\/\/hypnos.ee\/sv\/produkt\/komfort-saturnus-kontinentalsang\/#primaryimage"},"thumbnailUrl":"https:\/\/hypnos.ee\/wp-content\/uploads\/2025\/03\/comfort-jupiter-voodi-3_f_1_590_1.jpg","datePublished":"2025-03-26T12:46:54+00:00","breadcrumb":{"@id":"https:\/\/hypnos.ee\/sv\/produkt\/komfort-saturnus-kontinentalsang\/#breadcrumb"},"inLanguage":"sv-SE","potentialAction":[{"@type":"ReadAction","target":["https:\/\/hypnos.ee\/sv\/produkt\/komfort-saturnus-kontinentalsang\/"]}]},{"@type":"ImageObject","inLanguage":"sv-SE","@id":"https:\/\/hypnos.ee\/sv\/produkt\/komfort-saturnus-kontinentalsang\/#primaryimage","url":"https:\/\/hypnos.ee\/wp-content\/uploads\/2025\/03\/comfort-jupiter-voodi-3_f_1_590_1.jpg","contentUrl":"https:\/\/hypnos.ee\/wp-content\/uploads\/2025\/03\/comfort-jupiter-voodi-3_f_1_590_1.jpg","width":590,"height":394},{"@type":"BreadcrumbList","@id":"https:\/\/hypnos.ee\/sv\/produkt\/komfort-saturnus-kontinentalsang\/#breadcrumb","itemListElement":[{"@type":"ListItem","position":1,"name":"Home","item":"https:\/\/hypnos.ee\/sv\/"},{"@type":"ListItem","position":2,"name":"Produkter","item":"https:\/\/hypnos.ee\/tooted\/"},{"@type":"ListItem","position":3,"name":"Komfort Saturnus kontinentals\u00e4ng"}]},{"@type":"WebSite","@id":"https:\/\/hypnos.ee\/sv\/#website","url":"https:\/\/hypnos.ee\/sv\/","name":"Hypnos","description":"T\u00f5stame unekogemust","publisher":{"@id":"https:\/\/hypnos.ee\/sv\/#organization"},"potentialAction":[{"@type":"SearchAction","target":{"@type":"EntryPoint","urlTemplate":"https:\/\/hypnos.ee\/sv\/?s={search_term_string}"},"query-input":{"@type":"PropertyValueSpecification","valueRequired":true,"valueName":"search_term_string"}}],"inLanguage":"sv-SE"},{"@type":"Organization","@id":"https:\/\/hypnos.ee\/sv\/#organization","name":"Hypnos","url":"https:\/\/hypnos.ee\/sv\/","logo":{"@type":"ImageObject","inLanguage":"sv-SE","@id":"https:\/\/hypnos.ee\/sv\/#\/schema\/logo\/image\/","url":"https:\/\/hypnos.ee\/wp-content\/uploads\/2025\/06\/cropped-Hypnos-fa.png","contentUrl":"https:\/\/hypnos.ee\/wp-content\/uploads\/2025\/06\/cropped-Hypnos-fa.png","width":512,"height":512,"caption":"Hypnos"},"image":{"@id":"https:\/\/hypnos.ee\/sv\/#\/schema\/logo\/image\/"}}]}},"_links":{"self":[{"href":"https:\/\/hypnos.ee\/sv\/wp-json\/wp\/v2\/product\/2174","targetHints":{"allow":["GET"]}}],"collection":[{"href":"https:\/\/hypnos.ee\/sv\/wp-json\/wp\/v2\/product"}],"about":[{"href":"https:\/\/hypnos.ee\/sv\/wp-json\/wp\/v2\/types\/product"}],"replies":[{"embeddable":true,"href":"https:\/\/hypnos.ee\/sv\/wp-json\/wp\/v2\/comments?post=2174"}],"wp:featuredmedia":[{"embeddable":true,"href":"https:\/\/hypnos.ee\/sv\/wp-json\/wp\/v2\/media\/2179"}],"wp:attachment":[{"href":"https:\/\/hypnos.ee\/sv\/wp-json\/wp\/v2\/media?parent=2174"}],"wp:term":[{"taxonomy":"product_brand","embeddable":true,"href":"https:\/\/hypnos.ee\/sv\/wp-json\/wp\/v2\/product_brand?post=2174"},{"taxonomy":"product_cat","embeddable":true,"href":"https:\/\/hypnos.ee\/sv\/wp-json\/wp\/v2\/product_cat?post=2174"},{"taxonomy":"product_tag","embeddable":true,"href":"https:\/\/hypnos.ee\/sv\/wp-json\/wp\/v2\/product_tag?post=2174"}],"curies":[{"name":"wp","href":"https:\/\/api.w.org\/{rel}","templated":true}]}}