{"id":2173,"date":"2025-03-26T14:50:01","date_gmt":"2025-03-26T12:50:01","guid":{"rendered":"https:\/\/hypnos.ee\/toode\/comfort-aphrodite-kontinental-sang\/"},"modified":"2025-03-26T14:50:01","modified_gmt":"2025-03-26T12:50:01","slug":"comfort-aphrodite-kontinental-sang","status":"publish","type":"product","link":"https:\/\/hypnos.ee\/sv\/produkt\/comfort-aphrodite-kontinental-sang\/","title":{"rendered":"Comfort Aphrodite kontinental s\u00e4ng"},"content":{"rendered":"","protected":false},"excerpt":{"rendered":"<p data-key=\"g40tH\"><strong>Ett lyxigt och h\u00e5llbart b\u00e4ddset som ger ett starkt st\u00f6d.<\/strong><\/p>\n<p data-key=\"g40tH\">Comfort Aphrodite \u00e4r det perfekta valet f\u00f6r dig som f\u00f6redrar en fastare passform och beh\u00f6ver extra st\u00f6d.<\/p>\n<p data-key=\"RzTS4\">Satsen inneh\u00e5ller:<\/p>\n<p data-key=\"xAkaQ\">-Zeus res\u00e5rs\u00e4ngar med f\u00f6rst\u00e4rkt ram och bonnellfj\u00e4dring;<\/p>\n<p data-key=\"PLePN\">-H\u00f6gcellul\u00e4r pocketres\u00e5rmadrass;<\/p>\n<p data-key=\"MdxXu\">-temperaturk\u00e4nslig b\u00e4ddmadrass av memory foam.<\/p>\n<p data-key=\"6pAsk\">Bikakestrukturens fj\u00e4dring ger maximal stabilitet eftersom fj\u00e4drarna endast r\u00f6r sig vertikalt, vilket ger styvhet och h\u00e5llbarhet.<\/p>\n<p data-key=\"gtsKt\">Madrass\u00f6verdraget \u00e4r tillverkat av ett stretchigt tyg av h\u00f6g kvalitet med Silver Protect antibakteriell, svampd\u00f6dande och antistatisk behandling. \u00d6verdraget kan tas av och tv\u00e4ttas. <\/p>\n<p data-key=\"XdG5C\">S\u00e4ngen finns i stoppat tyg, konstl\u00e4der eller en kombination av stoppade och quiltade l\u00f6sningar (t.ex. Ontario, Inari 96\/22, Yaht Cognac).<\/p>\n<p data-key=\"S2QYA\">L\u00e4gg till en matchande s\u00e4nggavel och ben f\u00f6r att skapa en komplett sovrumsl\u00f6sning.<\/p>\n","protected":false},"featured_media":2176,"comment_status":"closed","ping_status":"closed","template":"","meta":{"_acf_changed":false},"product_brand":[],"product_cat":[85],"product_tag":[],"class_list":{"0":"post-2173","1":"product","2":"type-product","3":"status-publish","4":"has-post-thumbnail","6":"product_cat-kontinentalbaddar","8":"first","9":"instock","10":"shipping-taxable","11":"product-type-simple"},"acf":[],"yoast_head":"<!-- This site is optimized with the Yoast SEO Premium plugin v26.0 (Yoast SEO v26.0) - https:\/\/yoast.com\/wordpress\/plugins\/seo\/ -->\n<title>Comfort Aphrodite kontinental s\u00e4ng - Hypnos<\/title>\n<meta name=\"robots\" content=\"index, follow, max-snippet:-1, max-image-preview:large, max-video-preview:-1\" \/>\n<link rel=\"canonical\" href=\"https:\/\/hypnos.ee\/sv\/produkt\/comfort-aphrodite-kontinental-sang\/\" \/>\n<meta property=\"og:locale\" content=\"sv_SE\" \/>\n<meta property=\"og:type\" content=\"article\" \/>\n<meta property=\"og:title\" content=\"Comfort Aphrodite kontinental s\u00e4ng\" \/>\n<meta property=\"og:description\" content=\"Ett lyxigt och h\u00e5llbart b\u00e4ddset som ger ett starkt st\u00f6d. Comfort Aphrodite \u00e4r det perfekta valet f\u00f6r dig som f\u00f6redrar en fastare passform och beh\u00f6ver extra st\u00f6d. Satsen inneh\u00e5ller: -Zeus res\u00e5rs\u00e4ngar med f\u00f6rst\u00e4rkt ram och bonnellfj\u00e4dring; -H\u00f6gcellul\u00e4r pocketres\u00e5rmadrass; -temperaturk\u00e4nslig b\u00e4ddmadrass av memory foam. Bikakestrukturens fj\u00e4dring ger maximal stabilitet eftersom fj\u00e4drarna endast r\u00f6r sig vertikalt, vilket ger styvhet och h\u00e5llbarhet. Madrass\u00f6verdraget \u00e4r tillverkat av ett stretchigt tyg av h\u00f6g kvalitet med Silver Protect antibakteriell, svampd\u00f6dande och antistatisk behandling. \u00d6verdraget kan tas av och tv\u00e4ttas. S\u00e4ngen finns i stoppat tyg, konstl\u00e4der eller en kombination av stoppade och quiltade l\u00f6sningar (t.ex. Ontario, Inari 96\/22, Yaht Cognac). L\u00e4gg till en matchande s\u00e4nggavel och ben f\u00f6r att skapa en komplett sovrumsl\u00f6sning.\" \/>\n<meta property=\"og:url\" content=\"https:\/\/hypnos.ee\/sv\/produkt\/comfort-aphrodite-kontinental-sang\/\" \/>\n<meta property=\"og:site_name\" content=\"Hypnos\" \/>\n<meta property=\"og:image\" content=\"https:\/\/hypnos.ee\/wp-content\/uploads\/2025\/03\/comfort-saturn-voodi_f_1_590_1.jpg\" \/>\n\t<meta property=\"og:image:width\" content=\"590\" \/>\n\t<meta property=\"og:image:height\" content=\"394\" \/>\n\t<meta property=\"og:image:type\" content=\"image\/jpeg\" \/>\n<meta name=\"twitter:card\" content=\"summary_large_image\" \/>\n<script type=\"application\/ld+json\" class=\"yoast-schema-graph\">{\"@context\":\"https:\/\/schema.org\",\"@graph\":[{\"@type\":\"WebPage\",\"@id\":\"https:\/\/hypnos.ee\/sv\/produkt\/comfort-aphrodite-kontinental-sang\/\",\"url\":\"https:\/\/hypnos.ee\/sv\/produkt\/comfort-aphrodite-kontinental-sang\/\",\"name\":\"Comfort Aphrodite kontinental s\u00e4ng - Hypnos\",\"isPartOf\":{\"@id\":\"https:\/\/hypnos.ee\/sv\/#website\"},\"primaryImageOfPage\":{\"@id\":\"https:\/\/hypnos.ee\/sv\/produkt\/comfort-aphrodite-kontinental-sang\/#primaryimage\"},\"image\":{\"@id\":\"https:\/\/hypnos.ee\/sv\/produkt\/comfort-aphrodite-kontinental-sang\/#primaryimage\"},\"thumbnailUrl\":\"https:\/\/hypnos.ee\/wp-content\/uploads\/2025\/03\/comfort-saturn-voodi_f_1_590_1.jpg\",\"datePublished\":\"2025-03-26T12:50:01+00:00\",\"breadcrumb\":{\"@id\":\"https:\/\/hypnos.ee\/sv\/produkt\/comfort-aphrodite-kontinental-sang\/#breadcrumb\"},\"inLanguage\":\"sv-SE\",\"potentialAction\":[{\"@type\":\"ReadAction\",\"target\":[\"https:\/\/hypnos.ee\/sv\/produkt\/comfort-aphrodite-kontinental-sang\/\"]}]},{\"@type\":\"ImageObject\",\"inLanguage\":\"sv-SE\",\"@id\":\"https:\/\/hypnos.ee\/sv\/produkt\/comfort-aphrodite-kontinental-sang\/#primaryimage\",\"url\":\"https:\/\/hypnos.ee\/wp-content\/uploads\/2025\/03\/comfort-saturn-voodi_f_1_590_1.jpg\",\"contentUrl\":\"https:\/\/hypnos.ee\/wp-content\/uploads\/2025\/03\/comfort-saturn-voodi_f_1_590_1.jpg\",\"width\":590,\"height\":394},{\"@type\":\"BreadcrumbList\",\"@id\":\"https:\/\/hypnos.ee\/sv\/produkt\/comfort-aphrodite-kontinental-sang\/#breadcrumb\",\"itemListElement\":[{\"@type\":\"ListItem\",\"position\":1,\"name\":\"Home\",\"item\":\"https:\/\/hypnos.ee\/sv\/\"},{\"@type\":\"ListItem\",\"position\":2,\"name\":\"Produkter\",\"item\":\"https:\/\/hypnos.ee\/tooted\/\"},{\"@type\":\"ListItem\",\"position\":3,\"name\":\"Comfort Aphrodite kontinental s\u00e4ng\"}]},{\"@type\":\"WebSite\",\"@id\":\"https:\/\/hypnos.ee\/sv\/#website\",\"url\":\"https:\/\/hypnos.ee\/sv\/\",\"name\":\"Hypnos\",\"description\":\"T\u00f5stame unekogemust\",\"publisher\":{\"@id\":\"https:\/\/hypnos.ee\/sv\/#organization\"},\"potentialAction\":[{\"@type\":\"SearchAction\",\"target\":{\"@type\":\"EntryPoint\",\"urlTemplate\":\"https:\/\/hypnos.ee\/sv\/?s={search_term_string}\"},\"query-input\":{\"@type\":\"PropertyValueSpecification\",\"valueRequired\":true,\"valueName\":\"search_term_string\"}}],\"inLanguage\":\"sv-SE\"},{\"@type\":\"Organization\",\"@id\":\"https:\/\/hypnos.ee\/sv\/#organization\",\"name\":\"Hypnos\",\"url\":\"https:\/\/hypnos.ee\/sv\/\",\"logo\":{\"@type\":\"ImageObject\",\"inLanguage\":\"sv-SE\",\"@id\":\"https:\/\/hypnos.ee\/sv\/#\/schema\/logo\/image\/\",\"url\":\"https:\/\/hypnos.ee\/wp-content\/uploads\/2025\/06\/cropped-Hypnos-fa.png\",\"contentUrl\":\"https:\/\/hypnos.ee\/wp-content\/uploads\/2025\/06\/cropped-Hypnos-fa.png\",\"width\":512,\"height\":512,\"caption\":\"Hypnos\"},\"image\":{\"@id\":\"https:\/\/hypnos.ee\/sv\/#\/schema\/logo\/image\/\"}}]}<\/script>\n<!-- \/ Yoast SEO Premium plugin. -->","yoast_head_json":{"title":"Comfort Aphrodite kontinental s\u00e4ng - Hypnos","robots":{"index":"index","follow":"follow","max-snippet":"max-snippet:-1","max-image-preview":"max-image-preview:large","max-video-preview":"max-video-preview:-1"},"canonical":"https:\/\/hypnos.ee\/sv\/produkt\/comfort-aphrodite-kontinental-sang\/","og_locale":"sv_SE","og_type":"article","og_title":"Comfort Aphrodite kontinental s\u00e4ng","og_description":"Ett lyxigt och h\u00e5llbart b\u00e4ddset som ger ett starkt st\u00f6d. Comfort Aphrodite \u00e4r det perfekta valet f\u00f6r dig som f\u00f6redrar en fastare passform och beh\u00f6ver extra st\u00f6d. Satsen inneh\u00e5ller: -Zeus res\u00e5rs\u00e4ngar med f\u00f6rst\u00e4rkt ram och bonnellfj\u00e4dring; -H\u00f6gcellul\u00e4r pocketres\u00e5rmadrass; -temperaturk\u00e4nslig b\u00e4ddmadrass av memory foam. Bikakestrukturens fj\u00e4dring ger maximal stabilitet eftersom fj\u00e4drarna endast r\u00f6r sig vertikalt, vilket ger styvhet och h\u00e5llbarhet. Madrass\u00f6verdraget \u00e4r tillverkat av ett stretchigt tyg av h\u00f6g kvalitet med Silver Protect antibakteriell, svampd\u00f6dande och antistatisk behandling. \u00d6verdraget kan tas av och tv\u00e4ttas. S\u00e4ngen finns i stoppat tyg, konstl\u00e4der eller en kombination av stoppade och quiltade l\u00f6sningar (t.ex. Ontario, Inari 96\/22, Yaht Cognac). L\u00e4gg till en matchande s\u00e4nggavel och ben f\u00f6r att skapa en komplett sovrumsl\u00f6sning.","og_url":"https:\/\/hypnos.ee\/sv\/produkt\/comfort-aphrodite-kontinental-sang\/","og_site_name":"Hypnos","og_image":[{"width":590,"height":394,"url":"https:\/\/hypnos.ee\/wp-content\/uploads\/2025\/03\/comfort-saturn-voodi_f_1_590_1.jpg","type":"image\/jpeg"}],"twitter_card":"summary_large_image","schema":{"@context":"https:\/\/schema.org","@graph":[{"@type":"WebPage","@id":"https:\/\/hypnos.ee\/sv\/produkt\/comfort-aphrodite-kontinental-sang\/","url":"https:\/\/hypnos.ee\/sv\/produkt\/comfort-aphrodite-kontinental-sang\/","name":"Comfort Aphrodite kontinental s\u00e4ng - Hypnos","isPartOf":{"@id":"https:\/\/hypnos.ee\/sv\/#website"},"primaryImageOfPage":{"@id":"https:\/\/hypnos.ee\/sv\/produkt\/comfort-aphrodite-kontinental-sang\/#primaryimage"},"image":{"@id":"https:\/\/hypnos.ee\/sv\/produkt\/comfort-aphrodite-kontinental-sang\/#primaryimage"},"thumbnailUrl":"https:\/\/hypnos.ee\/wp-content\/uploads\/2025\/03\/comfort-saturn-voodi_f_1_590_1.jpg","datePublished":"2025-03-26T12:50:01+00:00","breadcrumb":{"@id":"https:\/\/hypnos.ee\/sv\/produkt\/comfort-aphrodite-kontinental-sang\/#breadcrumb"},"inLanguage":"sv-SE","potentialAction":[{"@type":"ReadAction","target":["https:\/\/hypnos.ee\/sv\/produkt\/comfort-aphrodite-kontinental-sang\/"]}]},{"@type":"ImageObject","inLanguage":"sv-SE","@id":"https:\/\/hypnos.ee\/sv\/produkt\/comfort-aphrodite-kontinental-sang\/#primaryimage","url":"https:\/\/hypnos.ee\/wp-content\/uploads\/2025\/03\/comfort-saturn-voodi_f_1_590_1.jpg","contentUrl":"https:\/\/hypnos.ee\/wp-content\/uploads\/2025\/03\/comfort-saturn-voodi_f_1_590_1.jpg","width":590,"height":394},{"@type":"BreadcrumbList","@id":"https:\/\/hypnos.ee\/sv\/produkt\/comfort-aphrodite-kontinental-sang\/#breadcrumb","itemListElement":[{"@type":"ListItem","position":1,"name":"Home","item":"https:\/\/hypnos.ee\/sv\/"},{"@type":"ListItem","position":2,"name":"Produkter","item":"https:\/\/hypnos.ee\/tooted\/"},{"@type":"ListItem","position":3,"name":"Comfort Aphrodite kontinental s\u00e4ng"}]},{"@type":"WebSite","@id":"https:\/\/hypnos.ee\/sv\/#website","url":"https:\/\/hypnos.ee\/sv\/","name":"Hypnos","description":"T\u00f5stame unekogemust","publisher":{"@id":"https:\/\/hypnos.ee\/sv\/#organization"},"potentialAction":[{"@type":"SearchAction","target":{"@type":"EntryPoint","urlTemplate":"https:\/\/hypnos.ee\/sv\/?s={search_term_string}"},"query-input":{"@type":"PropertyValueSpecification","valueRequired":true,"valueName":"search_term_string"}}],"inLanguage":"sv-SE"},{"@type":"Organization","@id":"https:\/\/hypnos.ee\/sv\/#organization","name":"Hypnos","url":"https:\/\/hypnos.ee\/sv\/","logo":{"@type":"ImageObject","inLanguage":"sv-SE","@id":"https:\/\/hypnos.ee\/sv\/#\/schema\/logo\/image\/","url":"https:\/\/hypnos.ee\/wp-content\/uploads\/2025\/06\/cropped-Hypnos-fa.png","contentUrl":"https:\/\/hypnos.ee\/wp-content\/uploads\/2025\/06\/cropped-Hypnos-fa.png","width":512,"height":512,"caption":"Hypnos"},"image":{"@id":"https:\/\/hypnos.ee\/sv\/#\/schema\/logo\/image\/"}}]}},"_links":{"self":[{"href":"https:\/\/hypnos.ee\/sv\/wp-json\/wp\/v2\/product\/2173","targetHints":{"allow":["GET"]}}],"collection":[{"href":"https:\/\/hypnos.ee\/sv\/wp-json\/wp\/v2\/product"}],"about":[{"href":"https:\/\/hypnos.ee\/sv\/wp-json\/wp\/v2\/types\/product"}],"replies":[{"embeddable":true,"href":"https:\/\/hypnos.ee\/sv\/wp-json\/wp\/v2\/comments?post=2173"}],"wp:featuredmedia":[{"embeddable":true,"href":"https:\/\/hypnos.ee\/sv\/wp-json\/wp\/v2\/media\/2176"}],"wp:attachment":[{"href":"https:\/\/hypnos.ee\/sv\/wp-json\/wp\/v2\/media?parent=2173"}],"wp:term":[{"taxonomy":"product_brand","embeddable":true,"href":"https:\/\/hypnos.ee\/sv\/wp-json\/wp\/v2\/product_brand?post=2173"},{"taxonomy":"product_cat","embeddable":true,"href":"https:\/\/hypnos.ee\/sv\/wp-json\/wp\/v2\/product_cat?post=2173"},{"taxonomy":"product_tag","embeddable":true,"href":"https:\/\/hypnos.ee\/sv\/wp-json\/wp\/v2\/product_tag?post=2173"}],"curies":[{"name":"wp","href":"https:\/\/api.w.org\/{rel}","templated":true}]}}