{"id":2172,"date":"2025-03-26T14:48:50","date_gmt":"2025-03-26T12:48:50","guid":{"rendered":"https:\/\/hypnos.ee\/toode\/comfort-hemera-kontinentalsang\/"},"modified":"2025-03-26T14:48:50","modified_gmt":"2025-03-26T12:48:50","slug":"comfort-hemera-kontinentalsang","status":"publish","type":"product","link":"https:\/\/hypnos.ee\/sv\/produkt\/comfort-hemera-kontinentalsang\/","title":{"rendered":"Comfort Hemera kontinentals\u00e4ng"},"content":{"rendered":"","protected":false},"excerpt":{"rendered":"<p data-key=\"HS3vw\"><strong>Ett bekv\u00e4mt och elegant val f\u00f6r dig som v\u00e4rdes\u00e4tter kvalitet och st\u00f6d.<\/strong><\/p>\n<p data-key=\"HS3vw\">Comfort Hemera kombinerar lyx, ergonomi och h\u00e5llbarhet.<\/p>\n<p data-key=\"3wFYg\">Systemet med tre lager best\u00e5r av en b\u00e4ddmadrass med st\u00f6dda kanter, en 5-zons res\u00e5rmadrass och en exklusiv Hemera b\u00e4ddmadrass.<\/p>\n<p data-key=\"pBqu4\">Madrassen finns i tre styvheter och ger kroppen st\u00f6d i olika zoner tack vare 5-zons pocketfj\u00e4dring.<\/p>\n<p data-key=\"WniAj\">B\u00e4ddmadrassen \u00e4r tillverkad av HR-porolone, med satinfoder och quiltat tofs-m\u00f6nster &#8211; vilket ger en lyxig k\u00e4nsla och l\u00e5ng livsl\u00e4ngd.<\/p>\n<p data-key=\"dlujL\">I setet ing\u00e5r ocks\u00e5 en h\u00f6g Bristol-s\u00e4nggavel, som ger en elegant finish till sovrummet.<\/p>\n","protected":false},"featured_media":2175,"comment_status":"closed","ping_status":"closed","template":"","meta":{"_acf_changed":false},"product_brand":[],"product_cat":[85],"product_tag":[],"class_list":{"0":"post-2172","1":"product","2":"type-product","3":"status-publish","4":"has-post-thumbnail","6":"product_cat-kontinentalbaddar","8":"first","9":"instock","10":"shipping-taxable","11":"product-type-simple"},"acf":[],"yoast_head":"<!-- This site is optimized with the Yoast SEO Premium plugin v26.0 (Yoast SEO v26.0) - https:\/\/yoast.com\/wordpress\/plugins\/seo\/ -->\n<title>Comfort Hemera kontinentals\u00e4ng - Hypnos<\/title>\n<meta name=\"robots\" content=\"index, follow, max-snippet:-1, max-image-preview:large, max-video-preview:-1\" \/>\n<link rel=\"canonical\" href=\"https:\/\/hypnos.ee\/sv\/produkt\/comfort-hemera-kontinentalsang\/\" \/>\n<meta property=\"og:locale\" content=\"sv_SE\" \/>\n<meta property=\"og:type\" content=\"article\" \/>\n<meta property=\"og:title\" content=\"Comfort Hemera kontinentals\u00e4ng\" \/>\n<meta property=\"og:description\" content=\"Ett bekv\u00e4mt och elegant val f\u00f6r dig som v\u00e4rdes\u00e4tter kvalitet och st\u00f6d. Comfort Hemera kombinerar lyx, ergonomi och h\u00e5llbarhet. Systemet med tre lager best\u00e5r av en b\u00e4ddmadrass med st\u00f6dda kanter, en 5-zons res\u00e5rmadrass och en exklusiv Hemera b\u00e4ddmadrass. Madrassen finns i tre styvheter och ger kroppen st\u00f6d i olika zoner tack vare 5-zons pocketfj\u00e4dring. B\u00e4ddmadrassen \u00e4r tillverkad av HR-porolone, med satinfoder och quiltat tofs-m\u00f6nster - vilket ger en lyxig k\u00e4nsla och l\u00e5ng livsl\u00e4ngd. I setet ing\u00e5r ocks\u00e5 en h\u00f6g Bristol-s\u00e4nggavel, som ger en elegant finish till sovrummet.\" \/>\n<meta property=\"og:url\" content=\"https:\/\/hypnos.ee\/sv\/produkt\/comfort-hemera-kontinentalsang\/\" \/>\n<meta property=\"og:site_name\" content=\"Hypnos\" \/>\n<meta property=\"og:image\" content=\"https:\/\/hypnos.ee\/wp-content\/uploads\/2025\/03\/comfort-hemera-voodi_f_1_590_1.jpg\" \/>\n\t<meta property=\"og:image:width\" content=\"590\" \/>\n\t<meta property=\"og:image:height\" content=\"394\" \/>\n\t<meta property=\"og:image:type\" content=\"image\/jpeg\" \/>\n<meta name=\"twitter:card\" content=\"summary_large_image\" \/>\n<script type=\"application\/ld+json\" class=\"yoast-schema-graph\">{\"@context\":\"https:\/\/schema.org\",\"@graph\":[{\"@type\":\"WebPage\",\"@id\":\"https:\/\/hypnos.ee\/sv\/produkt\/comfort-hemera-kontinentalsang\/\",\"url\":\"https:\/\/hypnos.ee\/sv\/produkt\/comfort-hemera-kontinentalsang\/\",\"name\":\"Comfort Hemera kontinentals\u00e4ng - Hypnos\",\"isPartOf\":{\"@id\":\"https:\/\/hypnos.ee\/sv\/#website\"},\"primaryImageOfPage\":{\"@id\":\"https:\/\/hypnos.ee\/sv\/produkt\/comfort-hemera-kontinentalsang\/#primaryimage\"},\"image\":{\"@id\":\"https:\/\/hypnos.ee\/sv\/produkt\/comfort-hemera-kontinentalsang\/#primaryimage\"},\"thumbnailUrl\":\"https:\/\/hypnos.ee\/wp-content\/uploads\/2025\/03\/comfort-hemera-voodi_f_1_590_1.jpg\",\"datePublished\":\"2025-03-26T12:48:50+00:00\",\"breadcrumb\":{\"@id\":\"https:\/\/hypnos.ee\/sv\/produkt\/comfort-hemera-kontinentalsang\/#breadcrumb\"},\"inLanguage\":\"sv-SE\",\"potentialAction\":[{\"@type\":\"ReadAction\",\"target\":[\"https:\/\/hypnos.ee\/sv\/produkt\/comfort-hemera-kontinentalsang\/\"]}]},{\"@type\":\"ImageObject\",\"inLanguage\":\"sv-SE\",\"@id\":\"https:\/\/hypnos.ee\/sv\/produkt\/comfort-hemera-kontinentalsang\/#primaryimage\",\"url\":\"https:\/\/hypnos.ee\/wp-content\/uploads\/2025\/03\/comfort-hemera-voodi_f_1_590_1.jpg\",\"contentUrl\":\"https:\/\/hypnos.ee\/wp-content\/uploads\/2025\/03\/comfort-hemera-voodi_f_1_590_1.jpg\",\"width\":590,\"height\":394},{\"@type\":\"BreadcrumbList\",\"@id\":\"https:\/\/hypnos.ee\/sv\/produkt\/comfort-hemera-kontinentalsang\/#breadcrumb\",\"itemListElement\":[{\"@type\":\"ListItem\",\"position\":1,\"name\":\"Home\",\"item\":\"https:\/\/hypnos.ee\/sv\/\"},{\"@type\":\"ListItem\",\"position\":2,\"name\":\"Produkter\",\"item\":\"https:\/\/hypnos.ee\/tooted\/\"},{\"@type\":\"ListItem\",\"position\":3,\"name\":\"Comfort Hemera kontinentals\u00e4ng\"}]},{\"@type\":\"WebSite\",\"@id\":\"https:\/\/hypnos.ee\/sv\/#website\",\"url\":\"https:\/\/hypnos.ee\/sv\/\",\"name\":\"Hypnos\",\"description\":\"T\u00f5stame unekogemust\",\"publisher\":{\"@id\":\"https:\/\/hypnos.ee\/sv\/#organization\"},\"potentialAction\":[{\"@type\":\"SearchAction\",\"target\":{\"@type\":\"EntryPoint\",\"urlTemplate\":\"https:\/\/hypnos.ee\/sv\/?s={search_term_string}\"},\"query-input\":{\"@type\":\"PropertyValueSpecification\",\"valueRequired\":true,\"valueName\":\"search_term_string\"}}],\"inLanguage\":\"sv-SE\"},{\"@type\":\"Organization\",\"@id\":\"https:\/\/hypnos.ee\/sv\/#organization\",\"name\":\"Hypnos\",\"url\":\"https:\/\/hypnos.ee\/sv\/\",\"logo\":{\"@type\":\"ImageObject\",\"inLanguage\":\"sv-SE\",\"@id\":\"https:\/\/hypnos.ee\/sv\/#\/schema\/logo\/image\/\",\"url\":\"https:\/\/hypnos.ee\/wp-content\/uploads\/2025\/06\/cropped-Hypnos-fa.png\",\"contentUrl\":\"https:\/\/hypnos.ee\/wp-content\/uploads\/2025\/06\/cropped-Hypnos-fa.png\",\"width\":512,\"height\":512,\"caption\":\"Hypnos\"},\"image\":{\"@id\":\"https:\/\/hypnos.ee\/sv\/#\/schema\/logo\/image\/\"}}]}<\/script>\n<!-- \/ Yoast SEO Premium plugin. -->","yoast_head_json":{"title":"Comfort Hemera kontinentals\u00e4ng - Hypnos","robots":{"index":"index","follow":"follow","max-snippet":"max-snippet:-1","max-image-preview":"max-image-preview:large","max-video-preview":"max-video-preview:-1"},"canonical":"https:\/\/hypnos.ee\/sv\/produkt\/comfort-hemera-kontinentalsang\/","og_locale":"sv_SE","og_type":"article","og_title":"Comfort Hemera kontinentals\u00e4ng","og_description":"Ett bekv\u00e4mt och elegant val f\u00f6r dig som v\u00e4rdes\u00e4tter kvalitet och st\u00f6d. Comfort Hemera kombinerar lyx, ergonomi och h\u00e5llbarhet. Systemet med tre lager best\u00e5r av en b\u00e4ddmadrass med st\u00f6dda kanter, en 5-zons res\u00e5rmadrass och en exklusiv Hemera b\u00e4ddmadrass. Madrassen finns i tre styvheter och ger kroppen st\u00f6d i olika zoner tack vare 5-zons pocketfj\u00e4dring. B\u00e4ddmadrassen \u00e4r tillverkad av HR-porolone, med satinfoder och quiltat tofs-m\u00f6nster - vilket ger en lyxig k\u00e4nsla och l\u00e5ng livsl\u00e4ngd. I setet ing\u00e5r ocks\u00e5 en h\u00f6g Bristol-s\u00e4nggavel, som ger en elegant finish till sovrummet.","og_url":"https:\/\/hypnos.ee\/sv\/produkt\/comfort-hemera-kontinentalsang\/","og_site_name":"Hypnos","og_image":[{"width":590,"height":394,"url":"https:\/\/hypnos.ee\/wp-content\/uploads\/2025\/03\/comfort-hemera-voodi_f_1_590_1.jpg","type":"image\/jpeg"}],"twitter_card":"summary_large_image","schema":{"@context":"https:\/\/schema.org","@graph":[{"@type":"WebPage","@id":"https:\/\/hypnos.ee\/sv\/produkt\/comfort-hemera-kontinentalsang\/","url":"https:\/\/hypnos.ee\/sv\/produkt\/comfort-hemera-kontinentalsang\/","name":"Comfort Hemera kontinentals\u00e4ng - Hypnos","isPartOf":{"@id":"https:\/\/hypnos.ee\/sv\/#website"},"primaryImageOfPage":{"@id":"https:\/\/hypnos.ee\/sv\/produkt\/comfort-hemera-kontinentalsang\/#primaryimage"},"image":{"@id":"https:\/\/hypnos.ee\/sv\/produkt\/comfort-hemera-kontinentalsang\/#primaryimage"},"thumbnailUrl":"https:\/\/hypnos.ee\/wp-content\/uploads\/2025\/03\/comfort-hemera-voodi_f_1_590_1.jpg","datePublished":"2025-03-26T12:48:50+00:00","breadcrumb":{"@id":"https:\/\/hypnos.ee\/sv\/produkt\/comfort-hemera-kontinentalsang\/#breadcrumb"},"inLanguage":"sv-SE","potentialAction":[{"@type":"ReadAction","target":["https:\/\/hypnos.ee\/sv\/produkt\/comfort-hemera-kontinentalsang\/"]}]},{"@type":"ImageObject","inLanguage":"sv-SE","@id":"https:\/\/hypnos.ee\/sv\/produkt\/comfort-hemera-kontinentalsang\/#primaryimage","url":"https:\/\/hypnos.ee\/wp-content\/uploads\/2025\/03\/comfort-hemera-voodi_f_1_590_1.jpg","contentUrl":"https:\/\/hypnos.ee\/wp-content\/uploads\/2025\/03\/comfort-hemera-voodi_f_1_590_1.jpg","width":590,"height":394},{"@type":"BreadcrumbList","@id":"https:\/\/hypnos.ee\/sv\/produkt\/comfort-hemera-kontinentalsang\/#breadcrumb","itemListElement":[{"@type":"ListItem","position":1,"name":"Home","item":"https:\/\/hypnos.ee\/sv\/"},{"@type":"ListItem","position":2,"name":"Produkter","item":"https:\/\/hypnos.ee\/tooted\/"},{"@type":"ListItem","position":3,"name":"Comfort Hemera kontinentals\u00e4ng"}]},{"@type":"WebSite","@id":"https:\/\/hypnos.ee\/sv\/#website","url":"https:\/\/hypnos.ee\/sv\/","name":"Hypnos","description":"T\u00f5stame unekogemust","publisher":{"@id":"https:\/\/hypnos.ee\/sv\/#organization"},"potentialAction":[{"@type":"SearchAction","target":{"@type":"EntryPoint","urlTemplate":"https:\/\/hypnos.ee\/sv\/?s={search_term_string}"},"query-input":{"@type":"PropertyValueSpecification","valueRequired":true,"valueName":"search_term_string"}}],"inLanguage":"sv-SE"},{"@type":"Organization","@id":"https:\/\/hypnos.ee\/sv\/#organization","name":"Hypnos","url":"https:\/\/hypnos.ee\/sv\/","logo":{"@type":"ImageObject","inLanguage":"sv-SE","@id":"https:\/\/hypnos.ee\/sv\/#\/schema\/logo\/image\/","url":"https:\/\/hypnos.ee\/wp-content\/uploads\/2025\/06\/cropped-Hypnos-fa.png","contentUrl":"https:\/\/hypnos.ee\/wp-content\/uploads\/2025\/06\/cropped-Hypnos-fa.png","width":512,"height":512,"caption":"Hypnos"},"image":{"@id":"https:\/\/hypnos.ee\/sv\/#\/schema\/logo\/image\/"}}]}},"_links":{"self":[{"href":"https:\/\/hypnos.ee\/sv\/wp-json\/wp\/v2\/product\/2172","targetHints":{"allow":["GET"]}}],"collection":[{"href":"https:\/\/hypnos.ee\/sv\/wp-json\/wp\/v2\/product"}],"about":[{"href":"https:\/\/hypnos.ee\/sv\/wp-json\/wp\/v2\/types\/product"}],"replies":[{"embeddable":true,"href":"https:\/\/hypnos.ee\/sv\/wp-json\/wp\/v2\/comments?post=2172"}],"wp:featuredmedia":[{"embeddable":true,"href":"https:\/\/hypnos.ee\/sv\/wp-json\/wp\/v2\/media\/2175"}],"wp:attachment":[{"href":"https:\/\/hypnos.ee\/sv\/wp-json\/wp\/v2\/media?parent=2172"}],"wp:term":[{"taxonomy":"product_brand","embeddable":true,"href":"https:\/\/hypnos.ee\/sv\/wp-json\/wp\/v2\/product_brand?post=2172"},{"taxonomy":"product_cat","embeddable":true,"href":"https:\/\/hypnos.ee\/sv\/wp-json\/wp\/v2\/product_cat?post=2172"},{"taxonomy":"product_tag","embeddable":true,"href":"https:\/\/hypnos.ee\/sv\/wp-json\/wp\/v2\/product_tag?post=2172"}],"curies":[{"name":"wp","href":"https:\/\/api.w.org\/{rel}","templated":true}]}}