{"id":2124,"date":"2025-03-26T13:50:15","date_gmt":"2025-03-26T11:50:15","guid":{"rendered":"https:\/\/hypnos.ee\/toode\/natureline-baddmadrass-10-cm\/"},"modified":"2025-03-26T13:50:15","modified_gmt":"2025-03-26T11:50:15","slug":"natureline-baddmadrass-10-cm","status":"publish","type":"product","link":"https:\/\/hypnos.ee\/sv\/produkt\/natureline-baddmadrass-10-cm\/","title":{"rendered":"Natureline b\u00e4ddmadrass 10 cm"},"content":{"rendered":"","protected":false},"excerpt":{"rendered":"<p data-key=\"04xyX\"><strong>Naturlighet i toppklass.<\/strong><\/p>\n<p data-key=\"UwLm6\">Natureline b\u00e4ddmadrass \u00e4r utformad f\u00f6r dem som s\u00f6ker en lyxig men \u00e4nd\u00e5 naturlig sovl\u00f6sning. Den best\u00e5r av 4,5 cm Talalay Naturelux, fodrad p\u00e5 b\u00e5da sidor med ett fyrlagers bomullsskikt. <\/p>\n<p data-key=\"bnDqB\">Madrass\u00f6verdragets kanter \u00e4r tillverkade av KISS-tyg (en blandning av bomull och linne), elegant quiltade. Ovansidan \u00e4r ett stretchigt tyg av 100% bomull med mjukt quiltade tofsar f\u00f6r extra mjukhet. <\/p>\n","protected":false},"featured_media":2125,"comment_status":"closed","ping_status":"closed","template":"","meta":{"_acf_changed":false},"product_brand":[],"product_cat":[89],"product_tag":[],"class_list":{"0":"post-2124","1":"product","2":"type-product","3":"status-publish","4":"has-post-thumbnail","6":"product_cat-madrasser-for-tak","8":"first","9":"instock","10":"shipping-taxable","11":"product-type-simple"},"acf":[],"yoast_head":"<!-- This site is optimized with the Yoast SEO Premium plugin v26.0 (Yoast SEO v26.0) - https:\/\/yoast.com\/wordpress\/plugins\/seo\/ -->\n<title>Natureline b\u00e4ddmadrass 10 cm - Hypnos<\/title>\n<meta name=\"robots\" content=\"index, follow, max-snippet:-1, max-image-preview:large, max-video-preview:-1\" \/>\n<link rel=\"canonical\" href=\"https:\/\/hypnos.ee\/sv\/produkt\/natureline-baddmadrass-10-cm\/\" \/>\n<meta property=\"og:locale\" content=\"sv_SE\" \/>\n<meta property=\"og:type\" content=\"article\" \/>\n<meta property=\"og:title\" content=\"Natureline b\u00e4ddmadrass 10 cm\" \/>\n<meta property=\"og:description\" content=\"Naturlighet i toppklass. Natureline b\u00e4ddmadrass \u00e4r utformad f\u00f6r dem som s\u00f6ker en lyxig men \u00e4nd\u00e5 naturlig sovl\u00f6sning. Den best\u00e5r av 4,5 cm Talalay Naturelux, fodrad p\u00e5 b\u00e5da sidor med ett fyrlagers bomullsskikt. Madrass\u00f6verdragets kanter \u00e4r tillverkade av KISS-tyg (en blandning av bomull och linne), elegant quiltade. Ovansidan \u00e4r ett stretchigt tyg av 100% bomull med mjukt quiltade tofsar f\u00f6r extra mjukhet.\" \/>\n<meta property=\"og:url\" content=\"https:\/\/hypnos.ee\/sv\/produkt\/natureline-baddmadrass-10-cm\/\" \/>\n<meta property=\"og:site_name\" content=\"Hypnos\" \/>\n<meta property=\"og:image\" content=\"https:\/\/hypnos.ee\/wp-content\/uploads\/2025\/03\/natureline-kattemadrats-10-cm_f_1_590_1.jpg\" \/>\n\t<meta property=\"og:image:width\" content=\"590\" \/>\n\t<meta property=\"og:image:height\" content=\"185\" \/>\n\t<meta property=\"og:image:type\" content=\"image\/jpeg\" \/>\n<meta name=\"twitter:card\" content=\"summary_large_image\" \/>\n<script type=\"application\/ld+json\" class=\"yoast-schema-graph\">{\"@context\":\"https:\/\/schema.org\",\"@graph\":[{\"@type\":\"WebPage\",\"@id\":\"https:\/\/hypnos.ee\/sv\/produkt\/natureline-baddmadrass-10-cm\/\",\"url\":\"https:\/\/hypnos.ee\/sv\/produkt\/natureline-baddmadrass-10-cm\/\",\"name\":\"Natureline b\u00e4ddmadrass 10 cm - Hypnos\",\"isPartOf\":{\"@id\":\"https:\/\/hypnos.ee\/sv\/#website\"},\"primaryImageOfPage\":{\"@id\":\"https:\/\/hypnos.ee\/sv\/produkt\/natureline-baddmadrass-10-cm\/#primaryimage\"},\"image\":{\"@id\":\"https:\/\/hypnos.ee\/sv\/produkt\/natureline-baddmadrass-10-cm\/#primaryimage\"},\"thumbnailUrl\":\"https:\/\/hypnos.ee\/wp-content\/uploads\/2025\/03\/natureline-kattemadrats-10-cm_f_1_590_1.jpg\",\"datePublished\":\"2025-03-26T11:50:15+00:00\",\"breadcrumb\":{\"@id\":\"https:\/\/hypnos.ee\/sv\/produkt\/natureline-baddmadrass-10-cm\/#breadcrumb\"},\"inLanguage\":\"sv-SE\",\"potentialAction\":[{\"@type\":\"ReadAction\",\"target\":[\"https:\/\/hypnos.ee\/sv\/produkt\/natureline-baddmadrass-10-cm\/\"]}]},{\"@type\":\"ImageObject\",\"inLanguage\":\"sv-SE\",\"@id\":\"https:\/\/hypnos.ee\/sv\/produkt\/natureline-baddmadrass-10-cm\/#primaryimage\",\"url\":\"https:\/\/hypnos.ee\/wp-content\/uploads\/2025\/03\/natureline-kattemadrats-10-cm_f_1_590_1.jpg\",\"contentUrl\":\"https:\/\/hypnos.ee\/wp-content\/uploads\/2025\/03\/natureline-kattemadrats-10-cm_f_1_590_1.jpg\",\"width\":590,\"height\":185},{\"@type\":\"BreadcrumbList\",\"@id\":\"https:\/\/hypnos.ee\/sv\/produkt\/natureline-baddmadrass-10-cm\/#breadcrumb\",\"itemListElement\":[{\"@type\":\"ListItem\",\"position\":1,\"name\":\"Home\",\"item\":\"https:\/\/hypnos.ee\/sv\/\"},{\"@type\":\"ListItem\",\"position\":2,\"name\":\"Produkter\",\"item\":\"https:\/\/hypnos.ee\/tooted\/\"},{\"@type\":\"ListItem\",\"position\":3,\"name\":\"Natureline b\u00e4ddmadrass 10 cm\"}]},{\"@type\":\"WebSite\",\"@id\":\"https:\/\/hypnos.ee\/sv\/#website\",\"url\":\"https:\/\/hypnos.ee\/sv\/\",\"name\":\"Hypnos\",\"description\":\"T\u00f5stame unekogemust\",\"publisher\":{\"@id\":\"https:\/\/hypnos.ee\/sv\/#organization\"},\"potentialAction\":[{\"@type\":\"SearchAction\",\"target\":{\"@type\":\"EntryPoint\",\"urlTemplate\":\"https:\/\/hypnos.ee\/sv\/?s={search_term_string}\"},\"query-input\":{\"@type\":\"PropertyValueSpecification\",\"valueRequired\":true,\"valueName\":\"search_term_string\"}}],\"inLanguage\":\"sv-SE\"},{\"@type\":\"Organization\",\"@id\":\"https:\/\/hypnos.ee\/sv\/#organization\",\"name\":\"Hypnos\",\"url\":\"https:\/\/hypnos.ee\/sv\/\",\"logo\":{\"@type\":\"ImageObject\",\"inLanguage\":\"sv-SE\",\"@id\":\"https:\/\/hypnos.ee\/sv\/#\/schema\/logo\/image\/\",\"url\":\"https:\/\/hypnos.ee\/wp-content\/uploads\/2025\/06\/cropped-Hypnos-fa.png\",\"contentUrl\":\"https:\/\/hypnos.ee\/wp-content\/uploads\/2025\/06\/cropped-Hypnos-fa.png\",\"width\":512,\"height\":512,\"caption\":\"Hypnos\"},\"image\":{\"@id\":\"https:\/\/hypnos.ee\/sv\/#\/schema\/logo\/image\/\"}}]}<\/script>\n<!-- \/ Yoast SEO Premium plugin. -->","yoast_head_json":{"title":"Natureline b\u00e4ddmadrass 10 cm - Hypnos","robots":{"index":"index","follow":"follow","max-snippet":"max-snippet:-1","max-image-preview":"max-image-preview:large","max-video-preview":"max-video-preview:-1"},"canonical":"https:\/\/hypnos.ee\/sv\/produkt\/natureline-baddmadrass-10-cm\/","og_locale":"sv_SE","og_type":"article","og_title":"Natureline b\u00e4ddmadrass 10 cm","og_description":"Naturlighet i toppklass. Natureline b\u00e4ddmadrass \u00e4r utformad f\u00f6r dem som s\u00f6ker en lyxig men \u00e4nd\u00e5 naturlig sovl\u00f6sning. Den best\u00e5r av 4,5 cm Talalay Naturelux, fodrad p\u00e5 b\u00e5da sidor med ett fyrlagers bomullsskikt. Madrass\u00f6verdragets kanter \u00e4r tillverkade av KISS-tyg (en blandning av bomull och linne), elegant quiltade. Ovansidan \u00e4r ett stretchigt tyg av 100% bomull med mjukt quiltade tofsar f\u00f6r extra mjukhet.","og_url":"https:\/\/hypnos.ee\/sv\/produkt\/natureline-baddmadrass-10-cm\/","og_site_name":"Hypnos","og_image":[{"width":590,"height":185,"url":"https:\/\/hypnos.ee\/wp-content\/uploads\/2025\/03\/natureline-kattemadrats-10-cm_f_1_590_1.jpg","type":"image\/jpeg"}],"twitter_card":"summary_large_image","schema":{"@context":"https:\/\/schema.org","@graph":[{"@type":"WebPage","@id":"https:\/\/hypnos.ee\/sv\/produkt\/natureline-baddmadrass-10-cm\/","url":"https:\/\/hypnos.ee\/sv\/produkt\/natureline-baddmadrass-10-cm\/","name":"Natureline b\u00e4ddmadrass 10 cm - Hypnos","isPartOf":{"@id":"https:\/\/hypnos.ee\/sv\/#website"},"primaryImageOfPage":{"@id":"https:\/\/hypnos.ee\/sv\/produkt\/natureline-baddmadrass-10-cm\/#primaryimage"},"image":{"@id":"https:\/\/hypnos.ee\/sv\/produkt\/natureline-baddmadrass-10-cm\/#primaryimage"},"thumbnailUrl":"https:\/\/hypnos.ee\/wp-content\/uploads\/2025\/03\/natureline-kattemadrats-10-cm_f_1_590_1.jpg","datePublished":"2025-03-26T11:50:15+00:00","breadcrumb":{"@id":"https:\/\/hypnos.ee\/sv\/produkt\/natureline-baddmadrass-10-cm\/#breadcrumb"},"inLanguage":"sv-SE","potentialAction":[{"@type":"ReadAction","target":["https:\/\/hypnos.ee\/sv\/produkt\/natureline-baddmadrass-10-cm\/"]}]},{"@type":"ImageObject","inLanguage":"sv-SE","@id":"https:\/\/hypnos.ee\/sv\/produkt\/natureline-baddmadrass-10-cm\/#primaryimage","url":"https:\/\/hypnos.ee\/wp-content\/uploads\/2025\/03\/natureline-kattemadrats-10-cm_f_1_590_1.jpg","contentUrl":"https:\/\/hypnos.ee\/wp-content\/uploads\/2025\/03\/natureline-kattemadrats-10-cm_f_1_590_1.jpg","width":590,"height":185},{"@type":"BreadcrumbList","@id":"https:\/\/hypnos.ee\/sv\/produkt\/natureline-baddmadrass-10-cm\/#breadcrumb","itemListElement":[{"@type":"ListItem","position":1,"name":"Home","item":"https:\/\/hypnos.ee\/sv\/"},{"@type":"ListItem","position":2,"name":"Produkter","item":"https:\/\/hypnos.ee\/tooted\/"},{"@type":"ListItem","position":3,"name":"Natureline b\u00e4ddmadrass 10 cm"}]},{"@type":"WebSite","@id":"https:\/\/hypnos.ee\/sv\/#website","url":"https:\/\/hypnos.ee\/sv\/","name":"Hypnos","description":"T\u00f5stame unekogemust","publisher":{"@id":"https:\/\/hypnos.ee\/sv\/#organization"},"potentialAction":[{"@type":"SearchAction","target":{"@type":"EntryPoint","urlTemplate":"https:\/\/hypnos.ee\/sv\/?s={search_term_string}"},"query-input":{"@type":"PropertyValueSpecification","valueRequired":true,"valueName":"search_term_string"}}],"inLanguage":"sv-SE"},{"@type":"Organization","@id":"https:\/\/hypnos.ee\/sv\/#organization","name":"Hypnos","url":"https:\/\/hypnos.ee\/sv\/","logo":{"@type":"ImageObject","inLanguage":"sv-SE","@id":"https:\/\/hypnos.ee\/sv\/#\/schema\/logo\/image\/","url":"https:\/\/hypnos.ee\/wp-content\/uploads\/2025\/06\/cropped-Hypnos-fa.png","contentUrl":"https:\/\/hypnos.ee\/wp-content\/uploads\/2025\/06\/cropped-Hypnos-fa.png","width":512,"height":512,"caption":"Hypnos"},"image":{"@id":"https:\/\/hypnos.ee\/sv\/#\/schema\/logo\/image\/"}}]}},"_links":{"self":[{"href":"https:\/\/hypnos.ee\/sv\/wp-json\/wp\/v2\/product\/2124","targetHints":{"allow":["GET"]}}],"collection":[{"href":"https:\/\/hypnos.ee\/sv\/wp-json\/wp\/v2\/product"}],"about":[{"href":"https:\/\/hypnos.ee\/sv\/wp-json\/wp\/v2\/types\/product"}],"replies":[{"embeddable":true,"href":"https:\/\/hypnos.ee\/sv\/wp-json\/wp\/v2\/comments?post=2124"}],"wp:featuredmedia":[{"embeddable":true,"href":"https:\/\/hypnos.ee\/sv\/wp-json\/wp\/v2\/media\/2125"}],"wp:attachment":[{"href":"https:\/\/hypnos.ee\/sv\/wp-json\/wp\/v2\/media?parent=2124"}],"wp:term":[{"taxonomy":"product_brand","embeddable":true,"href":"https:\/\/hypnos.ee\/sv\/wp-json\/wp\/v2\/product_brand?post=2124"},{"taxonomy":"product_cat","embeddable":true,"href":"https:\/\/hypnos.ee\/sv\/wp-json\/wp\/v2\/product_cat?post=2124"},{"taxonomy":"product_tag","embeddable":true,"href":"https:\/\/hypnos.ee\/sv\/wp-json\/wp\/v2\/product_tag?post=2124"}],"curies":[{"name":"wp","href":"https:\/\/api.w.org\/{rel}","templated":true}]}}