{"id":2081,"date":"2025-03-26T13:47:12","date_gmt":"2025-03-26T11:47:12","guid":{"rendered":"https:\/\/hypnos.ee\/toode\/hemera-mega-madrass\/"},"modified":"2025-03-26T13:47:12","modified_gmt":"2025-03-26T11:47:12","slug":"hemera-mega-madrass","status":"publish","type":"product","link":"https:\/\/hypnos.ee\/sv\/produkt\/hemera-mega-madrass\/","title":{"rendered":"Hemera Mega Madrass"},"content":{"rendered":"","protected":false},"excerpt":{"rendered":"<p data-key=\"psyr0\"><strong>Den ultimata mjukheten!<\/strong><\/p>\n<p data-key=\"g5fJV\">Hemera Mega \u00e4r en s\u00e4rskilt mjuk b\u00e4ddmadrass, perfekt f\u00f6r dig som vill ha en s\u00e5 mjuk och bekv\u00e4m yta som m\u00f6jligt. Den best\u00e5r av 8 cm hypermjukt dun, fodrad upptill och nedtill med volumin\u00f6s vadd. <\/p>\n<p data-key=\"sYYKf\">Madrassen kan kl\u00e4s med antingen ett stretchigt tyg eller en mer robust kl\u00e4dsel. Vi rekommenderar att du anv\u00e4nder ett madrasskydd f\u00f6r att skydda produkten fr\u00e5n nedsmutsning. <\/p>\n","protected":false},"featured_media":2082,"comment_status":"closed","ping_status":"closed","template":"","meta":{"_acf_changed":false},"product_brand":[],"product_cat":[89],"product_tag":[],"class_list":{"0":"post-2081","1":"product","2":"type-product","3":"status-publish","4":"has-post-thumbnail","6":"product_cat-madrasser-for-tak","8":"first","9":"instock","10":"shipping-taxable","11":"product-type-simple"},"acf":[],"yoast_head":"<!-- This site is optimized with the Yoast SEO Premium plugin v26.0 (Yoast SEO v26.0) - https:\/\/yoast.com\/wordpress\/plugins\/seo\/ -->\n<title>Hemera Mega Madrass - Hypnos<\/title>\n<meta name=\"robots\" content=\"index, follow, max-snippet:-1, max-image-preview:large, max-video-preview:-1\" \/>\n<link rel=\"canonical\" href=\"https:\/\/hypnos.ee\/sv\/produkt\/hemera-mega-madrass\/\" \/>\n<meta property=\"og:locale\" content=\"sv_SE\" \/>\n<meta property=\"og:type\" content=\"article\" \/>\n<meta property=\"og:title\" content=\"Hemera Mega Madrass\" \/>\n<meta property=\"og:description\" content=\"Den ultimata mjukheten! Hemera Mega \u00e4r en s\u00e4rskilt mjuk b\u00e4ddmadrass, perfekt f\u00f6r dig som vill ha en s\u00e5 mjuk och bekv\u00e4m yta som m\u00f6jligt. Den best\u00e5r av 8 cm hypermjukt dun, fodrad upptill och nedtill med volumin\u00f6s vadd. Madrassen kan kl\u00e4s med antingen ett stretchigt tyg eller en mer robust kl\u00e4dsel. Vi rekommenderar att du anv\u00e4nder ett madrasskydd f\u00f6r att skydda produkten fr\u00e5n nedsmutsning.\" \/>\n<meta property=\"og:url\" content=\"https:\/\/hypnos.ee\/sv\/produkt\/hemera-mega-madrass\/\" \/>\n<meta property=\"og:site_name\" content=\"Hypnos\" \/>\n<meta property=\"og:image\" content=\"https:\/\/hypnos.ee\/wp-content\/uploads\/2025\/03\/hemera-kattemadrats-9-cm_f_1_590_1.jpg\" \/>\n\t<meta property=\"og:image:width\" content=\"590\" \/>\n\t<meta property=\"og:image:height\" content=\"192\" \/>\n\t<meta property=\"og:image:type\" content=\"image\/jpeg\" \/>\n<meta name=\"twitter:card\" content=\"summary_large_image\" \/>\n<script type=\"application\/ld+json\" class=\"yoast-schema-graph\">{\"@context\":\"https:\/\/schema.org\",\"@graph\":[{\"@type\":\"WebPage\",\"@id\":\"https:\/\/hypnos.ee\/sv\/produkt\/hemera-mega-madrass\/\",\"url\":\"https:\/\/hypnos.ee\/sv\/produkt\/hemera-mega-madrass\/\",\"name\":\"Hemera Mega Madrass - Hypnos\",\"isPartOf\":{\"@id\":\"https:\/\/hypnos.ee\/sv\/#website\"},\"primaryImageOfPage\":{\"@id\":\"https:\/\/hypnos.ee\/sv\/produkt\/hemera-mega-madrass\/#primaryimage\"},\"image\":{\"@id\":\"https:\/\/hypnos.ee\/sv\/produkt\/hemera-mega-madrass\/#primaryimage\"},\"thumbnailUrl\":\"https:\/\/hypnos.ee\/wp-content\/uploads\/2025\/03\/hemera-kattemadrats-9-cm_f_1_590_1.jpg\",\"datePublished\":\"2025-03-26T11:47:12+00:00\",\"breadcrumb\":{\"@id\":\"https:\/\/hypnos.ee\/sv\/produkt\/hemera-mega-madrass\/#breadcrumb\"},\"inLanguage\":\"sv-SE\",\"potentialAction\":[{\"@type\":\"ReadAction\",\"target\":[\"https:\/\/hypnos.ee\/sv\/produkt\/hemera-mega-madrass\/\"]}]},{\"@type\":\"ImageObject\",\"inLanguage\":\"sv-SE\",\"@id\":\"https:\/\/hypnos.ee\/sv\/produkt\/hemera-mega-madrass\/#primaryimage\",\"url\":\"https:\/\/hypnos.ee\/wp-content\/uploads\/2025\/03\/hemera-kattemadrats-9-cm_f_1_590_1.jpg\",\"contentUrl\":\"https:\/\/hypnos.ee\/wp-content\/uploads\/2025\/03\/hemera-kattemadrats-9-cm_f_1_590_1.jpg\",\"width\":590,\"height\":192},{\"@type\":\"BreadcrumbList\",\"@id\":\"https:\/\/hypnos.ee\/sv\/produkt\/hemera-mega-madrass\/#breadcrumb\",\"itemListElement\":[{\"@type\":\"ListItem\",\"position\":1,\"name\":\"Home\",\"item\":\"https:\/\/hypnos.ee\/sv\/\"},{\"@type\":\"ListItem\",\"position\":2,\"name\":\"Produkter\",\"item\":\"https:\/\/hypnos.ee\/tooted\/\"},{\"@type\":\"ListItem\",\"position\":3,\"name\":\"Hemera Mega Madrass\"}]},{\"@type\":\"WebSite\",\"@id\":\"https:\/\/hypnos.ee\/sv\/#website\",\"url\":\"https:\/\/hypnos.ee\/sv\/\",\"name\":\"Hypnos\",\"description\":\"T\u00f5stame unekogemust\",\"publisher\":{\"@id\":\"https:\/\/hypnos.ee\/sv\/#organization\"},\"potentialAction\":[{\"@type\":\"SearchAction\",\"target\":{\"@type\":\"EntryPoint\",\"urlTemplate\":\"https:\/\/hypnos.ee\/sv\/?s={search_term_string}\"},\"query-input\":{\"@type\":\"PropertyValueSpecification\",\"valueRequired\":true,\"valueName\":\"search_term_string\"}}],\"inLanguage\":\"sv-SE\"},{\"@type\":\"Organization\",\"@id\":\"https:\/\/hypnos.ee\/sv\/#organization\",\"name\":\"Hypnos\",\"url\":\"https:\/\/hypnos.ee\/sv\/\",\"logo\":{\"@type\":\"ImageObject\",\"inLanguage\":\"sv-SE\",\"@id\":\"https:\/\/hypnos.ee\/sv\/#\/schema\/logo\/image\/\",\"url\":\"https:\/\/hypnos.ee\/wp-content\/uploads\/2025\/06\/cropped-Hypnos-fa.png\",\"contentUrl\":\"https:\/\/hypnos.ee\/wp-content\/uploads\/2025\/06\/cropped-Hypnos-fa.png\",\"width\":512,\"height\":512,\"caption\":\"Hypnos\"},\"image\":{\"@id\":\"https:\/\/hypnos.ee\/sv\/#\/schema\/logo\/image\/\"}}]}<\/script>\n<!-- \/ Yoast SEO Premium plugin. -->","yoast_head_json":{"title":"Hemera Mega Madrass - Hypnos","robots":{"index":"index","follow":"follow","max-snippet":"max-snippet:-1","max-image-preview":"max-image-preview:large","max-video-preview":"max-video-preview:-1"},"canonical":"https:\/\/hypnos.ee\/sv\/produkt\/hemera-mega-madrass\/","og_locale":"sv_SE","og_type":"article","og_title":"Hemera Mega Madrass","og_description":"Den ultimata mjukheten! Hemera Mega \u00e4r en s\u00e4rskilt mjuk b\u00e4ddmadrass, perfekt f\u00f6r dig som vill ha en s\u00e5 mjuk och bekv\u00e4m yta som m\u00f6jligt. Den best\u00e5r av 8 cm hypermjukt dun, fodrad upptill och nedtill med volumin\u00f6s vadd. Madrassen kan kl\u00e4s med antingen ett stretchigt tyg eller en mer robust kl\u00e4dsel. Vi rekommenderar att du anv\u00e4nder ett madrasskydd f\u00f6r att skydda produkten fr\u00e5n nedsmutsning.","og_url":"https:\/\/hypnos.ee\/sv\/produkt\/hemera-mega-madrass\/","og_site_name":"Hypnos","og_image":[{"width":590,"height":192,"url":"https:\/\/hypnos.ee\/wp-content\/uploads\/2025\/03\/hemera-kattemadrats-9-cm_f_1_590_1.jpg","type":"image\/jpeg"}],"twitter_card":"summary_large_image","schema":{"@context":"https:\/\/schema.org","@graph":[{"@type":"WebPage","@id":"https:\/\/hypnos.ee\/sv\/produkt\/hemera-mega-madrass\/","url":"https:\/\/hypnos.ee\/sv\/produkt\/hemera-mega-madrass\/","name":"Hemera Mega Madrass - Hypnos","isPartOf":{"@id":"https:\/\/hypnos.ee\/sv\/#website"},"primaryImageOfPage":{"@id":"https:\/\/hypnos.ee\/sv\/produkt\/hemera-mega-madrass\/#primaryimage"},"image":{"@id":"https:\/\/hypnos.ee\/sv\/produkt\/hemera-mega-madrass\/#primaryimage"},"thumbnailUrl":"https:\/\/hypnos.ee\/wp-content\/uploads\/2025\/03\/hemera-kattemadrats-9-cm_f_1_590_1.jpg","datePublished":"2025-03-26T11:47:12+00:00","breadcrumb":{"@id":"https:\/\/hypnos.ee\/sv\/produkt\/hemera-mega-madrass\/#breadcrumb"},"inLanguage":"sv-SE","potentialAction":[{"@type":"ReadAction","target":["https:\/\/hypnos.ee\/sv\/produkt\/hemera-mega-madrass\/"]}]},{"@type":"ImageObject","inLanguage":"sv-SE","@id":"https:\/\/hypnos.ee\/sv\/produkt\/hemera-mega-madrass\/#primaryimage","url":"https:\/\/hypnos.ee\/wp-content\/uploads\/2025\/03\/hemera-kattemadrats-9-cm_f_1_590_1.jpg","contentUrl":"https:\/\/hypnos.ee\/wp-content\/uploads\/2025\/03\/hemera-kattemadrats-9-cm_f_1_590_1.jpg","width":590,"height":192},{"@type":"BreadcrumbList","@id":"https:\/\/hypnos.ee\/sv\/produkt\/hemera-mega-madrass\/#breadcrumb","itemListElement":[{"@type":"ListItem","position":1,"name":"Home","item":"https:\/\/hypnos.ee\/sv\/"},{"@type":"ListItem","position":2,"name":"Produkter","item":"https:\/\/hypnos.ee\/tooted\/"},{"@type":"ListItem","position":3,"name":"Hemera Mega Madrass"}]},{"@type":"WebSite","@id":"https:\/\/hypnos.ee\/sv\/#website","url":"https:\/\/hypnos.ee\/sv\/","name":"Hypnos","description":"T\u00f5stame unekogemust","publisher":{"@id":"https:\/\/hypnos.ee\/sv\/#organization"},"potentialAction":[{"@type":"SearchAction","target":{"@type":"EntryPoint","urlTemplate":"https:\/\/hypnos.ee\/sv\/?s={search_term_string}"},"query-input":{"@type":"PropertyValueSpecification","valueRequired":true,"valueName":"search_term_string"}}],"inLanguage":"sv-SE"},{"@type":"Organization","@id":"https:\/\/hypnos.ee\/sv\/#organization","name":"Hypnos","url":"https:\/\/hypnos.ee\/sv\/","logo":{"@type":"ImageObject","inLanguage":"sv-SE","@id":"https:\/\/hypnos.ee\/sv\/#\/schema\/logo\/image\/","url":"https:\/\/hypnos.ee\/wp-content\/uploads\/2025\/06\/cropped-Hypnos-fa.png","contentUrl":"https:\/\/hypnos.ee\/wp-content\/uploads\/2025\/06\/cropped-Hypnos-fa.png","width":512,"height":512,"caption":"Hypnos"},"image":{"@id":"https:\/\/hypnos.ee\/sv\/#\/schema\/logo\/image\/"}}]}},"_links":{"self":[{"href":"https:\/\/hypnos.ee\/sv\/wp-json\/wp\/v2\/product\/2081","targetHints":{"allow":["GET"]}}],"collection":[{"href":"https:\/\/hypnos.ee\/sv\/wp-json\/wp\/v2\/product"}],"about":[{"href":"https:\/\/hypnos.ee\/sv\/wp-json\/wp\/v2\/types\/product"}],"replies":[{"embeddable":true,"href":"https:\/\/hypnos.ee\/sv\/wp-json\/wp\/v2\/comments?post=2081"}],"wp:featuredmedia":[{"embeddable":true,"href":"https:\/\/hypnos.ee\/sv\/wp-json\/wp\/v2\/media\/2082"}],"wp:attachment":[{"href":"https:\/\/hypnos.ee\/sv\/wp-json\/wp\/v2\/media?parent=2081"}],"wp:term":[{"taxonomy":"product_brand","embeddable":true,"href":"https:\/\/hypnos.ee\/sv\/wp-json\/wp\/v2\/product_brand?post=2081"},{"taxonomy":"product_cat","embeddable":true,"href":"https:\/\/hypnos.ee\/sv\/wp-json\/wp\/v2\/product_cat?post=2081"},{"taxonomy":"product_tag","embeddable":true,"href":"https:\/\/hypnos.ee\/sv\/wp-json\/wp\/v2\/product_tag?post=2081"}],"curies":[{"name":"wp","href":"https:\/\/api.w.org\/{rel}","templated":true}]}}