{"id":2044,"date":"2025-05-08T08:59:57","date_gmt":"2025-05-08T05:59:57","guid":{"rendered":"https:\/\/hypnos.ee\/toode\/cylindrisk-o58-mm\/"},"modified":"2025-05-08T08:59:57","modified_gmt":"2025-05-08T05:59:57","slug":"cylindrisk-o58-mm","status":"publish","type":"product","link":"https:\/\/hypnos.ee\/sv\/produkt\/cylindrisk-o58-mm\/","title":{"rendered":"Cylindrisk, \u00d858 mm"},"content":{"rendered":"","protected":false},"excerpt":{"rendered":"<p>Cylinder k\u00f6rsb\u00e4r 12cm (bj\u00f6rk, k\u00f6rsb\u00e4r)<br \/>\nCylinder k\u00f6rsb\u00e4r 20cm (bj\u00f6rk, k\u00f6rsb\u00e4rsflis)<br \/>\nCylindermutter 12cm (bj\u00f6rk, valn\u00f6t)<br \/>\nCylindermutter 20cm (bj\u00f6rk, valn\u00f6t)<br \/>\nCylindermutter 25cm (bj\u00f6rk, valn\u00f6t)<br \/>\nCylinder wenge 12cm (kask, wengepeits)<br \/>\nCylinder wenge 20cm (fat, wenge)<br \/>\nCylinder wenge 25cm (fat, wenge betsad)<br \/>\nCylinder wenge 30cm (kask, wengepeits)<br \/>\nCylinder silver 12cm (bj\u00f6rk, silverf\u00e4rgad)<br \/>\nCylinder silver 20cm (bj\u00f6rk, silverf\u00e4rgad)<br \/>\nCylinder vit 12cm (bj\u00f6rk, vit f\u00e4rg)<br \/>\nCylinder vit 20cm \u00d858 (bj\u00f6rk, vit f\u00e4rg)<br \/>\nCylinder vit 25cm (bj\u00f6rk, vit f\u00e4rg)<br \/>\nCylinder nat 12cm (bj\u00f6rk, natur)<br \/>\nCylinder nat 20cm (bj\u00f6rk, natur)<br \/>\nCylinder nat 20cm (bj\u00f6rk, natur)<br \/>\nCylinder nat 25cm (bj\u00f6rk, natur)<br \/>\nCylinder nat 30cm (bj\u00f6rk, natur)<\/p>\n","protected":false},"featured_media":3617,"comment_status":"closed","ping_status":"closed","template":"","meta":{"_acf_changed":false},"product_brand":[],"product_cat":[123],"product_tag":[],"class_list":{"0":"post-2044","1":"product","2":"type-product","3":"status-publish","4":"has-post-thumbnail","6":"product_cat-sangben","8":"first","9":"instock","10":"shipping-taxable","11":"product-type-simple"},"acf":[],"yoast_head":"<!-- This site is optimized with the Yoast SEO Premium plugin v26.0 (Yoast SEO v26.0) - https:\/\/yoast.com\/wordpress\/plugins\/seo\/ -->\n<title>Cylindrisk, \u00d858 mm - Hypnos<\/title>\n<meta name=\"robots\" content=\"index, follow, max-snippet:-1, max-image-preview:large, max-video-preview:-1\" \/>\n<link rel=\"canonical\" href=\"https:\/\/hypnos.ee\/sv\/produkt\/cylindrisk-o58-mm\/\" \/>\n<meta property=\"og:locale\" content=\"sv_SE\" \/>\n<meta property=\"og:type\" content=\"article\" \/>\n<meta property=\"og:title\" content=\"Cylindrisk, \u00d858 mm\" \/>\n<meta property=\"og:description\" content=\"Cylinder k\u00f6rsb\u00e4r 12cm (bj\u00f6rk, k\u00f6rsb\u00e4r) Cylinder k\u00f6rsb\u00e4r 20cm (bj\u00f6rk, k\u00f6rsb\u00e4rsflis) Cylindermutter 12cm (bj\u00f6rk, valn\u00f6t) Cylindermutter 20cm (bj\u00f6rk, valn\u00f6t) Cylindermutter 25cm (bj\u00f6rk, valn\u00f6t) Cylinder wenge 12cm (kask, wengepeits) Cylinder wenge 20cm (fat, wenge) Cylinder wenge 25cm (fat, wenge betsad) Cylinder wenge 30cm (kask, wengepeits) Cylinder silver 12cm (bj\u00f6rk, silverf\u00e4rgad) Cylinder silver 20cm (bj\u00f6rk, silverf\u00e4rgad) Cylinder vit 12cm (bj\u00f6rk, vit f\u00e4rg) Cylinder vit 20cm \u00d858 (bj\u00f6rk, vit f\u00e4rg) Cylinder vit 25cm (bj\u00f6rk, vit f\u00e4rg) Cylinder nat 12cm (bj\u00f6rk, natur) Cylinder nat 20cm (bj\u00f6rk, natur) Cylinder nat 20cm (bj\u00f6rk, natur) Cylinder nat 25cm (bj\u00f6rk, natur) Cylinder nat 30cm (bj\u00f6rk, natur)\" \/>\n<meta property=\"og:url\" content=\"https:\/\/hypnos.ee\/sv\/produkt\/cylindrisk-o58-mm\/\" \/>\n<meta property=\"og:site_name\" content=\"Hypnos\" \/>\n<meta property=\"og:image\" content=\"https:\/\/hypnos.ee\/wp-content\/uploads\/2025\/03\/kandilised-ja-silindrilised_f_5_590_1.jpg\" \/>\n\t<meta property=\"og:image:width\" content=\"208\" \/>\n\t<meta property=\"og:image:height\" content=\"590\" \/>\n\t<meta property=\"og:image:type\" content=\"image\/jpeg\" \/>\n<meta name=\"twitter:card\" content=\"summary_large_image\" \/>\n<script type=\"application\/ld+json\" class=\"yoast-schema-graph\">{\"@context\":\"https:\/\/schema.org\",\"@graph\":[{\"@type\":\"WebPage\",\"@id\":\"https:\/\/hypnos.ee\/sv\/produkt\/cylindrisk-o58-mm\/\",\"url\":\"https:\/\/hypnos.ee\/sv\/produkt\/cylindrisk-o58-mm\/\",\"name\":\"Cylindrisk, \u00d858 mm - Hypnos\",\"isPartOf\":{\"@id\":\"https:\/\/hypnos.ee\/sv\/#website\"},\"primaryImageOfPage\":{\"@id\":\"https:\/\/hypnos.ee\/sv\/produkt\/cylindrisk-o58-mm\/#primaryimage\"},\"image\":{\"@id\":\"https:\/\/hypnos.ee\/sv\/produkt\/cylindrisk-o58-mm\/#primaryimage\"},\"thumbnailUrl\":\"https:\/\/hypnos.ee\/wp-content\/uploads\/2025\/05\/hypnos-e-pood-1024x1024-4.jpg\",\"datePublished\":\"2025-05-08T05:59:57+00:00\",\"breadcrumb\":{\"@id\":\"https:\/\/hypnos.ee\/sv\/produkt\/cylindrisk-o58-mm\/#breadcrumb\"},\"inLanguage\":\"sv-SE\",\"potentialAction\":[{\"@type\":\"ReadAction\",\"target\":[\"https:\/\/hypnos.ee\/sv\/produkt\/cylindrisk-o58-mm\/\"]}]},{\"@type\":\"ImageObject\",\"inLanguage\":\"sv-SE\",\"@id\":\"https:\/\/hypnos.ee\/sv\/produkt\/cylindrisk-o58-mm\/#primaryimage\",\"url\":\"https:\/\/hypnos.ee\/wp-content\/uploads\/2025\/05\/hypnos-e-pood-1024x1024-4.jpg\",\"contentUrl\":\"https:\/\/hypnos.ee\/wp-content\/uploads\/2025\/05\/hypnos-e-pood-1024x1024-4.jpg\",\"width\":1024,\"height\":1024},{\"@type\":\"BreadcrumbList\",\"@id\":\"https:\/\/hypnos.ee\/sv\/produkt\/cylindrisk-o58-mm\/#breadcrumb\",\"itemListElement\":[{\"@type\":\"ListItem\",\"position\":1,\"name\":\"Home\",\"item\":\"https:\/\/hypnos.ee\/sv\/\"},{\"@type\":\"ListItem\",\"position\":2,\"name\":\"Produkter\",\"item\":\"https:\/\/hypnos.ee\/tooted\/\"},{\"@type\":\"ListItem\",\"position\":3,\"name\":\"Cylindrisk, \u00d858 mm\"}]},{\"@type\":\"WebSite\",\"@id\":\"https:\/\/hypnos.ee\/sv\/#website\",\"url\":\"https:\/\/hypnos.ee\/sv\/\",\"name\":\"Hypnos\",\"description\":\"T\u00f5stame unekogemust\",\"publisher\":{\"@id\":\"https:\/\/hypnos.ee\/sv\/#organization\"},\"potentialAction\":[{\"@type\":\"SearchAction\",\"target\":{\"@type\":\"EntryPoint\",\"urlTemplate\":\"https:\/\/hypnos.ee\/sv\/?s={search_term_string}\"},\"query-input\":{\"@type\":\"PropertyValueSpecification\",\"valueRequired\":true,\"valueName\":\"search_term_string\"}}],\"inLanguage\":\"sv-SE\"},{\"@type\":\"Organization\",\"@id\":\"https:\/\/hypnos.ee\/sv\/#organization\",\"name\":\"Hypnos\",\"url\":\"https:\/\/hypnos.ee\/sv\/\",\"logo\":{\"@type\":\"ImageObject\",\"inLanguage\":\"sv-SE\",\"@id\":\"https:\/\/hypnos.ee\/sv\/#\/schema\/logo\/image\/\",\"url\":\"https:\/\/hypnos.ee\/wp-content\/uploads\/2025\/06\/cropped-Hypnos-fa.png\",\"contentUrl\":\"https:\/\/hypnos.ee\/wp-content\/uploads\/2025\/06\/cropped-Hypnos-fa.png\",\"width\":512,\"height\":512,\"caption\":\"Hypnos\"},\"image\":{\"@id\":\"https:\/\/hypnos.ee\/sv\/#\/schema\/logo\/image\/\"}}]}<\/script>\n<!-- \/ Yoast SEO Premium plugin. -->","yoast_head_json":{"title":"Cylindrisk, \u00d858 mm - Hypnos","robots":{"index":"index","follow":"follow","max-snippet":"max-snippet:-1","max-image-preview":"max-image-preview:large","max-video-preview":"max-video-preview:-1"},"canonical":"https:\/\/hypnos.ee\/sv\/produkt\/cylindrisk-o58-mm\/","og_locale":"sv_SE","og_type":"article","og_title":"Cylindrisk, \u00d858 mm","og_description":"Cylinder k\u00f6rsb\u00e4r 12cm (bj\u00f6rk, k\u00f6rsb\u00e4r) Cylinder k\u00f6rsb\u00e4r 20cm (bj\u00f6rk, k\u00f6rsb\u00e4rsflis) Cylindermutter 12cm (bj\u00f6rk, valn\u00f6t) Cylindermutter 20cm (bj\u00f6rk, valn\u00f6t) Cylindermutter 25cm (bj\u00f6rk, valn\u00f6t) Cylinder wenge 12cm (kask, wengepeits) Cylinder wenge 20cm (fat, wenge) Cylinder wenge 25cm (fat, wenge betsad) Cylinder wenge 30cm (kask, wengepeits) Cylinder silver 12cm (bj\u00f6rk, silverf\u00e4rgad) Cylinder silver 20cm (bj\u00f6rk, silverf\u00e4rgad) Cylinder vit 12cm (bj\u00f6rk, vit f\u00e4rg) Cylinder vit 20cm \u00d858 (bj\u00f6rk, vit f\u00e4rg) Cylinder vit 25cm (bj\u00f6rk, vit f\u00e4rg) Cylinder nat 12cm (bj\u00f6rk, natur) Cylinder nat 20cm (bj\u00f6rk, natur) Cylinder nat 20cm (bj\u00f6rk, natur) Cylinder nat 25cm (bj\u00f6rk, natur) Cylinder nat 30cm (bj\u00f6rk, natur)","og_url":"https:\/\/hypnos.ee\/sv\/produkt\/cylindrisk-o58-mm\/","og_site_name":"Hypnos","og_image":[{"width":208,"height":590,"url":"https:\/\/hypnos.ee\/wp-content\/uploads\/2025\/03\/kandilised-ja-silindrilised_f_5_590_1.jpg","type":"image\/jpeg"}],"twitter_card":"summary_large_image","schema":{"@context":"https:\/\/schema.org","@graph":[{"@type":"WebPage","@id":"https:\/\/hypnos.ee\/sv\/produkt\/cylindrisk-o58-mm\/","url":"https:\/\/hypnos.ee\/sv\/produkt\/cylindrisk-o58-mm\/","name":"Cylindrisk, \u00d858 mm - Hypnos","isPartOf":{"@id":"https:\/\/hypnos.ee\/sv\/#website"},"primaryImageOfPage":{"@id":"https:\/\/hypnos.ee\/sv\/produkt\/cylindrisk-o58-mm\/#primaryimage"},"image":{"@id":"https:\/\/hypnos.ee\/sv\/produkt\/cylindrisk-o58-mm\/#primaryimage"},"thumbnailUrl":"https:\/\/hypnos.ee\/wp-content\/uploads\/2025\/05\/hypnos-e-pood-1024x1024-4.jpg","datePublished":"2025-05-08T05:59:57+00:00","breadcrumb":{"@id":"https:\/\/hypnos.ee\/sv\/produkt\/cylindrisk-o58-mm\/#breadcrumb"},"inLanguage":"sv-SE","potentialAction":[{"@type":"ReadAction","target":["https:\/\/hypnos.ee\/sv\/produkt\/cylindrisk-o58-mm\/"]}]},{"@type":"ImageObject","inLanguage":"sv-SE","@id":"https:\/\/hypnos.ee\/sv\/produkt\/cylindrisk-o58-mm\/#primaryimage","url":"https:\/\/hypnos.ee\/wp-content\/uploads\/2025\/05\/hypnos-e-pood-1024x1024-4.jpg","contentUrl":"https:\/\/hypnos.ee\/wp-content\/uploads\/2025\/05\/hypnos-e-pood-1024x1024-4.jpg","width":1024,"height":1024},{"@type":"BreadcrumbList","@id":"https:\/\/hypnos.ee\/sv\/produkt\/cylindrisk-o58-mm\/#breadcrumb","itemListElement":[{"@type":"ListItem","position":1,"name":"Home","item":"https:\/\/hypnos.ee\/sv\/"},{"@type":"ListItem","position":2,"name":"Produkter","item":"https:\/\/hypnos.ee\/tooted\/"},{"@type":"ListItem","position":3,"name":"Cylindrisk, \u00d858 mm"}]},{"@type":"WebSite","@id":"https:\/\/hypnos.ee\/sv\/#website","url":"https:\/\/hypnos.ee\/sv\/","name":"Hypnos","description":"T\u00f5stame unekogemust","publisher":{"@id":"https:\/\/hypnos.ee\/sv\/#organization"},"potentialAction":[{"@type":"SearchAction","target":{"@type":"EntryPoint","urlTemplate":"https:\/\/hypnos.ee\/sv\/?s={search_term_string}"},"query-input":{"@type":"PropertyValueSpecification","valueRequired":true,"valueName":"search_term_string"}}],"inLanguage":"sv-SE"},{"@type":"Organization","@id":"https:\/\/hypnos.ee\/sv\/#organization","name":"Hypnos","url":"https:\/\/hypnos.ee\/sv\/","logo":{"@type":"ImageObject","inLanguage":"sv-SE","@id":"https:\/\/hypnos.ee\/sv\/#\/schema\/logo\/image\/","url":"https:\/\/hypnos.ee\/wp-content\/uploads\/2025\/06\/cropped-Hypnos-fa.png","contentUrl":"https:\/\/hypnos.ee\/wp-content\/uploads\/2025\/06\/cropped-Hypnos-fa.png","width":512,"height":512,"caption":"Hypnos"},"image":{"@id":"https:\/\/hypnos.ee\/sv\/#\/schema\/logo\/image\/"}}]}},"_links":{"self":[{"href":"https:\/\/hypnos.ee\/sv\/wp-json\/wp\/v2\/product\/2044","targetHints":{"allow":["GET"]}}],"collection":[{"href":"https:\/\/hypnos.ee\/sv\/wp-json\/wp\/v2\/product"}],"about":[{"href":"https:\/\/hypnos.ee\/sv\/wp-json\/wp\/v2\/types\/product"}],"replies":[{"embeddable":true,"href":"https:\/\/hypnos.ee\/sv\/wp-json\/wp\/v2\/comments?post=2044"}],"wp:featuredmedia":[{"embeddable":true,"href":"https:\/\/hypnos.ee\/sv\/wp-json\/wp\/v2\/media\/3617"}],"wp:attachment":[{"href":"https:\/\/hypnos.ee\/sv\/wp-json\/wp\/v2\/media?parent=2044"}],"wp:term":[{"taxonomy":"product_brand","embeddable":true,"href":"https:\/\/hypnos.ee\/sv\/wp-json\/wp\/v2\/product_brand?post=2044"},{"taxonomy":"product_cat","embeddable":true,"href":"https:\/\/hypnos.ee\/sv\/wp-json\/wp\/v2\/product_cat?post=2044"},{"taxonomy":"product_tag","embeddable":true,"href":"https:\/\/hypnos.ee\/sv\/wp-json\/wp\/v2\/product_tag?post=2044"}],"curies":[{"name":"wp","href":"https:\/\/api.w.org\/{rel}","templated":true}]}}