{"id":2037,"date":"2025-04-02T10:38:37","date_gmt":"2025-04-02T07:38:37","guid":{"rendered":"https:\/\/hypnos.ee\/toode\/aphrodite-madrass-10-cm\/"},"modified":"2025-04-02T10:38:37","modified_gmt":"2025-04-02T07:38:37","slug":"aphrodite-madrass-10-cm","status":"publish","type":"product","link":"https:\/\/hypnos.ee\/sv\/produkt\/aphrodite-madrass-10-cm\/","title":{"rendered":"Aphrodite madrass 10 cm"},"content":{"rendered":"","protected":false},"excerpt":{"rendered":"<p data-key=\"YBEBo\"><strong>Komfort som anpassar sig till dig.<\/strong><\/p>\n<p data-key=\"FlVjj\">B\u00e4ddmadrassen Aphrodite \u00e4r perfekt f\u00f6r dig som vill ha ett st\u00f6d som anpassar sig efter kroppen och en personligt anpassad styvhet.<\/p>\n<p data-key=\"NjGhM\">Ett viskoelastiskt minnesskum som exakt f\u00f6ljer kroppens konturer, minskar trycket och h\u00e5ller ryggraden i r\u00e4tt position.<br \/>\nFinns i tre styvheter: mjuk, medium och styv.<\/p>\n<p data-key=\"AC1Nt\">Det Silver Protect-behandlade \u00f6verdragstyget h\u00e5ller madrassen hygienisk och skyddar mot dammkvalster och bakterier. Med hj\u00e4lp av ringl\u00e5set kan madrassen delas i tv\u00e5 delar, vilket g\u00f6r tv\u00e4tt och underh\u00e5ll enkelt. <\/p>\n","protected":false},"featured_media":2040,"comment_status":"closed","ping_status":"closed","template":"","meta":{"_acf_changed":false},"product_brand":[],"product_cat":[89],"product_tag":[],"class_list":{"0":"post-2037","1":"product","2":"type-product","3":"status-publish","4":"has-post-thumbnail","6":"product_cat-madrasser-for-tak","8":"first","9":"instock","10":"shipping-taxable","11":"product-type-simple"},"acf":[],"yoast_head":"<!-- This site is optimized with the Yoast SEO Premium plugin v26.0 (Yoast SEO v26.0) - https:\/\/yoast.com\/wordpress\/plugins\/seo\/ -->\n<title>Aphrodite madrass 10 cm - Hypnos<\/title>\n<meta name=\"robots\" content=\"index, follow, max-snippet:-1, max-image-preview:large, max-video-preview:-1\" \/>\n<link rel=\"canonical\" href=\"https:\/\/hypnos.ee\/sv\/produkt\/aphrodite-madrass-10-cm\/\" \/>\n<meta property=\"og:locale\" content=\"sv_SE\" \/>\n<meta property=\"og:type\" content=\"article\" \/>\n<meta property=\"og:title\" content=\"Aphrodite madrass 10 cm\" \/>\n<meta property=\"og:description\" content=\"Komfort som anpassar sig till dig. B\u00e4ddmadrassen Aphrodite \u00e4r perfekt f\u00f6r dig som vill ha ett st\u00f6d som anpassar sig efter kroppen och en personligt anpassad styvhet. Ett viskoelastiskt minnesskum som exakt f\u00f6ljer kroppens konturer, minskar trycket och h\u00e5ller ryggraden i r\u00e4tt position. Finns i tre styvheter: mjuk, medium och styv. Det Silver Protect-behandlade \u00f6verdragstyget h\u00e5ller madrassen hygienisk och skyddar mot dammkvalster och bakterier. Med hj\u00e4lp av ringl\u00e5set kan madrassen delas i tv\u00e5 delar, vilket g\u00f6r tv\u00e4tt och underh\u00e5ll enkelt.\" \/>\n<meta property=\"og:url\" content=\"https:\/\/hypnos.ee\/sv\/produkt\/aphrodite-madrass-10-cm\/\" \/>\n<meta property=\"og:site_name\" content=\"Hypnos\" \/>\n<meta property=\"og:image\" content=\"https:\/\/hypnos.ee\/wp-content\/uploads\/2025\/04\/saturn-kattemadrats-2_f_1_590_1.jpg\" \/>\n\t<meta property=\"og:image:width\" content=\"590\" \/>\n\t<meta property=\"og:image:height\" content=\"259\" \/>\n\t<meta property=\"og:image:type\" content=\"image\/jpeg\" \/>\n<meta name=\"twitter:card\" content=\"summary_large_image\" \/>\n<script type=\"application\/ld+json\" class=\"yoast-schema-graph\">{\"@context\":\"https:\/\/schema.org\",\"@graph\":[{\"@type\":\"WebPage\",\"@id\":\"https:\/\/hypnos.ee\/sv\/produkt\/aphrodite-madrass-10-cm\/\",\"url\":\"https:\/\/hypnos.ee\/sv\/produkt\/aphrodite-madrass-10-cm\/\",\"name\":\"Aphrodite madrass 10 cm - Hypnos\",\"isPartOf\":{\"@id\":\"https:\/\/hypnos.ee\/sv\/#website\"},\"primaryImageOfPage\":{\"@id\":\"https:\/\/hypnos.ee\/sv\/produkt\/aphrodite-madrass-10-cm\/#primaryimage\"},\"image\":{\"@id\":\"https:\/\/hypnos.ee\/sv\/produkt\/aphrodite-madrass-10-cm\/#primaryimage\"},\"thumbnailUrl\":\"https:\/\/hypnos.ee\/wp-content\/uploads\/2025\/04\/saturn-kattemadrats-2_f_1_590_1.jpg\",\"datePublished\":\"2025-04-02T07:38:37+00:00\",\"breadcrumb\":{\"@id\":\"https:\/\/hypnos.ee\/sv\/produkt\/aphrodite-madrass-10-cm\/#breadcrumb\"},\"inLanguage\":\"sv-SE\",\"potentialAction\":[{\"@type\":\"ReadAction\",\"target\":[\"https:\/\/hypnos.ee\/sv\/produkt\/aphrodite-madrass-10-cm\/\"]}]},{\"@type\":\"ImageObject\",\"inLanguage\":\"sv-SE\",\"@id\":\"https:\/\/hypnos.ee\/sv\/produkt\/aphrodite-madrass-10-cm\/#primaryimage\",\"url\":\"https:\/\/hypnos.ee\/wp-content\/uploads\/2025\/04\/saturn-kattemadrats-2_f_1_590_1.jpg\",\"contentUrl\":\"https:\/\/hypnos.ee\/wp-content\/uploads\/2025\/04\/saturn-kattemadrats-2_f_1_590_1.jpg\",\"width\":590,\"height\":259},{\"@type\":\"BreadcrumbList\",\"@id\":\"https:\/\/hypnos.ee\/sv\/produkt\/aphrodite-madrass-10-cm\/#breadcrumb\",\"itemListElement\":[{\"@type\":\"ListItem\",\"position\":1,\"name\":\"Home\",\"item\":\"https:\/\/hypnos.ee\/sv\/\"},{\"@type\":\"ListItem\",\"position\":2,\"name\":\"Produkter\",\"item\":\"https:\/\/hypnos.ee\/tooted\/\"},{\"@type\":\"ListItem\",\"position\":3,\"name\":\"Aphrodite madrass 10 cm\"}]},{\"@type\":\"WebSite\",\"@id\":\"https:\/\/hypnos.ee\/sv\/#website\",\"url\":\"https:\/\/hypnos.ee\/sv\/\",\"name\":\"Hypnos\",\"description\":\"T\u00f5stame unekogemust\",\"publisher\":{\"@id\":\"https:\/\/hypnos.ee\/sv\/#organization\"},\"potentialAction\":[{\"@type\":\"SearchAction\",\"target\":{\"@type\":\"EntryPoint\",\"urlTemplate\":\"https:\/\/hypnos.ee\/sv\/?s={search_term_string}\"},\"query-input\":{\"@type\":\"PropertyValueSpecification\",\"valueRequired\":true,\"valueName\":\"search_term_string\"}}],\"inLanguage\":\"sv-SE\"},{\"@type\":\"Organization\",\"@id\":\"https:\/\/hypnos.ee\/sv\/#organization\",\"name\":\"Hypnos\",\"url\":\"https:\/\/hypnos.ee\/sv\/\",\"logo\":{\"@type\":\"ImageObject\",\"inLanguage\":\"sv-SE\",\"@id\":\"https:\/\/hypnos.ee\/sv\/#\/schema\/logo\/image\/\",\"url\":\"https:\/\/hypnos.ee\/wp-content\/uploads\/2025\/06\/cropped-Hypnos-fa.png\",\"contentUrl\":\"https:\/\/hypnos.ee\/wp-content\/uploads\/2025\/06\/cropped-Hypnos-fa.png\",\"width\":512,\"height\":512,\"caption\":\"Hypnos\"},\"image\":{\"@id\":\"https:\/\/hypnos.ee\/sv\/#\/schema\/logo\/image\/\"}}]}<\/script>\n<!-- \/ Yoast SEO Premium plugin. -->","yoast_head_json":{"title":"Aphrodite madrass 10 cm - Hypnos","robots":{"index":"index","follow":"follow","max-snippet":"max-snippet:-1","max-image-preview":"max-image-preview:large","max-video-preview":"max-video-preview:-1"},"canonical":"https:\/\/hypnos.ee\/sv\/produkt\/aphrodite-madrass-10-cm\/","og_locale":"sv_SE","og_type":"article","og_title":"Aphrodite madrass 10 cm","og_description":"Komfort som anpassar sig till dig. B\u00e4ddmadrassen Aphrodite \u00e4r perfekt f\u00f6r dig som vill ha ett st\u00f6d som anpassar sig efter kroppen och en personligt anpassad styvhet. Ett viskoelastiskt minnesskum som exakt f\u00f6ljer kroppens konturer, minskar trycket och h\u00e5ller ryggraden i r\u00e4tt position. Finns i tre styvheter: mjuk, medium och styv. Det Silver Protect-behandlade \u00f6verdragstyget h\u00e5ller madrassen hygienisk och skyddar mot dammkvalster och bakterier. Med hj\u00e4lp av ringl\u00e5set kan madrassen delas i tv\u00e5 delar, vilket g\u00f6r tv\u00e4tt och underh\u00e5ll enkelt.","og_url":"https:\/\/hypnos.ee\/sv\/produkt\/aphrodite-madrass-10-cm\/","og_site_name":"Hypnos","og_image":[{"width":590,"height":259,"url":"https:\/\/hypnos.ee\/wp-content\/uploads\/2025\/04\/saturn-kattemadrats-2_f_1_590_1.jpg","type":"image\/jpeg"}],"twitter_card":"summary_large_image","schema":{"@context":"https:\/\/schema.org","@graph":[{"@type":"WebPage","@id":"https:\/\/hypnos.ee\/sv\/produkt\/aphrodite-madrass-10-cm\/","url":"https:\/\/hypnos.ee\/sv\/produkt\/aphrodite-madrass-10-cm\/","name":"Aphrodite madrass 10 cm - Hypnos","isPartOf":{"@id":"https:\/\/hypnos.ee\/sv\/#website"},"primaryImageOfPage":{"@id":"https:\/\/hypnos.ee\/sv\/produkt\/aphrodite-madrass-10-cm\/#primaryimage"},"image":{"@id":"https:\/\/hypnos.ee\/sv\/produkt\/aphrodite-madrass-10-cm\/#primaryimage"},"thumbnailUrl":"https:\/\/hypnos.ee\/wp-content\/uploads\/2025\/04\/saturn-kattemadrats-2_f_1_590_1.jpg","datePublished":"2025-04-02T07:38:37+00:00","breadcrumb":{"@id":"https:\/\/hypnos.ee\/sv\/produkt\/aphrodite-madrass-10-cm\/#breadcrumb"},"inLanguage":"sv-SE","potentialAction":[{"@type":"ReadAction","target":["https:\/\/hypnos.ee\/sv\/produkt\/aphrodite-madrass-10-cm\/"]}]},{"@type":"ImageObject","inLanguage":"sv-SE","@id":"https:\/\/hypnos.ee\/sv\/produkt\/aphrodite-madrass-10-cm\/#primaryimage","url":"https:\/\/hypnos.ee\/wp-content\/uploads\/2025\/04\/saturn-kattemadrats-2_f_1_590_1.jpg","contentUrl":"https:\/\/hypnos.ee\/wp-content\/uploads\/2025\/04\/saturn-kattemadrats-2_f_1_590_1.jpg","width":590,"height":259},{"@type":"BreadcrumbList","@id":"https:\/\/hypnos.ee\/sv\/produkt\/aphrodite-madrass-10-cm\/#breadcrumb","itemListElement":[{"@type":"ListItem","position":1,"name":"Home","item":"https:\/\/hypnos.ee\/sv\/"},{"@type":"ListItem","position":2,"name":"Produkter","item":"https:\/\/hypnos.ee\/tooted\/"},{"@type":"ListItem","position":3,"name":"Aphrodite madrass 10 cm"}]},{"@type":"WebSite","@id":"https:\/\/hypnos.ee\/sv\/#website","url":"https:\/\/hypnos.ee\/sv\/","name":"Hypnos","description":"T\u00f5stame unekogemust","publisher":{"@id":"https:\/\/hypnos.ee\/sv\/#organization"},"potentialAction":[{"@type":"SearchAction","target":{"@type":"EntryPoint","urlTemplate":"https:\/\/hypnos.ee\/sv\/?s={search_term_string}"},"query-input":{"@type":"PropertyValueSpecification","valueRequired":true,"valueName":"search_term_string"}}],"inLanguage":"sv-SE"},{"@type":"Organization","@id":"https:\/\/hypnos.ee\/sv\/#organization","name":"Hypnos","url":"https:\/\/hypnos.ee\/sv\/","logo":{"@type":"ImageObject","inLanguage":"sv-SE","@id":"https:\/\/hypnos.ee\/sv\/#\/schema\/logo\/image\/","url":"https:\/\/hypnos.ee\/wp-content\/uploads\/2025\/06\/cropped-Hypnos-fa.png","contentUrl":"https:\/\/hypnos.ee\/wp-content\/uploads\/2025\/06\/cropped-Hypnos-fa.png","width":512,"height":512,"caption":"Hypnos"},"image":{"@id":"https:\/\/hypnos.ee\/sv\/#\/schema\/logo\/image\/"}}]}},"_links":{"self":[{"href":"https:\/\/hypnos.ee\/sv\/wp-json\/wp\/v2\/product\/2037","targetHints":{"allow":["GET"]}}],"collection":[{"href":"https:\/\/hypnos.ee\/sv\/wp-json\/wp\/v2\/product"}],"about":[{"href":"https:\/\/hypnos.ee\/sv\/wp-json\/wp\/v2\/types\/product"}],"replies":[{"embeddable":true,"href":"https:\/\/hypnos.ee\/sv\/wp-json\/wp\/v2\/comments?post=2037"}],"wp:featuredmedia":[{"embeddable":true,"href":"https:\/\/hypnos.ee\/sv\/wp-json\/wp\/v2\/media\/2040"}],"wp:attachment":[{"href":"https:\/\/hypnos.ee\/sv\/wp-json\/wp\/v2\/media?parent=2037"}],"wp:term":[{"taxonomy":"product_brand","embeddable":true,"href":"https:\/\/hypnos.ee\/sv\/wp-json\/wp\/v2\/product_brand?post=2037"},{"taxonomy":"product_cat","embeddable":true,"href":"https:\/\/hypnos.ee\/sv\/wp-json\/wp\/v2\/product_cat?post=2037"},{"taxonomy":"product_tag","embeddable":true,"href":"https:\/\/hypnos.ee\/sv\/wp-json\/wp\/v2\/product_tag?post=2037"}],"curies":[{"name":"wp","href":"https:\/\/api.w.org\/{rel}","templated":true}]}}