{"id":1990,"date":"2025-07-16T11:58:09","date_gmt":"2025-07-16T08:58:09","guid":{"rendered":"https:\/\/hypnos.ee\/toode\/theia-plus-madrass\/"},"modified":"2025-07-16T11:58:09","modified_gmt":"2025-07-16T08:58:09","slug":"theia-plus-madrass","status":"publish","type":"product","link":"https:\/\/hypnos.ee\/sv\/produkt\/theia-plus-madrass\/","title":{"rendered":"Theia PLUS madrass"},"content":{"rendered":"","protected":false},"excerpt":{"rendered":"<p data-key=\"ihHND\"><strong>Extra styrka f\u00f6r m\u00e5nga \u00e5r fram\u00f6ver.<\/strong><\/p>\n<p data-key=\"7doZZ\">B\u00e4ddmadrassen Theia Plus \u00e4r ett utm\u00e4rkt val om du beh\u00f6ver en \u00e4nnu starkare och mer l\u00e5ngvarig l\u00f6sning f\u00f6r att j\u00e4mna ut eller f\u00f6rst\u00e4rka din s\u00e4ng. Kokosmattan och den slitstarka HR-porolonen bildar en stabil och st\u00f6djande bas. Ett lager av naturlig bomull ger andningsf\u00f6rm\u00e5ga och mjukhet.<\/p>\n","protected":false},"featured_media":1992,"comment_status":"closed","ping_status":"closed","template":"","meta":{"_acf_changed":false},"product_brand":[],"product_cat":[89],"product_tag":[],"class_list":{"0":"post-1990","1":"product","2":"type-product","3":"status-publish","4":"has-post-thumbnail","6":"product_cat-madrasser-for-tak","8":"first","9":"instock","10":"shipping-taxable","11":"product-type-simple"},"acf":[],"yoast_head":"<!-- This site is optimized with the Yoast SEO Premium plugin v26.0 (Yoast SEO v26.0) - https:\/\/yoast.com\/wordpress\/plugins\/seo\/ -->\n<title>Theia PLUS madrass - Hypnos<\/title>\n<meta name=\"robots\" content=\"index, follow, max-snippet:-1, max-image-preview:large, max-video-preview:-1\" \/>\n<link rel=\"canonical\" href=\"https:\/\/hypnos.ee\/sv\/produkt\/theia-plus-madrass\/\" \/>\n<meta property=\"og:locale\" content=\"sv_SE\" \/>\n<meta property=\"og:type\" content=\"article\" \/>\n<meta property=\"og:title\" content=\"Theia PLUS madrass\" \/>\n<meta property=\"og:description\" content=\"Extra styrka f\u00f6r m\u00e5nga \u00e5r fram\u00f6ver. B\u00e4ddmadrassen Theia Plus \u00e4r ett utm\u00e4rkt val om du beh\u00f6ver en \u00e4nnu starkare och mer l\u00e5ngvarig l\u00f6sning f\u00f6r att j\u00e4mna ut eller f\u00f6rst\u00e4rka din s\u00e4ng. Kokosmattan och den slitstarka HR-porolonen bildar en stabil och st\u00f6djande bas. Ett lager av naturlig bomull ger andningsf\u00f6rm\u00e5ga och mjukhet.\" \/>\n<meta property=\"og:url\" content=\"https:\/\/hypnos.ee\/sv\/produkt\/theia-plus-madrass\/\" \/>\n<meta property=\"og:site_name\" content=\"Hypnos\" \/>\n<meta property=\"og:image\" content=\"https:\/\/hypnos.ee\/wp-content\/uploads\/2025\/03\/theia-kattemadrats_f_1_590_1.jpg\" \/>\n\t<meta property=\"og:image:width\" content=\"590\" \/>\n\t<meta property=\"og:image:height\" content=\"319\" \/>\n\t<meta property=\"og:image:type\" content=\"image\/jpeg\" \/>\n<meta name=\"twitter:card\" content=\"summary_large_image\" \/>\n<script type=\"application\/ld+json\" class=\"yoast-schema-graph\">{\"@context\":\"https:\/\/schema.org\",\"@graph\":[{\"@type\":\"WebPage\",\"@id\":\"https:\/\/hypnos.ee\/sv\/produkt\/theia-plus-madrass\/\",\"url\":\"https:\/\/hypnos.ee\/sv\/produkt\/theia-plus-madrass\/\",\"name\":\"Theia PLUS madrass - Hypnos\",\"isPartOf\":{\"@id\":\"https:\/\/hypnos.ee\/sv\/#website\"},\"primaryImageOfPage\":{\"@id\":\"https:\/\/hypnos.ee\/sv\/produkt\/theia-plus-madrass\/#primaryimage\"},\"image\":{\"@id\":\"https:\/\/hypnos.ee\/sv\/produkt\/theia-plus-madrass\/#primaryimage\"},\"thumbnailUrl\":\"https:\/\/hypnos.ee\/wp-content\/uploads\/2025\/03\/theia-kattemadrats_f_1_590_1.jpg\",\"datePublished\":\"2025-07-16T08:58:09+00:00\",\"breadcrumb\":{\"@id\":\"https:\/\/hypnos.ee\/sv\/produkt\/theia-plus-madrass\/#breadcrumb\"},\"inLanguage\":\"sv-SE\",\"potentialAction\":[{\"@type\":\"ReadAction\",\"target\":[\"https:\/\/hypnos.ee\/sv\/produkt\/theia-plus-madrass\/\"]}]},{\"@type\":\"ImageObject\",\"inLanguage\":\"sv-SE\",\"@id\":\"https:\/\/hypnos.ee\/sv\/produkt\/theia-plus-madrass\/#primaryimage\",\"url\":\"https:\/\/hypnos.ee\/wp-content\/uploads\/2025\/03\/theia-kattemadrats_f_1_590_1.jpg\",\"contentUrl\":\"https:\/\/hypnos.ee\/wp-content\/uploads\/2025\/03\/theia-kattemadrats_f_1_590_1.jpg\",\"width\":590,\"height\":319},{\"@type\":\"BreadcrumbList\",\"@id\":\"https:\/\/hypnos.ee\/sv\/produkt\/theia-plus-madrass\/#breadcrumb\",\"itemListElement\":[{\"@type\":\"ListItem\",\"position\":1,\"name\":\"Home\",\"item\":\"https:\/\/hypnos.ee\/sv\/\"},{\"@type\":\"ListItem\",\"position\":2,\"name\":\"Produkter\",\"item\":\"https:\/\/hypnos.ee\/tooted\/\"},{\"@type\":\"ListItem\",\"position\":3,\"name\":\"Theia PLUS madrass\"}]},{\"@type\":\"WebSite\",\"@id\":\"https:\/\/hypnos.ee\/sv\/#website\",\"url\":\"https:\/\/hypnos.ee\/sv\/\",\"name\":\"Hypnos\",\"description\":\"T\u00f5stame unekogemust\",\"publisher\":{\"@id\":\"https:\/\/hypnos.ee\/sv\/#organization\"},\"potentialAction\":[{\"@type\":\"SearchAction\",\"target\":{\"@type\":\"EntryPoint\",\"urlTemplate\":\"https:\/\/hypnos.ee\/sv\/?s={search_term_string}\"},\"query-input\":{\"@type\":\"PropertyValueSpecification\",\"valueRequired\":true,\"valueName\":\"search_term_string\"}}],\"inLanguage\":\"sv-SE\"},{\"@type\":\"Organization\",\"@id\":\"https:\/\/hypnos.ee\/sv\/#organization\",\"name\":\"Hypnos\",\"url\":\"https:\/\/hypnos.ee\/sv\/\",\"logo\":{\"@type\":\"ImageObject\",\"inLanguage\":\"sv-SE\",\"@id\":\"https:\/\/hypnos.ee\/sv\/#\/schema\/logo\/image\/\",\"url\":\"https:\/\/hypnos.ee\/wp-content\/uploads\/2025\/06\/cropped-Hypnos-fa.png\",\"contentUrl\":\"https:\/\/hypnos.ee\/wp-content\/uploads\/2025\/06\/cropped-Hypnos-fa.png\",\"width\":512,\"height\":512,\"caption\":\"Hypnos\"},\"image\":{\"@id\":\"https:\/\/hypnos.ee\/sv\/#\/schema\/logo\/image\/\"}}]}<\/script>\n<!-- \/ Yoast SEO Premium plugin. -->","yoast_head_json":{"title":"Theia PLUS madrass - Hypnos","robots":{"index":"index","follow":"follow","max-snippet":"max-snippet:-1","max-image-preview":"max-image-preview:large","max-video-preview":"max-video-preview:-1"},"canonical":"https:\/\/hypnos.ee\/sv\/produkt\/theia-plus-madrass\/","og_locale":"sv_SE","og_type":"article","og_title":"Theia PLUS madrass","og_description":"Extra styrka f\u00f6r m\u00e5nga \u00e5r fram\u00f6ver. B\u00e4ddmadrassen Theia Plus \u00e4r ett utm\u00e4rkt val om du beh\u00f6ver en \u00e4nnu starkare och mer l\u00e5ngvarig l\u00f6sning f\u00f6r att j\u00e4mna ut eller f\u00f6rst\u00e4rka din s\u00e4ng. Kokosmattan och den slitstarka HR-porolonen bildar en stabil och st\u00f6djande bas. Ett lager av naturlig bomull ger andningsf\u00f6rm\u00e5ga och mjukhet.","og_url":"https:\/\/hypnos.ee\/sv\/produkt\/theia-plus-madrass\/","og_site_name":"Hypnos","og_image":[{"width":590,"height":319,"url":"https:\/\/hypnos.ee\/wp-content\/uploads\/2025\/03\/theia-kattemadrats_f_1_590_1.jpg","type":"image\/jpeg"}],"twitter_card":"summary_large_image","schema":{"@context":"https:\/\/schema.org","@graph":[{"@type":"WebPage","@id":"https:\/\/hypnos.ee\/sv\/produkt\/theia-plus-madrass\/","url":"https:\/\/hypnos.ee\/sv\/produkt\/theia-plus-madrass\/","name":"Theia PLUS madrass - Hypnos","isPartOf":{"@id":"https:\/\/hypnos.ee\/sv\/#website"},"primaryImageOfPage":{"@id":"https:\/\/hypnos.ee\/sv\/produkt\/theia-plus-madrass\/#primaryimage"},"image":{"@id":"https:\/\/hypnos.ee\/sv\/produkt\/theia-plus-madrass\/#primaryimage"},"thumbnailUrl":"https:\/\/hypnos.ee\/wp-content\/uploads\/2025\/03\/theia-kattemadrats_f_1_590_1.jpg","datePublished":"2025-07-16T08:58:09+00:00","breadcrumb":{"@id":"https:\/\/hypnos.ee\/sv\/produkt\/theia-plus-madrass\/#breadcrumb"},"inLanguage":"sv-SE","potentialAction":[{"@type":"ReadAction","target":["https:\/\/hypnos.ee\/sv\/produkt\/theia-plus-madrass\/"]}]},{"@type":"ImageObject","inLanguage":"sv-SE","@id":"https:\/\/hypnos.ee\/sv\/produkt\/theia-plus-madrass\/#primaryimage","url":"https:\/\/hypnos.ee\/wp-content\/uploads\/2025\/03\/theia-kattemadrats_f_1_590_1.jpg","contentUrl":"https:\/\/hypnos.ee\/wp-content\/uploads\/2025\/03\/theia-kattemadrats_f_1_590_1.jpg","width":590,"height":319},{"@type":"BreadcrumbList","@id":"https:\/\/hypnos.ee\/sv\/produkt\/theia-plus-madrass\/#breadcrumb","itemListElement":[{"@type":"ListItem","position":1,"name":"Home","item":"https:\/\/hypnos.ee\/sv\/"},{"@type":"ListItem","position":2,"name":"Produkter","item":"https:\/\/hypnos.ee\/tooted\/"},{"@type":"ListItem","position":3,"name":"Theia PLUS madrass"}]},{"@type":"WebSite","@id":"https:\/\/hypnos.ee\/sv\/#website","url":"https:\/\/hypnos.ee\/sv\/","name":"Hypnos","description":"T\u00f5stame unekogemust","publisher":{"@id":"https:\/\/hypnos.ee\/sv\/#organization"},"potentialAction":[{"@type":"SearchAction","target":{"@type":"EntryPoint","urlTemplate":"https:\/\/hypnos.ee\/sv\/?s={search_term_string}"},"query-input":{"@type":"PropertyValueSpecification","valueRequired":true,"valueName":"search_term_string"}}],"inLanguage":"sv-SE"},{"@type":"Organization","@id":"https:\/\/hypnos.ee\/sv\/#organization","name":"Hypnos","url":"https:\/\/hypnos.ee\/sv\/","logo":{"@type":"ImageObject","inLanguage":"sv-SE","@id":"https:\/\/hypnos.ee\/sv\/#\/schema\/logo\/image\/","url":"https:\/\/hypnos.ee\/wp-content\/uploads\/2025\/06\/cropped-Hypnos-fa.png","contentUrl":"https:\/\/hypnos.ee\/wp-content\/uploads\/2025\/06\/cropped-Hypnos-fa.png","width":512,"height":512,"caption":"Hypnos"},"image":{"@id":"https:\/\/hypnos.ee\/sv\/#\/schema\/logo\/image\/"}}]}},"_links":{"self":[{"href":"https:\/\/hypnos.ee\/sv\/wp-json\/wp\/v2\/product\/1990","targetHints":{"allow":["GET"]}}],"collection":[{"href":"https:\/\/hypnos.ee\/sv\/wp-json\/wp\/v2\/product"}],"about":[{"href":"https:\/\/hypnos.ee\/sv\/wp-json\/wp\/v2\/types\/product"}],"replies":[{"embeddable":true,"href":"https:\/\/hypnos.ee\/sv\/wp-json\/wp\/v2\/comments?post=1990"}],"wp:featuredmedia":[{"embeddable":true,"href":"https:\/\/hypnos.ee\/sv\/wp-json\/wp\/v2\/media\/1992"}],"wp:attachment":[{"href":"https:\/\/hypnos.ee\/sv\/wp-json\/wp\/v2\/media?parent=1990"}],"wp:term":[{"taxonomy":"product_brand","embeddable":true,"href":"https:\/\/hypnos.ee\/sv\/wp-json\/wp\/v2\/product_brand?post=1990"},{"taxonomy":"product_cat","embeddable":true,"href":"https:\/\/hypnos.ee\/sv\/wp-json\/wp\/v2\/product_cat?post=1990"},{"taxonomy":"product_tag","embeddable":true,"href":"https:\/\/hypnos.ee\/sv\/wp-json\/wp\/v2\/product_tag?post=1990"}],"curies":[{"name":"wp","href":"https:\/\/api.w.org\/{rel}","templated":true}]}}