{"id":1967,"date":"2025-08-04T13:49:01","date_gmt":"2025-08-04T10:49:01","guid":{"rendered":"https:\/\/hypnos.ee\/toode\/madrass-juno-mega\/"},"modified":"2025-08-04T13:49:01","modified_gmt":"2025-08-04T10:49:01","slug":"madrass-juno-mega","status":"publish","type":"product","link":"https:\/\/hypnos.ee\/sv\/produkt\/madrass-juno-mega\/","title":{"rendered":"Madrass JUNO MEGA"},"content":{"rendered":"","protected":false},"excerpt":{"rendered":"<p data-key=\"55UFY\"><strong>En tjockare version f\u00f6r \u00f6kad komfort.<\/strong><\/p>\n<p data-key=\"VERZ8\">JUNO MEGA \u00e4r en tjockare version av JUNO-madrassen, med ett profilerat dunt\u00e4cke som ger ett extra lager mjukhet och b\u00e4ttre kroppsanpassning. Passar bra f\u00f6r dig som f\u00f6redrar en fastare kudde eller vill uppgradera en befintlig madrass utan att k\u00f6pa en ny.<\/p>\n","protected":false},"featured_media":3622,"comment_status":"closed","ping_status":"closed","template":"","meta":{"_acf_changed":false},"product_brand":[],"product_cat":[89],"product_tag":[],"class_list":{"0":"post-1967","1":"product","2":"type-product","3":"status-publish","4":"has-post-thumbnail","6":"product_cat-madrasser-for-tak","8":"first","9":"instock","10":"shipping-taxable","11":"product-type-simple"},"acf":[],"yoast_head":"<!-- This site is optimized with the Yoast SEO Premium plugin v26.0 (Yoast SEO v26.0) - https:\/\/yoast.com\/wordpress\/plugins\/seo\/ -->\n<title>Madrass JUNO MEGA - Hypnos<\/title>\n<meta name=\"robots\" content=\"index, follow, max-snippet:-1, max-image-preview:large, max-video-preview:-1\" \/>\n<link rel=\"canonical\" href=\"https:\/\/hypnos.ee\/sv\/produkt\/madrass-juno-mega\/\" \/>\n<meta property=\"og:locale\" content=\"sv_SE\" \/>\n<meta property=\"og:type\" content=\"article\" \/>\n<meta property=\"og:title\" content=\"Madrass JUNO MEGA\" \/>\n<meta property=\"og:description\" content=\"En tjockare version f\u00f6r \u00f6kad komfort. JUNO MEGA \u00e4r en tjockare version av JUNO-madrassen, med ett profilerat dunt\u00e4cke som ger ett extra lager mjukhet och b\u00e4ttre kroppsanpassning. Passar bra f\u00f6r dig som f\u00f6redrar en fastare kudde eller vill uppgradera en befintlig madrass utan att k\u00f6pa en ny.\" \/>\n<meta property=\"og:url\" content=\"https:\/\/hypnos.ee\/sv\/produkt\/madrass-juno-mega\/\" \/>\n<meta property=\"og:site_name\" content=\"Hypnos\" \/>\n<meta property=\"og:image\" content=\"https:\/\/hypnos.ee\/wp-content\/uploads\/2025\/03\/juno-kattemadratsid_f_2_590_1.jpg\" \/>\n\t<meta property=\"og:image:width\" content=\"590\" \/>\n\t<meta property=\"og:image:height\" content=\"394\" \/>\n\t<meta property=\"og:image:type\" content=\"image\/jpeg\" \/>\n<meta name=\"twitter:card\" content=\"summary_large_image\" \/>\n<script type=\"application\/ld+json\" class=\"yoast-schema-graph\">{\"@context\":\"https:\/\/schema.org\",\"@graph\":[{\"@type\":\"WebPage\",\"@id\":\"https:\/\/hypnos.ee\/sv\/produkt\/madrass-juno-mega\/\",\"url\":\"https:\/\/hypnos.ee\/sv\/produkt\/madrass-juno-mega\/\",\"name\":\"Madrass JUNO MEGA - Hypnos\",\"isPartOf\":{\"@id\":\"https:\/\/hypnos.ee\/sv\/#website\"},\"primaryImageOfPage\":{\"@id\":\"https:\/\/hypnos.ee\/sv\/produkt\/madrass-juno-mega\/#primaryimage\"},\"image\":{\"@id\":\"https:\/\/hypnos.ee\/sv\/produkt\/madrass-juno-mega\/#primaryimage\"},\"thumbnailUrl\":\"https:\/\/hypnos.ee\/wp-content\/uploads\/2025\/08\/juno.jpg\",\"datePublished\":\"2025-08-04T10:49:01+00:00\",\"breadcrumb\":{\"@id\":\"https:\/\/hypnos.ee\/sv\/produkt\/madrass-juno-mega\/#breadcrumb\"},\"inLanguage\":\"sv-SE\",\"potentialAction\":[{\"@type\":\"ReadAction\",\"target\":[\"https:\/\/hypnos.ee\/sv\/produkt\/madrass-juno-mega\/\"]}]},{\"@type\":\"ImageObject\",\"inLanguage\":\"sv-SE\",\"@id\":\"https:\/\/hypnos.ee\/sv\/produkt\/madrass-juno-mega\/#primaryimage\",\"url\":\"https:\/\/hypnos.ee\/wp-content\/uploads\/2025\/08\/juno.jpg\",\"contentUrl\":\"https:\/\/hypnos.ee\/wp-content\/uploads\/2025\/08\/juno.jpg\",\"width\":1024,\"height\":1024},{\"@type\":\"BreadcrumbList\",\"@id\":\"https:\/\/hypnos.ee\/sv\/produkt\/madrass-juno-mega\/#breadcrumb\",\"itemListElement\":[{\"@type\":\"ListItem\",\"position\":1,\"name\":\"Home\",\"item\":\"https:\/\/hypnos.ee\/sv\/\"},{\"@type\":\"ListItem\",\"position\":2,\"name\":\"Produkter\",\"item\":\"https:\/\/hypnos.ee\/tooted\/\"},{\"@type\":\"ListItem\",\"position\":3,\"name\":\"Madrass JUNO MEGA\"}]},{\"@type\":\"WebSite\",\"@id\":\"https:\/\/hypnos.ee\/sv\/#website\",\"url\":\"https:\/\/hypnos.ee\/sv\/\",\"name\":\"Hypnos\",\"description\":\"T\u00f5stame unekogemust\",\"publisher\":{\"@id\":\"https:\/\/hypnos.ee\/sv\/#organization\"},\"potentialAction\":[{\"@type\":\"SearchAction\",\"target\":{\"@type\":\"EntryPoint\",\"urlTemplate\":\"https:\/\/hypnos.ee\/sv\/?s={search_term_string}\"},\"query-input\":{\"@type\":\"PropertyValueSpecification\",\"valueRequired\":true,\"valueName\":\"search_term_string\"}}],\"inLanguage\":\"sv-SE\"},{\"@type\":\"Organization\",\"@id\":\"https:\/\/hypnos.ee\/sv\/#organization\",\"name\":\"Hypnos\",\"url\":\"https:\/\/hypnos.ee\/sv\/\",\"logo\":{\"@type\":\"ImageObject\",\"inLanguage\":\"sv-SE\",\"@id\":\"https:\/\/hypnos.ee\/sv\/#\/schema\/logo\/image\/\",\"url\":\"https:\/\/hypnos.ee\/wp-content\/uploads\/2025\/06\/cropped-Hypnos-fa.png\",\"contentUrl\":\"https:\/\/hypnos.ee\/wp-content\/uploads\/2025\/06\/cropped-Hypnos-fa.png\",\"width\":512,\"height\":512,\"caption\":\"Hypnos\"},\"image\":{\"@id\":\"https:\/\/hypnos.ee\/sv\/#\/schema\/logo\/image\/\"}}]}<\/script>\n<!-- \/ Yoast SEO Premium plugin. -->","yoast_head_json":{"title":"Madrass JUNO MEGA - Hypnos","robots":{"index":"index","follow":"follow","max-snippet":"max-snippet:-1","max-image-preview":"max-image-preview:large","max-video-preview":"max-video-preview:-1"},"canonical":"https:\/\/hypnos.ee\/sv\/produkt\/madrass-juno-mega\/","og_locale":"sv_SE","og_type":"article","og_title":"Madrass JUNO MEGA","og_description":"En tjockare version f\u00f6r \u00f6kad komfort. JUNO MEGA \u00e4r en tjockare version av JUNO-madrassen, med ett profilerat dunt\u00e4cke som ger ett extra lager mjukhet och b\u00e4ttre kroppsanpassning. Passar bra f\u00f6r dig som f\u00f6redrar en fastare kudde eller vill uppgradera en befintlig madrass utan att k\u00f6pa en ny.","og_url":"https:\/\/hypnos.ee\/sv\/produkt\/madrass-juno-mega\/","og_site_name":"Hypnos","og_image":[{"width":590,"height":394,"url":"https:\/\/hypnos.ee\/wp-content\/uploads\/2025\/03\/juno-kattemadratsid_f_2_590_1.jpg","type":"image\/jpeg"}],"twitter_card":"summary_large_image","schema":{"@context":"https:\/\/schema.org","@graph":[{"@type":"WebPage","@id":"https:\/\/hypnos.ee\/sv\/produkt\/madrass-juno-mega\/","url":"https:\/\/hypnos.ee\/sv\/produkt\/madrass-juno-mega\/","name":"Madrass JUNO MEGA - Hypnos","isPartOf":{"@id":"https:\/\/hypnos.ee\/sv\/#website"},"primaryImageOfPage":{"@id":"https:\/\/hypnos.ee\/sv\/produkt\/madrass-juno-mega\/#primaryimage"},"image":{"@id":"https:\/\/hypnos.ee\/sv\/produkt\/madrass-juno-mega\/#primaryimage"},"thumbnailUrl":"https:\/\/hypnos.ee\/wp-content\/uploads\/2025\/08\/juno.jpg","datePublished":"2025-08-04T10:49:01+00:00","breadcrumb":{"@id":"https:\/\/hypnos.ee\/sv\/produkt\/madrass-juno-mega\/#breadcrumb"},"inLanguage":"sv-SE","potentialAction":[{"@type":"ReadAction","target":["https:\/\/hypnos.ee\/sv\/produkt\/madrass-juno-mega\/"]}]},{"@type":"ImageObject","inLanguage":"sv-SE","@id":"https:\/\/hypnos.ee\/sv\/produkt\/madrass-juno-mega\/#primaryimage","url":"https:\/\/hypnos.ee\/wp-content\/uploads\/2025\/08\/juno.jpg","contentUrl":"https:\/\/hypnos.ee\/wp-content\/uploads\/2025\/08\/juno.jpg","width":1024,"height":1024},{"@type":"BreadcrumbList","@id":"https:\/\/hypnos.ee\/sv\/produkt\/madrass-juno-mega\/#breadcrumb","itemListElement":[{"@type":"ListItem","position":1,"name":"Home","item":"https:\/\/hypnos.ee\/sv\/"},{"@type":"ListItem","position":2,"name":"Produkter","item":"https:\/\/hypnos.ee\/tooted\/"},{"@type":"ListItem","position":3,"name":"Madrass JUNO MEGA"}]},{"@type":"WebSite","@id":"https:\/\/hypnos.ee\/sv\/#website","url":"https:\/\/hypnos.ee\/sv\/","name":"Hypnos","description":"T\u00f5stame unekogemust","publisher":{"@id":"https:\/\/hypnos.ee\/sv\/#organization"},"potentialAction":[{"@type":"SearchAction","target":{"@type":"EntryPoint","urlTemplate":"https:\/\/hypnos.ee\/sv\/?s={search_term_string}"},"query-input":{"@type":"PropertyValueSpecification","valueRequired":true,"valueName":"search_term_string"}}],"inLanguage":"sv-SE"},{"@type":"Organization","@id":"https:\/\/hypnos.ee\/sv\/#organization","name":"Hypnos","url":"https:\/\/hypnos.ee\/sv\/","logo":{"@type":"ImageObject","inLanguage":"sv-SE","@id":"https:\/\/hypnos.ee\/sv\/#\/schema\/logo\/image\/","url":"https:\/\/hypnos.ee\/wp-content\/uploads\/2025\/06\/cropped-Hypnos-fa.png","contentUrl":"https:\/\/hypnos.ee\/wp-content\/uploads\/2025\/06\/cropped-Hypnos-fa.png","width":512,"height":512,"caption":"Hypnos"},"image":{"@id":"https:\/\/hypnos.ee\/sv\/#\/schema\/logo\/image\/"}}]}},"_links":{"self":[{"href":"https:\/\/hypnos.ee\/sv\/wp-json\/wp\/v2\/product\/1967","targetHints":{"allow":["GET"]}}],"collection":[{"href":"https:\/\/hypnos.ee\/sv\/wp-json\/wp\/v2\/product"}],"about":[{"href":"https:\/\/hypnos.ee\/sv\/wp-json\/wp\/v2\/types\/product"}],"replies":[{"embeddable":true,"href":"https:\/\/hypnos.ee\/sv\/wp-json\/wp\/v2\/comments?post=1967"}],"wp:featuredmedia":[{"embeddable":true,"href":"https:\/\/hypnos.ee\/sv\/wp-json\/wp\/v2\/media\/3622"}],"wp:attachment":[{"href":"https:\/\/hypnos.ee\/sv\/wp-json\/wp\/v2\/media?parent=1967"}],"wp:term":[{"taxonomy":"product_brand","embeddable":true,"href":"https:\/\/hypnos.ee\/sv\/wp-json\/wp\/v2\/product_brand?post=1967"},{"taxonomy":"product_cat","embeddable":true,"href":"https:\/\/hypnos.ee\/sv\/wp-json\/wp\/v2\/product_cat?post=1967"},{"taxonomy":"product_tag","embeddable":true,"href":"https:\/\/hypnos.ee\/sv\/wp-json\/wp\/v2\/product_tag?post=1967"}],"curies":[{"name":"wp","href":"https:\/\/api.w.org\/{rel}","templated":true}]}}