{"id":1931,"date":"2025-06-20T17:19:48","date_gmt":"2025-06-20T14:19:48","guid":{"rendered":"https:\/\/hypnos.ee\/integritetspolicy\/"},"modified":"2025-08-11T15:51:55","modified_gmt":"2025-08-11T12:51:55","slug":"integritetspolicy","status":"publish","type":"page","link":"https:\/\/hypnos.ee\/sv\/integritetspolicy\/","title":{"rendered":"Integritetspolicy"},"content":{"rendered":"<p>F\u00f6r O\u00dc Furnico \u00e4r din integritet viktig och vi f\u00f6ljer alla till\u00e4mpliga lagar och f\u00f6rordningar avseende alla personuppgifter som vi kan samla in om dig n\u00e4r du bes\u00f6ker v\u00e5r webbplats <a href=\"https:\/\/hypnos.ee\">hypnos.ee.<\/a> Genom att anv\u00e4nda v\u00e5r webbplats samtycker du till att vi samlar in och anv\u00e4nder dina uppgifter i enlighet med denna integritetspolicy. <\/p>\n<p>Denna integritetspolicy f\u00f6rklarar vilka uppgifter vi samlar in, hur vi anv\u00e4nder dem och vilka r\u00e4ttigheter du har f\u00f6r att skydda dina uppgifter. Denna policy g\u00e4ller endast f\u00f6r v\u00e5r webbplats och dess bes\u00f6kare, och g\u00e4ller inte information som samlas in via andra kanaler. <\/p>\n<p>Din personuppgiftsansvarige \u00e4r O\u00dc Furnico<\/p>\n<p>F\u00f6retagets organisationsnummer: 10332430 <\/p>\n<p>e-post: margus.hiie@furnico.ee<\/p>\n<p>Vi samlar in och behandlar information i enlighet med Europeiska unionens allm\u00e4nna dataskyddsf\u00f6rordning (GDPR), som tr\u00e4dde i kraft den 25.05.2018.<\/p>\n<h2>Insamling och anv\u00e4ndning av data<\/h2>\n<h3>Vilka uppgifter vi samlar in<\/h3>\n<p>Den information vi samlar in omfattar b\u00e5de information som du medvetet och aktivt tillhandah\u00e5ller n\u00e4r du anv\u00e4nder v\u00e5ra tj\u00e4nster eller deltar i kampanjer, samt all information som dina enheter automatiskt skickar n\u00e4r du anv\u00e4nder v\u00e5ra produkter och tj\u00e4nster.<\/p>\n<p>De uppgifter vi samlar in omfattar information som du medvetet har delat med dig av till oss n\u00e4r du anv\u00e4nder v\u00e5ra tj\u00e4nster eller kampanjer, och information som dina enheter automatiskt \u00f6verf\u00f6r till oss.<\/p>\n<p>Dina personuppgifter kan n\u00e5 oss p\u00e5 f\u00f6ljande s\u00e4tt:<\/p>\n<ul>\n<li>N\u00e4r du kontaktar oss via telefon, e-post eller onlinechatt<\/li>\n<li>N\u00e4r du surfar p\u00e5 webbplatsen <a href=\"https:\/\/hypnos.ee\">hypnos.ee<\/a><\/li>\n<li>N\u00e4r du kommenterar, gillar eller delar ett inl\u00e4gg p\u00e5 v\u00e5rt konto f\u00f6r sociala medier<\/li>\n<li>N\u00e4r du prenumererar p\u00e5 v\u00e5rt nyhetsbrev<\/li>\n<li>N\u00e4r du kommenterar inl\u00e4gg p\u00e5 v\u00e5r webbplats<\/li>\n<\/ul>\n<h3>Typer av data som samlas in<\/h3>\n<h4>Personuppgifter<\/h4>\n<p>Vi ber dig endast om personuppgifter n\u00e4r det \u00e4r n\u00f6dv\u00e4ndigt f\u00f6r att tillhandah\u00e5lla dig en tj\u00e4nst. N\u00e4r du kontaktar oss eller bes\u00f6ker v\u00e5r webbplats kan du dela f\u00f6ljande information med oss: <\/p>\n<ul>\n<li>F\u00f6r- och efternamn<\/li>\n<li>E-postadress<\/li>\n<li>Chatthistorik mellan dig och oss<\/li>\n<\/ul>\n<h4>Loggfiler<\/h4>\n<p>V\u00e5r webbplats <a href=\"https:\/\/hypnos.ee\">hypnos.ee<\/a> lagrar loggfiler om sina bes\u00f6kare. Den insamlade informationen kan omfatta: <\/p>\n<ul>\n<li>Typ av enhet som anv\u00e4nds<\/li>\n<li>IP-adress (Internet Protocol)<\/li>\n<li>Typ av webbl\u00e4sare<\/li>\n<li>Internetleverant\u00f6r (ISP)<\/li>\n<li>Datum och tid f\u00f6r bes\u00f6ket p\u00e5 webbplatsen<\/li>\n<li>Ing\u00e5ngs- och utg\u00e5ngssidor samt antal klick p\u00e5 webbplatsen<\/li>\n<\/ul>\n<p>Informationen i loggfilerna anv\u00e4nds f\u00f6r att analysera trender, administrera webbplatsen, sp\u00e5ra bes\u00f6karnas aktiviteter och samla in demografisk information. Den information som erh\u00e5lls \u00e4r inte avsedd f\u00f6r, och m\u00f6jligg\u00f6r inte heller, personlig identifiering. <\/p>\n<h4>Kakor<\/h4>\n<p>Som de flesta webbplatser anv\u00e4nder <a href=\"https:\/\/hypnos.ee\">hypnos.ee<\/a> ocks\u00e5 &#8221;cookies&#8221;. En cookie \u00e4r i huvudsak en textfil som lagras p\u00e5 en anv\u00e4ndares enhet n\u00e4r denne bes\u00f6ker en webbplats. Cookies hj\u00e4lper till att fastst\u00e4lla och spara preferenser, regionala inst\u00e4llningar, alternativ f\u00f6r anv\u00e4ndning av tj\u00e4nster med mera.  <\/p>\n<p>Om du vill kan du inaktivera cookies i dina webbl\u00e4sarinst\u00e4llningar, men detta kan st\u00f6ra den tj\u00e4nst som tillhandah\u00e5lls dig.<\/p>\n<p>Cookies delas in i permanenta cookies och sessionscookies. Permanenta cookies finns kvar p\u00e5 din dator eller mobila enhet \u00e4ven efter att du st\u00e4ngt din webbl\u00e4sare eller dator. Sessionscookies raderas omedelbart efter att webbl\u00e4saren har st\u00e4ngts.  <\/p>\n<p>Cookies kategoriseras enligt deras syfte:<\/p>\n<p><b>N\u00f6dv\u00e4ndiga cookies.<\/b>  Sessionscookies som syftar till att g\u00f6ra det m\u00f6jligt f\u00f6r dig att anv\u00e4nda de tj\u00e4nster som erbjuds p\u00e5 v\u00e5r webbplats. Dessa cookies hj\u00e4lper till att autentisera anv\u00e4ndare och f\u00f6rhindra skadlig anv\u00e4ndning av anv\u00e4ndarkonton. Utan dessa cookies kan vi inte tillhandah\u00e5lla de \u00f6nskade tj\u00e4nsterna.  <\/p>\n<p><b>Meddelandekakor.<\/b>  Dessa cookies identifierar om anv\u00e4ndarna har godk\u00e4nt anv\u00e4ndningen av cookies p\u00e5 webbplatsen.<\/p>\n<p><b>Funktionalitetscookies.<\/b>  Dessa cookies g\u00f6r det m\u00f6jligt f\u00f6r din webbl\u00e4sare att komma ih\u00e5g de val du g\u00f6r n\u00e4r du anv\u00e4nder webbplatsen, till exempel att spara dina inloggningsuppgifter eller spr\u00e5kinst\u00e4llningar. Syftet med dessa cookies \u00e4r att ge dig en mer personlig upplevelse och undvika att du m\u00e5ste ange dina preferenser p\u00e5 nytt. <\/p>\n<h3>Hur vi anv\u00e4nder data<\/h3>\n<p>Den insamlade informationen kan komma att anv\u00e4ndas f\u00f6r olika \u00e4ndam\u00e5l, bland annat:<\/p>\n<ul>\n<li>Underh\u00e5lla, hantera, utveckla, anpassa och ut\u00f6ka v\u00e5r webbplats<\/li>\n<li>Samla in statistik f\u00f6r att tillhandah\u00e5lla b\u00e4ttre tj\u00e4nster och\/eller erbjudanden och f\u00f6r att f\u00f6rst\u00e5 och analysera bes\u00f6karnas beteende<\/li>\n<li>Identifiera dig via telefon, meddelande eller e-post<\/li>\n<li>Skicka information till dig och be om feedback om v\u00e5ra tj\u00e4nster<\/li>\n<li>F\u00f6rhindra bedr\u00e4gerier och skydda v\u00e5r webbplats<\/li>\n<li>Till\u00e5ter oss att f\u00e5 kontakt med dig via sociala medier<\/li>\n<li>Till\u00e5ter l\u00e4sning av chatthistorik f\u00f6r att p\u00e5skynda relevanta r\u00e5d<\/li>\n<li>F\u00f6rb\u00e4ttra kvaliteten p\u00e5 v\u00e5ra tj\u00e4nster och erbjuda mer effektiva surfl\u00f6sningar<\/li>\n<li>Utveckla nya produkter och tj\u00e4nster eller f\u00f6rb\u00e4ttra deras funktionalitet<\/li>\n<li>F\u00f6renkla och p\u00e5skynda interaktioner mellan oss n\u00e4r du kontaktar oss<\/li>\n<li>F\u00f6r andra \u00e4ndam\u00e5l, t.ex. f\u00f6r att analysera data, studera trender, utv\u00e4rdera effektiviteten i reklamkampanjer<\/li>\n<\/ul>\n<h3>N\u00e4r vi kan dela dina uppgifter<\/h3>\n<ul>\n<li>Vi kan dela eller \u00f6verf\u00f6ra dina personuppgifter i samband med en \u00e4garf\u00f6r\u00e4ndring, fusion, f\u00f6rs\u00e4ljning av tillg\u00e5ngar, finansiering eller f\u00f6rv\u00e4rv av v\u00e5rt f\u00f6retag. Vi kommer att informera dig om \u00f6verf\u00f6ringen av dina personuppgifter och n\u00e4r de blir f\u00f6rem\u00e5l f\u00f6r en annan integritetspolicy. <\/li>\n<li>Vi kan dela dina uppgifter med v\u00e5ra partnerf\u00f6retag och kr\u00e4ver d\u00e5 att de f\u00f6ljer denna integritetspolicy. Partnerf\u00f6retag inkluderar v\u00e5ra moder- och dotterbolag, joint venture-partner eller f\u00f6retag som vi \u00e4ger. <\/li>\n<li>Vi kan dela dina uppgifter med v\u00e5ra aff\u00e4rspartner f\u00f6r att erbjuda dig vissa produkter, tj\u00e4nster eller kampanjer.<\/li>\n<li>Med ditt samtycke kan vi l\u00e4mna ut dina personuppgifter f\u00f6r n\u00e5got annat \u00e4ndam\u00e5l.<\/li>\n<li>Vi \u00e4r skyldiga att l\u00e4mna ut dina personuppgifter om det kr\u00e4vs enligt lag. I god tro kan vi ocks\u00e5 l\u00e4mna ut dina uppgifter f\u00f6r att uppfylla en r\u00e4ttslig skyldighet, skydda v\u00e5ra r\u00e4ttigheter eller v\u00e5r egendom, f\u00f6rhindra eller uppt\u00e4cka eventuella \u00f6vertr\u00e4delser i samband med anv\u00e4ndningen av v\u00e5r tj\u00e4nst och s\u00e4kerst\u00e4lla s\u00e4kerheten f\u00f6r tj\u00e4nstens anv\u00e4ndare. <\/li>\n<\/ul>\n<h3>Bevarande av dina personuppgifter<\/h3>\n<p>Vi beh\u00e5ller dina personuppgifter endast s\u00e5 l\u00e4nge som det \u00e4r n\u00f6dv\u00e4ndigt f\u00f6r de syften som anges i denna integritetspolicy. Vi beh\u00e5ller och anv\u00e4nder dina uppgifter n\u00e4r det kr\u00e4vs f\u00f6r att uppfylla r\u00e4ttsliga skyldigheter (t.ex. f\u00f6r att f\u00f6lja till\u00e4mpliga lagar), l\u00f6sa tvister och verkst\u00e4lla r\u00e4ttsliga avtal och best\u00e4mmelser. <\/p>\n<p>Vi sparar ocks\u00e5 loggfiler f\u00f6r interna analys\u00e4ndam\u00e5l. Loggfiler sparas vanligtvis under en kortare period om de inte anv\u00e4nds f\u00f6r att \u00f6ka s\u00e4kerheten, f\u00f6rb\u00e4ttra tj\u00e4nstens funktionalitet eller om de enligt lag m\u00e5ste sparas l\u00e4ngre. <\/p>\n<h3>Behandling av uppgifter om barn<\/h3>\n<p>Ingen av v\u00e5ra produkter eller tj\u00e4nster riktar sig till barn under 13 \u00e5r, och vi samlar inte medvetet in uppgifter fr\u00e5n barn under 13 \u00e5r. Om vi misst\u00e4nker att vi behandlar uppgifter om en person under 13 \u00e5r kommer vi att radera dem fr\u00e5n alla v\u00e5ra databaser. <\/p>\n<h2>Dina r\u00e4ttigheter att skydda dina uppgifter<\/h2>\n<p>Du har alltid r\u00e4tt att inte dela dina uppgifter med oss, eftersom du vet att detta kan p\u00e5verka din upplevelse av v\u00e5r webbplats. Om du v\u00e4ljer att inte dela med dig av dina uppgifter kommer vi inte att behandla dig annorlunda p\u00e5 grund av det. Om du f\u00f6rser oss med personuppgifter \u00e4r du inf\u00f6rst\u00e5dd med att vi samlar in, lagrar, anv\u00e4nder och l\u00e4mnar ut dem i enlighet med denna integritetspolicy. Du har r\u00e4tt att beg\u00e4ra detaljer om de uppgifter vi samlar in om dig.   <\/p>\n<p>N\u00e4r vi tar emot personuppgifter om dig fr\u00e5n en tredje part skyddar vi dem i enlighet med denna integritetspolicy och lagarna i Republiken Estland. Om du sj\u00e4lv delar uppgifter fr\u00e5n tredje part bekr\u00e4ftar du att du har r\u00e4tt och tillst\u00e5nd att g\u00f6ra det. <\/p>\n<p>\u00c4ven om du tidigare har samtyckt till att vi delar dina personuppgifter med dig f\u00f6r marknadsf\u00f6rings\u00e4ndam\u00e5l har du r\u00e4tt att n\u00e4r som helst \u00e4ndra dig. Du har alltid r\u00e4tt att v\u00e4lja bort kommunikation med oss och beg\u00e4ra att vi tar bort dina uppgifter fr\u00e5n v\u00e5ra databaser. Fr\u00e5n tid till annan kan vi beg\u00e4ra information f\u00f6r att verifiera din identitet. Om du anser att de uppgifter vi har om dig \u00e4r felaktiga, f\u00f6r\u00e5ldrade, ofullst\u00e4ndiga, irrelevanta eller vilseledande, v\u00e4nligen kontakta oss p\u00e5 margus.hiie@furnico.ee. Vi kommer att g\u00f6ra allt vi kan f\u00f6r att korrigera felaktig, ofullst\u00e4ndig, vilseledande eller f\u00f6r\u00e5ldrad information.    <\/p>\n<p>Om du anser att vi har brutit mot relevanta dataskyddslagar och vill l\u00e4mna in ett klagom\u00e5l, v\u00e4nligen kontakta oss med hj\u00e4lp av kontaktuppgifterna i detta dokument och l\u00e4mna alla uppgifter om den p\u00e5st\u00e5dda \u00f6vertr\u00e4delsen. Vi kommer att utreda ditt klagom\u00e5l omg\u00e5ende och svara dig skriftligen och presentera resultatet av utredningen och de \u00e5tg\u00e4rder vi kommer att vidta f\u00f6r att l\u00f6sa ditt klagom\u00e5l. Du har ocks\u00e5 r\u00e4tt att kontakta en tillsynsmyndighet eller dataskyddsmyndighet.  <\/p>\n<h2>GDPR Dataskydd R\u00e4ttigheter<\/h2>\n<p>Vi vill f\u00f6rs\u00e4kra oss om att du \u00e4r fullt medveten om alla dina r\u00e4ttigheter n\u00e4r det g\u00e4ller dataskydd. Varje webbplatsanv\u00e4ndare har r\u00e4tt till f\u00f6ljande: <\/p>\n<ul>\n<li>R\u00e4tt till tillg\u00e5ng &#8211; du har r\u00e4tt att beg\u00e4ra kopior av dina personuppgifter.<\/li>\n<li>R\u00e4tt till r\u00e4ttelse &#8211; du har r\u00e4tt att beg\u00e4ra att vi r\u00e4ttar information som du anser \u00e4r felaktig, och du har r\u00e4tt att beg\u00e4ra att vi kompletterar information som du anser \u00e4r ofullst\u00e4ndig.<\/li>\n<li>R\u00e4tt till radering &#8211; under vissa f\u00f6ruts\u00e4ttningar har du r\u00e4tt att beg\u00e4ra radering av dina personuppgifter.<\/li>\n<li>R\u00e4tt att begr\u00e4nsa behandlingen &#8211; under vissa f\u00f6ruts\u00e4ttningar har du r\u00e4tt att beg\u00e4ra att vi begr\u00e4nsar behandlingen av dina personuppgifter.<\/li>\n<li>R\u00e4tt att inv\u00e4nda mot behandling &#8211; under vissa f\u00f6ruts\u00e4ttningar har du r\u00e4tt att inv\u00e4nda mot behandlingen av dina personuppgifter.<\/li>\n<li>R\u00e4tt till dataportabilitet &#8211; under vissa f\u00f6ruts\u00e4ttningar har du r\u00e4tt att beg\u00e4ra att vi \u00f6verf\u00f6r de uppgifter vi har samlat in till en annan part eller direkt till dig.<\/li>\n<\/ul>\n<h2>S\u00e4kerhet f\u00f6r dina uppgifter<\/h2>\n<p>S\u00e4kerheten f\u00f6r dina personuppgifter \u00e4r viktig f\u00f6r oss, men kom ih\u00e5g att ingen metod f\u00f6r \u00f6verf\u00f6ring via Internet eller elektronisk lagring \u00e4r 100% s\u00e4ker. \u00c4ven om vi str\u00e4var efter att skydda dina uppgifter kan vi inte garantera att de \u00e4r helt s\u00e4kra. <\/p>\n<p>O\u00dc Furnico vidtar alla rimligen n\u00f6dv\u00e4ndiga \u00e5tg\u00e4rder f\u00f6r att s\u00e4kerst\u00e4lla att dina uppgifter behandlas s\u00e4kert och i enlighet med denna integritetspolicy och lagarna i Republiken Estland. Dina uppgifter kommer inte att \u00f6verf\u00f6ras till n\u00e5gon organisation eller n\u00e5got land om det inte finns ett giltigt sk\u00e4l och din datas\u00e4kerhet \u00e4r garanterad. <\/p>\n<h2>L\u00e4nkar till andra webbplatser<\/h2>\n<p>V\u00e5r webbplats kan inneh\u00e5lla l\u00e4nkar till andra webbplatser som inte \u00e4gs av oss. Om du klickar p\u00e5 en l\u00e4nk till en tredje part kommer du att skickas till den tredje partens webbplats. Vi rekommenderar starkt att du l\u00e4ser igenom sekretesspolicyn f\u00f6r varje webbplats du bes\u00f6ker.  <\/p>\n<p>Vi har ingen kontroll \u00f6ver och tar inget ansvar f\u00f6r inneh\u00e5ll, sekretesspolicyer, tj\u00e4nster eller annan praxis p\u00e5 tredje parts webbplatser.<\/p>\n<h2>Uppdateringar av integritetspolicy<\/h2>\n<p>Vi f\u00f6rbeh\u00e5ller oss r\u00e4tten att \u00e4ndra denna integritetspolicy vid behov. Efter uppdatering av sekretesspolicyn kommer vi att \u00e4ndra uppdateringsdatumet l\u00e4ngst ner i dokumentet. Om du forts\u00e4tter att bes\u00f6ka och anv\u00e4nda v\u00e5r webbplats efter uppdateringen av sekretesspolicyn kommer vi att behandla det som ditt tysta samtycke till \u00e4ndringarna.  <\/p>\n<p><\/p>\n<p>Senast \u00e4ndrad 11\/08\/2025<\/p>\n<p><\/p>\n","protected":false},"excerpt":{"rendered":"<p>F\u00f6r O\u00dc Furnico \u00e4r din integritet viktig och vi f\u00f6ljer alla till\u00e4mpliga lagar och f\u00f6rordningar avseende alla personuppgifter som vi kan samla in om dig n\u00e4r du bes\u00f6ker v\u00e5r webbplats hypnos.ee. Genom att anv\u00e4nda v\u00e5r webbplats samtycker du till att vi samlar in och anv\u00e4nder dina uppgifter i enlighet med denna integritetspolicy. Denna integritetspolicy f\u00f6rklarar [&hellip;]<\/p>\n","protected":false},"author":1,"featured_media":0,"parent":0,"menu_order":0,"comment_status":"closed","ping_status":"closed","template":"templates\/normal-page.php","meta":{"_acf_changed":false,"footnotes":""},"class_list":["post-1931","page","type-page","status-publish","hentry"],"acf":[],"yoast_head":"<!-- This site is optimized with the Yoast SEO Premium plugin v26.0 (Yoast SEO v26.0) - https:\/\/yoast.com\/wordpress\/plugins\/seo\/ -->\n<title>Integritetspolicy - Hypnos<\/title>\n<meta name=\"robots\" content=\"index, follow, max-snippet:-1, max-image-preview:large, max-video-preview:-1\" \/>\n<link rel=\"canonical\" href=\"https:\/\/hypnos.ee\/sv\/integritetspolicy\/\" \/>\n<meta property=\"og:locale\" content=\"sv_SE\" \/>\n<meta property=\"og:type\" content=\"article\" \/>\n<meta property=\"og:title\" content=\"Integritetspolicy\" \/>\n<meta property=\"og:description\" content=\"F\u00f6r O\u00dc Furnico \u00e4r din integritet viktig och vi f\u00f6ljer alla till\u00e4mpliga lagar och f\u00f6rordningar avseende alla personuppgifter som vi kan samla in om dig n\u00e4r du bes\u00f6ker v\u00e5r webbplats hypnos.ee. Genom att anv\u00e4nda v\u00e5r webbplats samtycker du till att vi samlar in och anv\u00e4nder dina uppgifter i enlighet med denna integritetspolicy. Denna integritetspolicy f\u00f6rklarar [&hellip;]\" \/>\n<meta property=\"og:url\" content=\"https:\/\/hypnos.ee\/sv\/integritetspolicy\/\" \/>\n<meta property=\"og:site_name\" content=\"Hypnos\" \/>\n<meta property=\"article:modified_time\" content=\"2025-08-11T12:51:55+00:00\" \/>\n<meta property=\"og:image\" content=\"https:\/\/hypnos.ee\/wp-content\/uploads\/2025\/08\/hypnos-banner.png\" \/>\n\t<meta property=\"og:image:width\" content=\"1280\" \/>\n\t<meta property=\"og:image:height\" content=\"720\" \/>\n\t<meta property=\"og:image:type\" content=\"image\/png\" \/>\n<meta name=\"twitter:card\" content=\"summary_large_image\" \/>\n<meta name=\"twitter:label1\" content=\"Ber\u00e4knad l\u00e4stid\" \/>\n\t<meta name=\"twitter:data1\" content=\"10 minuter\" \/>\n<script type=\"application\/ld+json\" class=\"yoast-schema-graph\">{\"@context\":\"https:\/\/schema.org\",\"@graph\":[{\"@type\":\"WebPage\",\"@id\":\"https:\/\/hypnos.ee\/sv\/integritetspolicy\/\",\"url\":\"https:\/\/hypnos.ee\/sv\/integritetspolicy\/\",\"name\":\"Integritetspolicy - Hypnos\",\"isPartOf\":{\"@id\":\"https:\/\/hypnos.ee\/sv\/#website\"},\"datePublished\":\"2025-06-20T14:19:48+00:00\",\"dateModified\":\"2025-08-11T12:51:55+00:00\",\"breadcrumb\":{\"@id\":\"https:\/\/hypnos.ee\/sv\/integritetspolicy\/#breadcrumb\"},\"inLanguage\":\"sv-SE\",\"potentialAction\":[{\"@type\":\"ReadAction\",\"target\":[\"https:\/\/hypnos.ee\/sv\/integritetspolicy\/\"]}]},{\"@type\":\"BreadcrumbList\",\"@id\":\"https:\/\/hypnos.ee\/sv\/integritetspolicy\/#breadcrumb\",\"itemListElement\":[{\"@type\":\"ListItem\",\"position\":1,\"name\":\"Home\",\"item\":\"https:\/\/hypnos.ee\/sv\/\"},{\"@type\":\"ListItem\",\"position\":2,\"name\":\"Integritetspolicy\"}]},{\"@type\":\"WebSite\",\"@id\":\"https:\/\/hypnos.ee\/sv\/#website\",\"url\":\"https:\/\/hypnos.ee\/sv\/\",\"name\":\"Hypnos\",\"description\":\"T\u00f5stame unekogemust\",\"publisher\":{\"@id\":\"https:\/\/hypnos.ee\/sv\/#organization\"},\"potentialAction\":[{\"@type\":\"SearchAction\",\"target\":{\"@type\":\"EntryPoint\",\"urlTemplate\":\"https:\/\/hypnos.ee\/sv\/?s={search_term_string}\"},\"query-input\":{\"@type\":\"PropertyValueSpecification\",\"valueRequired\":true,\"valueName\":\"search_term_string\"}}],\"inLanguage\":\"sv-SE\"},{\"@type\":\"Organization\",\"@id\":\"https:\/\/hypnos.ee\/sv\/#organization\",\"name\":\"Hypnos\",\"url\":\"https:\/\/hypnos.ee\/sv\/\",\"logo\":{\"@type\":\"ImageObject\",\"inLanguage\":\"sv-SE\",\"@id\":\"https:\/\/hypnos.ee\/sv\/#\/schema\/logo\/image\/\",\"url\":\"https:\/\/hypnos.ee\/wp-content\/uploads\/2025\/06\/cropped-Hypnos-fa.png\",\"contentUrl\":\"https:\/\/hypnos.ee\/wp-content\/uploads\/2025\/06\/cropped-Hypnos-fa.png\",\"width\":512,\"height\":512,\"caption\":\"Hypnos\"},\"image\":{\"@id\":\"https:\/\/hypnos.ee\/sv\/#\/schema\/logo\/image\/\"}}]}<\/script>\n<!-- \/ Yoast SEO Premium plugin. -->","yoast_head_json":{"title":"Integritetspolicy - Hypnos","robots":{"index":"index","follow":"follow","max-snippet":"max-snippet:-1","max-image-preview":"max-image-preview:large","max-video-preview":"max-video-preview:-1"},"canonical":"https:\/\/hypnos.ee\/sv\/integritetspolicy\/","og_locale":"sv_SE","og_type":"article","og_title":"Integritetspolicy","og_description":"F\u00f6r O\u00dc Furnico \u00e4r din integritet viktig och vi f\u00f6ljer alla till\u00e4mpliga lagar och f\u00f6rordningar avseende alla personuppgifter som vi kan samla in om dig n\u00e4r du bes\u00f6ker v\u00e5r webbplats hypnos.ee. Genom att anv\u00e4nda v\u00e5r webbplats samtycker du till att vi samlar in och anv\u00e4nder dina uppgifter i enlighet med denna integritetspolicy. Denna integritetspolicy f\u00f6rklarar [&hellip;]","og_url":"https:\/\/hypnos.ee\/sv\/integritetspolicy\/","og_site_name":"Hypnos","article_modified_time":"2025-08-11T12:51:55+00:00","og_image":[{"width":1280,"height":720,"url":"https:\/\/hypnos.ee\/wp-content\/uploads\/2025\/08\/hypnos-banner.png","type":"image\/png"}],"twitter_card":"summary_large_image","twitter_misc":{"Ber\u00e4knad l\u00e4stid":"10 minuter"},"schema":{"@context":"https:\/\/schema.org","@graph":[{"@type":"WebPage","@id":"https:\/\/hypnos.ee\/sv\/integritetspolicy\/","url":"https:\/\/hypnos.ee\/sv\/integritetspolicy\/","name":"Integritetspolicy - Hypnos","isPartOf":{"@id":"https:\/\/hypnos.ee\/sv\/#website"},"datePublished":"2025-06-20T14:19:48+00:00","dateModified":"2025-08-11T12:51:55+00:00","breadcrumb":{"@id":"https:\/\/hypnos.ee\/sv\/integritetspolicy\/#breadcrumb"},"inLanguage":"sv-SE","potentialAction":[{"@type":"ReadAction","target":["https:\/\/hypnos.ee\/sv\/integritetspolicy\/"]}]},{"@type":"BreadcrumbList","@id":"https:\/\/hypnos.ee\/sv\/integritetspolicy\/#breadcrumb","itemListElement":[{"@type":"ListItem","position":1,"name":"Home","item":"https:\/\/hypnos.ee\/sv\/"},{"@type":"ListItem","position":2,"name":"Integritetspolicy"}]},{"@type":"WebSite","@id":"https:\/\/hypnos.ee\/sv\/#website","url":"https:\/\/hypnos.ee\/sv\/","name":"Hypnos","description":"T\u00f5stame unekogemust","publisher":{"@id":"https:\/\/hypnos.ee\/sv\/#organization"},"potentialAction":[{"@type":"SearchAction","target":{"@type":"EntryPoint","urlTemplate":"https:\/\/hypnos.ee\/sv\/?s={search_term_string}"},"query-input":{"@type":"PropertyValueSpecification","valueRequired":true,"valueName":"search_term_string"}}],"inLanguage":"sv-SE"},{"@type":"Organization","@id":"https:\/\/hypnos.ee\/sv\/#organization","name":"Hypnos","url":"https:\/\/hypnos.ee\/sv\/","logo":{"@type":"ImageObject","inLanguage":"sv-SE","@id":"https:\/\/hypnos.ee\/sv\/#\/schema\/logo\/image\/","url":"https:\/\/hypnos.ee\/wp-content\/uploads\/2025\/06\/cropped-Hypnos-fa.png","contentUrl":"https:\/\/hypnos.ee\/wp-content\/uploads\/2025\/06\/cropped-Hypnos-fa.png","width":512,"height":512,"caption":"Hypnos"},"image":{"@id":"https:\/\/hypnos.ee\/sv\/#\/schema\/logo\/image\/"}}]}},"_links":{"self":[{"href":"https:\/\/hypnos.ee\/sv\/wp-json\/wp\/v2\/pages\/1931","targetHints":{"allow":["GET"]}}],"collection":[{"href":"https:\/\/hypnos.ee\/sv\/wp-json\/wp\/v2\/pages"}],"about":[{"href":"https:\/\/hypnos.ee\/sv\/wp-json\/wp\/v2\/types\/page"}],"author":[{"embeddable":true,"href":"https:\/\/hypnos.ee\/sv\/wp-json\/wp\/v2\/users\/1"}],"replies":[{"embeddable":true,"href":"https:\/\/hypnos.ee\/sv\/wp-json\/wp\/v2\/comments?post=1931"}],"version-history":[{"count":1,"href":"https:\/\/hypnos.ee\/sv\/wp-json\/wp\/v2\/pages\/1931\/revisions"}],"predecessor-version":[{"id":3555,"href":"https:\/\/hypnos.ee\/sv\/wp-json\/wp\/v2\/pages\/1931\/revisions\/3555"}],"wp:attachment":[{"href":"https:\/\/hypnos.ee\/sv\/wp-json\/wp\/v2\/media?parent=1931"}],"curies":[{"name":"wp","href":"https:\/\/api.w.org\/{rel}","templated":true}]}}