{"id":3382,"date":"2025-03-26T15:09:37","date_gmt":"2025-03-26T13:09:37","guid":{"rendered":"https:\/\/hypnos.ee\/toode\/vanntett-madrasstrekk\/"},"modified":"2025-03-26T15:09:37","modified_gmt":"2025-03-26T13:09:37","slug":"vanntett-madrasstrekk","status":"publish","type":"product","link":"https:\/\/hypnos.ee\/no\/produkt\/vanntett-madrasstrekk\/","title":{"rendered":"Vanntett madrasstrekk"},"content":{"rendered":"","protected":false},"excerpt":{"rendered":"<p data-key=\"ptr46\"><strong>Praktisk og p\u00e5litelig beskyttelse for hver natt.<\/strong><\/p>\n<p data-key=\"pmILr\">Det vanntette madrasstrekket er for deg som vil ha trygghet hver eneste natt &#8211; enten det er i barnesengen eller i en uventet situasjon. Det \u00f8verste laget er mykt og pustende &#8211; <strong>vattert bomullsblandingsstoff<\/strong>&#8211; mens det nederste laget <strong>er vanntett<\/strong> og beskytter madrassen mot fukt og flekker. Gummistrikk i hj\u00f8rnene holder trekket godt p\u00e5 plass.<br \/>\nMadrassbeskytteren kan vaskes (sk\u00e5nsom vask ved 40 \u00b0C) for \u00e5 holde sengen ren og frisk hver dag.  <\/p>\n","protected":false},"featured_media":3383,"comment_status":"closed","ping_status":"closed","template":"","meta":{"_acf_changed":false},"product_brand":[],"product_cat":[100],"product_tag":[],"class_list":{"0":"post-3382","1":"product","2":"type-product","3":"status-publish","4":"has-post-thumbnail","6":"product_cat-produkter-for-barn-og-unge","8":"first","9":"instock","10":"shipping-taxable","11":"product-type-simple"},"acf":[],"yoast_head":"<!-- This site is optimized with the Yoast SEO Premium plugin v26.0 (Yoast SEO v26.0) - https:\/\/yoast.com\/wordpress\/plugins\/seo\/ -->\n<title>Vanntett madrasstrekk - Hypnos<\/title>\n<meta name=\"robots\" content=\"index, follow, max-snippet:-1, max-image-preview:large, max-video-preview:-1\" \/>\n<link rel=\"canonical\" href=\"https:\/\/hypnos.ee\/no\/produkt\/vanntett-madrasstrekk\/\" \/>\n<meta property=\"og:locale\" content=\"nb_NO\" \/>\n<meta property=\"og:type\" content=\"article\" \/>\n<meta property=\"og:title\" content=\"Vanntett madrasstrekk\" \/>\n<meta property=\"og:description\" content=\"Praktisk og p\u00e5litelig beskyttelse for hver natt. Det vanntette madrasstrekket er for deg som vil ha trygghet hver eneste natt - enten det er i barnesengen eller i en uventet situasjon. Det \u00f8verste laget er mykt og pustende - vattert bomullsblandingsstoff- mens det nederste laget er vanntett og beskytter madrassen mot fukt og flekker. Gummistrikk i hj\u00f8rnene holder trekket godt p\u00e5 plass. Madrassbeskytteren kan vaskes (sk\u00e5nsom vask ved 40 \u00b0C) for \u00e5 holde sengen ren og frisk hver dag.\" \/>\n<meta property=\"og:url\" content=\"https:\/\/hypnos.ee\/no\/produkt\/vanntett-madrasstrekk\/\" \/>\n<meta property=\"og:site_name\" content=\"Hypnos\" \/>\n<meta property=\"og:image\" content=\"https:\/\/hypnos.ee\/wp-content\/uploads\/2025\/03\/veekindel-madratsikate_f_1_590_1.jpg\" \/>\n\t<meta property=\"og:image:width\" content=\"590\" \/>\n\t<meta property=\"og:image:height\" content=\"395\" \/>\n\t<meta property=\"og:image:type\" content=\"image\/jpeg\" \/>\n<meta name=\"twitter:card\" content=\"summary_large_image\" \/>\n<script type=\"application\/ld+json\" class=\"yoast-schema-graph\">{\"@context\":\"https:\/\/schema.org\",\"@graph\":[{\"@type\":\"WebPage\",\"@id\":\"https:\/\/hypnos.ee\/no\/produkt\/vanntett-madrasstrekk\/\",\"url\":\"https:\/\/hypnos.ee\/no\/produkt\/vanntett-madrasstrekk\/\",\"name\":\"Vanntett madrasstrekk - Hypnos\",\"isPartOf\":{\"@id\":\"https:\/\/hypnos.ee\/no\/#website\"},\"primaryImageOfPage\":{\"@id\":\"https:\/\/hypnos.ee\/no\/produkt\/vanntett-madrasstrekk\/#primaryimage\"},\"image\":{\"@id\":\"https:\/\/hypnos.ee\/no\/produkt\/vanntett-madrasstrekk\/#primaryimage\"},\"thumbnailUrl\":\"https:\/\/hypnos.ee\/wp-content\/uploads\/2025\/03\/veekindel-madratsikate_f_1_590_1.jpg\",\"datePublished\":\"2025-03-26T13:09:37+00:00\",\"breadcrumb\":{\"@id\":\"https:\/\/hypnos.ee\/no\/produkt\/vanntett-madrasstrekk\/#breadcrumb\"},\"inLanguage\":\"nb-NO\",\"potentialAction\":[{\"@type\":\"ReadAction\",\"target\":[\"https:\/\/hypnos.ee\/no\/produkt\/vanntett-madrasstrekk\/\"]}]},{\"@type\":\"ImageObject\",\"inLanguage\":\"nb-NO\",\"@id\":\"https:\/\/hypnos.ee\/no\/produkt\/vanntett-madrasstrekk\/#primaryimage\",\"url\":\"https:\/\/hypnos.ee\/wp-content\/uploads\/2025\/03\/veekindel-madratsikate_f_1_590_1.jpg\",\"contentUrl\":\"https:\/\/hypnos.ee\/wp-content\/uploads\/2025\/03\/veekindel-madratsikate_f_1_590_1.jpg\",\"width\":590,\"height\":395},{\"@type\":\"BreadcrumbList\",\"@id\":\"https:\/\/hypnos.ee\/no\/produkt\/vanntett-madrasstrekk\/#breadcrumb\",\"itemListElement\":[{\"@type\":\"ListItem\",\"position\":1,\"name\":\"Home\",\"item\":\"https:\/\/hypnos.ee\/no\/\"},{\"@type\":\"ListItem\",\"position\":2,\"name\":\"Produkter\",\"item\":\"https:\/\/hypnos.ee\/tooted\/\"},{\"@type\":\"ListItem\",\"position\":3,\"name\":\"Vanntett madrasstrekk\"}]},{\"@type\":\"WebSite\",\"@id\":\"https:\/\/hypnos.ee\/no\/#website\",\"url\":\"https:\/\/hypnos.ee\/no\/\",\"name\":\"Hypnos\",\"description\":\"T\u00f5stame unekogemust\",\"publisher\":{\"@id\":\"https:\/\/hypnos.ee\/no\/#organization\"},\"potentialAction\":[{\"@type\":\"SearchAction\",\"target\":{\"@type\":\"EntryPoint\",\"urlTemplate\":\"https:\/\/hypnos.ee\/no\/?s={search_term_string}\"},\"query-input\":{\"@type\":\"PropertyValueSpecification\",\"valueRequired\":true,\"valueName\":\"search_term_string\"}}],\"inLanguage\":\"nb-NO\"},{\"@type\":\"Organization\",\"@id\":\"https:\/\/hypnos.ee\/no\/#organization\",\"name\":\"Hypnos\",\"url\":\"https:\/\/hypnos.ee\/no\/\",\"logo\":{\"@type\":\"ImageObject\",\"inLanguage\":\"nb-NO\",\"@id\":\"https:\/\/hypnos.ee\/no\/#\/schema\/logo\/image\/\",\"url\":\"https:\/\/hypnos.ee\/wp-content\/uploads\/2025\/06\/cropped-Hypnos-fa.png\",\"contentUrl\":\"https:\/\/hypnos.ee\/wp-content\/uploads\/2025\/06\/cropped-Hypnos-fa.png\",\"width\":512,\"height\":512,\"caption\":\"Hypnos\"},\"image\":{\"@id\":\"https:\/\/hypnos.ee\/no\/#\/schema\/logo\/image\/\"}}]}<\/script>\n<!-- \/ Yoast SEO Premium plugin. -->","yoast_head_json":{"title":"Vanntett madrasstrekk - Hypnos","robots":{"index":"index","follow":"follow","max-snippet":"max-snippet:-1","max-image-preview":"max-image-preview:large","max-video-preview":"max-video-preview:-1"},"canonical":"https:\/\/hypnos.ee\/no\/produkt\/vanntett-madrasstrekk\/","og_locale":"nb_NO","og_type":"article","og_title":"Vanntett madrasstrekk","og_description":"Praktisk og p\u00e5litelig beskyttelse for hver natt. Det vanntette madrasstrekket er for deg som vil ha trygghet hver eneste natt - enten det er i barnesengen eller i en uventet situasjon. Det \u00f8verste laget er mykt og pustende - vattert bomullsblandingsstoff- mens det nederste laget er vanntett og beskytter madrassen mot fukt og flekker. Gummistrikk i hj\u00f8rnene holder trekket godt p\u00e5 plass. Madrassbeskytteren kan vaskes (sk\u00e5nsom vask ved 40 \u00b0C) for \u00e5 holde sengen ren og frisk hver dag.","og_url":"https:\/\/hypnos.ee\/no\/produkt\/vanntett-madrasstrekk\/","og_site_name":"Hypnos","og_image":[{"width":590,"height":395,"url":"https:\/\/hypnos.ee\/wp-content\/uploads\/2025\/03\/veekindel-madratsikate_f_1_590_1.jpg","type":"image\/jpeg"}],"twitter_card":"summary_large_image","schema":{"@context":"https:\/\/schema.org","@graph":[{"@type":"WebPage","@id":"https:\/\/hypnos.ee\/no\/produkt\/vanntett-madrasstrekk\/","url":"https:\/\/hypnos.ee\/no\/produkt\/vanntett-madrasstrekk\/","name":"Vanntett madrasstrekk - Hypnos","isPartOf":{"@id":"https:\/\/hypnos.ee\/no\/#website"},"primaryImageOfPage":{"@id":"https:\/\/hypnos.ee\/no\/produkt\/vanntett-madrasstrekk\/#primaryimage"},"image":{"@id":"https:\/\/hypnos.ee\/no\/produkt\/vanntett-madrasstrekk\/#primaryimage"},"thumbnailUrl":"https:\/\/hypnos.ee\/wp-content\/uploads\/2025\/03\/veekindel-madratsikate_f_1_590_1.jpg","datePublished":"2025-03-26T13:09:37+00:00","breadcrumb":{"@id":"https:\/\/hypnos.ee\/no\/produkt\/vanntett-madrasstrekk\/#breadcrumb"},"inLanguage":"nb-NO","potentialAction":[{"@type":"ReadAction","target":["https:\/\/hypnos.ee\/no\/produkt\/vanntett-madrasstrekk\/"]}]},{"@type":"ImageObject","inLanguage":"nb-NO","@id":"https:\/\/hypnos.ee\/no\/produkt\/vanntett-madrasstrekk\/#primaryimage","url":"https:\/\/hypnos.ee\/wp-content\/uploads\/2025\/03\/veekindel-madratsikate_f_1_590_1.jpg","contentUrl":"https:\/\/hypnos.ee\/wp-content\/uploads\/2025\/03\/veekindel-madratsikate_f_1_590_1.jpg","width":590,"height":395},{"@type":"BreadcrumbList","@id":"https:\/\/hypnos.ee\/no\/produkt\/vanntett-madrasstrekk\/#breadcrumb","itemListElement":[{"@type":"ListItem","position":1,"name":"Home","item":"https:\/\/hypnos.ee\/no\/"},{"@type":"ListItem","position":2,"name":"Produkter","item":"https:\/\/hypnos.ee\/tooted\/"},{"@type":"ListItem","position":3,"name":"Vanntett madrasstrekk"}]},{"@type":"WebSite","@id":"https:\/\/hypnos.ee\/no\/#website","url":"https:\/\/hypnos.ee\/no\/","name":"Hypnos","description":"T\u00f5stame unekogemust","publisher":{"@id":"https:\/\/hypnos.ee\/no\/#organization"},"potentialAction":[{"@type":"SearchAction","target":{"@type":"EntryPoint","urlTemplate":"https:\/\/hypnos.ee\/no\/?s={search_term_string}"},"query-input":{"@type":"PropertyValueSpecification","valueRequired":true,"valueName":"search_term_string"}}],"inLanguage":"nb-NO"},{"@type":"Organization","@id":"https:\/\/hypnos.ee\/no\/#organization","name":"Hypnos","url":"https:\/\/hypnos.ee\/no\/","logo":{"@type":"ImageObject","inLanguage":"nb-NO","@id":"https:\/\/hypnos.ee\/no\/#\/schema\/logo\/image\/","url":"https:\/\/hypnos.ee\/wp-content\/uploads\/2025\/06\/cropped-Hypnos-fa.png","contentUrl":"https:\/\/hypnos.ee\/wp-content\/uploads\/2025\/06\/cropped-Hypnos-fa.png","width":512,"height":512,"caption":"Hypnos"},"image":{"@id":"https:\/\/hypnos.ee\/no\/#\/schema\/logo\/image\/"}}]}},"_links":{"self":[{"href":"https:\/\/hypnos.ee\/no\/wp-json\/wp\/v2\/product\/3382","targetHints":{"allow":["GET"]}}],"collection":[{"href":"https:\/\/hypnos.ee\/no\/wp-json\/wp\/v2\/product"}],"about":[{"href":"https:\/\/hypnos.ee\/no\/wp-json\/wp\/v2\/types\/product"}],"replies":[{"embeddable":true,"href":"https:\/\/hypnos.ee\/no\/wp-json\/wp\/v2\/comments?post=3382"}],"wp:featuredmedia":[{"embeddable":true,"href":"https:\/\/hypnos.ee\/no\/wp-json\/wp\/v2\/media\/3383"}],"wp:attachment":[{"href":"https:\/\/hypnos.ee\/no\/wp-json\/wp\/v2\/media?parent=3382"}],"wp:term":[{"taxonomy":"product_brand","embeddable":true,"href":"https:\/\/hypnos.ee\/no\/wp-json\/wp\/v2\/product_brand?post=3382"},{"taxonomy":"product_cat","embeddable":true,"href":"https:\/\/hypnos.ee\/no\/wp-json\/wp\/v2\/product_cat?post=3382"},{"taxonomy":"product_tag","embeddable":true,"href":"https:\/\/hypnos.ee\/no\/wp-json\/wp\/v2\/product_tag?post=3382"}],"curies":[{"name":"wp","href":"https:\/\/api.w.org\/{rel}","templated":true}]}}