{"id":3345,"date":"2025-03-26T13:37:33","date_gmt":"2025-03-26T11:37:33","guid":{"rendered":"https:\/\/hypnos.ee\/toode\/luna-teppe-madrass-4-cm\/"},"modified":"2025-03-26T13:37:33","modified_gmt":"2025-03-26T11:37:33","slug":"luna-teppe-madrass-4-cm","status":"publish","type":"product","link":"https:\/\/hypnos.ee\/no\/produkt\/luna-teppe-madrass-4-cm\/","title":{"rendered":"Luna teppe madrass 4 cm"},"content":{"rendered":"","protected":false},"excerpt":{"rendered":"<p data-key=\"hdSKV\"><strong>Latexkomfort som puster med deg.<\/strong><\/p>\n<p data-key=\"aAE9n\">Luna overmadrass gir st\u00f8tte og komfort takket v\u00e6re lateks av h\u00f8y kvalitet. Den ene siden er dekket med pustende bomull, den andre med ull &#8211; slik at madrassen holder seg kj\u00f8lig om sommeren og varm om vinteren. Passer for deg som setter pris p\u00e5 naturlige materialer og \u00f8nsker en kroppsn\u00e6r, men slitesterk l\u00f8sning. Versjonen med l\u00f8kkemekanisme gj\u00f8r vedlikeholdet enklere.   <\/p>\n","protected":false},"featured_media":3346,"comment_status":"closed","ping_status":"closed","template":"","meta":{"_acf_changed":false},"product_brand":[],"product_cat":[86],"product_tag":[],"class_list":{"0":"post-3345","1":"product","2":"type-product","3":"status-publish","4":"has-post-thumbnail","6":"product_cat-madrasser-i-taket","8":"first","9":"instock","10":"shipping-taxable","11":"product-type-simple"},"acf":[],"yoast_head":"<!-- This site is optimized with the Yoast SEO Premium plugin v26.0 (Yoast SEO v26.0) - https:\/\/yoast.com\/wordpress\/plugins\/seo\/ -->\n<title>Luna teppe madrass 4 cm - Hypnos<\/title>\n<meta name=\"robots\" content=\"index, follow, max-snippet:-1, max-image-preview:large, max-video-preview:-1\" \/>\n<link rel=\"canonical\" href=\"https:\/\/hypnos.ee\/no\/produkt\/luna-teppe-madrass-4-cm\/\" \/>\n<meta property=\"og:locale\" content=\"nb_NO\" \/>\n<meta property=\"og:type\" content=\"article\" \/>\n<meta property=\"og:title\" content=\"Luna teppe madrass 4 cm\" \/>\n<meta property=\"og:description\" content=\"Latexkomfort som puster med deg. Luna overmadrass gir st\u00f8tte og komfort takket v\u00e6re lateks av h\u00f8y kvalitet. Den ene siden er dekket med pustende bomull, den andre med ull - slik at madrassen holder seg kj\u00f8lig om sommeren og varm om vinteren. Passer for deg som setter pris p\u00e5 naturlige materialer og \u00f8nsker en kroppsn\u00e6r, men slitesterk l\u00f8sning. Versjonen med l\u00f8kkemekanisme gj\u00f8r vedlikeholdet enklere.\" \/>\n<meta property=\"og:url\" content=\"https:\/\/hypnos.ee\/no\/produkt\/luna-teppe-madrass-4-cm\/\" \/>\n<meta property=\"og:site_name\" content=\"Hypnos\" \/>\n<meta property=\"og:image\" content=\"https:\/\/hypnos.ee\/wp-content\/uploads\/2025\/03\/luna-2-kattemadrats_f_1_590_1.jpg\" \/>\n\t<meta property=\"og:image:width\" content=\"590\" \/>\n\t<meta property=\"og:image:height\" content=\"319\" \/>\n\t<meta property=\"og:image:type\" content=\"image\/jpeg\" \/>\n<meta name=\"twitter:card\" content=\"summary_large_image\" \/>\n<script type=\"application\/ld+json\" class=\"yoast-schema-graph\">{\"@context\":\"https:\/\/schema.org\",\"@graph\":[{\"@type\":\"WebPage\",\"@id\":\"https:\/\/hypnos.ee\/no\/produkt\/luna-teppe-madrass-4-cm\/\",\"url\":\"https:\/\/hypnos.ee\/no\/produkt\/luna-teppe-madrass-4-cm\/\",\"name\":\"Luna teppe madrass 4 cm - Hypnos\",\"isPartOf\":{\"@id\":\"https:\/\/hypnos.ee\/no\/#website\"},\"primaryImageOfPage\":{\"@id\":\"https:\/\/hypnos.ee\/no\/produkt\/luna-teppe-madrass-4-cm\/#primaryimage\"},\"image\":{\"@id\":\"https:\/\/hypnos.ee\/no\/produkt\/luna-teppe-madrass-4-cm\/#primaryimage\"},\"thumbnailUrl\":\"https:\/\/hypnos.ee\/wp-content\/uploads\/2025\/03\/luna-2-kattemadrats_f_1_590_1.jpg\",\"datePublished\":\"2025-03-26T11:37:33+00:00\",\"breadcrumb\":{\"@id\":\"https:\/\/hypnos.ee\/no\/produkt\/luna-teppe-madrass-4-cm\/#breadcrumb\"},\"inLanguage\":\"nb-NO\",\"potentialAction\":[{\"@type\":\"ReadAction\",\"target\":[\"https:\/\/hypnos.ee\/no\/produkt\/luna-teppe-madrass-4-cm\/\"]}]},{\"@type\":\"ImageObject\",\"inLanguage\":\"nb-NO\",\"@id\":\"https:\/\/hypnos.ee\/no\/produkt\/luna-teppe-madrass-4-cm\/#primaryimage\",\"url\":\"https:\/\/hypnos.ee\/wp-content\/uploads\/2025\/03\/luna-2-kattemadrats_f_1_590_1.jpg\",\"contentUrl\":\"https:\/\/hypnos.ee\/wp-content\/uploads\/2025\/03\/luna-2-kattemadrats_f_1_590_1.jpg\",\"width\":590,\"height\":319},{\"@type\":\"BreadcrumbList\",\"@id\":\"https:\/\/hypnos.ee\/no\/produkt\/luna-teppe-madrass-4-cm\/#breadcrumb\",\"itemListElement\":[{\"@type\":\"ListItem\",\"position\":1,\"name\":\"Home\",\"item\":\"https:\/\/hypnos.ee\/no\/\"},{\"@type\":\"ListItem\",\"position\":2,\"name\":\"Produkter\",\"item\":\"https:\/\/hypnos.ee\/tooted\/\"},{\"@type\":\"ListItem\",\"position\":3,\"name\":\"Luna teppe madrass 4 cm\"}]},{\"@type\":\"WebSite\",\"@id\":\"https:\/\/hypnos.ee\/no\/#website\",\"url\":\"https:\/\/hypnos.ee\/no\/\",\"name\":\"Hypnos\",\"description\":\"T\u00f5stame unekogemust\",\"publisher\":{\"@id\":\"https:\/\/hypnos.ee\/no\/#organization\"},\"potentialAction\":[{\"@type\":\"SearchAction\",\"target\":{\"@type\":\"EntryPoint\",\"urlTemplate\":\"https:\/\/hypnos.ee\/no\/?s={search_term_string}\"},\"query-input\":{\"@type\":\"PropertyValueSpecification\",\"valueRequired\":true,\"valueName\":\"search_term_string\"}}],\"inLanguage\":\"nb-NO\"},{\"@type\":\"Organization\",\"@id\":\"https:\/\/hypnos.ee\/no\/#organization\",\"name\":\"Hypnos\",\"url\":\"https:\/\/hypnos.ee\/no\/\",\"logo\":{\"@type\":\"ImageObject\",\"inLanguage\":\"nb-NO\",\"@id\":\"https:\/\/hypnos.ee\/no\/#\/schema\/logo\/image\/\",\"url\":\"https:\/\/hypnos.ee\/wp-content\/uploads\/2025\/06\/cropped-Hypnos-fa.png\",\"contentUrl\":\"https:\/\/hypnos.ee\/wp-content\/uploads\/2025\/06\/cropped-Hypnos-fa.png\",\"width\":512,\"height\":512,\"caption\":\"Hypnos\"},\"image\":{\"@id\":\"https:\/\/hypnos.ee\/no\/#\/schema\/logo\/image\/\"}}]}<\/script>\n<!-- \/ Yoast SEO Premium plugin. -->","yoast_head_json":{"title":"Luna teppe madrass 4 cm - Hypnos","robots":{"index":"index","follow":"follow","max-snippet":"max-snippet:-1","max-image-preview":"max-image-preview:large","max-video-preview":"max-video-preview:-1"},"canonical":"https:\/\/hypnos.ee\/no\/produkt\/luna-teppe-madrass-4-cm\/","og_locale":"nb_NO","og_type":"article","og_title":"Luna teppe madrass 4 cm","og_description":"Latexkomfort som puster med deg. Luna overmadrass gir st\u00f8tte og komfort takket v\u00e6re lateks av h\u00f8y kvalitet. Den ene siden er dekket med pustende bomull, den andre med ull - slik at madrassen holder seg kj\u00f8lig om sommeren og varm om vinteren. Passer for deg som setter pris p\u00e5 naturlige materialer og \u00f8nsker en kroppsn\u00e6r, men slitesterk l\u00f8sning. Versjonen med l\u00f8kkemekanisme gj\u00f8r vedlikeholdet enklere.","og_url":"https:\/\/hypnos.ee\/no\/produkt\/luna-teppe-madrass-4-cm\/","og_site_name":"Hypnos","og_image":[{"width":590,"height":319,"url":"https:\/\/hypnos.ee\/wp-content\/uploads\/2025\/03\/luna-2-kattemadrats_f_1_590_1.jpg","type":"image\/jpeg"}],"twitter_card":"summary_large_image","schema":{"@context":"https:\/\/schema.org","@graph":[{"@type":"WebPage","@id":"https:\/\/hypnos.ee\/no\/produkt\/luna-teppe-madrass-4-cm\/","url":"https:\/\/hypnos.ee\/no\/produkt\/luna-teppe-madrass-4-cm\/","name":"Luna teppe madrass 4 cm - Hypnos","isPartOf":{"@id":"https:\/\/hypnos.ee\/no\/#website"},"primaryImageOfPage":{"@id":"https:\/\/hypnos.ee\/no\/produkt\/luna-teppe-madrass-4-cm\/#primaryimage"},"image":{"@id":"https:\/\/hypnos.ee\/no\/produkt\/luna-teppe-madrass-4-cm\/#primaryimage"},"thumbnailUrl":"https:\/\/hypnos.ee\/wp-content\/uploads\/2025\/03\/luna-2-kattemadrats_f_1_590_1.jpg","datePublished":"2025-03-26T11:37:33+00:00","breadcrumb":{"@id":"https:\/\/hypnos.ee\/no\/produkt\/luna-teppe-madrass-4-cm\/#breadcrumb"},"inLanguage":"nb-NO","potentialAction":[{"@type":"ReadAction","target":["https:\/\/hypnos.ee\/no\/produkt\/luna-teppe-madrass-4-cm\/"]}]},{"@type":"ImageObject","inLanguage":"nb-NO","@id":"https:\/\/hypnos.ee\/no\/produkt\/luna-teppe-madrass-4-cm\/#primaryimage","url":"https:\/\/hypnos.ee\/wp-content\/uploads\/2025\/03\/luna-2-kattemadrats_f_1_590_1.jpg","contentUrl":"https:\/\/hypnos.ee\/wp-content\/uploads\/2025\/03\/luna-2-kattemadrats_f_1_590_1.jpg","width":590,"height":319},{"@type":"BreadcrumbList","@id":"https:\/\/hypnos.ee\/no\/produkt\/luna-teppe-madrass-4-cm\/#breadcrumb","itemListElement":[{"@type":"ListItem","position":1,"name":"Home","item":"https:\/\/hypnos.ee\/no\/"},{"@type":"ListItem","position":2,"name":"Produkter","item":"https:\/\/hypnos.ee\/tooted\/"},{"@type":"ListItem","position":3,"name":"Luna teppe madrass 4 cm"}]},{"@type":"WebSite","@id":"https:\/\/hypnos.ee\/no\/#website","url":"https:\/\/hypnos.ee\/no\/","name":"Hypnos","description":"T\u00f5stame unekogemust","publisher":{"@id":"https:\/\/hypnos.ee\/no\/#organization"},"potentialAction":[{"@type":"SearchAction","target":{"@type":"EntryPoint","urlTemplate":"https:\/\/hypnos.ee\/no\/?s={search_term_string}"},"query-input":{"@type":"PropertyValueSpecification","valueRequired":true,"valueName":"search_term_string"}}],"inLanguage":"nb-NO"},{"@type":"Organization","@id":"https:\/\/hypnos.ee\/no\/#organization","name":"Hypnos","url":"https:\/\/hypnos.ee\/no\/","logo":{"@type":"ImageObject","inLanguage":"nb-NO","@id":"https:\/\/hypnos.ee\/no\/#\/schema\/logo\/image\/","url":"https:\/\/hypnos.ee\/wp-content\/uploads\/2025\/06\/cropped-Hypnos-fa.png","contentUrl":"https:\/\/hypnos.ee\/wp-content\/uploads\/2025\/06\/cropped-Hypnos-fa.png","width":512,"height":512,"caption":"Hypnos"},"image":{"@id":"https:\/\/hypnos.ee\/no\/#\/schema\/logo\/image\/"}}]}},"_links":{"self":[{"href":"https:\/\/hypnos.ee\/no\/wp-json\/wp\/v2\/product\/3345","targetHints":{"allow":["GET"]}}],"collection":[{"href":"https:\/\/hypnos.ee\/no\/wp-json\/wp\/v2\/product"}],"about":[{"href":"https:\/\/hypnos.ee\/no\/wp-json\/wp\/v2\/types\/product"}],"replies":[{"embeddable":true,"href":"https:\/\/hypnos.ee\/no\/wp-json\/wp\/v2\/comments?post=3345"}],"wp:featuredmedia":[{"embeddable":true,"href":"https:\/\/hypnos.ee\/no\/wp-json\/wp\/v2\/media\/3346"}],"wp:attachment":[{"href":"https:\/\/hypnos.ee\/no\/wp-json\/wp\/v2\/media?parent=3345"}],"wp:term":[{"taxonomy":"product_brand","embeddable":true,"href":"https:\/\/hypnos.ee\/no\/wp-json\/wp\/v2\/product_brand?post=3345"},{"taxonomy":"product_cat","embeddable":true,"href":"https:\/\/hypnos.ee\/no\/wp-json\/wp\/v2\/product_cat?post=3345"},{"taxonomy":"product_tag","embeddable":true,"href":"https:\/\/hypnos.ee\/no\/wp-json\/wp\/v2\/product_tag?post=3345"}],"curies":[{"name":"wp","href":"https:\/\/api.w.org\/{rel}","templated":true}]}}