{"id":3315,"date":"2025-05-08T08:59:57","date_gmt":"2025-05-08T05:59:57","guid":{"rendered":"https:\/\/hypnos.ee\/toode\/sylindrisk-o58-mm\/"},"modified":"2025-05-08T08:59:57","modified_gmt":"2025-05-08T05:59:57","slug":"sylindrisk-o58-mm","status":"publish","type":"product","link":"https:\/\/hypnos.ee\/no\/produkt\/sylindrisk-o58-mm\/","title":{"rendered":"Sylindrisk, \u00d858 mm"},"content":{"rendered":"","protected":false},"excerpt":{"rendered":"<p>Sylinder kirseb\u00e6r 12cm (bj\u00f8rk, kirseb\u00e6r)<br \/>\nSylinder kirseb\u00e6r 20 cm (bj\u00f8rk, kirseb\u00e6rflis)<br \/>\nSylindermutter 12 cm (bj\u00f8rk, valn\u00f8tt)<br \/>\nSylindermutter 20 cm (bj\u00f8rk, valn\u00f8tt)<br \/>\nSylindermutter 25 cm (bj\u00f8rk, valn\u00f8tt)<br \/>\nSylinder wenge 12cm (kask, wengepeits)<br \/>\nSylinder wenge 20cm (cask, wengepeits)<br \/>\nSylinder wenge 25 cm (fat, wengebeis)<br \/>\nSylinder wenge 30cm (kask, wengepeits)<br \/>\nSylinder s\u00f8lv 12cm (bj\u00f8rk, s\u00f8lvfarge)<br \/>\nSylinder s\u00f8lv 20 cm (bj\u00f8rk, s\u00f8lvfarget)<br \/>\nSylinder hvit 12 cm (bj\u00f8rk, hvit farge)<br \/>\nSylinder hvit 20 cm \u00d858 (bj\u00f8rk, hvit farge)<br \/>\nSylinder hvit 25 cm (bj\u00f8rk, hvit farge)<br \/>\nSylinder nat 12 cm (bj\u00f8rk, natur)<br \/>\nSylinder nat 20 cm (bj\u00f8rk, natur)<br \/>\nSylinder nat 20 cm (bj\u00f8rk, natur)<br \/>\nSylinder nat 25 cm (bj\u00f8rk, natur)<br \/>\nSylinder nat 30 cm (bj\u00f8rk, natur)<\/p>\n","protected":false},"featured_media":3616,"comment_status":"closed","ping_status":"closed","template":"","meta":{"_acf_changed":false},"product_brand":[],"product_cat":[92],"product_tag":[],"class_list":{"0":"post-3315","1":"product","2":"type-product","3":"status-publish","4":"has-post-thumbnail","6":"product_cat-sengens-ben","8":"first","9":"instock","10":"shipping-taxable","11":"product-type-simple"},"acf":[],"yoast_head":"<!-- This site is optimized with the Yoast SEO Premium plugin v26.0 (Yoast SEO v26.0) - https:\/\/yoast.com\/wordpress\/plugins\/seo\/ -->\n<title>Sylindrisk, \u00d858 mm - Hypnos<\/title>\n<meta name=\"robots\" content=\"index, follow, max-snippet:-1, max-image-preview:large, max-video-preview:-1\" \/>\n<link rel=\"canonical\" href=\"https:\/\/hypnos.ee\/no\/produkt\/sylindrisk-o58-mm\/\" \/>\n<meta property=\"og:locale\" content=\"nb_NO\" \/>\n<meta property=\"og:type\" content=\"article\" \/>\n<meta property=\"og:title\" content=\"Sylindrisk, \u00d858 mm\" \/>\n<meta property=\"og:description\" content=\"Sylinder kirseb\u00e6r 12cm (bj\u00f8rk, kirseb\u00e6r) Sylinder kirseb\u00e6r 20 cm (bj\u00f8rk, kirseb\u00e6rflis) Sylindermutter 12 cm (bj\u00f8rk, valn\u00f8tt) Sylindermutter 20 cm (bj\u00f8rk, valn\u00f8tt) Sylindermutter 25 cm (bj\u00f8rk, valn\u00f8tt) Sylinder wenge 12cm (kask, wengepeits) Sylinder wenge 20cm (cask, wengepeits) Sylinder wenge 25 cm (fat, wengebeis) Sylinder wenge 30cm (kask, wengepeits) Sylinder s\u00f8lv 12cm (bj\u00f8rk, s\u00f8lvfarge) Sylinder s\u00f8lv 20 cm (bj\u00f8rk, s\u00f8lvfarget) Sylinder hvit 12 cm (bj\u00f8rk, hvit farge) Sylinder hvit 20 cm \u00d858 (bj\u00f8rk, hvit farge) Sylinder hvit 25 cm (bj\u00f8rk, hvit farge) Sylinder nat 12 cm (bj\u00f8rk, natur) Sylinder nat 20 cm (bj\u00f8rk, natur) Sylinder nat 20 cm (bj\u00f8rk, natur) Sylinder nat 25 cm (bj\u00f8rk, natur) Sylinder nat 30 cm (bj\u00f8rk, natur)\" \/>\n<meta property=\"og:url\" content=\"https:\/\/hypnos.ee\/no\/produkt\/sylindrisk-o58-mm\/\" \/>\n<meta property=\"og:site_name\" content=\"Hypnos\" \/>\n<meta property=\"og:image\" content=\"https:\/\/hypnos.ee\/wp-content\/uploads\/2025\/03\/kandilised-ja-silindrilised_f_5_590_1.jpg\" \/>\n\t<meta property=\"og:image:width\" content=\"208\" \/>\n\t<meta property=\"og:image:height\" content=\"590\" \/>\n\t<meta property=\"og:image:type\" content=\"image\/jpeg\" \/>\n<meta name=\"twitter:card\" content=\"summary_large_image\" \/>\n<script type=\"application\/ld+json\" class=\"yoast-schema-graph\">{\"@context\":\"https:\/\/schema.org\",\"@graph\":[{\"@type\":\"WebPage\",\"@id\":\"https:\/\/hypnos.ee\/no\/produkt\/sylindrisk-o58-mm\/\",\"url\":\"https:\/\/hypnos.ee\/no\/produkt\/sylindrisk-o58-mm\/\",\"name\":\"Sylindrisk, \u00d858 mm - Hypnos\",\"isPartOf\":{\"@id\":\"https:\/\/hypnos.ee\/no\/#website\"},\"primaryImageOfPage\":{\"@id\":\"https:\/\/hypnos.ee\/no\/produkt\/sylindrisk-o58-mm\/#primaryimage\"},\"image\":{\"@id\":\"https:\/\/hypnos.ee\/no\/produkt\/sylindrisk-o58-mm\/#primaryimage\"},\"thumbnailUrl\":\"https:\/\/hypnos.ee\/wp-content\/uploads\/2025\/05\/hypnos-e-pood-1024x1024-4.jpg\",\"datePublished\":\"2025-05-08T05:59:57+00:00\",\"breadcrumb\":{\"@id\":\"https:\/\/hypnos.ee\/no\/produkt\/sylindrisk-o58-mm\/#breadcrumb\"},\"inLanguage\":\"nb-NO\",\"potentialAction\":[{\"@type\":\"ReadAction\",\"target\":[\"https:\/\/hypnos.ee\/no\/produkt\/sylindrisk-o58-mm\/\"]}]},{\"@type\":\"ImageObject\",\"inLanguage\":\"nb-NO\",\"@id\":\"https:\/\/hypnos.ee\/no\/produkt\/sylindrisk-o58-mm\/#primaryimage\",\"url\":\"https:\/\/hypnos.ee\/wp-content\/uploads\/2025\/05\/hypnos-e-pood-1024x1024-4.jpg\",\"contentUrl\":\"https:\/\/hypnos.ee\/wp-content\/uploads\/2025\/05\/hypnos-e-pood-1024x1024-4.jpg\",\"width\":1024,\"height\":1024},{\"@type\":\"BreadcrumbList\",\"@id\":\"https:\/\/hypnos.ee\/no\/produkt\/sylindrisk-o58-mm\/#breadcrumb\",\"itemListElement\":[{\"@type\":\"ListItem\",\"position\":1,\"name\":\"Home\",\"item\":\"https:\/\/hypnos.ee\/no\/\"},{\"@type\":\"ListItem\",\"position\":2,\"name\":\"Produkter\",\"item\":\"https:\/\/hypnos.ee\/tooted\/\"},{\"@type\":\"ListItem\",\"position\":3,\"name\":\"Sylindrisk, \u00d858 mm\"}]},{\"@type\":\"WebSite\",\"@id\":\"https:\/\/hypnos.ee\/no\/#website\",\"url\":\"https:\/\/hypnos.ee\/no\/\",\"name\":\"Hypnos\",\"description\":\"T\u00f5stame unekogemust\",\"publisher\":{\"@id\":\"https:\/\/hypnos.ee\/no\/#organization\"},\"potentialAction\":[{\"@type\":\"SearchAction\",\"target\":{\"@type\":\"EntryPoint\",\"urlTemplate\":\"https:\/\/hypnos.ee\/no\/?s={search_term_string}\"},\"query-input\":{\"@type\":\"PropertyValueSpecification\",\"valueRequired\":true,\"valueName\":\"search_term_string\"}}],\"inLanguage\":\"nb-NO\"},{\"@type\":\"Organization\",\"@id\":\"https:\/\/hypnos.ee\/no\/#organization\",\"name\":\"Hypnos\",\"url\":\"https:\/\/hypnos.ee\/no\/\",\"logo\":{\"@type\":\"ImageObject\",\"inLanguage\":\"nb-NO\",\"@id\":\"https:\/\/hypnos.ee\/no\/#\/schema\/logo\/image\/\",\"url\":\"https:\/\/hypnos.ee\/wp-content\/uploads\/2025\/06\/cropped-Hypnos-fa.png\",\"contentUrl\":\"https:\/\/hypnos.ee\/wp-content\/uploads\/2025\/06\/cropped-Hypnos-fa.png\",\"width\":512,\"height\":512,\"caption\":\"Hypnos\"},\"image\":{\"@id\":\"https:\/\/hypnos.ee\/no\/#\/schema\/logo\/image\/\"}}]}<\/script>\n<!-- \/ Yoast SEO Premium plugin. -->","yoast_head_json":{"title":"Sylindrisk, \u00d858 mm - Hypnos","robots":{"index":"index","follow":"follow","max-snippet":"max-snippet:-1","max-image-preview":"max-image-preview:large","max-video-preview":"max-video-preview:-1"},"canonical":"https:\/\/hypnos.ee\/no\/produkt\/sylindrisk-o58-mm\/","og_locale":"nb_NO","og_type":"article","og_title":"Sylindrisk, \u00d858 mm","og_description":"Sylinder kirseb\u00e6r 12cm (bj\u00f8rk, kirseb\u00e6r) Sylinder kirseb\u00e6r 20 cm (bj\u00f8rk, kirseb\u00e6rflis) Sylindermutter 12 cm (bj\u00f8rk, valn\u00f8tt) Sylindermutter 20 cm (bj\u00f8rk, valn\u00f8tt) Sylindermutter 25 cm (bj\u00f8rk, valn\u00f8tt) Sylinder wenge 12cm (kask, wengepeits) Sylinder wenge 20cm (cask, wengepeits) Sylinder wenge 25 cm (fat, wengebeis) Sylinder wenge 30cm (kask, wengepeits) Sylinder s\u00f8lv 12cm (bj\u00f8rk, s\u00f8lvfarge) Sylinder s\u00f8lv 20 cm (bj\u00f8rk, s\u00f8lvfarget) Sylinder hvit 12 cm (bj\u00f8rk, hvit farge) Sylinder hvit 20 cm \u00d858 (bj\u00f8rk, hvit farge) Sylinder hvit 25 cm (bj\u00f8rk, hvit farge) Sylinder nat 12 cm (bj\u00f8rk, natur) Sylinder nat 20 cm (bj\u00f8rk, natur) Sylinder nat 20 cm (bj\u00f8rk, natur) Sylinder nat 25 cm (bj\u00f8rk, natur) Sylinder nat 30 cm (bj\u00f8rk, natur)","og_url":"https:\/\/hypnos.ee\/no\/produkt\/sylindrisk-o58-mm\/","og_site_name":"Hypnos","og_image":[{"width":208,"height":590,"url":"https:\/\/hypnos.ee\/wp-content\/uploads\/2025\/03\/kandilised-ja-silindrilised_f_5_590_1.jpg","type":"image\/jpeg"}],"twitter_card":"summary_large_image","schema":{"@context":"https:\/\/schema.org","@graph":[{"@type":"WebPage","@id":"https:\/\/hypnos.ee\/no\/produkt\/sylindrisk-o58-mm\/","url":"https:\/\/hypnos.ee\/no\/produkt\/sylindrisk-o58-mm\/","name":"Sylindrisk, \u00d858 mm - Hypnos","isPartOf":{"@id":"https:\/\/hypnos.ee\/no\/#website"},"primaryImageOfPage":{"@id":"https:\/\/hypnos.ee\/no\/produkt\/sylindrisk-o58-mm\/#primaryimage"},"image":{"@id":"https:\/\/hypnos.ee\/no\/produkt\/sylindrisk-o58-mm\/#primaryimage"},"thumbnailUrl":"https:\/\/hypnos.ee\/wp-content\/uploads\/2025\/05\/hypnos-e-pood-1024x1024-4.jpg","datePublished":"2025-05-08T05:59:57+00:00","breadcrumb":{"@id":"https:\/\/hypnos.ee\/no\/produkt\/sylindrisk-o58-mm\/#breadcrumb"},"inLanguage":"nb-NO","potentialAction":[{"@type":"ReadAction","target":["https:\/\/hypnos.ee\/no\/produkt\/sylindrisk-o58-mm\/"]}]},{"@type":"ImageObject","inLanguage":"nb-NO","@id":"https:\/\/hypnos.ee\/no\/produkt\/sylindrisk-o58-mm\/#primaryimage","url":"https:\/\/hypnos.ee\/wp-content\/uploads\/2025\/05\/hypnos-e-pood-1024x1024-4.jpg","contentUrl":"https:\/\/hypnos.ee\/wp-content\/uploads\/2025\/05\/hypnos-e-pood-1024x1024-4.jpg","width":1024,"height":1024},{"@type":"BreadcrumbList","@id":"https:\/\/hypnos.ee\/no\/produkt\/sylindrisk-o58-mm\/#breadcrumb","itemListElement":[{"@type":"ListItem","position":1,"name":"Home","item":"https:\/\/hypnos.ee\/no\/"},{"@type":"ListItem","position":2,"name":"Produkter","item":"https:\/\/hypnos.ee\/tooted\/"},{"@type":"ListItem","position":3,"name":"Sylindrisk, \u00d858 mm"}]},{"@type":"WebSite","@id":"https:\/\/hypnos.ee\/no\/#website","url":"https:\/\/hypnos.ee\/no\/","name":"Hypnos","description":"T\u00f5stame unekogemust","publisher":{"@id":"https:\/\/hypnos.ee\/no\/#organization"},"potentialAction":[{"@type":"SearchAction","target":{"@type":"EntryPoint","urlTemplate":"https:\/\/hypnos.ee\/no\/?s={search_term_string}"},"query-input":{"@type":"PropertyValueSpecification","valueRequired":true,"valueName":"search_term_string"}}],"inLanguage":"nb-NO"},{"@type":"Organization","@id":"https:\/\/hypnos.ee\/no\/#organization","name":"Hypnos","url":"https:\/\/hypnos.ee\/no\/","logo":{"@type":"ImageObject","inLanguage":"nb-NO","@id":"https:\/\/hypnos.ee\/no\/#\/schema\/logo\/image\/","url":"https:\/\/hypnos.ee\/wp-content\/uploads\/2025\/06\/cropped-Hypnos-fa.png","contentUrl":"https:\/\/hypnos.ee\/wp-content\/uploads\/2025\/06\/cropped-Hypnos-fa.png","width":512,"height":512,"caption":"Hypnos"},"image":{"@id":"https:\/\/hypnos.ee\/no\/#\/schema\/logo\/image\/"}}]}},"_links":{"self":[{"href":"https:\/\/hypnos.ee\/no\/wp-json\/wp\/v2\/product\/3315","targetHints":{"allow":["GET"]}}],"collection":[{"href":"https:\/\/hypnos.ee\/no\/wp-json\/wp\/v2\/product"}],"about":[{"href":"https:\/\/hypnos.ee\/no\/wp-json\/wp\/v2\/types\/product"}],"replies":[{"embeddable":true,"href":"https:\/\/hypnos.ee\/no\/wp-json\/wp\/v2\/comments?post=3315"}],"wp:featuredmedia":[{"embeddable":true,"href":"https:\/\/hypnos.ee\/no\/wp-json\/wp\/v2\/media\/3616"}],"wp:attachment":[{"href":"https:\/\/hypnos.ee\/no\/wp-json\/wp\/v2\/media?parent=3315"}],"wp:term":[{"taxonomy":"product_brand","embeddable":true,"href":"https:\/\/hypnos.ee\/no\/wp-json\/wp\/v2\/product_brand?post=3315"},{"taxonomy":"product_cat","embeddable":true,"href":"https:\/\/hypnos.ee\/no\/wp-json\/wp\/v2\/product_cat?post=3315"},{"taxonomy":"product_tag","embeddable":true,"href":"https:\/\/hypnos.ee\/no\/wp-json\/wp\/v2\/product_tag?post=3315"}],"curies":[{"name":"wp","href":"https:\/\/api.w.org\/{rel}","templated":true}]}}