{"id":3307,"date":"2025-03-26T14:39:33","date_gmt":"2025-03-26T12:39:33","guid":{"rendered":"https:\/\/hypnos.ee\/toode\/athena-seng-med-servant\/"},"modified":"2025-03-26T14:39:33","modified_gmt":"2025-03-26T12:39:33","slug":"athena-seng-med-servant","status":"publish","type":"product","link":"https:\/\/hypnos.ee\/no\/produkt\/athena-seng-med-servant\/","title":{"rendered":"Athena seng med servant"},"content":{"rendered":"","protected":false},"excerpt":{"rendered":"<p data-key=\"N91OC\"><strong>Praktisk og robust seng med et stort vaskerom.<\/strong><\/p>\n<p data-key=\"mXlkg\">Athena er det perfekte valget n\u00e5r du trenger en funksjonell og robust seng med smart oppbevaring. Sengebunnen er laget av solide melaminbelagte sponplater og egner seg godt til oppbevaring av tunge gjenstander. <\/p>\n<p data-key=\"B6QeP\">Sengen er laget av 16 cm h\u00f8ye pocketfj\u00e6rer (245 fj\u00e6rer\/m\u00b2) med valgfri stivhet &#8211; enten litt mykere (1,9 mm) eller sterkere (2,0 mm tr\u00e5d). Polstringen er laget av h\u00f8ykvalitets HR-porolone med en tetthet p\u00e5 35 kg\/m\u00b3, noe som gir en stabil og behagelig liggeflate. <\/p>\n<p data-key=\"81mMK\">Takket v\u00e6re den pneumatiske l\u00f8ftemekanismen er det enkelt, stille og smidig \u00e5 \u00e5pne vaskeboksen. Sengen er kledd i slitesterkt stoff eller kunstl\u00e6r, alt etter hva du foretrekker.<br \/>\nVelg matchende madrass og sengegavl for \u00e5 skape et soverom i din egen stil. <\/p>\n","protected":false},"featured_media":3309,"comment_status":"closed","ping_status":"closed","template":"","meta":{"_acf_changed":false},"product_brand":[],"product_cat":[105],"product_tag":[],"class_list":{"0":"post-3307","1":"product","2":"type-product","3":"status-publish","4":"has-post-thumbnail","6":"product_cat-senger-med-vaskerom","8":"first","9":"instock","10":"shipping-taxable","11":"product-type-simple"},"acf":[],"yoast_head":"<!-- This site is optimized with the Yoast SEO Premium plugin v26.0 (Yoast SEO v26.0) - https:\/\/yoast.com\/wordpress\/plugins\/seo\/ -->\n<title>Athena seng med servant - Hypnos<\/title>\n<meta name=\"robots\" content=\"index, follow, max-snippet:-1, max-image-preview:large, max-video-preview:-1\" \/>\n<link rel=\"canonical\" href=\"https:\/\/hypnos.ee\/no\/produkt\/athena-seng-med-servant\/\" \/>\n<meta property=\"og:locale\" content=\"nb_NO\" \/>\n<meta property=\"og:type\" content=\"article\" \/>\n<meta property=\"og:title\" content=\"Athena seng med servant\" \/>\n<meta property=\"og:description\" content=\"Praktisk og robust seng med et stort vaskerom. Athena er det perfekte valget n\u00e5r du trenger en funksjonell og robust seng med smart oppbevaring. Sengebunnen er laget av solide melaminbelagte sponplater og egner seg godt til oppbevaring av tunge gjenstander. Sengen er laget av 16 cm h\u00f8ye pocketfj\u00e6rer (245 fj\u00e6rer\/m\u00b2) med valgfri stivhet - enten litt mykere (1,9 mm) eller sterkere (2,0 mm tr\u00e5d). Polstringen er laget av h\u00f8ykvalitets HR-porolone med en tetthet p\u00e5 35 kg\/m\u00b3, noe som gir en stabil og behagelig liggeflate. Takket v\u00e6re den pneumatiske l\u00f8ftemekanismen er det enkelt, stille og smidig \u00e5 \u00e5pne vaskeboksen. Sengen er kledd i slitesterkt stoff eller kunstl\u00e6r, alt etter hva du foretrekker. Velg matchende madrass og sengegavl for \u00e5 skape et soverom i din egen stil.\" \/>\n<meta property=\"og:url\" content=\"https:\/\/hypnos.ee\/no\/produkt\/athena-seng-med-servant\/\" \/>\n<meta property=\"og:site_name\" content=\"Hypnos\" \/>\n<meta property=\"og:image\" content=\"https:\/\/hypnos.ee\/wp-content\/uploads\/2025\/03\/kontinentaalvoodi-selene-kastiga_f_2_590_1.jpg\" \/>\n\t<meta property=\"og:image:width\" content=\"590\" \/>\n\t<meta property=\"og:image:height\" content=\"394\" \/>\n\t<meta property=\"og:image:type\" content=\"image\/jpeg\" \/>\n<meta name=\"twitter:card\" content=\"summary_large_image\" \/>\n<script type=\"application\/ld+json\" class=\"yoast-schema-graph\">{\"@context\":\"https:\/\/schema.org\",\"@graph\":[{\"@type\":\"WebPage\",\"@id\":\"https:\/\/hypnos.ee\/no\/produkt\/athena-seng-med-servant\/\",\"url\":\"https:\/\/hypnos.ee\/no\/produkt\/athena-seng-med-servant\/\",\"name\":\"Athena seng med servant - Hypnos\",\"isPartOf\":{\"@id\":\"https:\/\/hypnos.ee\/no\/#website\"},\"primaryImageOfPage\":{\"@id\":\"https:\/\/hypnos.ee\/no\/produkt\/athena-seng-med-servant\/#primaryimage\"},\"image\":{\"@id\":\"https:\/\/hypnos.ee\/no\/produkt\/athena-seng-med-servant\/#primaryimage\"},\"thumbnailUrl\":\"https:\/\/hypnos.ee\/wp-content\/uploads\/2025\/03\/kontinentaalvoodi-selene-kastiga_f_2_590_1.jpg\",\"datePublished\":\"2025-03-26T12:39:33+00:00\",\"breadcrumb\":{\"@id\":\"https:\/\/hypnos.ee\/no\/produkt\/athena-seng-med-servant\/#breadcrumb\"},\"inLanguage\":\"nb-NO\",\"potentialAction\":[{\"@type\":\"ReadAction\",\"target\":[\"https:\/\/hypnos.ee\/no\/produkt\/athena-seng-med-servant\/\"]}]},{\"@type\":\"ImageObject\",\"inLanguage\":\"nb-NO\",\"@id\":\"https:\/\/hypnos.ee\/no\/produkt\/athena-seng-med-servant\/#primaryimage\",\"url\":\"https:\/\/hypnos.ee\/wp-content\/uploads\/2025\/03\/kontinentaalvoodi-selene-kastiga_f_2_590_1.jpg\",\"contentUrl\":\"https:\/\/hypnos.ee\/wp-content\/uploads\/2025\/03\/kontinentaalvoodi-selene-kastiga_f_2_590_1.jpg\",\"width\":590,\"height\":394},{\"@type\":\"BreadcrumbList\",\"@id\":\"https:\/\/hypnos.ee\/no\/produkt\/athena-seng-med-servant\/#breadcrumb\",\"itemListElement\":[{\"@type\":\"ListItem\",\"position\":1,\"name\":\"Home\",\"item\":\"https:\/\/hypnos.ee\/no\/\"},{\"@type\":\"ListItem\",\"position\":2,\"name\":\"Produkter\",\"item\":\"https:\/\/hypnos.ee\/tooted\/\"},{\"@type\":\"ListItem\",\"position\":3,\"name\":\"Athena seng med servant\"}]},{\"@type\":\"WebSite\",\"@id\":\"https:\/\/hypnos.ee\/no\/#website\",\"url\":\"https:\/\/hypnos.ee\/no\/\",\"name\":\"Hypnos\",\"description\":\"T\u00f5stame unekogemust\",\"publisher\":{\"@id\":\"https:\/\/hypnos.ee\/no\/#organization\"},\"potentialAction\":[{\"@type\":\"SearchAction\",\"target\":{\"@type\":\"EntryPoint\",\"urlTemplate\":\"https:\/\/hypnos.ee\/no\/?s={search_term_string}\"},\"query-input\":{\"@type\":\"PropertyValueSpecification\",\"valueRequired\":true,\"valueName\":\"search_term_string\"}}],\"inLanguage\":\"nb-NO\"},{\"@type\":\"Organization\",\"@id\":\"https:\/\/hypnos.ee\/no\/#organization\",\"name\":\"Hypnos\",\"url\":\"https:\/\/hypnos.ee\/no\/\",\"logo\":{\"@type\":\"ImageObject\",\"inLanguage\":\"nb-NO\",\"@id\":\"https:\/\/hypnos.ee\/no\/#\/schema\/logo\/image\/\",\"url\":\"https:\/\/hypnos.ee\/wp-content\/uploads\/2025\/06\/cropped-Hypnos-fa.png\",\"contentUrl\":\"https:\/\/hypnos.ee\/wp-content\/uploads\/2025\/06\/cropped-Hypnos-fa.png\",\"width\":512,\"height\":512,\"caption\":\"Hypnos\"},\"image\":{\"@id\":\"https:\/\/hypnos.ee\/no\/#\/schema\/logo\/image\/\"}}]}<\/script>\n<!-- \/ Yoast SEO Premium plugin. -->","yoast_head_json":{"title":"Athena seng med servant - Hypnos","robots":{"index":"index","follow":"follow","max-snippet":"max-snippet:-1","max-image-preview":"max-image-preview:large","max-video-preview":"max-video-preview:-1"},"canonical":"https:\/\/hypnos.ee\/no\/produkt\/athena-seng-med-servant\/","og_locale":"nb_NO","og_type":"article","og_title":"Athena seng med servant","og_description":"Praktisk og robust seng med et stort vaskerom. Athena er det perfekte valget n\u00e5r du trenger en funksjonell og robust seng med smart oppbevaring. Sengebunnen er laget av solide melaminbelagte sponplater og egner seg godt til oppbevaring av tunge gjenstander. Sengen er laget av 16 cm h\u00f8ye pocketfj\u00e6rer (245 fj\u00e6rer\/m\u00b2) med valgfri stivhet - enten litt mykere (1,9 mm) eller sterkere (2,0 mm tr\u00e5d). Polstringen er laget av h\u00f8ykvalitets HR-porolone med en tetthet p\u00e5 35 kg\/m\u00b3, noe som gir en stabil og behagelig liggeflate. Takket v\u00e6re den pneumatiske l\u00f8ftemekanismen er det enkelt, stille og smidig \u00e5 \u00e5pne vaskeboksen. Sengen er kledd i slitesterkt stoff eller kunstl\u00e6r, alt etter hva du foretrekker. Velg matchende madrass og sengegavl for \u00e5 skape et soverom i din egen stil.","og_url":"https:\/\/hypnos.ee\/no\/produkt\/athena-seng-med-servant\/","og_site_name":"Hypnos","og_image":[{"width":590,"height":394,"url":"https:\/\/hypnos.ee\/wp-content\/uploads\/2025\/03\/kontinentaalvoodi-selene-kastiga_f_2_590_1.jpg","type":"image\/jpeg"}],"twitter_card":"summary_large_image","schema":{"@context":"https:\/\/schema.org","@graph":[{"@type":"WebPage","@id":"https:\/\/hypnos.ee\/no\/produkt\/athena-seng-med-servant\/","url":"https:\/\/hypnos.ee\/no\/produkt\/athena-seng-med-servant\/","name":"Athena seng med servant - Hypnos","isPartOf":{"@id":"https:\/\/hypnos.ee\/no\/#website"},"primaryImageOfPage":{"@id":"https:\/\/hypnos.ee\/no\/produkt\/athena-seng-med-servant\/#primaryimage"},"image":{"@id":"https:\/\/hypnos.ee\/no\/produkt\/athena-seng-med-servant\/#primaryimage"},"thumbnailUrl":"https:\/\/hypnos.ee\/wp-content\/uploads\/2025\/03\/kontinentaalvoodi-selene-kastiga_f_2_590_1.jpg","datePublished":"2025-03-26T12:39:33+00:00","breadcrumb":{"@id":"https:\/\/hypnos.ee\/no\/produkt\/athena-seng-med-servant\/#breadcrumb"},"inLanguage":"nb-NO","potentialAction":[{"@type":"ReadAction","target":["https:\/\/hypnos.ee\/no\/produkt\/athena-seng-med-servant\/"]}]},{"@type":"ImageObject","inLanguage":"nb-NO","@id":"https:\/\/hypnos.ee\/no\/produkt\/athena-seng-med-servant\/#primaryimage","url":"https:\/\/hypnos.ee\/wp-content\/uploads\/2025\/03\/kontinentaalvoodi-selene-kastiga_f_2_590_1.jpg","contentUrl":"https:\/\/hypnos.ee\/wp-content\/uploads\/2025\/03\/kontinentaalvoodi-selene-kastiga_f_2_590_1.jpg","width":590,"height":394},{"@type":"BreadcrumbList","@id":"https:\/\/hypnos.ee\/no\/produkt\/athena-seng-med-servant\/#breadcrumb","itemListElement":[{"@type":"ListItem","position":1,"name":"Home","item":"https:\/\/hypnos.ee\/no\/"},{"@type":"ListItem","position":2,"name":"Produkter","item":"https:\/\/hypnos.ee\/tooted\/"},{"@type":"ListItem","position":3,"name":"Athena seng med servant"}]},{"@type":"WebSite","@id":"https:\/\/hypnos.ee\/no\/#website","url":"https:\/\/hypnos.ee\/no\/","name":"Hypnos","description":"T\u00f5stame unekogemust","publisher":{"@id":"https:\/\/hypnos.ee\/no\/#organization"},"potentialAction":[{"@type":"SearchAction","target":{"@type":"EntryPoint","urlTemplate":"https:\/\/hypnos.ee\/no\/?s={search_term_string}"},"query-input":{"@type":"PropertyValueSpecification","valueRequired":true,"valueName":"search_term_string"}}],"inLanguage":"nb-NO"},{"@type":"Organization","@id":"https:\/\/hypnos.ee\/no\/#organization","name":"Hypnos","url":"https:\/\/hypnos.ee\/no\/","logo":{"@type":"ImageObject","inLanguage":"nb-NO","@id":"https:\/\/hypnos.ee\/no\/#\/schema\/logo\/image\/","url":"https:\/\/hypnos.ee\/wp-content\/uploads\/2025\/06\/cropped-Hypnos-fa.png","contentUrl":"https:\/\/hypnos.ee\/wp-content\/uploads\/2025\/06\/cropped-Hypnos-fa.png","width":512,"height":512,"caption":"Hypnos"},"image":{"@id":"https:\/\/hypnos.ee\/no\/#\/schema\/logo\/image\/"}}]}},"_links":{"self":[{"href":"https:\/\/hypnos.ee\/no\/wp-json\/wp\/v2\/product\/3307","targetHints":{"allow":["GET"]}}],"collection":[{"href":"https:\/\/hypnos.ee\/no\/wp-json\/wp\/v2\/product"}],"about":[{"href":"https:\/\/hypnos.ee\/no\/wp-json\/wp\/v2\/types\/product"}],"replies":[{"embeddable":true,"href":"https:\/\/hypnos.ee\/no\/wp-json\/wp\/v2\/comments?post=3307"}],"wp:featuredmedia":[{"embeddable":true,"href":"https:\/\/hypnos.ee\/no\/wp-json\/wp\/v2\/media\/3309"}],"wp:attachment":[{"href":"https:\/\/hypnos.ee\/no\/wp-json\/wp\/v2\/media?parent=3307"}],"wp:term":[{"taxonomy":"product_brand","embeddable":true,"href":"https:\/\/hypnos.ee\/no\/wp-json\/wp\/v2\/product_brand?post=3307"},{"taxonomy":"product_cat","embeddable":true,"href":"https:\/\/hypnos.ee\/no\/wp-json\/wp\/v2\/product_cat?post=3307"},{"taxonomy":"product_tag","embeddable":true,"href":"https:\/\/hypnos.ee\/no\/wp-json\/wp\/v2\/product_tag?post=3307"}],"curies":[{"name":"wp","href":"https:\/\/api.w.org\/{rel}","templated":true}]}}