{"id":3274,"date":"2025-03-26T14:40:20","date_gmt":"2025-03-26T12:40:20","guid":{"rendered":"https:\/\/hypnos.ee\/toode\/artemis-justerbar-seng-med-servant\/"},"modified":"2025-03-26T14:40:20","modified_gmt":"2025-03-26T12:40:20","slug":"artemis-justerbar-seng-med-servant","status":"publish","type":"product","link":"https:\/\/hypnos.ee\/no\/produkt\/artemis-justerbar-seng-med-servant\/","title":{"rendered":"Artemis justerbar seng med servant"},"content":{"rendered":"","protected":false},"excerpt":{"rendered":"<p data-key=\"jUCQL\"><strong>Allsidig og komfortabel seng med justerbare gavler og skjult oppbevaring.<\/strong><\/p>\n<p data-key=\"aG52h\">Artemis er en flott l\u00f8sning for deg som setter pris p\u00e5 ekstra funksjonalitet b\u00e5de n\u00e5r det gjelder komfort og oppbevaring. Sengens hode- og fotgavl kan l\u00f8ftes manuelt til en passende posisjon, noe som gir ekstra st\u00f8tte n\u00e5r du for eksempel skal lese eller heve bena. <\/p>\n<p data-key=\"XcY5k\">Den robuste melaminbelagte skittent\u00f8yskurven har god plass til selv de tyngste tingene. Madrassseksjonen med pocket-fj\u00e6rer (16 cm, 245 fj\u00e6rer\/m\u00b2, 2,0 mm tr\u00e5d) gir fast og balansert st\u00f8tte. <\/p>\n<p data-key=\"fKGnL\">Polstringen er laget av 2 cm porolone av h\u00f8y kvalitet, og fj\u00e6rblokken st\u00f8ttes av en forsterket kryssfinerbase.<\/p>\n<p data-key=\"KSLKi\">Sengen er trukket med slitesterkt m\u00f8belstoff eller kunstskinn som holder lenge og ser flott ut.<br \/>\nLegg til en matchende madrass og sengegavl til sengesettet for \u00e5 skape en komplett l\u00f8sning som passer akkurat for deg.<\/p>\n","protected":false},"featured_media":3275,"comment_status":"closed","ping_status":"closed","template":"","meta":{"_acf_changed":false},"product_brand":[],"product_cat":[105],"product_tag":[],"class_list":{"0":"post-3274","1":"product","2":"type-product","3":"status-publish","4":"has-post-thumbnail","6":"product_cat-senger-med-vaskerom","8":"first","9":"instock","10":"shipping-taxable","11":"product-type-simple"},"acf":[],"yoast_head":"<!-- This site is optimized with the Yoast SEO Premium plugin v26.0 (Yoast SEO v26.0) - https:\/\/yoast.com\/wordpress\/plugins\/seo\/ -->\n<title>Artemis justerbar seng med servant - Hypnos<\/title>\n<meta name=\"robots\" content=\"index, follow, max-snippet:-1, max-image-preview:large, max-video-preview:-1\" \/>\n<link rel=\"canonical\" href=\"https:\/\/hypnos.ee\/no\/produkt\/artemis-justerbar-seng-med-servant\/\" \/>\n<meta property=\"og:locale\" content=\"nb_NO\" \/>\n<meta property=\"og:type\" content=\"article\" \/>\n<meta property=\"og:title\" content=\"Artemis justerbar seng med servant\" \/>\n<meta property=\"og:description\" content=\"Allsidig og komfortabel seng med justerbare gavler og skjult oppbevaring. Artemis er en flott l\u00f8sning for deg som setter pris p\u00e5 ekstra funksjonalitet b\u00e5de n\u00e5r det gjelder komfort og oppbevaring. Sengens hode- og fotgavl kan l\u00f8ftes manuelt til en passende posisjon, noe som gir ekstra st\u00f8tte n\u00e5r du for eksempel skal lese eller heve bena. Den robuste melaminbelagte skittent\u00f8yskurven har god plass til selv de tyngste tingene. Madrassseksjonen med pocket-fj\u00e6rer (16 cm, 245 fj\u00e6rer\/m\u00b2, 2,0 mm tr\u00e5d) gir fast og balansert st\u00f8tte. Polstringen er laget av 2 cm porolone av h\u00f8y kvalitet, og fj\u00e6rblokken st\u00f8ttes av en forsterket kryssfinerbase. Sengen er trukket med slitesterkt m\u00f8belstoff eller kunstskinn som holder lenge og ser flott ut. Legg til en matchende madrass og sengegavl til sengesettet for \u00e5 skape en komplett l\u00f8sning som passer akkurat for deg.\" \/>\n<meta property=\"og:url\" content=\"https:\/\/hypnos.ee\/no\/produkt\/artemis-justerbar-seng-med-servant\/\" \/>\n<meta property=\"og:site_name\" content=\"Hypnos\" \/>\n<meta property=\"og:image\" content=\"https:\/\/hypnos.ee\/wp-content\/uploads\/2025\/03\/pesukastiga-voodi-athena_f_1_590_1.jpg\" \/>\n\t<meta property=\"og:image:width\" content=\"590\" \/>\n\t<meta property=\"og:image:height\" content=\"394\" \/>\n\t<meta property=\"og:image:type\" content=\"image\/jpeg\" \/>\n<meta name=\"twitter:card\" content=\"summary_large_image\" \/>\n<script type=\"application\/ld+json\" class=\"yoast-schema-graph\">{\"@context\":\"https:\/\/schema.org\",\"@graph\":[{\"@type\":\"WebPage\",\"@id\":\"https:\/\/hypnos.ee\/no\/produkt\/artemis-justerbar-seng-med-servant\/\",\"url\":\"https:\/\/hypnos.ee\/no\/produkt\/artemis-justerbar-seng-med-servant\/\",\"name\":\"Artemis justerbar seng med servant - Hypnos\",\"isPartOf\":{\"@id\":\"https:\/\/hypnos.ee\/no\/#website\"},\"primaryImageOfPage\":{\"@id\":\"https:\/\/hypnos.ee\/no\/produkt\/artemis-justerbar-seng-med-servant\/#primaryimage\"},\"image\":{\"@id\":\"https:\/\/hypnos.ee\/no\/produkt\/artemis-justerbar-seng-med-servant\/#primaryimage\"},\"thumbnailUrl\":\"https:\/\/hypnos.ee\/wp-content\/uploads\/2025\/03\/pesukastiga-voodi-athena_f_1_590_1.jpg\",\"datePublished\":\"2025-03-26T12:40:20+00:00\",\"breadcrumb\":{\"@id\":\"https:\/\/hypnos.ee\/no\/produkt\/artemis-justerbar-seng-med-servant\/#breadcrumb\"},\"inLanguage\":\"nb-NO\",\"potentialAction\":[{\"@type\":\"ReadAction\",\"target\":[\"https:\/\/hypnos.ee\/no\/produkt\/artemis-justerbar-seng-med-servant\/\"]}]},{\"@type\":\"ImageObject\",\"inLanguage\":\"nb-NO\",\"@id\":\"https:\/\/hypnos.ee\/no\/produkt\/artemis-justerbar-seng-med-servant\/#primaryimage\",\"url\":\"https:\/\/hypnos.ee\/wp-content\/uploads\/2025\/03\/pesukastiga-voodi-athena_f_1_590_1.jpg\",\"contentUrl\":\"https:\/\/hypnos.ee\/wp-content\/uploads\/2025\/03\/pesukastiga-voodi-athena_f_1_590_1.jpg\",\"width\":590,\"height\":394},{\"@type\":\"BreadcrumbList\",\"@id\":\"https:\/\/hypnos.ee\/no\/produkt\/artemis-justerbar-seng-med-servant\/#breadcrumb\",\"itemListElement\":[{\"@type\":\"ListItem\",\"position\":1,\"name\":\"Home\",\"item\":\"https:\/\/hypnos.ee\/no\/\"},{\"@type\":\"ListItem\",\"position\":2,\"name\":\"Produkter\",\"item\":\"https:\/\/hypnos.ee\/tooted\/\"},{\"@type\":\"ListItem\",\"position\":3,\"name\":\"Artemis justerbar seng med servant\"}]},{\"@type\":\"WebSite\",\"@id\":\"https:\/\/hypnos.ee\/no\/#website\",\"url\":\"https:\/\/hypnos.ee\/no\/\",\"name\":\"Hypnos\",\"description\":\"T\u00f5stame unekogemust\",\"publisher\":{\"@id\":\"https:\/\/hypnos.ee\/no\/#organization\"},\"potentialAction\":[{\"@type\":\"SearchAction\",\"target\":{\"@type\":\"EntryPoint\",\"urlTemplate\":\"https:\/\/hypnos.ee\/no\/?s={search_term_string}\"},\"query-input\":{\"@type\":\"PropertyValueSpecification\",\"valueRequired\":true,\"valueName\":\"search_term_string\"}}],\"inLanguage\":\"nb-NO\"},{\"@type\":\"Organization\",\"@id\":\"https:\/\/hypnos.ee\/no\/#organization\",\"name\":\"Hypnos\",\"url\":\"https:\/\/hypnos.ee\/no\/\",\"logo\":{\"@type\":\"ImageObject\",\"inLanguage\":\"nb-NO\",\"@id\":\"https:\/\/hypnos.ee\/no\/#\/schema\/logo\/image\/\",\"url\":\"https:\/\/hypnos.ee\/wp-content\/uploads\/2025\/06\/cropped-Hypnos-fa.png\",\"contentUrl\":\"https:\/\/hypnos.ee\/wp-content\/uploads\/2025\/06\/cropped-Hypnos-fa.png\",\"width\":512,\"height\":512,\"caption\":\"Hypnos\"},\"image\":{\"@id\":\"https:\/\/hypnos.ee\/no\/#\/schema\/logo\/image\/\"}}]}<\/script>\n<!-- \/ Yoast SEO Premium plugin. -->","yoast_head_json":{"title":"Artemis justerbar seng med servant - Hypnos","robots":{"index":"index","follow":"follow","max-snippet":"max-snippet:-1","max-image-preview":"max-image-preview:large","max-video-preview":"max-video-preview:-1"},"canonical":"https:\/\/hypnos.ee\/no\/produkt\/artemis-justerbar-seng-med-servant\/","og_locale":"nb_NO","og_type":"article","og_title":"Artemis justerbar seng med servant","og_description":"Allsidig og komfortabel seng med justerbare gavler og skjult oppbevaring. Artemis er en flott l\u00f8sning for deg som setter pris p\u00e5 ekstra funksjonalitet b\u00e5de n\u00e5r det gjelder komfort og oppbevaring. Sengens hode- og fotgavl kan l\u00f8ftes manuelt til en passende posisjon, noe som gir ekstra st\u00f8tte n\u00e5r du for eksempel skal lese eller heve bena. Den robuste melaminbelagte skittent\u00f8yskurven har god plass til selv de tyngste tingene. Madrassseksjonen med pocket-fj\u00e6rer (16 cm, 245 fj\u00e6rer\/m\u00b2, 2,0 mm tr\u00e5d) gir fast og balansert st\u00f8tte. Polstringen er laget av 2 cm porolone av h\u00f8y kvalitet, og fj\u00e6rblokken st\u00f8ttes av en forsterket kryssfinerbase. Sengen er trukket med slitesterkt m\u00f8belstoff eller kunstskinn som holder lenge og ser flott ut. Legg til en matchende madrass og sengegavl til sengesettet for \u00e5 skape en komplett l\u00f8sning som passer akkurat for deg.","og_url":"https:\/\/hypnos.ee\/no\/produkt\/artemis-justerbar-seng-med-servant\/","og_site_name":"Hypnos","og_image":[{"width":590,"height":394,"url":"https:\/\/hypnos.ee\/wp-content\/uploads\/2025\/03\/pesukastiga-voodi-athena_f_1_590_1.jpg","type":"image\/jpeg"}],"twitter_card":"summary_large_image","schema":{"@context":"https:\/\/schema.org","@graph":[{"@type":"WebPage","@id":"https:\/\/hypnos.ee\/no\/produkt\/artemis-justerbar-seng-med-servant\/","url":"https:\/\/hypnos.ee\/no\/produkt\/artemis-justerbar-seng-med-servant\/","name":"Artemis justerbar seng med servant - Hypnos","isPartOf":{"@id":"https:\/\/hypnos.ee\/no\/#website"},"primaryImageOfPage":{"@id":"https:\/\/hypnos.ee\/no\/produkt\/artemis-justerbar-seng-med-servant\/#primaryimage"},"image":{"@id":"https:\/\/hypnos.ee\/no\/produkt\/artemis-justerbar-seng-med-servant\/#primaryimage"},"thumbnailUrl":"https:\/\/hypnos.ee\/wp-content\/uploads\/2025\/03\/pesukastiga-voodi-athena_f_1_590_1.jpg","datePublished":"2025-03-26T12:40:20+00:00","breadcrumb":{"@id":"https:\/\/hypnos.ee\/no\/produkt\/artemis-justerbar-seng-med-servant\/#breadcrumb"},"inLanguage":"nb-NO","potentialAction":[{"@type":"ReadAction","target":["https:\/\/hypnos.ee\/no\/produkt\/artemis-justerbar-seng-med-servant\/"]}]},{"@type":"ImageObject","inLanguage":"nb-NO","@id":"https:\/\/hypnos.ee\/no\/produkt\/artemis-justerbar-seng-med-servant\/#primaryimage","url":"https:\/\/hypnos.ee\/wp-content\/uploads\/2025\/03\/pesukastiga-voodi-athena_f_1_590_1.jpg","contentUrl":"https:\/\/hypnos.ee\/wp-content\/uploads\/2025\/03\/pesukastiga-voodi-athena_f_1_590_1.jpg","width":590,"height":394},{"@type":"BreadcrumbList","@id":"https:\/\/hypnos.ee\/no\/produkt\/artemis-justerbar-seng-med-servant\/#breadcrumb","itemListElement":[{"@type":"ListItem","position":1,"name":"Home","item":"https:\/\/hypnos.ee\/no\/"},{"@type":"ListItem","position":2,"name":"Produkter","item":"https:\/\/hypnos.ee\/tooted\/"},{"@type":"ListItem","position":3,"name":"Artemis justerbar seng med servant"}]},{"@type":"WebSite","@id":"https:\/\/hypnos.ee\/no\/#website","url":"https:\/\/hypnos.ee\/no\/","name":"Hypnos","description":"T\u00f5stame unekogemust","publisher":{"@id":"https:\/\/hypnos.ee\/no\/#organization"},"potentialAction":[{"@type":"SearchAction","target":{"@type":"EntryPoint","urlTemplate":"https:\/\/hypnos.ee\/no\/?s={search_term_string}"},"query-input":{"@type":"PropertyValueSpecification","valueRequired":true,"valueName":"search_term_string"}}],"inLanguage":"nb-NO"},{"@type":"Organization","@id":"https:\/\/hypnos.ee\/no\/#organization","name":"Hypnos","url":"https:\/\/hypnos.ee\/no\/","logo":{"@type":"ImageObject","inLanguage":"nb-NO","@id":"https:\/\/hypnos.ee\/no\/#\/schema\/logo\/image\/","url":"https:\/\/hypnos.ee\/wp-content\/uploads\/2025\/06\/cropped-Hypnos-fa.png","contentUrl":"https:\/\/hypnos.ee\/wp-content\/uploads\/2025\/06\/cropped-Hypnos-fa.png","width":512,"height":512,"caption":"Hypnos"},"image":{"@id":"https:\/\/hypnos.ee\/no\/#\/schema\/logo\/image\/"}}]}},"_links":{"self":[{"href":"https:\/\/hypnos.ee\/no\/wp-json\/wp\/v2\/product\/3274","targetHints":{"allow":["GET"]}}],"collection":[{"href":"https:\/\/hypnos.ee\/no\/wp-json\/wp\/v2\/product"}],"about":[{"href":"https:\/\/hypnos.ee\/no\/wp-json\/wp\/v2\/types\/product"}],"replies":[{"embeddable":true,"href":"https:\/\/hypnos.ee\/no\/wp-json\/wp\/v2\/comments?post=3274"}],"wp:featuredmedia":[{"embeddable":true,"href":"https:\/\/hypnos.ee\/no\/wp-json\/wp\/v2\/media\/3275"}],"wp:attachment":[{"href":"https:\/\/hypnos.ee\/no\/wp-json\/wp\/v2\/media?parent=3274"}],"wp:term":[{"taxonomy":"product_brand","embeddable":true,"href":"https:\/\/hypnos.ee\/no\/wp-json\/wp\/v2\/product_brand?post=3274"},{"taxonomy":"product_cat","embeddable":true,"href":"https:\/\/hypnos.ee\/no\/wp-json\/wp\/v2\/product_cat?post=3274"},{"taxonomy":"product_tag","embeddable":true,"href":"https:\/\/hypnos.ee\/no\/wp-json\/wp\/v2\/product_tag?post=3274"}],"curies":[{"name":"wp","href":"https:\/\/api.w.org\/{rel}","templated":true}]}}