{"id":3058,"date":"2025-03-26T13:42:05","date_gmt":"2025-03-26T11:42:05","guid":{"rendered":"https:\/\/hypnos.ee\/toode\/jupiter-takmatter\/"},"modified":"2025-03-26T13:42:05","modified_gmt":"2025-03-26T11:42:05","slug":"jupiter-takmatter","status":"publish","type":"product","link":"https:\/\/hypnos.ee\/no\/produkt\/jupiter-takmatter\/","title":{"rendered":"Jupiter takmatter"},"content":{"rendered":"","protected":false},"excerpt":{"rendered":"<p data-key=\"8vf3f\"><strong>Sonest\u00f8tte som varer.<\/strong><\/p>\n<p data-key=\"PmIRE\">Jupiter-madrassen er perfekt n\u00e5r du trenger ortopedisk st\u00f8tte til kroppen. Den naturlige 5-soners lateksen tilpasser seg kroppens ulike omr\u00e5der, gir den n\u00f8dvendige stivheten og lindrer spenninger.<br \/>\nVentilasjonskanalene s\u00f8rger for en konstant luftstr\u00f8m som holder soveomr\u00e5det friskt og t\u00f8rt \u00e5ret rundt.<\/p>\n<p data-key=\"UQoDI\">Madrassen er omgitt av et bomullsstoff av h\u00f8y kvalitet med Silver Protect-behandling, som beskytter mot st\u00f8vmidd, bakterier og mugg. En sirkul\u00e6r l\u00e5s gj\u00f8r det mulig \u00e5 dele trekket i to deler som kan vaskes hver for seg. <\/p>\n","protected":false},"featured_media":2205,"comment_status":"closed","ping_status":"closed","template":"","meta":{"_acf_changed":false},"product_brand":[],"product_cat":[86],"product_tag":[],"class_list":{"0":"post-3058","1":"product","2":"type-product","3":"status-publish","4":"has-post-thumbnail","6":"product_cat-madrasser-i-taket","8":"first","9":"instock","10":"shipping-taxable","11":"product-type-simple"},"acf":[],"yoast_head":"<!-- This site is optimized with the Yoast SEO Premium plugin v26.0 (Yoast SEO v26.0) - https:\/\/yoast.com\/wordpress\/plugins\/seo\/ -->\n<title>Jupiter takmatter - Hypnos<\/title>\n<meta name=\"robots\" content=\"index, follow, max-snippet:-1, max-image-preview:large, max-video-preview:-1\" \/>\n<link rel=\"canonical\" href=\"https:\/\/hypnos.ee\/no\/produkt\/jupiter-takmatter\/\" \/>\n<meta property=\"og:locale\" content=\"nb_NO\" \/>\n<meta property=\"og:type\" content=\"article\" \/>\n<meta property=\"og:title\" content=\"Jupiter takmatter\" \/>\n<meta property=\"og:description\" content=\"Sonest\u00f8tte som varer. Jupiter-madrassen er perfekt n\u00e5r du trenger ortopedisk st\u00f8tte til kroppen. Den naturlige 5-soners lateksen tilpasser seg kroppens ulike omr\u00e5der, gir den n\u00f8dvendige stivheten og lindrer spenninger. Ventilasjonskanalene s\u00f8rger for en konstant luftstr\u00f8m som holder soveomr\u00e5det friskt og t\u00f8rt \u00e5ret rundt. Madrassen er omgitt av et bomullsstoff av h\u00f8y kvalitet med Silver Protect-behandling, som beskytter mot st\u00f8vmidd, bakterier og mugg. En sirkul\u00e6r l\u00e5s gj\u00f8r det mulig \u00e5 dele trekket i to deler som kan vaskes hver for seg.\" \/>\n<meta property=\"og:url\" content=\"https:\/\/hypnos.ee\/no\/produkt\/jupiter-takmatter\/\" \/>\n<meta property=\"og:site_name\" content=\"Hypnos\" \/>\n<meta property=\"og:image\" content=\"https:\/\/hypnos.ee\/wp-content\/uploads\/2025\/03\/jupiter-kattemadrats_f_1_590_1.jpg\" \/>\n\t<meta property=\"og:image:width\" content=\"590\" \/>\n\t<meta property=\"og:image:height\" content=\"319\" \/>\n\t<meta property=\"og:image:type\" content=\"image\/jpeg\" \/>\n<meta name=\"twitter:card\" content=\"summary_large_image\" \/>\n<script type=\"application\/ld+json\" class=\"yoast-schema-graph\">{\"@context\":\"https:\/\/schema.org\",\"@graph\":[{\"@type\":\"WebPage\",\"@id\":\"https:\/\/hypnos.ee\/no\/produkt\/jupiter-takmatter\/\",\"url\":\"https:\/\/hypnos.ee\/no\/produkt\/jupiter-takmatter\/\",\"name\":\"Jupiter takmatter - Hypnos\",\"isPartOf\":{\"@id\":\"https:\/\/hypnos.ee\/no\/#website\"},\"primaryImageOfPage\":{\"@id\":\"https:\/\/hypnos.ee\/no\/produkt\/jupiter-takmatter\/#primaryimage\"},\"image\":{\"@id\":\"https:\/\/hypnos.ee\/no\/produkt\/jupiter-takmatter\/#primaryimage\"},\"thumbnailUrl\":\"https:\/\/hypnos.ee\/wp-content\/uploads\/2025\/03\/jupiter-kattemadrats_f_1_590_1.jpg\",\"datePublished\":\"2025-03-26T11:42:05+00:00\",\"breadcrumb\":{\"@id\":\"https:\/\/hypnos.ee\/no\/produkt\/jupiter-takmatter\/#breadcrumb\"},\"inLanguage\":\"nb-NO\",\"potentialAction\":[{\"@type\":\"ReadAction\",\"target\":[\"https:\/\/hypnos.ee\/no\/produkt\/jupiter-takmatter\/\"]}]},{\"@type\":\"ImageObject\",\"inLanguage\":\"nb-NO\",\"@id\":\"https:\/\/hypnos.ee\/no\/produkt\/jupiter-takmatter\/#primaryimage\",\"url\":\"https:\/\/hypnos.ee\/wp-content\/uploads\/2025\/03\/jupiter-kattemadrats_f_1_590_1.jpg\",\"contentUrl\":\"https:\/\/hypnos.ee\/wp-content\/uploads\/2025\/03\/jupiter-kattemadrats_f_1_590_1.jpg\",\"width\":590,\"height\":319},{\"@type\":\"BreadcrumbList\",\"@id\":\"https:\/\/hypnos.ee\/no\/produkt\/jupiter-takmatter\/#breadcrumb\",\"itemListElement\":[{\"@type\":\"ListItem\",\"position\":1,\"name\":\"Home\",\"item\":\"https:\/\/hypnos.ee\/no\/\"},{\"@type\":\"ListItem\",\"position\":2,\"name\":\"Produkter\",\"item\":\"https:\/\/hypnos.ee\/tooted\/\"},{\"@type\":\"ListItem\",\"position\":3,\"name\":\"Jupiter takmatter\"}]},{\"@type\":\"WebSite\",\"@id\":\"https:\/\/hypnos.ee\/no\/#website\",\"url\":\"https:\/\/hypnos.ee\/no\/\",\"name\":\"Hypnos\",\"description\":\"T\u00f5stame unekogemust\",\"publisher\":{\"@id\":\"https:\/\/hypnos.ee\/no\/#organization\"},\"potentialAction\":[{\"@type\":\"SearchAction\",\"target\":{\"@type\":\"EntryPoint\",\"urlTemplate\":\"https:\/\/hypnos.ee\/no\/?s={search_term_string}\"},\"query-input\":{\"@type\":\"PropertyValueSpecification\",\"valueRequired\":true,\"valueName\":\"search_term_string\"}}],\"inLanguage\":\"nb-NO\"},{\"@type\":\"Organization\",\"@id\":\"https:\/\/hypnos.ee\/no\/#organization\",\"name\":\"Hypnos\",\"url\":\"https:\/\/hypnos.ee\/no\/\",\"logo\":{\"@type\":\"ImageObject\",\"inLanguage\":\"nb-NO\",\"@id\":\"https:\/\/hypnos.ee\/no\/#\/schema\/logo\/image\/\",\"url\":\"https:\/\/hypnos.ee\/wp-content\/uploads\/2025\/06\/cropped-Hypnos-fa.png\",\"contentUrl\":\"https:\/\/hypnos.ee\/wp-content\/uploads\/2025\/06\/cropped-Hypnos-fa.png\",\"width\":512,\"height\":512,\"caption\":\"Hypnos\"},\"image\":{\"@id\":\"https:\/\/hypnos.ee\/no\/#\/schema\/logo\/image\/\"}}]}<\/script>\n<!-- \/ Yoast SEO Premium plugin. -->","yoast_head_json":{"title":"Jupiter takmatter - Hypnos","robots":{"index":"index","follow":"follow","max-snippet":"max-snippet:-1","max-image-preview":"max-image-preview:large","max-video-preview":"max-video-preview:-1"},"canonical":"https:\/\/hypnos.ee\/no\/produkt\/jupiter-takmatter\/","og_locale":"nb_NO","og_type":"article","og_title":"Jupiter takmatter","og_description":"Sonest\u00f8tte som varer. Jupiter-madrassen er perfekt n\u00e5r du trenger ortopedisk st\u00f8tte til kroppen. Den naturlige 5-soners lateksen tilpasser seg kroppens ulike omr\u00e5der, gir den n\u00f8dvendige stivheten og lindrer spenninger. Ventilasjonskanalene s\u00f8rger for en konstant luftstr\u00f8m som holder soveomr\u00e5det friskt og t\u00f8rt \u00e5ret rundt. Madrassen er omgitt av et bomullsstoff av h\u00f8y kvalitet med Silver Protect-behandling, som beskytter mot st\u00f8vmidd, bakterier og mugg. En sirkul\u00e6r l\u00e5s gj\u00f8r det mulig \u00e5 dele trekket i to deler som kan vaskes hver for seg.","og_url":"https:\/\/hypnos.ee\/no\/produkt\/jupiter-takmatter\/","og_site_name":"Hypnos","og_image":[{"width":590,"height":319,"url":"https:\/\/hypnos.ee\/wp-content\/uploads\/2025\/03\/jupiter-kattemadrats_f_1_590_1.jpg","type":"image\/jpeg"}],"twitter_card":"summary_large_image","schema":{"@context":"https:\/\/schema.org","@graph":[{"@type":"WebPage","@id":"https:\/\/hypnos.ee\/no\/produkt\/jupiter-takmatter\/","url":"https:\/\/hypnos.ee\/no\/produkt\/jupiter-takmatter\/","name":"Jupiter takmatter - Hypnos","isPartOf":{"@id":"https:\/\/hypnos.ee\/no\/#website"},"primaryImageOfPage":{"@id":"https:\/\/hypnos.ee\/no\/produkt\/jupiter-takmatter\/#primaryimage"},"image":{"@id":"https:\/\/hypnos.ee\/no\/produkt\/jupiter-takmatter\/#primaryimage"},"thumbnailUrl":"https:\/\/hypnos.ee\/wp-content\/uploads\/2025\/03\/jupiter-kattemadrats_f_1_590_1.jpg","datePublished":"2025-03-26T11:42:05+00:00","breadcrumb":{"@id":"https:\/\/hypnos.ee\/no\/produkt\/jupiter-takmatter\/#breadcrumb"},"inLanguage":"nb-NO","potentialAction":[{"@type":"ReadAction","target":["https:\/\/hypnos.ee\/no\/produkt\/jupiter-takmatter\/"]}]},{"@type":"ImageObject","inLanguage":"nb-NO","@id":"https:\/\/hypnos.ee\/no\/produkt\/jupiter-takmatter\/#primaryimage","url":"https:\/\/hypnos.ee\/wp-content\/uploads\/2025\/03\/jupiter-kattemadrats_f_1_590_1.jpg","contentUrl":"https:\/\/hypnos.ee\/wp-content\/uploads\/2025\/03\/jupiter-kattemadrats_f_1_590_1.jpg","width":590,"height":319},{"@type":"BreadcrumbList","@id":"https:\/\/hypnos.ee\/no\/produkt\/jupiter-takmatter\/#breadcrumb","itemListElement":[{"@type":"ListItem","position":1,"name":"Home","item":"https:\/\/hypnos.ee\/no\/"},{"@type":"ListItem","position":2,"name":"Produkter","item":"https:\/\/hypnos.ee\/tooted\/"},{"@type":"ListItem","position":3,"name":"Jupiter takmatter"}]},{"@type":"WebSite","@id":"https:\/\/hypnos.ee\/no\/#website","url":"https:\/\/hypnos.ee\/no\/","name":"Hypnos","description":"T\u00f5stame unekogemust","publisher":{"@id":"https:\/\/hypnos.ee\/no\/#organization"},"potentialAction":[{"@type":"SearchAction","target":{"@type":"EntryPoint","urlTemplate":"https:\/\/hypnos.ee\/no\/?s={search_term_string}"},"query-input":{"@type":"PropertyValueSpecification","valueRequired":true,"valueName":"search_term_string"}}],"inLanguage":"nb-NO"},{"@type":"Organization","@id":"https:\/\/hypnos.ee\/no\/#organization","name":"Hypnos","url":"https:\/\/hypnos.ee\/no\/","logo":{"@type":"ImageObject","inLanguage":"nb-NO","@id":"https:\/\/hypnos.ee\/no\/#\/schema\/logo\/image\/","url":"https:\/\/hypnos.ee\/wp-content\/uploads\/2025\/06\/cropped-Hypnos-fa.png","contentUrl":"https:\/\/hypnos.ee\/wp-content\/uploads\/2025\/06\/cropped-Hypnos-fa.png","width":512,"height":512,"caption":"Hypnos"},"image":{"@id":"https:\/\/hypnos.ee\/no\/#\/schema\/logo\/image\/"}}]}},"_links":{"self":[{"href":"https:\/\/hypnos.ee\/no\/wp-json\/wp\/v2\/product\/3058","targetHints":{"allow":["GET"]}}],"collection":[{"href":"https:\/\/hypnos.ee\/no\/wp-json\/wp\/v2\/product"}],"about":[{"href":"https:\/\/hypnos.ee\/no\/wp-json\/wp\/v2\/types\/product"}],"replies":[{"embeddable":true,"href":"https:\/\/hypnos.ee\/no\/wp-json\/wp\/v2\/comments?post=3058"}],"wp:featuredmedia":[{"embeddable":true,"href":"https:\/\/hypnos.ee\/no\/wp-json\/wp\/v2\/media\/2205"}],"wp:attachment":[{"href":"https:\/\/hypnos.ee\/no\/wp-json\/wp\/v2\/media?parent=3058"}],"wp:term":[{"taxonomy":"product_brand","embeddable":true,"href":"https:\/\/hypnos.ee\/no\/wp-json\/wp\/v2\/product_brand?post=3058"},{"taxonomy":"product_cat","embeddable":true,"href":"https:\/\/hypnos.ee\/no\/wp-json\/wp\/v2\/product_cat?post=3058"},{"taxonomy":"product_tag","embeddable":true,"href":"https:\/\/hypnos.ee\/no\/wp-json\/wp\/v2\/product_tag?post=3058"}],"curies":[{"name":"wp","href":"https:\/\/api.w.org\/{rel}","templated":true}]}}