{"id":2995,"date":"2025-03-26T15:15:30","date_gmt":"2025-03-26T13:15:30","guid":{"rendered":"https:\/\/hypnos.ee\/toode\/vesta-springfjaermadrass\/"},"modified":"2025-03-26T15:15:30","modified_gmt":"2025-03-26T13:15:30","slug":"vesta-springfjaermadrass","status":"publish","type":"product","link":"https:\/\/hypnos.ee\/no\/produkt\/vesta-springfjaermadrass\/","title":{"rendered":"Vesta springfj\u00e6rmadrass"},"content":{"rendered":"","protected":false},"excerpt":{"rendered":"<p data-key=\"I1Jbw\"><strong>En behagelig start p\u00e5 en god natts s\u00f8vn.<\/strong><\/p>\n<p data-key=\"DEx5x\">Vesta er en klassisk springfj\u00e6rmadrass for barn, som kombinerer lett fj\u00e6ring med myk bomullskomfort. Minibonnell-fj\u00e6ringen gir lett strekk og holdbarhet, mens porolone- og bomullsblandingen gir sk\u00e5nsom st\u00f8tte til den voksende kroppen. Madrasstrekket er laget av bambusviskose og belagt med <strong>Ultraphil\u00ae-behandling<\/strong>, som beskytter mot st\u00f8vmidd og bakterier og ogs\u00e5 er egnet for barn med sensitiv hud.<br \/>\nTrekket kan tas av og vaskes (sk\u00e5nsom 40 \u00b0C) for \u00e5 holde madrassen ren og frisk til enhver tid.  <\/p>\n","protected":false},"featured_media":2053,"comment_status":"closed","ping_status":"closed","template":"","meta":{"_acf_changed":false},"product_brand":[],"product_cat":[100],"product_tag":[],"class_list":{"0":"post-2995","1":"product","2":"type-product","3":"status-publish","4":"has-post-thumbnail","6":"product_cat-produkter-for-barn-og-unge","8":"first","9":"instock","10":"shipping-taxable","11":"product-type-simple"},"acf":[],"yoast_head":"<!-- This site is optimized with the Yoast SEO Premium plugin v26.0 (Yoast SEO v26.0) - https:\/\/yoast.com\/wordpress\/plugins\/seo\/ -->\n<title>Vesta springfj\u00e6rmadrass - Hypnos<\/title>\n<meta name=\"robots\" content=\"index, follow, max-snippet:-1, max-image-preview:large, max-video-preview:-1\" \/>\n<link rel=\"canonical\" href=\"https:\/\/hypnos.ee\/no\/produkt\/vesta-springfjaermadrass\/\" \/>\n<meta property=\"og:locale\" content=\"nb_NO\" \/>\n<meta property=\"og:type\" content=\"article\" \/>\n<meta property=\"og:title\" content=\"Vesta springfj\u00e6rmadrass\" \/>\n<meta property=\"og:description\" content=\"En behagelig start p\u00e5 en god natts s\u00f8vn. Vesta er en klassisk springfj\u00e6rmadrass for barn, som kombinerer lett fj\u00e6ring med myk bomullskomfort. Minibonnell-fj\u00e6ringen gir lett strekk og holdbarhet, mens porolone- og bomullsblandingen gir sk\u00e5nsom st\u00f8tte til den voksende kroppen. Madrasstrekket er laget av bambusviskose og belagt med Ultraphil\u00ae-behandling, som beskytter mot st\u00f8vmidd og bakterier og ogs\u00e5 er egnet for barn med sensitiv hud. Trekket kan tas av og vaskes (sk\u00e5nsom 40 \u00b0C) for \u00e5 holde madrassen ren og frisk til enhver tid.\" \/>\n<meta property=\"og:url\" content=\"https:\/\/hypnos.ee\/no\/produkt\/vesta-springfjaermadrass\/\" \/>\n<meta property=\"og:site_name\" content=\"Hypnos\" \/>\n<meta property=\"og:image\" content=\"https:\/\/hypnos.ee\/wp-content\/uploads\/2025\/03\/beebi-lux_f_1_590_1.jpg\" \/>\n\t<meta property=\"og:image:width\" content=\"590\" \/>\n\t<meta property=\"og:image:height\" content=\"394\" \/>\n\t<meta property=\"og:image:type\" content=\"image\/jpeg\" \/>\n<meta name=\"twitter:card\" content=\"summary_large_image\" \/>\n<script type=\"application\/ld+json\" class=\"yoast-schema-graph\">{\"@context\":\"https:\/\/schema.org\",\"@graph\":[{\"@type\":\"WebPage\",\"@id\":\"https:\/\/hypnos.ee\/no\/produkt\/vesta-springfjaermadrass\/\",\"url\":\"https:\/\/hypnos.ee\/no\/produkt\/vesta-springfjaermadrass\/\",\"name\":\"Vesta springfj\u00e6rmadrass - Hypnos\",\"isPartOf\":{\"@id\":\"https:\/\/hypnos.ee\/no\/#website\"},\"primaryImageOfPage\":{\"@id\":\"https:\/\/hypnos.ee\/no\/produkt\/vesta-springfjaermadrass\/#primaryimage\"},\"image\":{\"@id\":\"https:\/\/hypnos.ee\/no\/produkt\/vesta-springfjaermadrass\/#primaryimage\"},\"thumbnailUrl\":\"https:\/\/hypnos.ee\/wp-content\/uploads\/2025\/03\/beebi-lux_f_1_590_1.jpg\",\"datePublished\":\"2025-03-26T13:15:30+00:00\",\"breadcrumb\":{\"@id\":\"https:\/\/hypnos.ee\/no\/produkt\/vesta-springfjaermadrass\/#breadcrumb\"},\"inLanguage\":\"nb-NO\",\"potentialAction\":[{\"@type\":\"ReadAction\",\"target\":[\"https:\/\/hypnos.ee\/no\/produkt\/vesta-springfjaermadrass\/\"]}]},{\"@type\":\"ImageObject\",\"inLanguage\":\"nb-NO\",\"@id\":\"https:\/\/hypnos.ee\/no\/produkt\/vesta-springfjaermadrass\/#primaryimage\",\"url\":\"https:\/\/hypnos.ee\/wp-content\/uploads\/2025\/03\/beebi-lux_f_1_590_1.jpg\",\"contentUrl\":\"https:\/\/hypnos.ee\/wp-content\/uploads\/2025\/03\/beebi-lux_f_1_590_1.jpg\",\"width\":590,\"height\":394},{\"@type\":\"BreadcrumbList\",\"@id\":\"https:\/\/hypnos.ee\/no\/produkt\/vesta-springfjaermadrass\/#breadcrumb\",\"itemListElement\":[{\"@type\":\"ListItem\",\"position\":1,\"name\":\"Home\",\"item\":\"https:\/\/hypnos.ee\/no\/\"},{\"@type\":\"ListItem\",\"position\":2,\"name\":\"Produkter\",\"item\":\"https:\/\/hypnos.ee\/tooted\/\"},{\"@type\":\"ListItem\",\"position\":3,\"name\":\"Vesta springfj\u00e6rmadrass\"}]},{\"@type\":\"WebSite\",\"@id\":\"https:\/\/hypnos.ee\/no\/#website\",\"url\":\"https:\/\/hypnos.ee\/no\/\",\"name\":\"Hypnos\",\"description\":\"T\u00f5stame unekogemust\",\"publisher\":{\"@id\":\"https:\/\/hypnos.ee\/no\/#organization\"},\"potentialAction\":[{\"@type\":\"SearchAction\",\"target\":{\"@type\":\"EntryPoint\",\"urlTemplate\":\"https:\/\/hypnos.ee\/no\/?s={search_term_string}\"},\"query-input\":{\"@type\":\"PropertyValueSpecification\",\"valueRequired\":true,\"valueName\":\"search_term_string\"}}],\"inLanguage\":\"nb-NO\"},{\"@type\":\"Organization\",\"@id\":\"https:\/\/hypnos.ee\/no\/#organization\",\"name\":\"Hypnos\",\"url\":\"https:\/\/hypnos.ee\/no\/\",\"logo\":{\"@type\":\"ImageObject\",\"inLanguage\":\"nb-NO\",\"@id\":\"https:\/\/hypnos.ee\/no\/#\/schema\/logo\/image\/\",\"url\":\"https:\/\/hypnos.ee\/wp-content\/uploads\/2025\/06\/cropped-Hypnos-fa.png\",\"contentUrl\":\"https:\/\/hypnos.ee\/wp-content\/uploads\/2025\/06\/cropped-Hypnos-fa.png\",\"width\":512,\"height\":512,\"caption\":\"Hypnos\"},\"image\":{\"@id\":\"https:\/\/hypnos.ee\/no\/#\/schema\/logo\/image\/\"}}]}<\/script>\n<!-- \/ Yoast SEO Premium plugin. -->","yoast_head_json":{"title":"Vesta springfj\u00e6rmadrass - Hypnos","robots":{"index":"index","follow":"follow","max-snippet":"max-snippet:-1","max-image-preview":"max-image-preview:large","max-video-preview":"max-video-preview:-1"},"canonical":"https:\/\/hypnos.ee\/no\/produkt\/vesta-springfjaermadrass\/","og_locale":"nb_NO","og_type":"article","og_title":"Vesta springfj\u00e6rmadrass","og_description":"En behagelig start p\u00e5 en god natts s\u00f8vn. Vesta er en klassisk springfj\u00e6rmadrass for barn, som kombinerer lett fj\u00e6ring med myk bomullskomfort. Minibonnell-fj\u00e6ringen gir lett strekk og holdbarhet, mens porolone- og bomullsblandingen gir sk\u00e5nsom st\u00f8tte til den voksende kroppen. Madrasstrekket er laget av bambusviskose og belagt med Ultraphil\u00ae-behandling, som beskytter mot st\u00f8vmidd og bakterier og ogs\u00e5 er egnet for barn med sensitiv hud. Trekket kan tas av og vaskes (sk\u00e5nsom 40 \u00b0C) for \u00e5 holde madrassen ren og frisk til enhver tid.","og_url":"https:\/\/hypnos.ee\/no\/produkt\/vesta-springfjaermadrass\/","og_site_name":"Hypnos","og_image":[{"width":590,"height":394,"url":"https:\/\/hypnos.ee\/wp-content\/uploads\/2025\/03\/beebi-lux_f_1_590_1.jpg","type":"image\/jpeg"}],"twitter_card":"summary_large_image","schema":{"@context":"https:\/\/schema.org","@graph":[{"@type":"WebPage","@id":"https:\/\/hypnos.ee\/no\/produkt\/vesta-springfjaermadrass\/","url":"https:\/\/hypnos.ee\/no\/produkt\/vesta-springfjaermadrass\/","name":"Vesta springfj\u00e6rmadrass - Hypnos","isPartOf":{"@id":"https:\/\/hypnos.ee\/no\/#website"},"primaryImageOfPage":{"@id":"https:\/\/hypnos.ee\/no\/produkt\/vesta-springfjaermadrass\/#primaryimage"},"image":{"@id":"https:\/\/hypnos.ee\/no\/produkt\/vesta-springfjaermadrass\/#primaryimage"},"thumbnailUrl":"https:\/\/hypnos.ee\/wp-content\/uploads\/2025\/03\/beebi-lux_f_1_590_1.jpg","datePublished":"2025-03-26T13:15:30+00:00","breadcrumb":{"@id":"https:\/\/hypnos.ee\/no\/produkt\/vesta-springfjaermadrass\/#breadcrumb"},"inLanguage":"nb-NO","potentialAction":[{"@type":"ReadAction","target":["https:\/\/hypnos.ee\/no\/produkt\/vesta-springfjaermadrass\/"]}]},{"@type":"ImageObject","inLanguage":"nb-NO","@id":"https:\/\/hypnos.ee\/no\/produkt\/vesta-springfjaermadrass\/#primaryimage","url":"https:\/\/hypnos.ee\/wp-content\/uploads\/2025\/03\/beebi-lux_f_1_590_1.jpg","contentUrl":"https:\/\/hypnos.ee\/wp-content\/uploads\/2025\/03\/beebi-lux_f_1_590_1.jpg","width":590,"height":394},{"@type":"BreadcrumbList","@id":"https:\/\/hypnos.ee\/no\/produkt\/vesta-springfjaermadrass\/#breadcrumb","itemListElement":[{"@type":"ListItem","position":1,"name":"Home","item":"https:\/\/hypnos.ee\/no\/"},{"@type":"ListItem","position":2,"name":"Produkter","item":"https:\/\/hypnos.ee\/tooted\/"},{"@type":"ListItem","position":3,"name":"Vesta springfj\u00e6rmadrass"}]},{"@type":"WebSite","@id":"https:\/\/hypnos.ee\/no\/#website","url":"https:\/\/hypnos.ee\/no\/","name":"Hypnos","description":"T\u00f5stame unekogemust","publisher":{"@id":"https:\/\/hypnos.ee\/no\/#organization"},"potentialAction":[{"@type":"SearchAction","target":{"@type":"EntryPoint","urlTemplate":"https:\/\/hypnos.ee\/no\/?s={search_term_string}"},"query-input":{"@type":"PropertyValueSpecification","valueRequired":true,"valueName":"search_term_string"}}],"inLanguage":"nb-NO"},{"@type":"Organization","@id":"https:\/\/hypnos.ee\/no\/#organization","name":"Hypnos","url":"https:\/\/hypnos.ee\/no\/","logo":{"@type":"ImageObject","inLanguage":"nb-NO","@id":"https:\/\/hypnos.ee\/no\/#\/schema\/logo\/image\/","url":"https:\/\/hypnos.ee\/wp-content\/uploads\/2025\/06\/cropped-Hypnos-fa.png","contentUrl":"https:\/\/hypnos.ee\/wp-content\/uploads\/2025\/06\/cropped-Hypnos-fa.png","width":512,"height":512,"caption":"Hypnos"},"image":{"@id":"https:\/\/hypnos.ee\/no\/#\/schema\/logo\/image\/"}}]}},"_links":{"self":[{"href":"https:\/\/hypnos.ee\/no\/wp-json\/wp\/v2\/product\/2995","targetHints":{"allow":["GET"]}}],"collection":[{"href":"https:\/\/hypnos.ee\/no\/wp-json\/wp\/v2\/product"}],"about":[{"href":"https:\/\/hypnos.ee\/no\/wp-json\/wp\/v2\/types\/product"}],"replies":[{"embeddable":true,"href":"https:\/\/hypnos.ee\/no\/wp-json\/wp\/v2\/comments?post=2995"}],"wp:featuredmedia":[{"embeddable":true,"href":"https:\/\/hypnos.ee\/no\/wp-json\/wp\/v2\/media\/2053"}],"wp:attachment":[{"href":"https:\/\/hypnos.ee\/no\/wp-json\/wp\/v2\/media?parent=2995"}],"wp:term":[{"taxonomy":"product_brand","embeddable":true,"href":"https:\/\/hypnos.ee\/no\/wp-json\/wp\/v2\/product_brand?post=2995"},{"taxonomy":"product_cat","embeddable":true,"href":"https:\/\/hypnos.ee\/no\/wp-json\/wp\/v2\/product_cat?post=2995"},{"taxonomy":"product_tag","embeddable":true,"href":"https:\/\/hypnos.ee\/no\/wp-json\/wp\/v2\/product_tag?post=2995"}],"curies":[{"name":"wp","href":"https:\/\/api.w.org\/{rel}","templated":true}]}}