{"id":2972,"date":"2025-04-02T10:38:37","date_gmt":"2025-04-02T07:38:37","guid":{"rendered":"https:\/\/hypnos.ee\/toode\/afrodite-madrass-10-cm\/"},"modified":"2025-04-02T10:38:37","modified_gmt":"2025-04-02T07:38:37","slug":"afrodite-madrass-10-cm","status":"publish","type":"product","link":"https:\/\/hypnos.ee\/no\/produkt\/afrodite-madrass-10-cm\/","title":{"rendered":"Afrodite madrass 10 cm"},"content":{"rendered":"","protected":false},"excerpt":{"rendered":"<p data-key=\"YBEBo\"><strong>Komfort som tilpasser seg deg.<\/strong><\/p>\n<p data-key=\"FlVjj\">Aphrodite overmadrass er ideell for deg som \u00f8nsker st\u00f8tte som tilpasser seg kroppen og personlig tilpasset stivhet.<\/p>\n<p data-key=\"NjGhM\">Et viskoelastisk minneskum som f\u00f8lger kroppens konturer n\u00f8yaktig, reduserer trykk og holder ryggraden i riktig posisjon.<br \/>\nFinnes i tre stivheter: myk, medium og stiv.<\/p>\n<p data-key=\"AC1Nt\">Det Silver Protect-behandlede overtrekket holder madrassen hygienisk og beskytter mot st\u00f8vmidd og bakterier. Ringl\u00e5sen gj\u00f8r det mulig \u00e5 dele madrassen i to deler, noe som gj\u00f8r det enkelt \u00e5 vaske og vedlikeholde den. <\/p>\n","protected":false},"featured_media":2975,"comment_status":"closed","ping_status":"closed","template":"","meta":{"_acf_changed":false},"product_brand":[],"product_cat":[86],"product_tag":[],"class_list":{"0":"post-2972","1":"product","2":"type-product","3":"status-publish","4":"has-post-thumbnail","6":"product_cat-madrasser-i-taket","8":"first","9":"instock","10":"shipping-taxable","11":"product-type-simple"},"acf":[],"yoast_head":"<!-- This site is optimized with the Yoast SEO Premium plugin v26.0 (Yoast SEO v26.0) - https:\/\/yoast.com\/wordpress\/plugins\/seo\/ -->\n<title>Afrodite madrass 10 cm - Hypnos<\/title>\n<meta name=\"robots\" content=\"index, follow, max-snippet:-1, max-image-preview:large, max-video-preview:-1\" \/>\n<link rel=\"canonical\" href=\"https:\/\/hypnos.ee\/no\/produkt\/afrodite-madrass-10-cm\/\" \/>\n<meta property=\"og:locale\" content=\"nb_NO\" \/>\n<meta property=\"og:type\" content=\"article\" \/>\n<meta property=\"og:title\" content=\"Afrodite madrass 10 cm\" \/>\n<meta property=\"og:description\" content=\"Komfort som tilpasser seg deg. Aphrodite overmadrass er ideell for deg som \u00f8nsker st\u00f8tte som tilpasser seg kroppen og personlig tilpasset stivhet. Et viskoelastisk minneskum som f\u00f8lger kroppens konturer n\u00f8yaktig, reduserer trykk og holder ryggraden i riktig posisjon. Finnes i tre stivheter: myk, medium og stiv. Det Silver Protect-behandlede overtrekket holder madrassen hygienisk og beskytter mot st\u00f8vmidd og bakterier. Ringl\u00e5sen gj\u00f8r det mulig \u00e5 dele madrassen i to deler, noe som gj\u00f8r det enkelt \u00e5 vaske og vedlikeholde den.\" \/>\n<meta property=\"og:url\" content=\"https:\/\/hypnos.ee\/no\/produkt\/afrodite-madrass-10-cm\/\" \/>\n<meta property=\"og:site_name\" content=\"Hypnos\" \/>\n<meta property=\"og:image\" content=\"https:\/\/hypnos.ee\/wp-content\/uploads\/2025\/04\/saturn-kattemadrats-2_f_1_590_1.jpg\" \/>\n\t<meta property=\"og:image:width\" content=\"590\" \/>\n\t<meta property=\"og:image:height\" content=\"259\" \/>\n\t<meta property=\"og:image:type\" content=\"image\/jpeg\" \/>\n<meta name=\"twitter:card\" content=\"summary_large_image\" \/>\n<script type=\"application\/ld+json\" class=\"yoast-schema-graph\">{\"@context\":\"https:\/\/schema.org\",\"@graph\":[{\"@type\":\"WebPage\",\"@id\":\"https:\/\/hypnos.ee\/no\/produkt\/afrodite-madrass-10-cm\/\",\"url\":\"https:\/\/hypnos.ee\/no\/produkt\/afrodite-madrass-10-cm\/\",\"name\":\"Afrodite madrass 10 cm - Hypnos\",\"isPartOf\":{\"@id\":\"https:\/\/hypnos.ee\/no\/#website\"},\"primaryImageOfPage\":{\"@id\":\"https:\/\/hypnos.ee\/no\/produkt\/afrodite-madrass-10-cm\/#primaryimage\"},\"image\":{\"@id\":\"https:\/\/hypnos.ee\/no\/produkt\/afrodite-madrass-10-cm\/#primaryimage\"},\"thumbnailUrl\":\"https:\/\/hypnos.ee\/wp-content\/uploads\/2025\/04\/saturn-kattemadrats-2_f_1_590_1.jpg\",\"datePublished\":\"2025-04-02T07:38:37+00:00\",\"breadcrumb\":{\"@id\":\"https:\/\/hypnos.ee\/no\/produkt\/afrodite-madrass-10-cm\/#breadcrumb\"},\"inLanguage\":\"nb-NO\",\"potentialAction\":[{\"@type\":\"ReadAction\",\"target\":[\"https:\/\/hypnos.ee\/no\/produkt\/afrodite-madrass-10-cm\/\"]}]},{\"@type\":\"ImageObject\",\"inLanguage\":\"nb-NO\",\"@id\":\"https:\/\/hypnos.ee\/no\/produkt\/afrodite-madrass-10-cm\/#primaryimage\",\"url\":\"https:\/\/hypnos.ee\/wp-content\/uploads\/2025\/04\/saturn-kattemadrats-2_f_1_590_1.jpg\",\"contentUrl\":\"https:\/\/hypnos.ee\/wp-content\/uploads\/2025\/04\/saturn-kattemadrats-2_f_1_590_1.jpg\",\"width\":590,\"height\":259},{\"@type\":\"BreadcrumbList\",\"@id\":\"https:\/\/hypnos.ee\/no\/produkt\/afrodite-madrass-10-cm\/#breadcrumb\",\"itemListElement\":[{\"@type\":\"ListItem\",\"position\":1,\"name\":\"Home\",\"item\":\"https:\/\/hypnos.ee\/no\/\"},{\"@type\":\"ListItem\",\"position\":2,\"name\":\"Produkter\",\"item\":\"https:\/\/hypnos.ee\/tooted\/\"},{\"@type\":\"ListItem\",\"position\":3,\"name\":\"Afrodite madrass 10 cm\"}]},{\"@type\":\"WebSite\",\"@id\":\"https:\/\/hypnos.ee\/no\/#website\",\"url\":\"https:\/\/hypnos.ee\/no\/\",\"name\":\"Hypnos\",\"description\":\"T\u00f5stame unekogemust\",\"publisher\":{\"@id\":\"https:\/\/hypnos.ee\/no\/#organization\"},\"potentialAction\":[{\"@type\":\"SearchAction\",\"target\":{\"@type\":\"EntryPoint\",\"urlTemplate\":\"https:\/\/hypnos.ee\/no\/?s={search_term_string}\"},\"query-input\":{\"@type\":\"PropertyValueSpecification\",\"valueRequired\":true,\"valueName\":\"search_term_string\"}}],\"inLanguage\":\"nb-NO\"},{\"@type\":\"Organization\",\"@id\":\"https:\/\/hypnos.ee\/no\/#organization\",\"name\":\"Hypnos\",\"url\":\"https:\/\/hypnos.ee\/no\/\",\"logo\":{\"@type\":\"ImageObject\",\"inLanguage\":\"nb-NO\",\"@id\":\"https:\/\/hypnos.ee\/no\/#\/schema\/logo\/image\/\",\"url\":\"https:\/\/hypnos.ee\/wp-content\/uploads\/2025\/06\/cropped-Hypnos-fa.png\",\"contentUrl\":\"https:\/\/hypnos.ee\/wp-content\/uploads\/2025\/06\/cropped-Hypnos-fa.png\",\"width\":512,\"height\":512,\"caption\":\"Hypnos\"},\"image\":{\"@id\":\"https:\/\/hypnos.ee\/no\/#\/schema\/logo\/image\/\"}}]}<\/script>\n<!-- \/ Yoast SEO Premium plugin. -->","yoast_head_json":{"title":"Afrodite madrass 10 cm - Hypnos","robots":{"index":"index","follow":"follow","max-snippet":"max-snippet:-1","max-image-preview":"max-image-preview:large","max-video-preview":"max-video-preview:-1"},"canonical":"https:\/\/hypnos.ee\/no\/produkt\/afrodite-madrass-10-cm\/","og_locale":"nb_NO","og_type":"article","og_title":"Afrodite madrass 10 cm","og_description":"Komfort som tilpasser seg deg. Aphrodite overmadrass er ideell for deg som \u00f8nsker st\u00f8tte som tilpasser seg kroppen og personlig tilpasset stivhet. Et viskoelastisk minneskum som f\u00f8lger kroppens konturer n\u00f8yaktig, reduserer trykk og holder ryggraden i riktig posisjon. Finnes i tre stivheter: myk, medium og stiv. Det Silver Protect-behandlede overtrekket holder madrassen hygienisk og beskytter mot st\u00f8vmidd og bakterier. Ringl\u00e5sen gj\u00f8r det mulig \u00e5 dele madrassen i to deler, noe som gj\u00f8r det enkelt \u00e5 vaske og vedlikeholde den.","og_url":"https:\/\/hypnos.ee\/no\/produkt\/afrodite-madrass-10-cm\/","og_site_name":"Hypnos","og_image":[{"width":590,"height":259,"url":"https:\/\/hypnos.ee\/wp-content\/uploads\/2025\/04\/saturn-kattemadrats-2_f_1_590_1.jpg","type":"image\/jpeg"}],"twitter_card":"summary_large_image","schema":{"@context":"https:\/\/schema.org","@graph":[{"@type":"WebPage","@id":"https:\/\/hypnos.ee\/no\/produkt\/afrodite-madrass-10-cm\/","url":"https:\/\/hypnos.ee\/no\/produkt\/afrodite-madrass-10-cm\/","name":"Afrodite madrass 10 cm - Hypnos","isPartOf":{"@id":"https:\/\/hypnos.ee\/no\/#website"},"primaryImageOfPage":{"@id":"https:\/\/hypnos.ee\/no\/produkt\/afrodite-madrass-10-cm\/#primaryimage"},"image":{"@id":"https:\/\/hypnos.ee\/no\/produkt\/afrodite-madrass-10-cm\/#primaryimage"},"thumbnailUrl":"https:\/\/hypnos.ee\/wp-content\/uploads\/2025\/04\/saturn-kattemadrats-2_f_1_590_1.jpg","datePublished":"2025-04-02T07:38:37+00:00","breadcrumb":{"@id":"https:\/\/hypnos.ee\/no\/produkt\/afrodite-madrass-10-cm\/#breadcrumb"},"inLanguage":"nb-NO","potentialAction":[{"@type":"ReadAction","target":["https:\/\/hypnos.ee\/no\/produkt\/afrodite-madrass-10-cm\/"]}]},{"@type":"ImageObject","inLanguage":"nb-NO","@id":"https:\/\/hypnos.ee\/no\/produkt\/afrodite-madrass-10-cm\/#primaryimage","url":"https:\/\/hypnos.ee\/wp-content\/uploads\/2025\/04\/saturn-kattemadrats-2_f_1_590_1.jpg","contentUrl":"https:\/\/hypnos.ee\/wp-content\/uploads\/2025\/04\/saturn-kattemadrats-2_f_1_590_1.jpg","width":590,"height":259},{"@type":"BreadcrumbList","@id":"https:\/\/hypnos.ee\/no\/produkt\/afrodite-madrass-10-cm\/#breadcrumb","itemListElement":[{"@type":"ListItem","position":1,"name":"Home","item":"https:\/\/hypnos.ee\/no\/"},{"@type":"ListItem","position":2,"name":"Produkter","item":"https:\/\/hypnos.ee\/tooted\/"},{"@type":"ListItem","position":3,"name":"Afrodite madrass 10 cm"}]},{"@type":"WebSite","@id":"https:\/\/hypnos.ee\/no\/#website","url":"https:\/\/hypnos.ee\/no\/","name":"Hypnos","description":"T\u00f5stame unekogemust","publisher":{"@id":"https:\/\/hypnos.ee\/no\/#organization"},"potentialAction":[{"@type":"SearchAction","target":{"@type":"EntryPoint","urlTemplate":"https:\/\/hypnos.ee\/no\/?s={search_term_string}"},"query-input":{"@type":"PropertyValueSpecification","valueRequired":true,"valueName":"search_term_string"}}],"inLanguage":"nb-NO"},{"@type":"Organization","@id":"https:\/\/hypnos.ee\/no\/#organization","name":"Hypnos","url":"https:\/\/hypnos.ee\/no\/","logo":{"@type":"ImageObject","inLanguage":"nb-NO","@id":"https:\/\/hypnos.ee\/no\/#\/schema\/logo\/image\/","url":"https:\/\/hypnos.ee\/wp-content\/uploads\/2025\/06\/cropped-Hypnos-fa.png","contentUrl":"https:\/\/hypnos.ee\/wp-content\/uploads\/2025\/06\/cropped-Hypnos-fa.png","width":512,"height":512,"caption":"Hypnos"},"image":{"@id":"https:\/\/hypnos.ee\/no\/#\/schema\/logo\/image\/"}}]}},"_links":{"self":[{"href":"https:\/\/hypnos.ee\/no\/wp-json\/wp\/v2\/product\/2972","targetHints":{"allow":["GET"]}}],"collection":[{"href":"https:\/\/hypnos.ee\/no\/wp-json\/wp\/v2\/product"}],"about":[{"href":"https:\/\/hypnos.ee\/no\/wp-json\/wp\/v2\/types\/product"}],"replies":[{"embeddable":true,"href":"https:\/\/hypnos.ee\/no\/wp-json\/wp\/v2\/comments?post=2972"}],"wp:featuredmedia":[{"embeddable":true,"href":"https:\/\/hypnos.ee\/no\/wp-json\/wp\/v2\/media\/2975"}],"wp:attachment":[{"href":"https:\/\/hypnos.ee\/no\/wp-json\/wp\/v2\/media?parent=2972"}],"wp:term":[{"taxonomy":"product_brand","embeddable":true,"href":"https:\/\/hypnos.ee\/no\/wp-json\/wp\/v2\/product_brand?post=2972"},{"taxonomy":"product_cat","embeddable":true,"href":"https:\/\/hypnos.ee\/no\/wp-json\/wp\/v2\/product_cat?post=2972"},{"taxonomy":"product_tag","embeddable":true,"href":"https:\/\/hypnos.ee\/no\/wp-json\/wp\/v2\/product_tag?post=2972"}],"curies":[{"name":"wp","href":"https:\/\/api.w.org\/{rel}","templated":true}]}}