{"id":2807,"date":"2025-05-08T10:30:08","date_gmt":"2025-05-08T07:30:08","guid":{"rendered":"https:\/\/hypnos.ee\/toode\/barsel-for-barn-hopp\/"},"modified":"2025-05-08T10:30:08","modified_gmt":"2025-05-08T07:30:08","slug":"barsel-for-barn-hopp","status":"publish","type":"product","link":"https:\/\/hypnos.ee\/no\/produkt\/barsel-for-barn-hopp\/","title":{"rendered":"Barsel for barn HOPP"},"content":{"rendered":"","protected":false},"excerpt":{"rendered":"<p data-key=\"Mt2oj\" data-pm-slice=\"1 1 []\"><strong>Barsel for barn HOPP<\/strong><\/p>\n<p data-key=\"2ksYt\"><strong>En trygg st\u00f8tte som vokser med barnet ditt.<\/strong><\/p>\n<p data-key=\"eSW6l\">HOPP er en slitesterk og myk dunmadrass som er ideell <strong>for barnesenger, barnesenger og til og med stellebord<\/strong>.<br \/>\nDen er laget av 8-10 cm tykke dun (25 kg\/m\u00b3) og er tilsatt <strong>volumin\u00f8s vatt<\/strong> for ekstra mykhet og komfort. Madrasstrekket er laget av 100 % bomull og oppfyller Oeko-TEX 100-standarden &#8211; trygt, pustende og sk\u00e5nsomt <strong>selv for sensitiv hud<\/strong>.<br \/>\nTrekket er <strong>lett \u00e5 ta av og kan vaskes (sk\u00e5nsom vask<\/strong> ved 40 \u00b0C), slik at madrassen holder seg frisk hver natt. <\/p>\n","protected":false},"featured_media":2808,"comment_status":"closed","ping_status":"closed","template":"","meta":{"_acf_changed":false},"product_brand":[],"product_cat":[100],"product_tag":[],"class_list":{"0":"post-2807","1":"product","2":"type-product","3":"status-publish","4":"has-post-thumbnail","6":"product_cat-produkter-for-barn-og-unge","8":"first","9":"instock","10":"shipping-taxable","11":"product-type-simple"},"acf":[],"yoast_head":"<!-- This site is optimized with the Yoast SEO Premium plugin v26.0 (Yoast SEO v26.0) - https:\/\/yoast.com\/wordpress\/plugins\/seo\/ -->\n<title>Barsel for barn HOPP - Hypnos<\/title>\n<meta name=\"robots\" content=\"index, follow, max-snippet:-1, max-image-preview:large, max-video-preview:-1\" \/>\n<link rel=\"canonical\" href=\"https:\/\/hypnos.ee\/no\/produkt\/barsel-for-barn-hopp\/\" \/>\n<meta property=\"og:locale\" content=\"nb_NO\" \/>\n<meta property=\"og:type\" content=\"article\" \/>\n<meta property=\"og:title\" content=\"Barsel for barn HOPP\" \/>\n<meta property=\"og:description\" content=\"Barsel for barn HOPP En trygg st\u00f8tte som vokser med barnet ditt. HOPP er en slitesterk og myk dunmadrass som er ideell for barnesenger, barnesenger og til og med stellebord. Den er laget av 8-10 cm tykke dun (25 kg\/m\u00b3) og er tilsatt volumin\u00f8s vatt for ekstra mykhet og komfort. Madrasstrekket er laget av 100 % bomull og oppfyller Oeko-TEX 100-standarden - trygt, pustende og sk\u00e5nsomt selv for sensitiv hud. Trekket er lett \u00e5 ta av og kan vaskes (sk\u00e5nsom vask ved 40 \u00b0C), slik at madrassen holder seg frisk hver natt.\" \/>\n<meta property=\"og:url\" content=\"https:\/\/hypnos.ee\/no\/produkt\/barsel-for-barn-hopp\/\" \/>\n<meta property=\"og:site_name\" content=\"Hypnos\" \/>\n<meta property=\"og:image\" content=\"https:\/\/hypnos.ee\/wp-content\/uploads\/2025\/03\/beebimadrats_f_1_590_1.jpg\" \/>\n\t<meta property=\"og:image:width\" content=\"590\" \/>\n\t<meta property=\"og:image:height\" content=\"335\" \/>\n\t<meta property=\"og:image:type\" content=\"image\/jpeg\" \/>\n<meta name=\"twitter:card\" content=\"summary_large_image\" \/>\n<script type=\"application\/ld+json\" class=\"yoast-schema-graph\">{\"@context\":\"https:\/\/schema.org\",\"@graph\":[{\"@type\":\"WebPage\",\"@id\":\"https:\/\/hypnos.ee\/no\/produkt\/barsel-for-barn-hopp\/\",\"url\":\"https:\/\/hypnos.ee\/no\/produkt\/barsel-for-barn-hopp\/\",\"name\":\"Barsel for barn HOPP - Hypnos\",\"isPartOf\":{\"@id\":\"https:\/\/hypnos.ee\/no\/#website\"},\"primaryImageOfPage\":{\"@id\":\"https:\/\/hypnos.ee\/no\/produkt\/barsel-for-barn-hopp\/#primaryimage\"},\"image\":{\"@id\":\"https:\/\/hypnos.ee\/no\/produkt\/barsel-for-barn-hopp\/#primaryimage\"},\"thumbnailUrl\":\"https:\/\/hypnos.ee\/wp-content\/uploads\/2025\/03\/beebimadrats_f_1_590_1.jpg\",\"datePublished\":\"2025-05-08T07:30:08+00:00\",\"breadcrumb\":{\"@id\":\"https:\/\/hypnos.ee\/no\/produkt\/barsel-for-barn-hopp\/#breadcrumb\"},\"inLanguage\":\"nb-NO\",\"potentialAction\":[{\"@type\":\"ReadAction\",\"target\":[\"https:\/\/hypnos.ee\/no\/produkt\/barsel-for-barn-hopp\/\"]}]},{\"@type\":\"ImageObject\",\"inLanguage\":\"nb-NO\",\"@id\":\"https:\/\/hypnos.ee\/no\/produkt\/barsel-for-barn-hopp\/#primaryimage\",\"url\":\"https:\/\/hypnos.ee\/wp-content\/uploads\/2025\/03\/beebimadrats_f_1_590_1.jpg\",\"contentUrl\":\"https:\/\/hypnos.ee\/wp-content\/uploads\/2025\/03\/beebimadrats_f_1_590_1.jpg\",\"width\":590,\"height\":335},{\"@type\":\"BreadcrumbList\",\"@id\":\"https:\/\/hypnos.ee\/no\/produkt\/barsel-for-barn-hopp\/#breadcrumb\",\"itemListElement\":[{\"@type\":\"ListItem\",\"position\":1,\"name\":\"Home\",\"item\":\"https:\/\/hypnos.ee\/no\/\"},{\"@type\":\"ListItem\",\"position\":2,\"name\":\"Produkter\",\"item\":\"https:\/\/hypnos.ee\/tooted\/\"},{\"@type\":\"ListItem\",\"position\":3,\"name\":\"Barsel for barn HOPP\"}]},{\"@type\":\"WebSite\",\"@id\":\"https:\/\/hypnos.ee\/no\/#website\",\"url\":\"https:\/\/hypnos.ee\/no\/\",\"name\":\"Hypnos\",\"description\":\"T\u00f5stame unekogemust\",\"publisher\":{\"@id\":\"https:\/\/hypnos.ee\/no\/#organization\"},\"potentialAction\":[{\"@type\":\"SearchAction\",\"target\":{\"@type\":\"EntryPoint\",\"urlTemplate\":\"https:\/\/hypnos.ee\/no\/?s={search_term_string}\"},\"query-input\":{\"@type\":\"PropertyValueSpecification\",\"valueRequired\":true,\"valueName\":\"search_term_string\"}}],\"inLanguage\":\"nb-NO\"},{\"@type\":\"Organization\",\"@id\":\"https:\/\/hypnos.ee\/no\/#organization\",\"name\":\"Hypnos\",\"url\":\"https:\/\/hypnos.ee\/no\/\",\"logo\":{\"@type\":\"ImageObject\",\"inLanguage\":\"nb-NO\",\"@id\":\"https:\/\/hypnos.ee\/no\/#\/schema\/logo\/image\/\",\"url\":\"https:\/\/hypnos.ee\/wp-content\/uploads\/2025\/06\/cropped-Hypnos-fa.png\",\"contentUrl\":\"https:\/\/hypnos.ee\/wp-content\/uploads\/2025\/06\/cropped-Hypnos-fa.png\",\"width\":512,\"height\":512,\"caption\":\"Hypnos\"},\"image\":{\"@id\":\"https:\/\/hypnos.ee\/no\/#\/schema\/logo\/image\/\"}}]}<\/script>\n<!-- \/ Yoast SEO Premium plugin. -->","yoast_head_json":{"title":"Barsel for barn HOPP - Hypnos","robots":{"index":"index","follow":"follow","max-snippet":"max-snippet:-1","max-image-preview":"max-image-preview:large","max-video-preview":"max-video-preview:-1"},"canonical":"https:\/\/hypnos.ee\/no\/produkt\/barsel-for-barn-hopp\/","og_locale":"nb_NO","og_type":"article","og_title":"Barsel for barn HOPP","og_description":"Barsel for barn HOPP En trygg st\u00f8tte som vokser med barnet ditt. HOPP er en slitesterk og myk dunmadrass som er ideell for barnesenger, barnesenger og til og med stellebord. Den er laget av 8-10 cm tykke dun (25 kg\/m\u00b3) og er tilsatt volumin\u00f8s vatt for ekstra mykhet og komfort. Madrasstrekket er laget av 100 % bomull og oppfyller Oeko-TEX 100-standarden - trygt, pustende og sk\u00e5nsomt selv for sensitiv hud. Trekket er lett \u00e5 ta av og kan vaskes (sk\u00e5nsom vask ved 40 \u00b0C), slik at madrassen holder seg frisk hver natt.","og_url":"https:\/\/hypnos.ee\/no\/produkt\/barsel-for-barn-hopp\/","og_site_name":"Hypnos","og_image":[{"width":590,"height":335,"url":"https:\/\/hypnos.ee\/wp-content\/uploads\/2025\/03\/beebimadrats_f_1_590_1.jpg","type":"image\/jpeg"}],"twitter_card":"summary_large_image","schema":{"@context":"https:\/\/schema.org","@graph":[{"@type":"WebPage","@id":"https:\/\/hypnos.ee\/no\/produkt\/barsel-for-barn-hopp\/","url":"https:\/\/hypnos.ee\/no\/produkt\/barsel-for-barn-hopp\/","name":"Barsel for barn HOPP - Hypnos","isPartOf":{"@id":"https:\/\/hypnos.ee\/no\/#website"},"primaryImageOfPage":{"@id":"https:\/\/hypnos.ee\/no\/produkt\/barsel-for-barn-hopp\/#primaryimage"},"image":{"@id":"https:\/\/hypnos.ee\/no\/produkt\/barsel-for-barn-hopp\/#primaryimage"},"thumbnailUrl":"https:\/\/hypnos.ee\/wp-content\/uploads\/2025\/03\/beebimadrats_f_1_590_1.jpg","datePublished":"2025-05-08T07:30:08+00:00","breadcrumb":{"@id":"https:\/\/hypnos.ee\/no\/produkt\/barsel-for-barn-hopp\/#breadcrumb"},"inLanguage":"nb-NO","potentialAction":[{"@type":"ReadAction","target":["https:\/\/hypnos.ee\/no\/produkt\/barsel-for-barn-hopp\/"]}]},{"@type":"ImageObject","inLanguage":"nb-NO","@id":"https:\/\/hypnos.ee\/no\/produkt\/barsel-for-barn-hopp\/#primaryimage","url":"https:\/\/hypnos.ee\/wp-content\/uploads\/2025\/03\/beebimadrats_f_1_590_1.jpg","contentUrl":"https:\/\/hypnos.ee\/wp-content\/uploads\/2025\/03\/beebimadrats_f_1_590_1.jpg","width":590,"height":335},{"@type":"BreadcrumbList","@id":"https:\/\/hypnos.ee\/no\/produkt\/barsel-for-barn-hopp\/#breadcrumb","itemListElement":[{"@type":"ListItem","position":1,"name":"Home","item":"https:\/\/hypnos.ee\/no\/"},{"@type":"ListItem","position":2,"name":"Produkter","item":"https:\/\/hypnos.ee\/tooted\/"},{"@type":"ListItem","position":3,"name":"Barsel for barn HOPP"}]},{"@type":"WebSite","@id":"https:\/\/hypnos.ee\/no\/#website","url":"https:\/\/hypnos.ee\/no\/","name":"Hypnos","description":"T\u00f5stame unekogemust","publisher":{"@id":"https:\/\/hypnos.ee\/no\/#organization"},"potentialAction":[{"@type":"SearchAction","target":{"@type":"EntryPoint","urlTemplate":"https:\/\/hypnos.ee\/no\/?s={search_term_string}"},"query-input":{"@type":"PropertyValueSpecification","valueRequired":true,"valueName":"search_term_string"}}],"inLanguage":"nb-NO"},{"@type":"Organization","@id":"https:\/\/hypnos.ee\/no\/#organization","name":"Hypnos","url":"https:\/\/hypnos.ee\/no\/","logo":{"@type":"ImageObject","inLanguage":"nb-NO","@id":"https:\/\/hypnos.ee\/no\/#\/schema\/logo\/image\/","url":"https:\/\/hypnos.ee\/wp-content\/uploads\/2025\/06\/cropped-Hypnos-fa.png","contentUrl":"https:\/\/hypnos.ee\/wp-content\/uploads\/2025\/06\/cropped-Hypnos-fa.png","width":512,"height":512,"caption":"Hypnos"},"image":{"@id":"https:\/\/hypnos.ee\/no\/#\/schema\/logo\/image\/"}}]}},"_links":{"self":[{"href":"https:\/\/hypnos.ee\/no\/wp-json\/wp\/v2\/product\/2807","targetHints":{"allow":["GET"]}}],"collection":[{"href":"https:\/\/hypnos.ee\/no\/wp-json\/wp\/v2\/product"}],"about":[{"href":"https:\/\/hypnos.ee\/no\/wp-json\/wp\/v2\/types\/product"}],"replies":[{"embeddable":true,"href":"https:\/\/hypnos.ee\/no\/wp-json\/wp\/v2\/comments?post=2807"}],"wp:featuredmedia":[{"embeddable":true,"href":"https:\/\/hypnos.ee\/no\/wp-json\/wp\/v2\/media\/2808"}],"wp:attachment":[{"href":"https:\/\/hypnos.ee\/no\/wp-json\/wp\/v2\/media?parent=2807"}],"wp:term":[{"taxonomy":"product_brand","embeddable":true,"href":"https:\/\/hypnos.ee\/no\/wp-json\/wp\/v2\/product_brand?post=2807"},{"taxonomy":"product_cat","embeddable":true,"href":"https:\/\/hypnos.ee\/no\/wp-json\/wp\/v2\/product_cat?post=2807"},{"taxonomy":"product_tag","embeddable":true,"href":"https:\/\/hypnos.ee\/no\/wp-json\/wp\/v2\/product_tag?post=2807"}],"curies":[{"name":"wp","href":"https:\/\/api.w.org\/{rel}","templated":true}]}}