{"id":2769,"date":"2025-03-26T14:35:28","date_gmt":"2025-03-26T12:35:28","guid":{"rendered":"https:\/\/hypnos.ee\/toode\/motorseng-hermes-max-4\/"},"modified":"2025-03-26T14:35:28","modified_gmt":"2025-03-26T12:35:28","slug":"motorseng-hermes-max-4","status":"publish","type":"product","link":"https:\/\/hypnos.ee\/no\/produkt\/motorseng-hermes-max-4\/","title":{"rendered":"Motorseng Hermes MAX-4"},"content":{"rendered":"","protected":false},"excerpt":{"rendered":"<p data-key=\"eMPIr\" data-pm-slice=\"1 1 []\"><strong>Justerbar seng i premiumklassen med doble fj\u00e6rer.<\/strong><\/p>\n<p data-key=\"wNm6R\">Hermes MAX-4 er en kraftig og komfortabel motorisert seng som kombinerer en justerbar bunn, fj\u00e6ring av h\u00f8y kvalitet og en finish av h\u00f8y kvalitet.<\/p>\n<p data-key=\"wNm6R\">Sengen har en 19 \u00d7 3 cm massiv treramme for stabilitet. Madrassen har dobbel fj\u00e6ring &#8211; en nedre lomme p\u00e5 2,1 mm og en \u00f8vre lomme med bikakestruktur (1,8 mm \/ 1,9 mm \/ 2,0 mm). Resultatet er en st\u00f8ttende og slitesterk soveflate.  <\/p>\n<p data-key=\"46IN0\">Sengen er utstyrt med et m\u00f8beltrekk av h\u00f8y kvalitet eller Hypnos Stretch elastisk trekk, som er ideelt for justerbar sengebevegelse. Settet inkluderer et kablet kontrollpanel. <\/p>\n","protected":false},"featured_media":0,"comment_status":"closed","ping_status":"closed","template":"","meta":{"_acf_changed":false},"product_brand":[],"product_cat":[117],"product_tag":[],"class_list":{"0":"post-2769","1":"product","2":"type-product","3":"status-publish","5":"product_cat-motoriserte-senger","7":"first","8":"instock","9":"shipping-taxable","10":"product-type-simple"},"acf":[],"yoast_head":"<!-- This site is optimized with the Yoast SEO Premium plugin v26.0 (Yoast SEO v26.0) - https:\/\/yoast.com\/wordpress\/plugins\/seo\/ -->\n<title>Motorseng Hermes MAX-4 - Hypnos<\/title>\n<meta name=\"robots\" content=\"index, follow, max-snippet:-1, max-image-preview:large, max-video-preview:-1\" \/>\n<link rel=\"canonical\" href=\"https:\/\/hypnos.ee\/no\/produkt\/motorseng-hermes-max-4\/\" \/>\n<meta property=\"og:locale\" content=\"nb_NO\" \/>\n<meta property=\"og:type\" content=\"article\" \/>\n<meta property=\"og:title\" content=\"Motorseng Hermes MAX-4\" \/>\n<meta property=\"og:description\" content=\"Justerbar seng i premiumklassen med doble fj\u00e6rer. Hermes MAX-4 er en kraftig og komfortabel motorisert seng som kombinerer en justerbar bunn, fj\u00e6ring av h\u00f8y kvalitet og en finish av h\u00f8y kvalitet. Sengen har en 19 \u00d7 3 cm massiv treramme for stabilitet. Madrassen har dobbel fj\u00e6ring - en nedre lomme p\u00e5 2,1 mm og en \u00f8vre lomme med bikakestruktur (1,8 mm \/ 1,9 mm \/ 2,0 mm). Resultatet er en st\u00f8ttende og slitesterk soveflate.  Sengen er utstyrt med et m\u00f8beltrekk av h\u00f8y kvalitet eller Hypnos Stretch elastisk trekk, som er ideelt for justerbar sengebevegelse. Settet inkluderer et kablet kontrollpanel.\" \/>\n<meta property=\"og:url\" content=\"https:\/\/hypnos.ee\/no\/produkt\/motorseng-hermes-max-4\/\" \/>\n<meta property=\"og:site_name\" content=\"Hypnos\" \/>\n<meta property=\"og:image\" content=\"https:\/\/hypnos.ee\/wp-content\/uploads\/2025\/08\/hypnos-banner.png\" \/>\n\t<meta property=\"og:image:width\" content=\"1280\" \/>\n\t<meta property=\"og:image:height\" content=\"720\" \/>\n\t<meta property=\"og:image:type\" content=\"image\/png\" \/>\n<meta name=\"twitter:card\" content=\"summary_large_image\" \/>\n<script type=\"application\/ld+json\" class=\"yoast-schema-graph\">{\"@context\":\"https:\/\/schema.org\",\"@graph\":[{\"@type\":\"WebPage\",\"@id\":\"https:\/\/hypnos.ee\/no\/produkt\/motorseng-hermes-max-4\/\",\"url\":\"https:\/\/hypnos.ee\/no\/produkt\/motorseng-hermes-max-4\/\",\"name\":\"Motorseng Hermes MAX-4 - Hypnos\",\"isPartOf\":{\"@id\":\"https:\/\/hypnos.ee\/no\/#website\"},\"datePublished\":\"2025-03-26T12:35:28+00:00\",\"breadcrumb\":{\"@id\":\"https:\/\/hypnos.ee\/no\/produkt\/motorseng-hermes-max-4\/#breadcrumb\"},\"inLanguage\":\"nb-NO\",\"potentialAction\":[{\"@type\":\"ReadAction\",\"target\":[\"https:\/\/hypnos.ee\/no\/produkt\/motorseng-hermes-max-4\/\"]}]},{\"@type\":\"BreadcrumbList\",\"@id\":\"https:\/\/hypnos.ee\/no\/produkt\/motorseng-hermes-max-4\/#breadcrumb\",\"itemListElement\":[{\"@type\":\"ListItem\",\"position\":1,\"name\":\"Home\",\"item\":\"https:\/\/hypnos.ee\/no\/\"},{\"@type\":\"ListItem\",\"position\":2,\"name\":\"Produkter\",\"item\":\"https:\/\/hypnos.ee\/tooted\/\"},{\"@type\":\"ListItem\",\"position\":3,\"name\":\"Motorseng Hermes MAX-4\"}]},{\"@type\":\"WebSite\",\"@id\":\"https:\/\/hypnos.ee\/no\/#website\",\"url\":\"https:\/\/hypnos.ee\/no\/\",\"name\":\"Hypnos\",\"description\":\"T\u00f5stame unekogemust\",\"publisher\":{\"@id\":\"https:\/\/hypnos.ee\/no\/#organization\"},\"potentialAction\":[{\"@type\":\"SearchAction\",\"target\":{\"@type\":\"EntryPoint\",\"urlTemplate\":\"https:\/\/hypnos.ee\/no\/?s={search_term_string}\"},\"query-input\":{\"@type\":\"PropertyValueSpecification\",\"valueRequired\":true,\"valueName\":\"search_term_string\"}}],\"inLanguage\":\"nb-NO\"},{\"@type\":\"Organization\",\"@id\":\"https:\/\/hypnos.ee\/no\/#organization\",\"name\":\"Hypnos\",\"url\":\"https:\/\/hypnos.ee\/no\/\",\"logo\":{\"@type\":\"ImageObject\",\"inLanguage\":\"nb-NO\",\"@id\":\"https:\/\/hypnos.ee\/no\/#\/schema\/logo\/image\/\",\"url\":\"https:\/\/hypnos.ee\/wp-content\/uploads\/2025\/06\/cropped-Hypnos-fa.png\",\"contentUrl\":\"https:\/\/hypnos.ee\/wp-content\/uploads\/2025\/06\/cropped-Hypnos-fa.png\",\"width\":512,\"height\":512,\"caption\":\"Hypnos\"},\"image\":{\"@id\":\"https:\/\/hypnos.ee\/no\/#\/schema\/logo\/image\/\"}}]}<\/script>\n<!-- \/ Yoast SEO Premium plugin. -->","yoast_head_json":{"title":"Motorseng Hermes MAX-4 - Hypnos","robots":{"index":"index","follow":"follow","max-snippet":"max-snippet:-1","max-image-preview":"max-image-preview:large","max-video-preview":"max-video-preview:-1"},"canonical":"https:\/\/hypnos.ee\/no\/produkt\/motorseng-hermes-max-4\/","og_locale":"nb_NO","og_type":"article","og_title":"Motorseng Hermes MAX-4","og_description":"Justerbar seng i premiumklassen med doble fj\u00e6rer. Hermes MAX-4 er en kraftig og komfortabel motorisert seng som kombinerer en justerbar bunn, fj\u00e6ring av h\u00f8y kvalitet og en finish av h\u00f8y kvalitet. Sengen har en 19 \u00d7 3 cm massiv treramme for stabilitet. Madrassen har dobbel fj\u00e6ring - en nedre lomme p\u00e5 2,1 mm og en \u00f8vre lomme med bikakestruktur (1,8 mm \/ 1,9 mm \/ 2,0 mm). Resultatet er en st\u00f8ttende og slitesterk soveflate.  Sengen er utstyrt med et m\u00f8beltrekk av h\u00f8y kvalitet eller Hypnos Stretch elastisk trekk, som er ideelt for justerbar sengebevegelse. Settet inkluderer et kablet kontrollpanel.","og_url":"https:\/\/hypnos.ee\/no\/produkt\/motorseng-hermes-max-4\/","og_site_name":"Hypnos","og_image":[{"width":1280,"height":720,"url":"https:\/\/hypnos.ee\/wp-content\/uploads\/2025\/08\/hypnos-banner.png","type":"image\/png"}],"twitter_card":"summary_large_image","schema":{"@context":"https:\/\/schema.org","@graph":[{"@type":"WebPage","@id":"https:\/\/hypnos.ee\/no\/produkt\/motorseng-hermes-max-4\/","url":"https:\/\/hypnos.ee\/no\/produkt\/motorseng-hermes-max-4\/","name":"Motorseng Hermes MAX-4 - Hypnos","isPartOf":{"@id":"https:\/\/hypnos.ee\/no\/#website"},"datePublished":"2025-03-26T12:35:28+00:00","breadcrumb":{"@id":"https:\/\/hypnos.ee\/no\/produkt\/motorseng-hermes-max-4\/#breadcrumb"},"inLanguage":"nb-NO","potentialAction":[{"@type":"ReadAction","target":["https:\/\/hypnos.ee\/no\/produkt\/motorseng-hermes-max-4\/"]}]},{"@type":"BreadcrumbList","@id":"https:\/\/hypnos.ee\/no\/produkt\/motorseng-hermes-max-4\/#breadcrumb","itemListElement":[{"@type":"ListItem","position":1,"name":"Home","item":"https:\/\/hypnos.ee\/no\/"},{"@type":"ListItem","position":2,"name":"Produkter","item":"https:\/\/hypnos.ee\/tooted\/"},{"@type":"ListItem","position":3,"name":"Motorseng Hermes MAX-4"}]},{"@type":"WebSite","@id":"https:\/\/hypnos.ee\/no\/#website","url":"https:\/\/hypnos.ee\/no\/","name":"Hypnos","description":"T\u00f5stame unekogemust","publisher":{"@id":"https:\/\/hypnos.ee\/no\/#organization"},"potentialAction":[{"@type":"SearchAction","target":{"@type":"EntryPoint","urlTemplate":"https:\/\/hypnos.ee\/no\/?s={search_term_string}"},"query-input":{"@type":"PropertyValueSpecification","valueRequired":true,"valueName":"search_term_string"}}],"inLanguage":"nb-NO"},{"@type":"Organization","@id":"https:\/\/hypnos.ee\/no\/#organization","name":"Hypnos","url":"https:\/\/hypnos.ee\/no\/","logo":{"@type":"ImageObject","inLanguage":"nb-NO","@id":"https:\/\/hypnos.ee\/no\/#\/schema\/logo\/image\/","url":"https:\/\/hypnos.ee\/wp-content\/uploads\/2025\/06\/cropped-Hypnos-fa.png","contentUrl":"https:\/\/hypnos.ee\/wp-content\/uploads\/2025\/06\/cropped-Hypnos-fa.png","width":512,"height":512,"caption":"Hypnos"},"image":{"@id":"https:\/\/hypnos.ee\/no\/#\/schema\/logo\/image\/"}}]}},"_links":{"self":[{"href":"https:\/\/hypnos.ee\/no\/wp-json\/wp\/v2\/product\/2769","targetHints":{"allow":["GET"]}}],"collection":[{"href":"https:\/\/hypnos.ee\/no\/wp-json\/wp\/v2\/product"}],"about":[{"href":"https:\/\/hypnos.ee\/no\/wp-json\/wp\/v2\/types\/product"}],"replies":[{"embeddable":true,"href":"https:\/\/hypnos.ee\/no\/wp-json\/wp\/v2\/comments?post=2769"}],"wp:attachment":[{"href":"https:\/\/hypnos.ee\/no\/wp-json\/wp\/v2\/media?parent=2769"}],"wp:term":[{"taxonomy":"product_brand","embeddable":true,"href":"https:\/\/hypnos.ee\/no\/wp-json\/wp\/v2\/product_brand?post=2769"},{"taxonomy":"product_cat","embeddable":true,"href":"https:\/\/hypnos.ee\/no\/wp-json\/wp\/v2\/product_cat?post=2769"},{"taxonomy":"product_tag","embeddable":true,"href":"https:\/\/hypnos.ee\/no\/wp-json\/wp\/v2\/product_tag?post=2769"}],"curies":[{"name":"wp","href":"https:\/\/api.w.org\/{rel}","templated":true}]}}