{"id":2748,"date":"2025-03-26T14:38:27","date_gmt":"2025-03-26T12:38:27","guid":{"rendered":"https:\/\/hypnos.ee\/toode\/pandora-kontinentalseng\/"},"modified":"2025-03-26T14:38:27","modified_gmt":"2025-03-26T12:38:27","slug":"pandora-kontinentalseng","status":"publish","type":"product","link":"https:\/\/hypnos.ee\/no\/produkt\/pandora-kontinentalseng\/","title":{"rendered":"Pandora kontinentalseng"},"content":{"rendered":"","protected":false},"excerpt":{"rendered":"<p data-start=\"287\" data-end=\"356\"><strong data-start=\"287\" data-end=\"356\">Komfort, smart og stil i \u00e9n og samme seng<\/strong><\/p>\n<p data-start=\"358\" data-end=\"673\">Kontinentalsengen Pandora er et praktisk og slitesterkt valg for deg som \u00f8nsker en komfortabel sovestilling med mange ekstrafunksjoner. Sengen best\u00e5r av to solide sengebunner laget av melaminbelagte sponplater &#8211; den perfekte l\u00f8sningen hvis du trenger ekstra plass til oppbevaring av senget\u00f8y eller andre ting. <\/p>\n<p data-start=\"675\" data-end=\"868\">Den doble fj\u00e6ringen (nedre minihjelm og \u00f8vre lommefj\u00e6ring) s\u00f8rger for kroppsst\u00f8ttende og langvarig komfort. Pandora kontinentalseng er tilgjengelig i tre forskjellige stivheter &#8211; velg den som passer deg! <\/p>\n<p data-start=\"870\" data-end=\"1009\">Tilgjengelig med standard eller pneumatisk l\u00f8ftemekanisme, som \u00e5pner og lukker jevnt og stille (unntatt 70&#215;200 og 140&#215;200).<\/p>\n<p data-start=\"1011\" data-end=\"1117\">Sengen er kledd i slitesterkt m\u00f8belstoff eller kunstl\u00e6r, perfekt for ethvert soverom.<\/p>\n<p data-start=\"1119\" data-end=\"1282\">Kompletter Pandora-sengen med et matchende <strong data-start=\"1149\" data-end=\"1168\">madrasstrekk<\/strong> og en sengegavl i samme stoff for \u00e5 skape en sammenhengende og stilfull l\u00f8sning. Du finner alternativene for sengegavler under &laquo;Sengetilbeh\u00f8r&raquo;. <\/p>\n","protected":false},"featured_media":2752,"comment_status":"closed","ping_status":"closed","template":"","meta":{"_acf_changed":false},"product_brand":[],"product_cat":[116,105],"product_tag":[],"class_list":{"0":"post-2748","1":"product","2":"type-product","3":"status-publish","4":"has-post-thumbnail","6":"product_cat-kontinentale-senger","7":"product_cat-senger-med-vaskerom","9":"first","10":"instock","11":"shipping-taxable","12":"product-type-simple"},"acf":[],"yoast_head":"<!-- This site is optimized with the Yoast SEO Premium plugin v26.0 (Yoast SEO v26.0) - https:\/\/yoast.com\/wordpress\/plugins\/seo\/ -->\n<title>Pandora kontinentalseng - Hypnos<\/title>\n<meta name=\"robots\" content=\"index, follow, max-snippet:-1, max-image-preview:large, max-video-preview:-1\" \/>\n<link rel=\"canonical\" href=\"https:\/\/hypnos.ee\/no\/produkt\/pandora-kontinentalseng\/\" \/>\n<meta property=\"og:locale\" content=\"nb_NO\" \/>\n<meta property=\"og:type\" content=\"article\" \/>\n<meta property=\"og:title\" content=\"Pandora kontinentalseng\" \/>\n<meta property=\"og:description\" content=\"Komfort, smart og stil i \u00e9n og samme seng Kontinentalsengen Pandora er et praktisk og slitesterkt valg for deg som \u00f8nsker en komfortabel sovestilling med mange ekstrafunksjoner. Sengen best\u00e5r av to solide sengebunner laget av melaminbelagte sponplater - den perfekte l\u00f8sningen hvis du trenger ekstra plass til oppbevaring av senget\u00f8y eller andre ting. Den doble fj\u00e6ringen (nedre minihjelm og \u00f8vre lommefj\u00e6ring) s\u00f8rger for kroppsst\u00f8ttende og langvarig komfort. Pandora kontinentalseng er tilgjengelig i tre forskjellige stivheter - velg den som passer deg! Tilgjengelig med standard eller pneumatisk l\u00f8ftemekanisme, som \u00e5pner og lukker jevnt og stille (unntatt 70x200 og 140x200). Sengen er kledd i slitesterkt m\u00f8belstoff eller kunstl\u00e6r, perfekt for ethvert soverom. Kompletter Pandora-sengen med et matchende madrasstrekk og en sengegavl i samme stoff for \u00e5 skape en sammenhengende og stilfull l\u00f8sning. Du finner alternativene for sengegavler under &quot;Sengetilbeh\u00f8r&quot;.\" \/>\n<meta property=\"og:url\" content=\"https:\/\/hypnos.ee\/no\/produkt\/pandora-kontinentalseng\/\" \/>\n<meta property=\"og:site_name\" content=\"Hypnos\" \/>\n<meta property=\"og:image\" content=\"https:\/\/hypnos.ee\/wp-content\/uploads\/2025\/03\/kontinentaalvoodi-kastiga_f_1_590_1.jpg\" \/>\n\t<meta property=\"og:image:width\" content=\"590\" \/>\n\t<meta property=\"og:image:height\" content=\"389\" \/>\n\t<meta property=\"og:image:type\" content=\"image\/jpeg\" \/>\n<meta name=\"twitter:card\" content=\"summary_large_image\" \/>\n<script type=\"application\/ld+json\" class=\"yoast-schema-graph\">{\"@context\":\"https:\/\/schema.org\",\"@graph\":[{\"@type\":\"WebPage\",\"@id\":\"https:\/\/hypnos.ee\/no\/produkt\/pandora-kontinentalseng\/\",\"url\":\"https:\/\/hypnos.ee\/no\/produkt\/pandora-kontinentalseng\/\",\"name\":\"Pandora kontinentalseng - Hypnos\",\"isPartOf\":{\"@id\":\"https:\/\/hypnos.ee\/no\/#website\"},\"primaryImageOfPage\":{\"@id\":\"https:\/\/hypnos.ee\/no\/produkt\/pandora-kontinentalseng\/#primaryimage\"},\"image\":{\"@id\":\"https:\/\/hypnos.ee\/no\/produkt\/pandora-kontinentalseng\/#primaryimage\"},\"thumbnailUrl\":\"https:\/\/hypnos.ee\/wp-content\/uploads\/2025\/03\/kontinentaalvoodi-kastiga_f_1_590_1.jpg\",\"datePublished\":\"2025-03-26T12:38:27+00:00\",\"breadcrumb\":{\"@id\":\"https:\/\/hypnos.ee\/no\/produkt\/pandora-kontinentalseng\/#breadcrumb\"},\"inLanguage\":\"nb-NO\",\"potentialAction\":[{\"@type\":\"ReadAction\",\"target\":[\"https:\/\/hypnos.ee\/no\/produkt\/pandora-kontinentalseng\/\"]}]},{\"@type\":\"ImageObject\",\"inLanguage\":\"nb-NO\",\"@id\":\"https:\/\/hypnos.ee\/no\/produkt\/pandora-kontinentalseng\/#primaryimage\",\"url\":\"https:\/\/hypnos.ee\/wp-content\/uploads\/2025\/03\/kontinentaalvoodi-kastiga_f_1_590_1.jpg\",\"contentUrl\":\"https:\/\/hypnos.ee\/wp-content\/uploads\/2025\/03\/kontinentaalvoodi-kastiga_f_1_590_1.jpg\",\"width\":590,\"height\":389},{\"@type\":\"BreadcrumbList\",\"@id\":\"https:\/\/hypnos.ee\/no\/produkt\/pandora-kontinentalseng\/#breadcrumb\",\"itemListElement\":[{\"@type\":\"ListItem\",\"position\":1,\"name\":\"Home\",\"item\":\"https:\/\/hypnos.ee\/no\/\"},{\"@type\":\"ListItem\",\"position\":2,\"name\":\"Produkter\",\"item\":\"https:\/\/hypnos.ee\/tooted\/\"},{\"@type\":\"ListItem\",\"position\":3,\"name\":\"Pandora kontinentalseng\"}]},{\"@type\":\"WebSite\",\"@id\":\"https:\/\/hypnos.ee\/no\/#website\",\"url\":\"https:\/\/hypnos.ee\/no\/\",\"name\":\"Hypnos\",\"description\":\"T\u00f5stame unekogemust\",\"publisher\":{\"@id\":\"https:\/\/hypnos.ee\/no\/#organization\"},\"potentialAction\":[{\"@type\":\"SearchAction\",\"target\":{\"@type\":\"EntryPoint\",\"urlTemplate\":\"https:\/\/hypnos.ee\/no\/?s={search_term_string}\"},\"query-input\":{\"@type\":\"PropertyValueSpecification\",\"valueRequired\":true,\"valueName\":\"search_term_string\"}}],\"inLanguage\":\"nb-NO\"},{\"@type\":\"Organization\",\"@id\":\"https:\/\/hypnos.ee\/no\/#organization\",\"name\":\"Hypnos\",\"url\":\"https:\/\/hypnos.ee\/no\/\",\"logo\":{\"@type\":\"ImageObject\",\"inLanguage\":\"nb-NO\",\"@id\":\"https:\/\/hypnos.ee\/no\/#\/schema\/logo\/image\/\",\"url\":\"https:\/\/hypnos.ee\/wp-content\/uploads\/2025\/06\/cropped-Hypnos-fa.png\",\"contentUrl\":\"https:\/\/hypnos.ee\/wp-content\/uploads\/2025\/06\/cropped-Hypnos-fa.png\",\"width\":512,\"height\":512,\"caption\":\"Hypnos\"},\"image\":{\"@id\":\"https:\/\/hypnos.ee\/no\/#\/schema\/logo\/image\/\"}}]}<\/script>\n<!-- \/ Yoast SEO Premium plugin. -->","yoast_head_json":{"title":"Pandora kontinentalseng - Hypnos","robots":{"index":"index","follow":"follow","max-snippet":"max-snippet:-1","max-image-preview":"max-image-preview:large","max-video-preview":"max-video-preview:-1"},"canonical":"https:\/\/hypnos.ee\/no\/produkt\/pandora-kontinentalseng\/","og_locale":"nb_NO","og_type":"article","og_title":"Pandora kontinentalseng","og_description":"Komfort, smart og stil i \u00e9n og samme seng Kontinentalsengen Pandora er et praktisk og slitesterkt valg for deg som \u00f8nsker en komfortabel sovestilling med mange ekstrafunksjoner. Sengen best\u00e5r av to solide sengebunner laget av melaminbelagte sponplater - den perfekte l\u00f8sningen hvis du trenger ekstra plass til oppbevaring av senget\u00f8y eller andre ting. Den doble fj\u00e6ringen (nedre minihjelm og \u00f8vre lommefj\u00e6ring) s\u00f8rger for kroppsst\u00f8ttende og langvarig komfort. Pandora kontinentalseng er tilgjengelig i tre forskjellige stivheter - velg den som passer deg! Tilgjengelig med standard eller pneumatisk l\u00f8ftemekanisme, som \u00e5pner og lukker jevnt og stille (unntatt 70x200 og 140x200). Sengen er kledd i slitesterkt m\u00f8belstoff eller kunstl\u00e6r, perfekt for ethvert soverom. Kompletter Pandora-sengen med et matchende madrasstrekk og en sengegavl i samme stoff for \u00e5 skape en sammenhengende og stilfull l\u00f8sning. Du finner alternativene for sengegavler under \"Sengetilbeh\u00f8r\".","og_url":"https:\/\/hypnos.ee\/no\/produkt\/pandora-kontinentalseng\/","og_site_name":"Hypnos","og_image":[{"width":590,"height":389,"url":"https:\/\/hypnos.ee\/wp-content\/uploads\/2025\/03\/kontinentaalvoodi-kastiga_f_1_590_1.jpg","type":"image\/jpeg"}],"twitter_card":"summary_large_image","schema":{"@context":"https:\/\/schema.org","@graph":[{"@type":"WebPage","@id":"https:\/\/hypnos.ee\/no\/produkt\/pandora-kontinentalseng\/","url":"https:\/\/hypnos.ee\/no\/produkt\/pandora-kontinentalseng\/","name":"Pandora kontinentalseng - Hypnos","isPartOf":{"@id":"https:\/\/hypnos.ee\/no\/#website"},"primaryImageOfPage":{"@id":"https:\/\/hypnos.ee\/no\/produkt\/pandora-kontinentalseng\/#primaryimage"},"image":{"@id":"https:\/\/hypnos.ee\/no\/produkt\/pandora-kontinentalseng\/#primaryimage"},"thumbnailUrl":"https:\/\/hypnos.ee\/wp-content\/uploads\/2025\/03\/kontinentaalvoodi-kastiga_f_1_590_1.jpg","datePublished":"2025-03-26T12:38:27+00:00","breadcrumb":{"@id":"https:\/\/hypnos.ee\/no\/produkt\/pandora-kontinentalseng\/#breadcrumb"},"inLanguage":"nb-NO","potentialAction":[{"@type":"ReadAction","target":["https:\/\/hypnos.ee\/no\/produkt\/pandora-kontinentalseng\/"]}]},{"@type":"ImageObject","inLanguage":"nb-NO","@id":"https:\/\/hypnos.ee\/no\/produkt\/pandora-kontinentalseng\/#primaryimage","url":"https:\/\/hypnos.ee\/wp-content\/uploads\/2025\/03\/kontinentaalvoodi-kastiga_f_1_590_1.jpg","contentUrl":"https:\/\/hypnos.ee\/wp-content\/uploads\/2025\/03\/kontinentaalvoodi-kastiga_f_1_590_1.jpg","width":590,"height":389},{"@type":"BreadcrumbList","@id":"https:\/\/hypnos.ee\/no\/produkt\/pandora-kontinentalseng\/#breadcrumb","itemListElement":[{"@type":"ListItem","position":1,"name":"Home","item":"https:\/\/hypnos.ee\/no\/"},{"@type":"ListItem","position":2,"name":"Produkter","item":"https:\/\/hypnos.ee\/tooted\/"},{"@type":"ListItem","position":3,"name":"Pandora kontinentalseng"}]},{"@type":"WebSite","@id":"https:\/\/hypnos.ee\/no\/#website","url":"https:\/\/hypnos.ee\/no\/","name":"Hypnos","description":"T\u00f5stame unekogemust","publisher":{"@id":"https:\/\/hypnos.ee\/no\/#organization"},"potentialAction":[{"@type":"SearchAction","target":{"@type":"EntryPoint","urlTemplate":"https:\/\/hypnos.ee\/no\/?s={search_term_string}"},"query-input":{"@type":"PropertyValueSpecification","valueRequired":true,"valueName":"search_term_string"}}],"inLanguage":"nb-NO"},{"@type":"Organization","@id":"https:\/\/hypnos.ee\/no\/#organization","name":"Hypnos","url":"https:\/\/hypnos.ee\/no\/","logo":{"@type":"ImageObject","inLanguage":"nb-NO","@id":"https:\/\/hypnos.ee\/no\/#\/schema\/logo\/image\/","url":"https:\/\/hypnos.ee\/wp-content\/uploads\/2025\/06\/cropped-Hypnos-fa.png","contentUrl":"https:\/\/hypnos.ee\/wp-content\/uploads\/2025\/06\/cropped-Hypnos-fa.png","width":512,"height":512,"caption":"Hypnos"},"image":{"@id":"https:\/\/hypnos.ee\/no\/#\/schema\/logo\/image\/"}}]}},"_links":{"self":[{"href":"https:\/\/hypnos.ee\/no\/wp-json\/wp\/v2\/product\/2748","targetHints":{"allow":["GET"]}}],"collection":[{"href":"https:\/\/hypnos.ee\/no\/wp-json\/wp\/v2\/product"}],"about":[{"href":"https:\/\/hypnos.ee\/no\/wp-json\/wp\/v2\/types\/product"}],"replies":[{"embeddable":true,"href":"https:\/\/hypnos.ee\/no\/wp-json\/wp\/v2\/comments?post=2748"}],"wp:featuredmedia":[{"embeddable":true,"href":"https:\/\/hypnos.ee\/no\/wp-json\/wp\/v2\/media\/2752"}],"wp:attachment":[{"href":"https:\/\/hypnos.ee\/no\/wp-json\/wp\/v2\/media?parent=2748"}],"wp:term":[{"taxonomy":"product_brand","embeddable":true,"href":"https:\/\/hypnos.ee\/no\/wp-json\/wp\/v2\/product_brand?post=2748"},{"taxonomy":"product_cat","embeddable":true,"href":"https:\/\/hypnos.ee\/no\/wp-json\/wp\/v2\/product_cat?post=2748"},{"taxonomy":"product_tag","embeddable":true,"href":"https:\/\/hypnos.ee\/no\/wp-json\/wp\/v2\/product_tag?post=2748"}],"curies":[{"name":"wp","href":"https:\/\/api.w.org\/{rel}","templated":true}]}}