{"id":2747,"date":"2025-03-26T14:34:14","date_gmt":"2025-03-26T12:34:14","guid":{"rendered":"https:\/\/hypnos.ee\/toode\/motorisert-seng-mars\/"},"modified":"2025-03-26T14:34:14","modified_gmt":"2025-03-26T12:34:14","slug":"motorisert-seng-mars","status":"publish","type":"product","link":"https:\/\/hypnos.ee\/no\/produkt\/motorisert-seng-mars\/","title":{"rendered":"Motorisert seng Mars"},"content":{"rendered":"","protected":false},"excerpt":{"rendered":"<p data-key=\"oNt9g\"><strong>Maksimal komfort og fleksibilitet.<\/strong><\/p>\n<p data-key=\"VSbq8\">Den motoriserte sengen Mars er ideell for deg som \u00f8nsker en virkelig komfortabel sovestilling eller som tilbringer en stor del av dagen i sengen. Sengens hode- og fotende kan enkelt justeres ved hjelp av fjernkontrollen &#8211; velg mellom alternativene med eller uten ledning. <\/p>\n<p data-key=\"kqz27\"><strong>Hever overskriften:<\/strong><\/p>\n<ul class=\"list-el\" data-key=\"gVbqS\">\n<li data-key=\"nSYPK\">\n<p data-key=\"iIqgc\">du kan f\u00e5 den perfekte posisjonen for \u00e5 lese eller se p\u00e5 TV<\/p>\n<\/li>\n<li data-key=\"qufY6\">\n<p data-key=\"KqnBU\">det blir lettere \u00e5 st\u00e5 opp av sengen<\/p>\n<\/li>\n<li data-key=\"eMhAY\">\n<p data-key=\"QfeLf\">forbedrer s\u00f8vnkvaliteten<\/p>\n<\/li>\n<\/ul>\n<p data-key=\"o3UpU\"><strong>Hever fotgjengerdelen:<\/strong><\/p>\n<ul class=\"list-el\" data-key=\"apDwe\">\n<li data-key=\"mwDRc\">\n<p data-key=\"OECxX\">forbedrer sirkulasjonen<\/p>\n<\/li>\n<li data-key=\"vv3j1\">\n<p data-key=\"UN39C\">redusert spenning i bena og korsryggen<\/p>\n<\/li>\n<\/ul>\n<p data-key=\"ciNYt\">Mars motorseng er basert p\u00e5 en robust motorramme (ramme 4 \u00d7 8 cm) med en 16 cm pocketfj\u00e6ret madrass (245 fj\u00e6rer\/m\u00b2).<\/p>\n<p data-key=\"sAl8Z\">Madrassen er tilgjengelig i tre forskjellige stivheter (1,8 mm \/ 1,9 mm \/ 2,0 mm tr\u00e5d). Polstringen er laget av HR-porolon av h\u00f8y kvalitet, noe som gir en st\u00f8ttende og komfortabel overflate. <\/p>\n<p data-key=\"ht97X\">Legg til en matchende madrass og ben for \u00e5 skape en komplett sengel\u00f8sning.<\/p>\n","protected":false},"featured_media":2757,"comment_status":"closed","ping_status":"closed","template":"","meta":{"_acf_changed":false},"product_brand":[],"product_cat":[117],"product_tag":[],"class_list":{"0":"post-2747","1":"product","2":"type-product","3":"status-publish","4":"has-post-thumbnail","6":"product_cat-motoriserte-senger","8":"first","9":"instock","10":"shipping-taxable","11":"product-type-simple"},"acf":[],"yoast_head":"<!-- This site is optimized with the Yoast SEO Premium plugin v26.0 (Yoast SEO v26.0) - https:\/\/yoast.com\/wordpress\/plugins\/seo\/ -->\n<title>Motorisert seng Mars - Hypnos<\/title>\n<meta name=\"robots\" content=\"index, follow, max-snippet:-1, max-image-preview:large, max-video-preview:-1\" \/>\n<link rel=\"canonical\" href=\"https:\/\/hypnos.ee\/no\/produkt\/motorisert-seng-mars\/\" \/>\n<meta property=\"og:locale\" content=\"nb_NO\" \/>\n<meta property=\"og:type\" content=\"article\" \/>\n<meta property=\"og:title\" content=\"Motorisert seng Mars\" \/>\n<meta property=\"og:description\" content=\"Maksimal komfort og fleksibilitet. Den motoriserte sengen Mars er ideell for deg som \u00f8nsker en virkelig komfortabel sovestilling eller som tilbringer en stor del av dagen i sengen. Sengens hode- og fotende kan enkelt justeres ved hjelp av fjernkontrollen - velg mellom alternativene med eller uten ledning. Hever overskriften:   du kan f\u00e5 den perfekte posisjonen for \u00e5 lese eller se p\u00e5 TV   det blir lettere \u00e5 st\u00e5 opp av sengen   forbedrer s\u00f8vnkvaliteten  Hever fotgjengerdelen:   forbedrer sirkulasjonen   redusert spenning i bena og korsryggen  Mars motorseng er basert p\u00e5 en robust motorramme (ramme 4 \u00d7 8 cm) med en 16 cm pocketfj\u00e6ret madrass (245 fj\u00e6rer\/m\u00b2). Madrassen er tilgjengelig i tre forskjellige stivheter (1,8 mm \/ 1,9 mm \/ 2,0 mm tr\u00e5d). Polstringen er laget av HR-porolon av h\u00f8y kvalitet, noe som gir en st\u00f8ttende og komfortabel overflate. Legg til en matchende madrass og ben for \u00e5 skape en komplett sengel\u00f8sning.\" \/>\n<meta property=\"og:url\" content=\"https:\/\/hypnos.ee\/no\/produkt\/motorisert-seng-mars\/\" \/>\n<meta property=\"og:site_name\" content=\"Hypnos\" \/>\n<meta property=\"og:image\" content=\"https:\/\/hypnos.ee\/wp-content\/uploads\/2025\/03\/AM_Motorbed_Inari91_HB_StandardSingle_Opened-scaled.jpg\" \/>\n\t<meta property=\"og:image:width\" content=\"2560\" \/>\n\t<meta property=\"og:image:height\" content=\"1709\" \/>\n\t<meta property=\"og:image:type\" content=\"image\/jpeg\" \/>\n<meta name=\"twitter:card\" content=\"summary_large_image\" \/>\n<script type=\"application\/ld+json\" class=\"yoast-schema-graph\">{\"@context\":\"https:\/\/schema.org\",\"@graph\":[{\"@type\":\"WebPage\",\"@id\":\"https:\/\/hypnos.ee\/no\/produkt\/motorisert-seng-mars\/\",\"url\":\"https:\/\/hypnos.ee\/no\/produkt\/motorisert-seng-mars\/\",\"name\":\"Motorisert seng Mars - Hypnos\",\"isPartOf\":{\"@id\":\"https:\/\/hypnos.ee\/no\/#website\"},\"primaryImageOfPage\":{\"@id\":\"https:\/\/hypnos.ee\/no\/produkt\/motorisert-seng-mars\/#primaryimage\"},\"image\":{\"@id\":\"https:\/\/hypnos.ee\/no\/produkt\/motorisert-seng-mars\/#primaryimage\"},\"thumbnailUrl\":\"https:\/\/hypnos.ee\/wp-content\/uploads\/2025\/03\/AM_Motorbed_Inari91_HB_StandardSingle_Opened-scaled.jpg\",\"datePublished\":\"2025-03-26T12:34:14+00:00\",\"breadcrumb\":{\"@id\":\"https:\/\/hypnos.ee\/no\/produkt\/motorisert-seng-mars\/#breadcrumb\"},\"inLanguage\":\"nb-NO\",\"potentialAction\":[{\"@type\":\"ReadAction\",\"target\":[\"https:\/\/hypnos.ee\/no\/produkt\/motorisert-seng-mars\/\"]}]},{\"@type\":\"ImageObject\",\"inLanguage\":\"nb-NO\",\"@id\":\"https:\/\/hypnos.ee\/no\/produkt\/motorisert-seng-mars\/#primaryimage\",\"url\":\"https:\/\/hypnos.ee\/wp-content\/uploads\/2025\/03\/AM_Motorbed_Inari91_HB_StandardSingle_Opened-scaled.jpg\",\"contentUrl\":\"https:\/\/hypnos.ee\/wp-content\/uploads\/2025\/03\/AM_Motorbed_Inari91_HB_StandardSingle_Opened-scaled.jpg\",\"width\":2560,\"height\":1709},{\"@type\":\"BreadcrumbList\",\"@id\":\"https:\/\/hypnos.ee\/no\/produkt\/motorisert-seng-mars\/#breadcrumb\",\"itemListElement\":[{\"@type\":\"ListItem\",\"position\":1,\"name\":\"Home\",\"item\":\"https:\/\/hypnos.ee\/no\/\"},{\"@type\":\"ListItem\",\"position\":2,\"name\":\"Produkter\",\"item\":\"https:\/\/hypnos.ee\/tooted\/\"},{\"@type\":\"ListItem\",\"position\":3,\"name\":\"Motorisert seng Mars\"}]},{\"@type\":\"WebSite\",\"@id\":\"https:\/\/hypnos.ee\/no\/#website\",\"url\":\"https:\/\/hypnos.ee\/no\/\",\"name\":\"Hypnos\",\"description\":\"T\u00f5stame unekogemust\",\"publisher\":{\"@id\":\"https:\/\/hypnos.ee\/no\/#organization\"},\"potentialAction\":[{\"@type\":\"SearchAction\",\"target\":{\"@type\":\"EntryPoint\",\"urlTemplate\":\"https:\/\/hypnos.ee\/no\/?s={search_term_string}\"},\"query-input\":{\"@type\":\"PropertyValueSpecification\",\"valueRequired\":true,\"valueName\":\"search_term_string\"}}],\"inLanguage\":\"nb-NO\"},{\"@type\":\"Organization\",\"@id\":\"https:\/\/hypnos.ee\/no\/#organization\",\"name\":\"Hypnos\",\"url\":\"https:\/\/hypnos.ee\/no\/\",\"logo\":{\"@type\":\"ImageObject\",\"inLanguage\":\"nb-NO\",\"@id\":\"https:\/\/hypnos.ee\/no\/#\/schema\/logo\/image\/\",\"url\":\"https:\/\/hypnos.ee\/wp-content\/uploads\/2025\/06\/cropped-Hypnos-fa.png\",\"contentUrl\":\"https:\/\/hypnos.ee\/wp-content\/uploads\/2025\/06\/cropped-Hypnos-fa.png\",\"width\":512,\"height\":512,\"caption\":\"Hypnos\"},\"image\":{\"@id\":\"https:\/\/hypnos.ee\/no\/#\/schema\/logo\/image\/\"}}]}<\/script>\n<!-- \/ Yoast SEO Premium plugin. -->","yoast_head_json":{"title":"Motorisert seng Mars - Hypnos","robots":{"index":"index","follow":"follow","max-snippet":"max-snippet:-1","max-image-preview":"max-image-preview:large","max-video-preview":"max-video-preview:-1"},"canonical":"https:\/\/hypnos.ee\/no\/produkt\/motorisert-seng-mars\/","og_locale":"nb_NO","og_type":"article","og_title":"Motorisert seng Mars","og_description":"Maksimal komfort og fleksibilitet. Den motoriserte sengen Mars er ideell for deg som \u00f8nsker en virkelig komfortabel sovestilling eller som tilbringer en stor del av dagen i sengen. Sengens hode- og fotende kan enkelt justeres ved hjelp av fjernkontrollen - velg mellom alternativene med eller uten ledning. Hever overskriften:   du kan f\u00e5 den perfekte posisjonen for \u00e5 lese eller se p\u00e5 TV   det blir lettere \u00e5 st\u00e5 opp av sengen   forbedrer s\u00f8vnkvaliteten  Hever fotgjengerdelen:   forbedrer sirkulasjonen   redusert spenning i bena og korsryggen  Mars motorseng er basert p\u00e5 en robust motorramme (ramme 4 \u00d7 8 cm) med en 16 cm pocketfj\u00e6ret madrass (245 fj\u00e6rer\/m\u00b2). Madrassen er tilgjengelig i tre forskjellige stivheter (1,8 mm \/ 1,9 mm \/ 2,0 mm tr\u00e5d). Polstringen er laget av HR-porolon av h\u00f8y kvalitet, noe som gir en st\u00f8ttende og komfortabel overflate. Legg til en matchende madrass og ben for \u00e5 skape en komplett sengel\u00f8sning.","og_url":"https:\/\/hypnos.ee\/no\/produkt\/motorisert-seng-mars\/","og_site_name":"Hypnos","og_image":[{"width":2560,"height":1709,"url":"https:\/\/hypnos.ee\/wp-content\/uploads\/2025\/03\/AM_Motorbed_Inari91_HB_StandardSingle_Opened-scaled.jpg","type":"image\/jpeg"}],"twitter_card":"summary_large_image","schema":{"@context":"https:\/\/schema.org","@graph":[{"@type":"WebPage","@id":"https:\/\/hypnos.ee\/no\/produkt\/motorisert-seng-mars\/","url":"https:\/\/hypnos.ee\/no\/produkt\/motorisert-seng-mars\/","name":"Motorisert seng Mars - Hypnos","isPartOf":{"@id":"https:\/\/hypnos.ee\/no\/#website"},"primaryImageOfPage":{"@id":"https:\/\/hypnos.ee\/no\/produkt\/motorisert-seng-mars\/#primaryimage"},"image":{"@id":"https:\/\/hypnos.ee\/no\/produkt\/motorisert-seng-mars\/#primaryimage"},"thumbnailUrl":"https:\/\/hypnos.ee\/wp-content\/uploads\/2025\/03\/AM_Motorbed_Inari91_HB_StandardSingle_Opened-scaled.jpg","datePublished":"2025-03-26T12:34:14+00:00","breadcrumb":{"@id":"https:\/\/hypnos.ee\/no\/produkt\/motorisert-seng-mars\/#breadcrumb"},"inLanguage":"nb-NO","potentialAction":[{"@type":"ReadAction","target":["https:\/\/hypnos.ee\/no\/produkt\/motorisert-seng-mars\/"]}]},{"@type":"ImageObject","inLanguage":"nb-NO","@id":"https:\/\/hypnos.ee\/no\/produkt\/motorisert-seng-mars\/#primaryimage","url":"https:\/\/hypnos.ee\/wp-content\/uploads\/2025\/03\/AM_Motorbed_Inari91_HB_StandardSingle_Opened-scaled.jpg","contentUrl":"https:\/\/hypnos.ee\/wp-content\/uploads\/2025\/03\/AM_Motorbed_Inari91_HB_StandardSingle_Opened-scaled.jpg","width":2560,"height":1709},{"@type":"BreadcrumbList","@id":"https:\/\/hypnos.ee\/no\/produkt\/motorisert-seng-mars\/#breadcrumb","itemListElement":[{"@type":"ListItem","position":1,"name":"Home","item":"https:\/\/hypnos.ee\/no\/"},{"@type":"ListItem","position":2,"name":"Produkter","item":"https:\/\/hypnos.ee\/tooted\/"},{"@type":"ListItem","position":3,"name":"Motorisert seng Mars"}]},{"@type":"WebSite","@id":"https:\/\/hypnos.ee\/no\/#website","url":"https:\/\/hypnos.ee\/no\/","name":"Hypnos","description":"T\u00f5stame unekogemust","publisher":{"@id":"https:\/\/hypnos.ee\/no\/#organization"},"potentialAction":[{"@type":"SearchAction","target":{"@type":"EntryPoint","urlTemplate":"https:\/\/hypnos.ee\/no\/?s={search_term_string}"},"query-input":{"@type":"PropertyValueSpecification","valueRequired":true,"valueName":"search_term_string"}}],"inLanguage":"nb-NO"},{"@type":"Organization","@id":"https:\/\/hypnos.ee\/no\/#organization","name":"Hypnos","url":"https:\/\/hypnos.ee\/no\/","logo":{"@type":"ImageObject","inLanguage":"nb-NO","@id":"https:\/\/hypnos.ee\/no\/#\/schema\/logo\/image\/","url":"https:\/\/hypnos.ee\/wp-content\/uploads\/2025\/06\/cropped-Hypnos-fa.png","contentUrl":"https:\/\/hypnos.ee\/wp-content\/uploads\/2025\/06\/cropped-Hypnos-fa.png","width":512,"height":512,"caption":"Hypnos"},"image":{"@id":"https:\/\/hypnos.ee\/no\/#\/schema\/logo\/image\/"}}]}},"_links":{"self":[{"href":"https:\/\/hypnos.ee\/no\/wp-json\/wp\/v2\/product\/2747","targetHints":{"allow":["GET"]}}],"collection":[{"href":"https:\/\/hypnos.ee\/no\/wp-json\/wp\/v2\/product"}],"about":[{"href":"https:\/\/hypnos.ee\/no\/wp-json\/wp\/v2\/types\/product"}],"replies":[{"embeddable":true,"href":"https:\/\/hypnos.ee\/no\/wp-json\/wp\/v2\/comments?post=2747"}],"wp:featuredmedia":[{"embeddable":true,"href":"https:\/\/hypnos.ee\/no\/wp-json\/wp\/v2\/media\/2757"}],"wp:attachment":[{"href":"https:\/\/hypnos.ee\/no\/wp-json\/wp\/v2\/media?parent=2747"}],"wp:term":[{"taxonomy":"product_brand","embeddable":true,"href":"https:\/\/hypnos.ee\/no\/wp-json\/wp\/v2\/product_brand?post=2747"},{"taxonomy":"product_cat","embeddable":true,"href":"https:\/\/hypnos.ee\/no\/wp-json\/wp\/v2\/product_cat?post=2747"},{"taxonomy":"product_tag","embeddable":true,"href":"https:\/\/hypnos.ee\/no\/wp-json\/wp\/v2\/product_tag?post=2747"}],"curies":[{"name":"wp","href":"https:\/\/api.w.org\/{rel}","templated":true}]}}