{"id":2473,"date":"2025-05-08T09:48:06","date_gmt":"2025-05-08T06:48:06","guid":{"rendered":"https:\/\/hypnos.ee\/toode\/hermes-motorseng\/"},"modified":"2025-05-08T09:48:06","modified_gmt":"2025-05-08T06:48:06","slug":"hermes-motorseng","status":"publish","type":"product","link":"https:\/\/hypnos.ee\/no\/produkt\/hermes-motorseng\/","title":{"rendered":"Hermes motorseng"},"content":{"rendered":"","protected":false},"excerpt":{"rendered":"<p data-key=\"iT57p\"><strong>Eksklusiv komfort, presis justering og sterk dobbel fj\u00e6ring.<\/strong><\/p>\n<p data-key=\"F4gGE\">Den motoriserte sengen Hermes er en avansert l\u00f8sning som kombinerer en justerbar hode- og fotst\u00f8tte, slitesterk konstruksjon og doble pocketfj\u00e6rer for best mulig st\u00f8tte og s\u00f8vn. Ideell for brukere som setter pris p\u00e5 tilpassbar komfort og h\u00f8y kvalitet. <\/p>\n<p data-key=\"iUohB\">Hermes best\u00e5r av en motorisk justerbar sengeramme og en dobbel fj\u00e6rmadrass.<\/p>\n<p data-key=\"npkI4\">\n","protected":false},"featured_media":2474,"comment_status":"closed","ping_status":"closed","template":"","meta":{"_acf_changed":false},"product_brand":[],"product_cat":[117],"product_tag":[],"class_list":{"0":"post-2473","1":"product","2":"type-product","3":"status-publish","4":"has-post-thumbnail","6":"product_cat-motoriserte-senger","8":"first","9":"instock","10":"shipping-taxable","11":"product-type-simple"},"acf":[],"yoast_head":"<!-- This site is optimized with the Yoast SEO Premium plugin v26.0 (Yoast SEO v26.0) - https:\/\/yoast.com\/wordpress\/plugins\/seo\/ -->\n<title>Hermes motorseng - Hypnos<\/title>\n<meta name=\"robots\" content=\"index, follow, max-snippet:-1, max-image-preview:large, max-video-preview:-1\" \/>\n<link rel=\"canonical\" href=\"https:\/\/hypnos.ee\/no\/produkt\/hermes-motorseng\/\" \/>\n<meta property=\"og:locale\" content=\"nb_NO\" \/>\n<meta property=\"og:type\" content=\"article\" \/>\n<meta property=\"og:title\" content=\"Hermes motorseng\" \/>\n<meta property=\"og:description\" content=\"Eksklusiv komfort, presis justering og sterk dobbel fj\u00e6ring. Den motoriserte sengen Hermes er en avansert l\u00f8sning som kombinerer en justerbar hode- og fotst\u00f8tte, slitesterk konstruksjon og doble pocketfj\u00e6rer for best mulig st\u00f8tte og s\u00f8vn. Ideell for brukere som setter pris p\u00e5 tilpassbar komfort og h\u00f8y kvalitet. Hermes best\u00e5r av en motorisk justerbar sengeramme og en dobbel fj\u00e6rmadrass.\" \/>\n<meta property=\"og:url\" content=\"https:\/\/hypnos.ee\/no\/produkt\/hermes-motorseng\/\" \/>\n<meta property=\"og:site_name\" content=\"Hypnos\" \/>\n<meta property=\"og:image\" content=\"https:\/\/hypnos.ee\/wp-content\/uploads\/2025\/05\/Uniline_Motorbed_Monolith85_120_HB_Windsor_Tups_Opened-scaled.jpg\" \/>\n\t<meta property=\"og:image:width\" content=\"2560\" \/>\n\t<meta property=\"og:image:height\" content=\"1709\" \/>\n\t<meta property=\"og:image:type\" content=\"image\/jpeg\" \/>\n<meta name=\"twitter:card\" content=\"summary_large_image\" \/>\n<script type=\"application\/ld+json\" class=\"yoast-schema-graph\">{\"@context\":\"https:\/\/schema.org\",\"@graph\":[{\"@type\":\"WebPage\",\"@id\":\"https:\/\/hypnos.ee\/no\/produkt\/hermes-motorseng\/\",\"url\":\"https:\/\/hypnos.ee\/no\/produkt\/hermes-motorseng\/\",\"name\":\"Hermes motorseng - Hypnos\",\"isPartOf\":{\"@id\":\"https:\/\/hypnos.ee\/no\/#website\"},\"primaryImageOfPage\":{\"@id\":\"https:\/\/hypnos.ee\/no\/produkt\/hermes-motorseng\/#primaryimage\"},\"image\":{\"@id\":\"https:\/\/hypnos.ee\/no\/produkt\/hermes-motorseng\/#primaryimage\"},\"thumbnailUrl\":\"https:\/\/hypnos.ee\/wp-content\/uploads\/2025\/05\/Uniline_Motorbed_Monolith85_120_HB_Windsor_Tups_Opened-scaled.jpg\",\"datePublished\":\"2025-05-08T06:48:06+00:00\",\"breadcrumb\":{\"@id\":\"https:\/\/hypnos.ee\/no\/produkt\/hermes-motorseng\/#breadcrumb\"},\"inLanguage\":\"nb-NO\",\"potentialAction\":[{\"@type\":\"ReadAction\",\"target\":[\"https:\/\/hypnos.ee\/no\/produkt\/hermes-motorseng\/\"]}]},{\"@type\":\"ImageObject\",\"inLanguage\":\"nb-NO\",\"@id\":\"https:\/\/hypnos.ee\/no\/produkt\/hermes-motorseng\/#primaryimage\",\"url\":\"https:\/\/hypnos.ee\/wp-content\/uploads\/2025\/05\/Uniline_Motorbed_Monolith85_120_HB_Windsor_Tups_Opened-scaled.jpg\",\"contentUrl\":\"https:\/\/hypnos.ee\/wp-content\/uploads\/2025\/05\/Uniline_Motorbed_Monolith85_120_HB_Windsor_Tups_Opened-scaled.jpg\",\"width\":2560,\"height\":1709},{\"@type\":\"BreadcrumbList\",\"@id\":\"https:\/\/hypnos.ee\/no\/produkt\/hermes-motorseng\/#breadcrumb\",\"itemListElement\":[{\"@type\":\"ListItem\",\"position\":1,\"name\":\"Home\",\"item\":\"https:\/\/hypnos.ee\/no\/\"},{\"@type\":\"ListItem\",\"position\":2,\"name\":\"Produkter\",\"item\":\"https:\/\/hypnos.ee\/tooted\/\"},{\"@type\":\"ListItem\",\"position\":3,\"name\":\"Hermes motorseng\"}]},{\"@type\":\"WebSite\",\"@id\":\"https:\/\/hypnos.ee\/no\/#website\",\"url\":\"https:\/\/hypnos.ee\/no\/\",\"name\":\"Hypnos\",\"description\":\"T\u00f5stame unekogemust\",\"publisher\":{\"@id\":\"https:\/\/hypnos.ee\/no\/#organization\"},\"potentialAction\":[{\"@type\":\"SearchAction\",\"target\":{\"@type\":\"EntryPoint\",\"urlTemplate\":\"https:\/\/hypnos.ee\/no\/?s={search_term_string}\"},\"query-input\":{\"@type\":\"PropertyValueSpecification\",\"valueRequired\":true,\"valueName\":\"search_term_string\"}}],\"inLanguage\":\"nb-NO\"},{\"@type\":\"Organization\",\"@id\":\"https:\/\/hypnos.ee\/no\/#organization\",\"name\":\"Hypnos\",\"url\":\"https:\/\/hypnos.ee\/no\/\",\"logo\":{\"@type\":\"ImageObject\",\"inLanguage\":\"nb-NO\",\"@id\":\"https:\/\/hypnos.ee\/no\/#\/schema\/logo\/image\/\",\"url\":\"https:\/\/hypnos.ee\/wp-content\/uploads\/2025\/06\/cropped-Hypnos-fa.png\",\"contentUrl\":\"https:\/\/hypnos.ee\/wp-content\/uploads\/2025\/06\/cropped-Hypnos-fa.png\",\"width\":512,\"height\":512,\"caption\":\"Hypnos\"},\"image\":{\"@id\":\"https:\/\/hypnos.ee\/no\/#\/schema\/logo\/image\/\"}}]}<\/script>\n<!-- \/ Yoast SEO Premium plugin. -->","yoast_head_json":{"title":"Hermes motorseng - Hypnos","robots":{"index":"index","follow":"follow","max-snippet":"max-snippet:-1","max-image-preview":"max-image-preview:large","max-video-preview":"max-video-preview:-1"},"canonical":"https:\/\/hypnos.ee\/no\/produkt\/hermes-motorseng\/","og_locale":"nb_NO","og_type":"article","og_title":"Hermes motorseng","og_description":"Eksklusiv komfort, presis justering og sterk dobbel fj\u00e6ring. Den motoriserte sengen Hermes er en avansert l\u00f8sning som kombinerer en justerbar hode- og fotst\u00f8tte, slitesterk konstruksjon og doble pocketfj\u00e6rer for best mulig st\u00f8tte og s\u00f8vn. Ideell for brukere som setter pris p\u00e5 tilpassbar komfort og h\u00f8y kvalitet. Hermes best\u00e5r av en motorisk justerbar sengeramme og en dobbel fj\u00e6rmadrass.","og_url":"https:\/\/hypnos.ee\/no\/produkt\/hermes-motorseng\/","og_site_name":"Hypnos","og_image":[{"width":2560,"height":1709,"url":"https:\/\/hypnos.ee\/wp-content\/uploads\/2025\/05\/Uniline_Motorbed_Monolith85_120_HB_Windsor_Tups_Opened-scaled.jpg","type":"image\/jpeg"}],"twitter_card":"summary_large_image","schema":{"@context":"https:\/\/schema.org","@graph":[{"@type":"WebPage","@id":"https:\/\/hypnos.ee\/no\/produkt\/hermes-motorseng\/","url":"https:\/\/hypnos.ee\/no\/produkt\/hermes-motorseng\/","name":"Hermes motorseng - Hypnos","isPartOf":{"@id":"https:\/\/hypnos.ee\/no\/#website"},"primaryImageOfPage":{"@id":"https:\/\/hypnos.ee\/no\/produkt\/hermes-motorseng\/#primaryimage"},"image":{"@id":"https:\/\/hypnos.ee\/no\/produkt\/hermes-motorseng\/#primaryimage"},"thumbnailUrl":"https:\/\/hypnos.ee\/wp-content\/uploads\/2025\/05\/Uniline_Motorbed_Monolith85_120_HB_Windsor_Tups_Opened-scaled.jpg","datePublished":"2025-05-08T06:48:06+00:00","breadcrumb":{"@id":"https:\/\/hypnos.ee\/no\/produkt\/hermes-motorseng\/#breadcrumb"},"inLanguage":"nb-NO","potentialAction":[{"@type":"ReadAction","target":["https:\/\/hypnos.ee\/no\/produkt\/hermes-motorseng\/"]}]},{"@type":"ImageObject","inLanguage":"nb-NO","@id":"https:\/\/hypnos.ee\/no\/produkt\/hermes-motorseng\/#primaryimage","url":"https:\/\/hypnos.ee\/wp-content\/uploads\/2025\/05\/Uniline_Motorbed_Monolith85_120_HB_Windsor_Tups_Opened-scaled.jpg","contentUrl":"https:\/\/hypnos.ee\/wp-content\/uploads\/2025\/05\/Uniline_Motorbed_Monolith85_120_HB_Windsor_Tups_Opened-scaled.jpg","width":2560,"height":1709},{"@type":"BreadcrumbList","@id":"https:\/\/hypnos.ee\/no\/produkt\/hermes-motorseng\/#breadcrumb","itemListElement":[{"@type":"ListItem","position":1,"name":"Home","item":"https:\/\/hypnos.ee\/no\/"},{"@type":"ListItem","position":2,"name":"Produkter","item":"https:\/\/hypnos.ee\/tooted\/"},{"@type":"ListItem","position":3,"name":"Hermes motorseng"}]},{"@type":"WebSite","@id":"https:\/\/hypnos.ee\/no\/#website","url":"https:\/\/hypnos.ee\/no\/","name":"Hypnos","description":"T\u00f5stame unekogemust","publisher":{"@id":"https:\/\/hypnos.ee\/no\/#organization"},"potentialAction":[{"@type":"SearchAction","target":{"@type":"EntryPoint","urlTemplate":"https:\/\/hypnos.ee\/no\/?s={search_term_string}"},"query-input":{"@type":"PropertyValueSpecification","valueRequired":true,"valueName":"search_term_string"}}],"inLanguage":"nb-NO"},{"@type":"Organization","@id":"https:\/\/hypnos.ee\/no\/#organization","name":"Hypnos","url":"https:\/\/hypnos.ee\/no\/","logo":{"@type":"ImageObject","inLanguage":"nb-NO","@id":"https:\/\/hypnos.ee\/no\/#\/schema\/logo\/image\/","url":"https:\/\/hypnos.ee\/wp-content\/uploads\/2025\/06\/cropped-Hypnos-fa.png","contentUrl":"https:\/\/hypnos.ee\/wp-content\/uploads\/2025\/06\/cropped-Hypnos-fa.png","width":512,"height":512,"caption":"Hypnos"},"image":{"@id":"https:\/\/hypnos.ee\/no\/#\/schema\/logo\/image\/"}}]}},"_links":{"self":[{"href":"https:\/\/hypnos.ee\/no\/wp-json\/wp\/v2\/product\/2473","targetHints":{"allow":["GET"]}}],"collection":[{"href":"https:\/\/hypnos.ee\/no\/wp-json\/wp\/v2\/product"}],"about":[{"href":"https:\/\/hypnos.ee\/no\/wp-json\/wp\/v2\/types\/product"}],"replies":[{"embeddable":true,"href":"https:\/\/hypnos.ee\/no\/wp-json\/wp\/v2\/comments?post=2473"}],"wp:featuredmedia":[{"embeddable":true,"href":"https:\/\/hypnos.ee\/no\/wp-json\/wp\/v2\/media\/2474"}],"wp:attachment":[{"href":"https:\/\/hypnos.ee\/no\/wp-json\/wp\/v2\/media?parent=2473"}],"wp:term":[{"taxonomy":"product_brand","embeddable":true,"href":"https:\/\/hypnos.ee\/no\/wp-json\/wp\/v2\/product_brand?post=2473"},{"taxonomy":"product_cat","embeddable":true,"href":"https:\/\/hypnos.ee\/no\/wp-json\/wp\/v2\/product_cat?post=2473"},{"taxonomy":"product_tag","embeddable":true,"href":"https:\/\/hypnos.ee\/no\/wp-json\/wp\/v2\/product_tag?post=2473"}],"curies":[{"name":"wp","href":"https:\/\/api.w.org\/{rel}","templated":true}]}}