{"id":2472,"date":"2025-05-08T09:50:30","date_gmt":"2025-05-08T06:50:30","guid":{"rendered":"https:\/\/hypnos.ee\/toode\/tilbehor-til-motorseng\/"},"modified":"2025-05-08T09:50:30","modified_gmt":"2025-05-08T06:50:30","slug":"tilbehor-til-motorseng","status":"publish","type":"product","link":"https:\/\/hypnos.ee\/no\/produkt\/tilbehor-til-motorseng\/","title":{"rendered":"Tilbeh\u00f8r til motorseng"},"content":{"rendered":"","protected":false},"excerpt":{"rendered":"<p data-key=\"CpI61\" data-pm-slice=\"1 1 []\"><strong>Tilbeh\u00f8r til motorseng<\/strong><\/p>\n<p data-key=\"yCOfa\">Oppgrader komforten i bobilen din med f\u00f8lgende tilbeh\u00f8r:<\/p>\n<ul class=\"list-el\" data-key=\"MXypq\">\n<li data-key=\"i71fL\">\n<p data-key=\"FZ543\"><strong>Tr\u00e5dl\u00f8s fjernkontroll<\/strong> &#8211; praktisk og <strong>kabelfri<\/strong> betjening av sengen (Produktkode: 100721);<\/p>\n<\/li>\n<li data-key=\"b40MC\">\n<p data-key=\"eXWjp\"><strong>Plus-sett<\/strong> &#8211; inkluderer massasje, belysning, minneprogrammer og telefonkontroll ( <em>kan kun installeres fra fabrikk);<\/em><\/p>\n<\/li>\n<li data-key=\"qhQij\">\n<p data-key=\"Tux7u\"><strong>Synkroniseringskabel<\/strong> &#8211; gj\u00f8r det mulig \u00e5 styre to senger med \u00e9n enkelt fjernkontroll.<\/p>\n<\/li>\n<\/ul>\n<p data-key=\"dBwpu\">Dette tilbeh\u00f8ret passer til alle v\u00e5re motorsenger.<\/p>\n","protected":false},"featured_media":0,"comment_status":"closed","ping_status":"closed","template":"","meta":{"_acf_changed":false},"product_brand":[],"product_cat":[117],"product_tag":[],"class_list":{"0":"post-2472","1":"product","2":"type-product","3":"status-publish","5":"product_cat-motoriserte-senger","7":"first","8":"instock","9":"shipping-taxable","10":"product-type-simple"},"acf":[],"yoast_head":"<!-- This site is optimized with the Yoast SEO Premium plugin v26.0 (Yoast SEO v26.0) - https:\/\/yoast.com\/wordpress\/plugins\/seo\/ -->\n<title>Tilbeh\u00f8r til motorseng - Hypnos<\/title>\n<meta name=\"robots\" content=\"index, follow, max-snippet:-1, max-image-preview:large, max-video-preview:-1\" \/>\n<link rel=\"canonical\" href=\"https:\/\/hypnos.ee\/no\/produkt\/tilbehor-til-motorseng\/\" \/>\n<meta property=\"og:locale\" content=\"nb_NO\" \/>\n<meta property=\"og:type\" content=\"article\" \/>\n<meta property=\"og:title\" content=\"Tilbeh\u00f8r til motorseng\" \/>\n<meta property=\"og:description\" content=\"Tilbeh\u00f8r til motorseng Oppgrader komforten i bobilen din med f\u00f8lgende tilbeh\u00f8r:   Tr\u00e5dl\u00f8s fjernkontroll - praktisk og kabelfri betjening av sengen (Produktkode: 100721);   Plus-sett - inkluderer massasje, belysning, minneprogrammer og telefonkontroll ( kan kun installeres fra fabrikk);   Synkroniseringskabel - gj\u00f8r det mulig \u00e5 styre to senger med \u00e9n enkelt fjernkontroll.  Dette tilbeh\u00f8ret passer til alle v\u00e5re motorsenger.\" \/>\n<meta property=\"og:url\" content=\"https:\/\/hypnos.ee\/no\/produkt\/tilbehor-til-motorseng\/\" \/>\n<meta property=\"og:site_name\" content=\"Hypnos\" \/>\n<meta property=\"og:image\" content=\"https:\/\/hypnos.ee\/wp-content\/uploads\/2025\/08\/hypnos-banner.png\" \/>\n\t<meta property=\"og:image:width\" content=\"1280\" \/>\n\t<meta property=\"og:image:height\" content=\"720\" \/>\n\t<meta property=\"og:image:type\" content=\"image\/png\" \/>\n<meta name=\"twitter:card\" content=\"summary_large_image\" \/>\n<script type=\"application\/ld+json\" class=\"yoast-schema-graph\">{\"@context\":\"https:\/\/schema.org\",\"@graph\":[{\"@type\":\"WebPage\",\"@id\":\"https:\/\/hypnos.ee\/no\/produkt\/tilbehor-til-motorseng\/\",\"url\":\"https:\/\/hypnos.ee\/no\/produkt\/tilbehor-til-motorseng\/\",\"name\":\"Tilbeh\u00f8r til motorseng - Hypnos\",\"isPartOf\":{\"@id\":\"https:\/\/hypnos.ee\/no\/#website\"},\"datePublished\":\"2025-05-08T06:50:30+00:00\",\"breadcrumb\":{\"@id\":\"https:\/\/hypnos.ee\/no\/produkt\/tilbehor-til-motorseng\/#breadcrumb\"},\"inLanguage\":\"nb-NO\",\"potentialAction\":[{\"@type\":\"ReadAction\",\"target\":[\"https:\/\/hypnos.ee\/no\/produkt\/tilbehor-til-motorseng\/\"]}]},{\"@type\":\"BreadcrumbList\",\"@id\":\"https:\/\/hypnos.ee\/no\/produkt\/tilbehor-til-motorseng\/#breadcrumb\",\"itemListElement\":[{\"@type\":\"ListItem\",\"position\":1,\"name\":\"Home\",\"item\":\"https:\/\/hypnos.ee\/no\/\"},{\"@type\":\"ListItem\",\"position\":2,\"name\":\"Produkter\",\"item\":\"https:\/\/hypnos.ee\/tooted\/\"},{\"@type\":\"ListItem\",\"position\":3,\"name\":\"Tilbeh\u00f8r til motorseng\"}]},{\"@type\":\"WebSite\",\"@id\":\"https:\/\/hypnos.ee\/no\/#website\",\"url\":\"https:\/\/hypnos.ee\/no\/\",\"name\":\"Hypnos\",\"description\":\"T\u00f5stame unekogemust\",\"publisher\":{\"@id\":\"https:\/\/hypnos.ee\/no\/#organization\"},\"potentialAction\":[{\"@type\":\"SearchAction\",\"target\":{\"@type\":\"EntryPoint\",\"urlTemplate\":\"https:\/\/hypnos.ee\/no\/?s={search_term_string}\"},\"query-input\":{\"@type\":\"PropertyValueSpecification\",\"valueRequired\":true,\"valueName\":\"search_term_string\"}}],\"inLanguage\":\"nb-NO\"},{\"@type\":\"Organization\",\"@id\":\"https:\/\/hypnos.ee\/no\/#organization\",\"name\":\"Hypnos\",\"url\":\"https:\/\/hypnos.ee\/no\/\",\"logo\":{\"@type\":\"ImageObject\",\"inLanguage\":\"nb-NO\",\"@id\":\"https:\/\/hypnos.ee\/no\/#\/schema\/logo\/image\/\",\"url\":\"https:\/\/hypnos.ee\/wp-content\/uploads\/2025\/06\/cropped-Hypnos-fa.png\",\"contentUrl\":\"https:\/\/hypnos.ee\/wp-content\/uploads\/2025\/06\/cropped-Hypnos-fa.png\",\"width\":512,\"height\":512,\"caption\":\"Hypnos\"},\"image\":{\"@id\":\"https:\/\/hypnos.ee\/no\/#\/schema\/logo\/image\/\"}}]}<\/script>\n<!-- \/ Yoast SEO Premium plugin. -->","yoast_head_json":{"title":"Tilbeh\u00f8r til motorseng - Hypnos","robots":{"index":"index","follow":"follow","max-snippet":"max-snippet:-1","max-image-preview":"max-image-preview:large","max-video-preview":"max-video-preview:-1"},"canonical":"https:\/\/hypnos.ee\/no\/produkt\/tilbehor-til-motorseng\/","og_locale":"nb_NO","og_type":"article","og_title":"Tilbeh\u00f8r til motorseng","og_description":"Tilbeh\u00f8r til motorseng Oppgrader komforten i bobilen din med f\u00f8lgende tilbeh\u00f8r:   Tr\u00e5dl\u00f8s fjernkontroll - praktisk og kabelfri betjening av sengen (Produktkode: 100721);   Plus-sett - inkluderer massasje, belysning, minneprogrammer og telefonkontroll ( kan kun installeres fra fabrikk);   Synkroniseringskabel - gj\u00f8r det mulig \u00e5 styre to senger med \u00e9n enkelt fjernkontroll.  Dette tilbeh\u00f8ret passer til alle v\u00e5re motorsenger.","og_url":"https:\/\/hypnos.ee\/no\/produkt\/tilbehor-til-motorseng\/","og_site_name":"Hypnos","og_image":[{"width":1280,"height":720,"url":"https:\/\/hypnos.ee\/wp-content\/uploads\/2025\/08\/hypnos-banner.png","type":"image\/png"}],"twitter_card":"summary_large_image","schema":{"@context":"https:\/\/schema.org","@graph":[{"@type":"WebPage","@id":"https:\/\/hypnos.ee\/no\/produkt\/tilbehor-til-motorseng\/","url":"https:\/\/hypnos.ee\/no\/produkt\/tilbehor-til-motorseng\/","name":"Tilbeh\u00f8r til motorseng - Hypnos","isPartOf":{"@id":"https:\/\/hypnos.ee\/no\/#website"},"datePublished":"2025-05-08T06:50:30+00:00","breadcrumb":{"@id":"https:\/\/hypnos.ee\/no\/produkt\/tilbehor-til-motorseng\/#breadcrumb"},"inLanguage":"nb-NO","potentialAction":[{"@type":"ReadAction","target":["https:\/\/hypnos.ee\/no\/produkt\/tilbehor-til-motorseng\/"]}]},{"@type":"BreadcrumbList","@id":"https:\/\/hypnos.ee\/no\/produkt\/tilbehor-til-motorseng\/#breadcrumb","itemListElement":[{"@type":"ListItem","position":1,"name":"Home","item":"https:\/\/hypnos.ee\/no\/"},{"@type":"ListItem","position":2,"name":"Produkter","item":"https:\/\/hypnos.ee\/tooted\/"},{"@type":"ListItem","position":3,"name":"Tilbeh\u00f8r til motorseng"}]},{"@type":"WebSite","@id":"https:\/\/hypnos.ee\/no\/#website","url":"https:\/\/hypnos.ee\/no\/","name":"Hypnos","description":"T\u00f5stame unekogemust","publisher":{"@id":"https:\/\/hypnos.ee\/no\/#organization"},"potentialAction":[{"@type":"SearchAction","target":{"@type":"EntryPoint","urlTemplate":"https:\/\/hypnos.ee\/no\/?s={search_term_string}"},"query-input":{"@type":"PropertyValueSpecification","valueRequired":true,"valueName":"search_term_string"}}],"inLanguage":"nb-NO"},{"@type":"Organization","@id":"https:\/\/hypnos.ee\/no\/#organization","name":"Hypnos","url":"https:\/\/hypnos.ee\/no\/","logo":{"@type":"ImageObject","inLanguage":"nb-NO","@id":"https:\/\/hypnos.ee\/no\/#\/schema\/logo\/image\/","url":"https:\/\/hypnos.ee\/wp-content\/uploads\/2025\/06\/cropped-Hypnos-fa.png","contentUrl":"https:\/\/hypnos.ee\/wp-content\/uploads\/2025\/06\/cropped-Hypnos-fa.png","width":512,"height":512,"caption":"Hypnos"},"image":{"@id":"https:\/\/hypnos.ee\/no\/#\/schema\/logo\/image\/"}}]}},"_links":{"self":[{"href":"https:\/\/hypnos.ee\/no\/wp-json\/wp\/v2\/product\/2472","targetHints":{"allow":["GET"]}}],"collection":[{"href":"https:\/\/hypnos.ee\/no\/wp-json\/wp\/v2\/product"}],"about":[{"href":"https:\/\/hypnos.ee\/no\/wp-json\/wp\/v2\/types\/product"}],"replies":[{"embeddable":true,"href":"https:\/\/hypnos.ee\/no\/wp-json\/wp\/v2\/comments?post=2472"}],"wp:attachment":[{"href":"https:\/\/hypnos.ee\/no\/wp-json\/wp\/v2\/media?parent=2472"}],"wp:term":[{"taxonomy":"product_brand","embeddable":true,"href":"https:\/\/hypnos.ee\/no\/wp-json\/wp\/v2\/product_brand?post=2472"},{"taxonomy":"product_cat","embeddable":true,"href":"https:\/\/hypnos.ee\/no\/wp-json\/wp\/v2\/product_cat?post=2472"},{"taxonomy":"product_tag","embeddable":true,"href":"https:\/\/hypnos.ee\/no\/wp-json\/wp\/v2\/product_tag?post=2472"}],"curies":[{"name":"wp","href":"https:\/\/api.w.org\/{rel}","templated":true}]}}